{"id":1343,"date":"2025-09-11T16:45:56","date_gmt":"2025-09-11T16:45:56","guid":{"rendered":"https:\/\/www.xhplasticlife.com\/?post_type=product&#038;p=1343"},"modified":"2025-09-11T16:49:28","modified_gmt":"2025-09-11T16:49:28","slug":"wholesale-plastic-drip-trays","status":"publish","type":"product","link":"https:\/\/www.xhplasticlife.com\/fr\/produit\/wholesale-plastic-drip-trays\/","title":{"rendered":"Plateaux d'\u00e9gouttage en plastique en gros Factory Supply Rectangle Deepen Kitchen Drain Tray for Cup (Plateau d'\u00e9gouttage en plastique pour gobelets)"},"content":{"rendered":"<div class=\"wp-block-columns is-layout-flex wp-container-core-columns-is-layout-9d6595d7 wp-block-columns-is-layout-flex\">\n<div class=\"wp-block-column is-layout-flow wp-block-column-is-layout-flow\">\n<h2 class=\"wp-block-heading\">Plateaux \u00e0 gouttes en plastique en gros Caract\u00e9ristiques :<\/h2>\n\n\n\n<ul class=\"wp-block-list\">\n<li><strong>Mati\u00e8re plastique de haute durabilit\u00e9<\/strong>: Fabriqu\u00e9s en plastique PP dur et l\u00e9ger, les plateaux sont solides pour une utilisation prolong\u00e9e. La surface lisse, r\u00e9sistante \u00e0 l'humidit\u00e9 et \u00e0 l'usure, permet un nettoyage sans effort et une utilisation r\u00e9guli\u00e8re dans la cuisine.<\/li>\n\n\n\n<li><strong>Rectangulaire profond Forme du plateau :<\/strong> Le plateau rectangulaire profond offre un espace de rangement accru, capable de contenir plus d'assiettes, de tasses et de couverts, pour un espace de rangement g\u00e9n\u00e9reux.<\/li>\n\n\n\n<li><strong>Drainage efficace<\/strong>: Les bacs d'\u00e9gouttage en plastique con\u00e7us sur mesure sont dot\u00e9s d'une grille de drainage qui permet \u00e0 l'eau de s'\u00e9couler imm\u00e9diatement, ce qui rend les plans de travail secs et \u00e9vite la formation de flaques d'eau.<\/li>\n\n\n\n<li><strong>Jante am\u00e9lior\u00e9e<\/strong>: Le bord sur\u00e9lev\u00e9 emp\u00eache l'eau de d\u00e9border et \u00e9vite les traces d'eau sur les plans de travail.<\/li>\n\n\n\n<li><strong>Polyvalent :<\/strong> Les bacs de r\u00e9cup\u00e9ration en plastique peuvent contenir divers produits de cuisine tels que de la vaisselle, des services \u00e0 th\u00e9, des fruits et des l\u00e9gumes, ce qui en fait une solution id\u00e9ale pour les cuisines industrielles et domestiques.<\/li>\n\n\n\n<li><strong>Directement de l'usine<\/strong>: Nous sommes un fabricant professionnel de plateaux d'\u00e9gouttage en plastique et proposons des plateaux d'\u00e9gouttage en plastique en gros pour r\u00e9pondre aux demandes des grossistes, permettre la personnalisation et offrir des tailles et des couleurs diversifi\u00e9es.<\/li>\n\n\n\n<li><strong>Durable : <\/strong>Les plateaux sont r\u00e9sistants aux chocs et suffisamment robustes pour supporter l'utilisation fr\u00e9quente dans la vie de tous les jours, et conviennent aux environnements de cuisine anim\u00e9s.<\/li>\n<\/ul>\n<\/div>\n\n\n\n<div class=\"wp-block-column is-layout-flow wp-block-column-is-layout-flow\">\n<figure class=\"wp-block-image size-full\"><img decoding=\"async\" width=\"750\" height=\"760\" src=\"https:\/\/www.xhplasticlife.com\/wp-content\/uploads\/2025\/09\/Wholesale-Plastic-Drip-Trays-Factory-4.webp\" alt=\"Plateaux d&#039;\u00e9gouttage en plastique en gros (4)\" class=\"wp-image-1350\" srcset=\"https:\/\/www.xhplasticlife.com\/wp-content\/uploads\/2025\/09\/Wholesale-Plastic-Drip-Trays-Factory-4.webp 750w, https:\/\/www.xhplasticlife.com\/wp-content\/uploads\/2025\/09\/Wholesale-Plastic-Drip-Trays-Factory-4-296x300.webp 296w, https:\/\/www.xhplasticlife.com\/wp-content\/uploads\/2025\/09\/Wholesale-Plastic-Drip-Trays-Factory-4-12x12.webp 12w, https:\/\/www.xhplasticlife.com\/wp-content\/uploads\/2025\/09\/Wholesale-Plastic-Drip-Trays-Factory-4-600x608.webp 600w, https:\/\/www.xhplasticlife.com\/wp-content\/uploads\/2025\/09\/Wholesale-Plastic-Drip-Trays-Factory-4-100x100.webp 100w\" sizes=\"(max-width: 750px) 100vw, 750px\" \/><\/figure>\n<\/div>\n<\/div>\n\n\n\n<div class=\"wp-block-columns is-layout-flex wp-container-core-columns-is-layout-9d6595d7 wp-block-columns-is-layout-flex\">\n<div class=\"wp-block-column is-layout-flow wp-block-column-is-layout-flow\">\n<figure class=\"wp-block-image size-full\"><img decoding=\"async\" width=\"800\" height=\"800\" src=\"https:\/\/www.xhplasticlife.com\/wp-content\/uploads\/2025\/09\/Wholesale-Plastic-Drip-Trays-Manufacturer-1.webp\" alt=\"Fabricant de bacs de r\u00e9cup\u00e9ration en plastique (1)\" class=\"wp-image-1344\" srcset=\"https:\/\/www.xhplasticlife.com\/wp-content\/uploads\/2025\/09\/Wholesale-Plastic-Drip-Trays-Manufacturer-1.webp 800w, https:\/\/www.xhplasticlife.com\/wp-content\/uploads\/2025\/09\/Wholesale-Plastic-Drip-Trays-Manufacturer-1-300x300.webp 300w, https:\/\/www.xhplasticlife.com\/wp-content\/uploads\/2025\/09\/Wholesale-Plastic-Drip-Trays-Manufacturer-1-150x150.webp 150w, https:\/\/www.xhplasticlife.com\/wp-content\/uploads\/2025\/09\/Wholesale-Plastic-Drip-Trays-Manufacturer-1-768x768.webp 768w, https:\/\/www.xhplasticlife.com\/wp-content\/uploads\/2025\/09\/Wholesale-Plastic-Drip-Trays-Manufacturer-1-12x12.webp 12w, https:\/\/www.xhplasticlife.com\/wp-content\/uploads\/2025\/09\/Wholesale-Plastic-Drip-Trays-Manufacturer-1-600x600.webp 600w, https:\/\/www.xhplasticlife.com\/wp-content\/uploads\/2025\/09\/Wholesale-Plastic-Drip-Trays-Manufacturer-1-100x100.webp 100w\" sizes=\"(max-width: 800px) 100vw, 800px\" \/><\/figure>\n<\/div>\n\n\n\n<div class=\"wp-block-column is-layout-flow wp-block-column-is-layout-flow\">\n<figure class=\"wp-block-image size-full\"><img decoding=\"async\" width=\"800\" height=\"800\" src=\"https:\/\/www.xhplasticlife.com\/wp-content\/uploads\/2025\/09\/Wholesale-Plastic-Drip-Trays-Factory-1.webp\" alt=\"Plateaux d&#039;\u00e9gouttage en plastique en gros (1)\" class=\"wp-image-1347\" srcset=\"https:\/\/www.xhplasticlife.com\/wp-content\/uploads\/2025\/09\/Wholesale-Plastic-Drip-Trays-Factory-1.webp 800w, https:\/\/www.xhplasticlife.com\/wp-content\/uploads\/2025\/09\/Wholesale-Plastic-Drip-Trays-Factory-1-300x300.webp 300w, https:\/\/www.xhplasticlife.com\/wp-content\/uploads\/2025\/09\/Wholesale-Plastic-Drip-Trays-Factory-1-150x150.webp 150w, https:\/\/www.xhplasticlife.com\/wp-content\/uploads\/2025\/09\/Wholesale-Plastic-Drip-Trays-Factory-1-768x768.webp 768w, https:\/\/www.xhplasticlife.com\/wp-content\/uploads\/2025\/09\/Wholesale-Plastic-Drip-Trays-Factory-1-12x12.webp 12w, https:\/\/www.xhplasticlife.com\/wp-content\/uploads\/2025\/09\/Wholesale-Plastic-Drip-Trays-Factory-1-600x600.webp 600w, https:\/\/www.xhplasticlife.com\/wp-content\/uploads\/2025\/09\/Wholesale-Plastic-Drip-Trays-Factory-1-100x100.webp 100w\" sizes=\"(max-width: 800px) 100vw, 800px\" \/><\/figure>\n<\/div>\n<\/div>\n\n\n\n<p><\/p>","protected":false},"excerpt":{"rendered":"<p>Bienvenue dans notre usine de plateaux d'\u00e9gouttage en plastique ! Nous fournissons en gros des plateaux d'\u00e9gouttage en plastique \u00e0 des prix comp\u00e9titifs, avec une faible quantit\u00e9 de pi\u00e8ces et des \u00e9chantillons gratuits. Id\u00e9ales pour la cuisine, de l'organisation de la vaisselle \u00e0 l'\u00e9gouttage des tasses. Les services OEM\/ODM sont disponibles pour r\u00e9pondre \u00e0 vos besoins sp\u00e9cifiques.<\/p>\n<h2>Param\u00e8tres des bacs \u00e0 \u00e9gouttures en plastique (vente en gros)<\/h2>\n<ul>\n<li><strong>Mod\u00e8le<\/strong>: SH3167<\/li>\n<li><strong>Nom de la marque<\/strong>: Xinghui<\/li>\n<li><strong>Mat\u00e9riau<\/strong>Mati\u00e8res premi\u00e8res : plastique (PP)<\/li>\n<li><strong>Couleur<\/strong>: blanc\/blanc cr\u00e8me<\/li>\n<li><strong>Taille du produit :<\/strong>33*16*4cm<\/li>\n<li><strong>Poids brut :\u00a0<\/strong>17KG<\/li>\n<li><strong>Taille du carton<\/strong>Dimensions : 66,5*50,5*44cm<\/li>\n<li><strong>Emballage<\/strong>: Emballage OPP<\/li>\n<li><strong>OEM\/ODM<\/strong>: Disponible<\/li>\n<li><strong>Option personnalis\u00e9e<\/strong>: Couleur\/Taille\/Logo\/Emballage<\/li>\n<\/ul>\n<h2>De Daily Plasticware, fabricant de produits en plastique :<\/h2>\n<p>Fond\u00e9e en 2000,\u00a0<a href=\"https:\/\/www.xhplasticlife.com\/fr\/\"><strong>Xinghui<\/strong><\/a>\u00a0est sp\u00e9cialis\u00e9e dans la production et la vente en gros de bo\u00eetes \u00e0 lunch, de r\u00e9cipients pour la conservation des aliments, de r\u00e9cipients pour les boissons, de r\u00e9cipients pour la conservation des produits m\u00e9nagers et d'autres produits quotidiens en plastique. Elle propose \u00e0 ses clients des services OEM et ODM ainsi que des services d'approvisionnement en ligne.<\/p>","protected":false},"featured_media":1351,"comment_status":"closed","ping_status":"closed","template":"","meta":{"_acf_changed":false},"product_brand":[],"product_cat":[19],"product_tag":[],"class_list":{"0":"post-1343","1":"product","2":"type-product","3":"status-publish","4":"has-post-thumbnail","6":"product_cat-kitchen-storage-containers-wholesale","8":"first","9":"instock","10":"shipping-taxable","11":"product-type-simple"},"acf":[],"_links":{"self":[{"href":"https:\/\/www.xhplasticlife.com\/fr\/wp-json\/wp\/v2\/product\/1343","targetHints":{"allow":["GET"]}}],"collection":[{"href":"https:\/\/www.xhplasticlife.com\/fr\/wp-json\/wp\/v2\/product"}],"about":[{"href":"https:\/\/www.xhplasticlife.com\/fr\/wp-json\/wp\/v2\/types\/product"}],"replies":[{"embeddable":true,"href":"https:\/\/www.xhplasticlife.com\/fr\/wp-json\/wp\/v2\/comments?post=1343"}],"wp:featuredmedia":[{"embeddable":true,"href":"https:\/\/www.xhplasticlife.com\/fr\/wp-json\/wp\/v2\/media\/1351"}],"wp:attachment":[{"href":"https:\/\/www.xhplasticlife.com\/fr\/wp-json\/wp\/v2\/media?parent=1343"}],"wp:term":[{"taxonomy":"product_brand","embeddable":true,"href":"https:\/\/www.xhplasticlife.com\/fr\/wp-json\/wp\/v2\/product_brand?post=1343"},{"taxonomy":"product_cat","embeddable":true,"href":"https:\/\/www.xhplasticlife.com\/fr\/wp-json\/wp\/v2\/product_cat?post=1343"},{"taxonomy":"product_tag","embeddable":true,"href":"https:\/\/www.xhplasticlife.com\/fr\/wp-json\/wp\/v2\/product_tag?post=1343"}],"curies":[{"name":"wp","href":"https:\/\/api.w.org\/{rel}","templated":true}]}}