{"id":1334,"date":"2025-09-11T10:59:54","date_gmt":"2025-09-11T10:59:54","guid":{"rendered":"https:\/\/www.xhplasticlife.com\/?post_type=product&#038;p=1334"},"modified":"2025-09-11T10:59:57","modified_gmt":"2025-09-11T10:59:57","slug":"custom-plastic-drip-tray-supplier","status":"publish","type":"product","link":"https:\/\/www.xhplasticlife.com\/fr\/produit\/custom-plastic-drip-tray-supplier\/","title":{"rendered":"Plaque d'\u00e9gouttage en plastique pour coupes, bols et assiettes, rectangulaire et profonde Supplier"},"content":{"rendered":"<div class=\"wp-block-columns is-layout-flex wp-container-core-columns-is-layout-9d6595d7 wp-block-columns-is-layout-flex\">\n<div class=\"wp-block-column is-layout-flow wp-block-column-is-layout-flow\">\n<h2 class=\"wp-block-heading\">Plateau en plastique personnalis\u00e9 Caract\u00e9ristiques :<\/h2>\n\n\n\n<ul class=\"wp-block-list\">\n<li><strong>Une conception r\u00e9ussie du drainage<\/strong>: Ce gigantesque plateau d'\u00e9gouttage en plastique est dot\u00e9 d'un filet d'\u00e9gouttage creux qui permet d'\u00e9goutter rapidement et de laisser les plats, les tasses, etc. au sec.<\/li>\n\n\n\n<li><strong>Mat\u00e9riau durable :<\/strong> Fabriqu\u00e9 en plastique PP de haute qualit\u00e9, avec des bords lisses et sans bavures et un design \u00e9l\u00e9gant, le plateau peut supporter une utilisation \u00e0 long terme.<\/li>\n\n\n\n<li><strong>Rise Rim Design :<\/strong> La fonction de bord relev\u00e9 est sp\u00e9cialement con\u00e7ue pour \u00e9viter les \u00e9claboussures, ce qui permet \u00e0 votre table de rester propre et bien rang\u00e9e.<\/li>\n\n\n\n<li><strong>Stockage multifonctionnel<\/strong>: Cet \u00e9gouttoir en plastique convient parfaitement \u00e0 un usage domestique et peut \u00eatre utilis\u00e9 pour ranger les assiettes, les bols, les tasses, les fruits, les l\u00e9gumes, les services \u00e0 th\u00e9 et bien d'autres choses encore, afin d'organiser votre cuisine ou votre salle \u00e0 manger.<\/li>\n\n\n\n<li><strong>Conception d'un bac d'\u00e9gouttage \u00e0 double couche<\/strong>: Le bac de drainage sur\u00e9lev\u00e9 \u00e0 double couche comprend une couche inf\u00e9rieure qui retient l'eau, emp\u00eachant l'accumulation de liquide et la formation de taches d'eau.<\/li>\n\n\n\n<li><strong>Personnalisation :<\/strong> Nous proposons des bacs de r\u00e9cup\u00e9ration en plastique personnalis\u00e9s pour les particuliers, avec des services de personnalisation OEM\/ODM pour r\u00e9pondre \u00e0 vos besoins particuliers.<\/li>\n\n\n\n<li><strong>Facile \u00e0 nettoyer :<\/strong> La surface est facile \u00e0 laver et \u00e0 garder propre et peut \u00eatre nettoy\u00e9e \u00e0 l'eau chaude.<\/li>\n<\/ul>\n<\/div>\n\n\n\n<div class=\"wp-block-column is-layout-flow wp-block-column-is-layout-flow\">\n<figure class=\"wp-block-image size-full\"><img decoding=\"async\" width=\"800\" height=\"800\" src=\"https:\/\/www.xhplasticlife.com\/wp-content\/uploads\/2025\/09\/Custom-Plastic-Drip-Tray-Supplier.webp\" alt=\"Fournisseur de goutti\u00e8res en plastique sur mesure\" class=\"wp-image-1340\" srcset=\"https:\/\/www.xhplasticlife.com\/wp-content\/uploads\/2025\/09\/Custom-Plastic-Drip-Tray-Supplier.webp 800w, https:\/\/www.xhplasticlife.com\/wp-content\/uploads\/2025\/09\/Custom-Plastic-Drip-Tray-Supplier-300x300.webp 300w, https:\/\/www.xhplasticlife.com\/wp-content\/uploads\/2025\/09\/Custom-Plastic-Drip-Tray-Supplier-150x150.webp 150w, https:\/\/www.xhplasticlife.com\/wp-content\/uploads\/2025\/09\/Custom-Plastic-Drip-Tray-Supplier-768x768.webp 768w, https:\/\/www.xhplasticlife.com\/wp-content\/uploads\/2025\/09\/Custom-Plastic-Drip-Tray-Supplier-12x12.webp 12w, https:\/\/www.xhplasticlife.com\/wp-content\/uploads\/2025\/09\/Custom-Plastic-Drip-Tray-Supplier-600x600.webp 600w, https:\/\/www.xhplasticlife.com\/wp-content\/uploads\/2025\/09\/Custom-Plastic-Drip-Tray-Supplier-100x100.webp 100w\" sizes=\"(max-width: 800px) 100vw, 800px\" \/><\/figure>\n<\/div>\n<\/div>\n\n\n\n<div class=\"wp-block-columns is-layout-flex wp-container-core-columns-is-layout-9d6595d7 wp-block-columns-is-layout-flex\">\n<div class=\"wp-block-column is-layout-flow wp-block-column-is-layout-flow\">\n<figure class=\"wp-block-image size-full\"><img decoding=\"async\" width=\"750\" height=\"654\" src=\"https:\/\/www.xhplasticlife.com\/wp-content\/uploads\/2025\/09\/Custom-Plastic-Drip-Tray-Supplier-3.webp\" alt=\"Bacs de r\u00e9cup\u00e9ration en plastique personnalis\u00e9s Fournisseur (3)\" class=\"wp-image-1339\" srcset=\"https:\/\/www.xhplasticlife.com\/wp-content\/uploads\/2025\/09\/Custom-Plastic-Drip-Tray-Supplier-3.webp 750w, https:\/\/www.xhplasticlife.com\/wp-content\/uploads\/2025\/09\/Custom-Plastic-Drip-Tray-Supplier-3-300x262.webp 300w, https:\/\/www.xhplasticlife.com\/wp-content\/uploads\/2025\/09\/Custom-Plastic-Drip-Tray-Supplier-3-14x12.webp 14w, https:\/\/www.xhplasticlife.com\/wp-content\/uploads\/2025\/09\/Custom-Plastic-Drip-Tray-Supplier-3-600x523.webp 600w\" sizes=\"(max-width: 750px) 100vw, 750px\" \/><\/figure>\n<\/div>\n\n\n\n<div class=\"wp-block-column is-layout-flow wp-block-column-is-layout-flow\">\n<figure class=\"wp-block-image size-full\"><img decoding=\"async\" width=\"750\" height=\"695\" src=\"https:\/\/www.xhplasticlife.com\/wp-content\/uploads\/2025\/09\/Custom-Plastic-Drip-Tray-Supplier-1.webp\" alt=\"Bacs de r\u00e9cup\u00e9ration en plastique personnalis\u00e9s Fournisseur (1)\" class=\"wp-image-1337\" srcset=\"https:\/\/www.xhplasticlife.com\/wp-content\/uploads\/2025\/09\/Custom-Plastic-Drip-Tray-Supplier-1.webp 750w, https:\/\/www.xhplasticlife.com\/wp-content\/uploads\/2025\/09\/Custom-Plastic-Drip-Tray-Supplier-1-300x278.webp 300w, https:\/\/www.xhplasticlife.com\/wp-content\/uploads\/2025\/09\/Custom-Plastic-Drip-Tray-Supplier-1-13x12.webp 13w, https:\/\/www.xhplasticlife.com\/wp-content\/uploads\/2025\/09\/Custom-Plastic-Drip-Tray-Supplier-1-600x556.webp 600w\" sizes=\"(max-width: 750px) 100vw, 750px\" \/><\/figure>\n<\/div>\n<\/div>\n\n\n\n<p><\/p>","protected":false},"excerpt":{"rendered":"<p>Bienvenue dans notre collection de bacs d'\u00e9gouttage en plastique personnalis\u00e9s pour les m\u00e9nages ! Nous fournissons des plateaux d'\u00e9gouttage sur\u00e9lev\u00e9s \u00e0 double couche en plastique avec une faible MOQ, des \u00e9chantillons gratuits et des prix comp\u00e9titifs. Parfait pour organiser la vaisselle, les tasses, les fruits et plus encore. Les services OEM\/ODM sont disponibles pour r\u00e9pondre \u00e0 vos besoins !<\/p>\n<h2>Param\u00e8tres des goutti\u00e8res en plastique sur mesure<\/h2>\n<ul>\n<li><strong>Mod\u00e8le<\/strong>: SH3147<\/li>\n<li><strong>Nom de la marque<\/strong>: Xinghui<\/li>\n<li><strong>Mat\u00e9riau<\/strong>Mati\u00e8res premi\u00e8res : plastique (PP)<\/li>\n<li><strong>Couleur<\/strong>: blanc<\/li>\n<li><strong>Taille du produit :<\/strong>33*22*4cm<\/li>\n<li><strong>Poids brut :\u00a0<\/strong>14.9KG<\/li>\n<li><strong>Taille du carton<\/strong>Dimensions : 66,5*50,5*44cm<\/li>\n<li><strong>Emballage<\/strong>: Emballage OPP<\/li>\n<li><strong>OEM\/ODM<\/strong>: Disponible<\/li>\n<li><strong>Option personnalis\u00e9e<\/strong>: Couleur\/Taille\/Logo\/Emballage<\/li>\n<\/ul>\n<h2>De Daily Plasticware, fabricant de produits en plastique :<\/h2>\n<p>Fond\u00e9e en 2000,\u00a0<a href=\"https:\/\/www.xhplasticlife.com\/fr\/\"><strong>Xinghui<\/strong><\/a>\u00a0est sp\u00e9cialis\u00e9e dans la production et la vente en gros de bo\u00eetes \u00e0 lunch, de r\u00e9cipients pour la conservation des aliments, de r\u00e9cipients pour les boissons, de r\u00e9cipients pour la conservation des produits m\u00e9nagers et d'autres produits quotidiens en plastique. Elle propose \u00e0 ses clients des services OEM et ODM ainsi que des services d'approvisionnement en ligne.<\/p>","protected":false},"featured_media":1336,"comment_status":"closed","ping_status":"closed","template":"","meta":{"_acf_changed":false},"product_brand":[],"product_cat":[21,19],"product_tag":[],"class_list":{"0":"post-1334","1":"product","2":"type-product","3":"status-publish","4":"has-post-thumbnail","6":"product_cat-home-storage-containers-wholesaler","7":"product_cat-kitchen-storage-containers-wholesale","9":"first","10":"instock","11":"shipping-taxable","12":"product-type-simple"},"acf":[],"_links":{"self":[{"href":"https:\/\/www.xhplasticlife.com\/fr\/wp-json\/wp\/v2\/product\/1334","targetHints":{"allow":["GET"]}}],"collection":[{"href":"https:\/\/www.xhplasticlife.com\/fr\/wp-json\/wp\/v2\/product"}],"about":[{"href":"https:\/\/www.xhplasticlife.com\/fr\/wp-json\/wp\/v2\/types\/product"}],"replies":[{"embeddable":true,"href":"https:\/\/www.xhplasticlife.com\/fr\/wp-json\/wp\/v2\/comments?post=1334"}],"wp:featuredmedia":[{"embeddable":true,"href":"https:\/\/www.xhplasticlife.com\/fr\/wp-json\/wp\/v2\/media\/1336"}],"wp:attachment":[{"href":"https:\/\/www.xhplasticlife.com\/fr\/wp-json\/wp\/v2\/media?parent=1334"}],"wp:term":[{"taxonomy":"product_brand","embeddable":true,"href":"https:\/\/www.xhplasticlife.com\/fr\/wp-json\/wp\/v2\/product_brand?post=1334"},{"taxonomy":"product_cat","embeddable":true,"href":"https:\/\/www.xhplasticlife.com\/fr\/wp-json\/wp\/v2\/product_cat?post=1334"},{"taxonomy":"product_tag","embeddable":true,"href":"https:\/\/www.xhplasticlife.com\/fr\/wp-json\/wp\/v2\/product_tag?post=1334"}],"curies":[{"name":"wp","href":"https:\/\/api.w.org\/{rel}","templated":true}]}}