{"id":1323,"date":"2025-09-11T10:16:08","date_gmt":"2025-09-11T10:16:08","guid":{"rendered":"https:\/\/www.xhplasticlife.com\/?post_type=product&#038;p=1323"},"modified":"2025-09-11T11:00:38","modified_gmt":"2025-09-11T11:00:38","slug":"large-plastic-drain-tray-supplier","status":"publish","type":"product","link":"https:\/\/www.xhplasticlife.com\/fr\/produit\/large-plastic-drain-tray-supplier\/","title":{"rendered":"Grand plateau d'\u00e9gouttage en plastique Fournisseur de plateau d'\u00e9gouttage en plastique pour \u00e9vier de cuisine"},"content":{"rendered":"<div class=\"wp-block-columns is-layout-flex wp-container-core-columns-is-layout-9d6595d7 wp-block-columns-is-layout-flex\">\n<div class=\"wp-block-column is-layout-flow wp-block-column-is-layout-flow\" style=\"flex-basis:50%\">\n<h2 class=\"wp-block-heading\">Grand bac d'\u00e9gouttage en plastique Caract\u00e9ristiques :<\/h2>\n\n\n\n<ul class=\"wp-block-list\">\n<li><strong>Construction en plastique durable : <\/strong>Ce grand bac d'\u00e9gouttage en plastique est fabriqu\u00e9 en plastique PP de haute qualit\u00e9 ; il est \u00e0 la fois solide et l\u00e9ger, et offre une utilisation durable. La finition lisse est facile \u00e0 nettoyer.<\/li>\n\n\n\n<li><strong>Bac de r\u00e9cup\u00e9ration de l'eau :<\/strong> Il recueille et \u00e9vacue l'eau avec pr\u00e9cision, l'emp\u00eachant d'\u00eatre retenue, laissant vos plans de travail secs et propres.<\/li>\n\n\n\n<li><strong>Conception peu encombrante :<\/strong> Permet d'\u00e9conomiser de l'espace sur le plan de travail et s'adapte aux cuisines de toutes tailles.<\/li>\n\n\n\n<li><strong>Stockage polyvalent :<\/strong> Pratique pour les assiettes, les bols, les tasses, les couverts et bien d'autres choses encore, pour que votre cuisine reste propre et organis\u00e9e.<\/li>\n\n\n\n<li><strong>Facile \u00e0 nettoyer :<\/strong> La surface lisse est facile \u00e0 nettoyer et peut \u00eatre nettoy\u00e9e \u00e0 l'eau chaude pour une utilisation hygi\u00e9nique.<\/li>\n\n\n\n<li><strong>Couche de drainage rigide :<\/strong> La couche de drainage sur\u00e9lev\u00e9e, de conception unique, am\u00e9liore le drainage et \u00e9vite l'engorgement.<\/li>\n\n\n\n<li><strong>Stockage de l'eau :<\/strong> La couche de base est con\u00e7ue pour retenir l'eau, ce qui permet de garder vos plans de travail propres et nets.<\/li>\n\n\n\n<li><strong>Personnalisation :<\/strong> En tant que fournisseur professionnel de plateaux d'\u00e9gouttage en plastique, nous proposons des plateaux d'\u00e9gouttage en plastique de grande taille personnalis\u00e9s en fonction de vos besoins sp\u00e9cifiques, comme OEM\/ODM.<\/li>\n<\/ul>\n<\/div>\n\n\n\n<div class=\"wp-block-column is-layout-flow wp-block-column-is-layout-flow\" style=\"flex-basis:50%\">\n<figure class=\"wp-block-image size-full\"><img decoding=\"async\" width=\"750\" height=\"675\" src=\"https:\/\/www.xhplasticlife.com\/wp-content\/uploads\/2025\/09\/Plastic-Drain-Tray-Supplier-Manufacturer-1.webp\" alt=\"Fournisseur de bacs de drainage en plastique Fabricant (1)\" class=\"wp-image-1327\" srcset=\"https:\/\/www.xhplasticlife.com\/wp-content\/uploads\/2025\/09\/Plastic-Drain-Tray-Supplier-Manufacturer-1.webp 750w, https:\/\/www.xhplasticlife.com\/wp-content\/uploads\/2025\/09\/Plastic-Drain-Tray-Supplier-Manufacturer-1-300x270.webp 300w, https:\/\/www.xhplasticlife.com\/wp-content\/uploads\/2025\/09\/Plastic-Drain-Tray-Supplier-Manufacturer-1-13x12.webp 13w, https:\/\/www.xhplasticlife.com\/wp-content\/uploads\/2025\/09\/Plastic-Drain-Tray-Supplier-Manufacturer-1-600x540.webp 600w\" sizes=\"(max-width: 750px) 100vw, 750px\" \/><\/figure>\n<\/div>\n<\/div>\n\n\n\n<div class=\"wp-block-columns is-layout-flex wp-container-core-columns-is-layout-9d6595d7 wp-block-columns-is-layout-flex\">\n<div class=\"wp-block-column is-layout-flow wp-block-column-is-layout-flow\"><div class=\"wp-block-image\">\n<figure class=\"aligncenter size-full\"><img decoding=\"async\" width=\"800\" height=\"800\" src=\"https:\/\/www.xhplasticlife.com\/wp-content\/uploads\/2025\/09\/Large-Plastic-Drain-Tray-Supplier.webp\" alt=\"Grand bac d&#039;\u00e9gouttage en plastique Fournisseur\" class=\"wp-image-1326\" srcset=\"https:\/\/www.xhplasticlife.com\/wp-content\/uploads\/2025\/09\/Large-Plastic-Drain-Tray-Supplier.webp 800w, https:\/\/www.xhplasticlife.com\/wp-content\/uploads\/2025\/09\/Large-Plastic-Drain-Tray-Supplier-300x300.webp 300w, https:\/\/www.xhplasticlife.com\/wp-content\/uploads\/2025\/09\/Large-Plastic-Drain-Tray-Supplier-150x150.webp 150w, https:\/\/www.xhplasticlife.com\/wp-content\/uploads\/2025\/09\/Large-Plastic-Drain-Tray-Supplier-768x768.webp 768w, https:\/\/www.xhplasticlife.com\/wp-content\/uploads\/2025\/09\/Large-Plastic-Drain-Tray-Supplier-12x12.webp 12w, https:\/\/www.xhplasticlife.com\/wp-content\/uploads\/2025\/09\/Large-Plastic-Drain-Tray-Supplier-600x600.webp 600w, https:\/\/www.xhplasticlife.com\/wp-content\/uploads\/2025\/09\/Large-Plastic-Drain-Tray-Supplier-100x100.webp 100w\" sizes=\"(max-width: 800px) 100vw, 800px\" \/><figcaption class=\"wp-element-caption\">SH3135<\/figcaption><\/figure>\n<\/div><\/div>\n\n\n\n<div class=\"wp-block-column is-layout-flow wp-block-column-is-layout-flow\"><div class=\"wp-block-image\">\n<figure class=\"aligncenter size-full\"><img decoding=\"async\" width=\"800\" height=\"800\" src=\"https:\/\/www.xhplasticlife.com\/wp-content\/uploads\/2025\/09\/Small-Plastic-Drain-Tray-Supplier.webp\" alt=\"Petit bac d&#039;\u00e9gouttage en plastique Fournisseur\" class=\"wp-image-1333\" srcset=\"https:\/\/www.xhplasticlife.com\/wp-content\/uploads\/2025\/09\/Small-Plastic-Drain-Tray-Supplier.webp 800w, https:\/\/www.xhplasticlife.com\/wp-content\/uploads\/2025\/09\/Small-Plastic-Drain-Tray-Supplier-300x300.webp 300w, https:\/\/www.xhplasticlife.com\/wp-content\/uploads\/2025\/09\/Small-Plastic-Drain-Tray-Supplier-150x150.webp 150w, https:\/\/www.xhplasticlife.com\/wp-content\/uploads\/2025\/09\/Small-Plastic-Drain-Tray-Supplier-768x768.webp 768w, https:\/\/www.xhplasticlife.com\/wp-content\/uploads\/2025\/09\/Small-Plastic-Drain-Tray-Supplier-12x12.webp 12w, https:\/\/www.xhplasticlife.com\/wp-content\/uploads\/2025\/09\/Small-Plastic-Drain-Tray-Supplier-600x600.webp 600w, https:\/\/www.xhplasticlife.com\/wp-content\/uploads\/2025\/09\/Small-Plastic-Drain-Tray-Supplier-100x100.webp 100w\" sizes=\"(max-width: 800px) 100vw, 800px\" \/><figcaption class=\"wp-element-caption\">SH3145<\/figcaption><\/figure>\n<\/div><\/div>\n<\/div>","protected":false},"excerpt":{"rendered":"<p>Bienvenue dans notre collection de fournisseurs de plateaux d'\u00e9gouttage en plastique ! Nous fournissons des plateaux d'\u00e9gouttage en plastique de grande taille sur mesure avec une faible MOQ, des \u00e9chantillons gratuits et des prix comp\u00e9titifs. Parfaits pour organiser les \u00e9viers de cuisine, ils garantissent un espace propre et sec. OEM\/ODM disponible pour r\u00e9pondre \u00e0 vos besoins sp\u00e9cifiques.<\/p>\n<h2>Grand bac d'\u00e9gouttage en plastique Param\u00e8tres<\/h2>\n<ul>\n<li><strong>Mod\u00e8le<\/strong>: SH3135\/SH3145<\/li>\n<li><strong>Nom de la marque<\/strong>: Xinghui<\/li>\n<li><strong>Mat\u00e9riau<\/strong>Mati\u00e8res premi\u00e8res : plastique (PP)<\/li>\n<li><strong>Couleur<\/strong>: blanc<\/li>\n<li><strong>Taille du produit : <\/strong>39*22.5*2.5cm\/31*17.5*2.2cm<\/li>\n<li><strong>Poids brut : <\/strong>18.5KG\/15.8KG<\/li>\n<li><strong>Taille du carton<\/strong>: 46*40*45cm\/54*38.5*46.5cm<\/li>\n<li><strong>Emballage<\/strong>: Emballage OPP<\/li>\n<li><strong>OEM\/ODM<\/strong>: Disponible<\/li>\n<li><strong>Option personnalis\u00e9e<\/strong>: Couleur\/Taille\/Logo\/Emballage<\/li>\n<\/ul>\n<h2>De Daily Plasticware, fabricant de produits en plastique :<\/h2>\n<p>Fond\u00e9e en 2000,\u00a0<a href=\"https:\/\/www.xhplasticlife.com\/fr\/\"><strong>Xinghui<\/strong><\/a>\u00a0est sp\u00e9cialis\u00e9e dans la production et la vente en gros de bo\u00eetes \u00e0 lunch, de r\u00e9cipients pour la conservation des aliments, de r\u00e9cipients pour les boissons, de r\u00e9cipients pour la conservation des produits m\u00e9nagers et d'autres produits quotidiens en plastique. Elle propose \u00e0 ses clients des services OEM et ODM ainsi que des services d'approvisionnement en ligne.<\/p>","protected":false},"featured_media":1325,"comment_status":"closed","ping_status":"closed","template":"","meta":{"_acf_changed":false},"product_brand":[],"product_cat":[19],"product_tag":[],"class_list":{"0":"post-1323","1":"product","2":"type-product","3":"status-publish","4":"has-post-thumbnail","6":"product_cat-kitchen-storage-containers-wholesale","8":"first","9":"instock","10":"shipping-taxable","11":"product-type-simple"},"acf":[],"_links":{"self":[{"href":"https:\/\/www.xhplasticlife.com\/fr\/wp-json\/wp\/v2\/product\/1323","targetHints":{"allow":["GET"]}}],"collection":[{"href":"https:\/\/www.xhplasticlife.com\/fr\/wp-json\/wp\/v2\/product"}],"about":[{"href":"https:\/\/www.xhplasticlife.com\/fr\/wp-json\/wp\/v2\/types\/product"}],"replies":[{"embeddable":true,"href":"https:\/\/www.xhplasticlife.com\/fr\/wp-json\/wp\/v2\/comments?post=1323"}],"wp:featuredmedia":[{"embeddable":true,"href":"https:\/\/www.xhplasticlife.com\/fr\/wp-json\/wp\/v2\/media\/1325"}],"wp:attachment":[{"href":"https:\/\/www.xhplasticlife.com\/fr\/wp-json\/wp\/v2\/media?parent=1323"}],"wp:term":[{"taxonomy":"product_brand","embeddable":true,"href":"https:\/\/www.xhplasticlife.com\/fr\/wp-json\/wp\/v2\/product_brand?post=1323"},{"taxonomy":"product_cat","embeddable":true,"href":"https:\/\/www.xhplasticlife.com\/fr\/wp-json\/wp\/v2\/product_cat?post=1323"},{"taxonomy":"product_tag","embeddable":true,"href":"https:\/\/www.xhplasticlife.com\/fr\/wp-json\/wp\/v2\/product_tag?post=1323"}],"curies":[{"name":"wp","href":"https:\/\/api.w.org\/{rel}","templated":true}]}}