{"id":1317,"date":"2025-09-11T08:30:10","date_gmt":"2025-09-11T08:30:10","guid":{"rendered":"https:\/\/www.xhplasticlife.com\/?post_type=product&#038;p=1317"},"modified":"2025-09-11T08:30:13","modified_gmt":"2025-09-11T08:30:13","slug":"makeup-storage-container-supplier","status":"publish","type":"product","link":"https:\/\/www.xhplasticlife.com\/fr\/produit\/makeup-storage-container-supplier\/","title":{"rendered":"OEM Makeup Storage Container Supplier, Plastic Cosmetic Storage Box for Skin Care, Lipstick"},"content":{"rendered":"<div class=\"wp-block-columns is-layout-flex wp-container-core-columns-is-layout-9d6595d7 wp-block-columns-is-layout-flex\">\n<div class=\"wp-block-column is-layout-flow wp-block-column-is-layout-flow\">\n<h2 class=\"wp-block-heading\">Conteneur de stockage de maquillage OEM Caract\u00e9ristiques :<\/h2>\n\n\n\n<ul class=\"wp-block-list\">\n<li><strong>Fournisseur professionnel Avantages :<\/strong> Nous sommes un bon fournisseur de conteneurs de maquillage pour le stockage, et nous offrons plusieurs mod\u00e8les et tailles pour r\u00e9pondre aux exigences de stockage pour les soins de la peau, le rouge \u00e0 l\u00e8vres et le maquillage.<\/li>\n\n\n\n<li><strong>Structure de stockage multifonctionnelle<\/strong>: Avec ses tiroirs et ses compartiments, vous pouvez l'utiliser pour classer les produits cosm\u00e9tiques, les soins de la peau, les bijoux et autres, et garder votre bureau bien rang\u00e9 et organis\u00e9.<\/li>\n\n\n\n<li><strong>Mat\u00e9riaux de premi\u00e8re qualit\u00e9<\/strong>: Fabriqu\u00e9 en plastique PP de premi\u00e8re qualit\u00e9, il est extr\u00eamement durable et r\u00e9sistant \u00e0 la poussi\u00e8re et \u00e0 l'humidit\u00e9. Il suffit de l'essuyer d\u00e9licatement avec de l'eau ti\u00e8de pour le nettoyer tous les jours.<\/li>\n\n\n\n<li><strong>Apparence \u00e9l\u00e9gante<\/strong>: Transparent et de couleur blanc cr\u00e8me, son aspect minimaliste et \u00e9l\u00e9gant s'int\u00e8gre parfaitement \u00e0 tout type de d\u00e9cor, ce qui le rend id\u00e9al pour les chambres \u00e0 coucher, les salles de bains, les coiffeuses, etc.<\/li>\n\n\n\n<li><strong>OEM\/ODM Personnalisation :<\/strong> Nous proposons la personnalisation des marques et la production de masse avec une faible quantit\u00e9 de pi\u00e8ces, ce qui permet aux clients de b\u00e9n\u00e9ficier d'un avantage concurrentiel unique sur le march\u00e9.<\/li>\n<\/ul>\n<\/div>\n\n\n\n<div class=\"wp-block-column is-layout-flow wp-block-column-is-layout-flow\">\n<figure class=\"wp-block-image size-full\"><img decoding=\"async\" width=\"800\" height=\"800\" src=\"https:\/\/www.xhplasticlife.com\/wp-content\/uploads\/2025\/09\/OEM-Makeup-Storage-Container-Supplier-5.webp\" alt=\"OEM Makeup Storage Container Supplier (5)\" class=\"wp-image-1322\" srcset=\"https:\/\/www.xhplasticlife.com\/wp-content\/uploads\/2025\/09\/OEM-Makeup-Storage-Container-Supplier-5.webp 800w, https:\/\/www.xhplasticlife.com\/wp-content\/uploads\/2025\/09\/OEM-Makeup-Storage-Container-Supplier-5-300x300.webp 300w, https:\/\/www.xhplasticlife.com\/wp-content\/uploads\/2025\/09\/OEM-Makeup-Storage-Container-Supplier-5-150x150.webp 150w, https:\/\/www.xhplasticlife.com\/wp-content\/uploads\/2025\/09\/OEM-Makeup-Storage-Container-Supplier-5-768x768.webp 768w, https:\/\/www.xhplasticlife.com\/wp-content\/uploads\/2025\/09\/OEM-Makeup-Storage-Container-Supplier-5-12x12.webp 12w, https:\/\/www.xhplasticlife.com\/wp-content\/uploads\/2025\/09\/OEM-Makeup-Storage-Container-Supplier-5-600x600.webp 600w, https:\/\/www.xhplasticlife.com\/wp-content\/uploads\/2025\/09\/OEM-Makeup-Storage-Container-Supplier-5-100x100.webp 100w\" sizes=\"(max-width: 800px) 100vw, 800px\" \/><\/figure>\n<\/div>\n<\/div>\n\n\n\n<div class=\"wp-block-columns is-layout-flex wp-container-core-columns-is-layout-9d6595d7 wp-block-columns-is-layout-flex\">\n<div class=\"wp-block-column is-layout-flow wp-block-column-is-layout-flow\">\n<figure class=\"wp-block-image size-full\"><img decoding=\"async\" width=\"567\" height=\"567\" src=\"https:\/\/www.xhplasticlife.com\/wp-content\/uploads\/2025\/09\/OEM-Makeup-Storage-Container-Supplier-2.webp\" alt=\"OEM Makeup Storage Container Supplier (2)\" class=\"wp-image-1319\" srcset=\"https:\/\/www.xhplasticlife.com\/wp-content\/uploads\/2025\/09\/OEM-Makeup-Storage-Container-Supplier-2.webp 567w, https:\/\/www.xhplasticlife.com\/wp-content\/uploads\/2025\/09\/OEM-Makeup-Storage-Container-Supplier-2-300x300.webp 300w, https:\/\/www.xhplasticlife.com\/wp-content\/uploads\/2025\/09\/OEM-Makeup-Storage-Container-Supplier-2-150x150.webp 150w, https:\/\/www.xhplasticlife.com\/wp-content\/uploads\/2025\/09\/OEM-Makeup-Storage-Container-Supplier-2-12x12.webp 12w, https:\/\/www.xhplasticlife.com\/wp-content\/uploads\/2025\/09\/OEM-Makeup-Storage-Container-Supplier-2-100x100.webp 100w\" sizes=\"(max-width: 567px) 100vw, 567px\" \/><\/figure>\n<\/div>\n\n\n\n<div class=\"wp-block-column is-layout-flow wp-block-column-is-layout-flow\">\n<figure class=\"wp-block-image size-full\"><img decoding=\"async\" width=\"511\" height=\"511\" src=\"https:\/\/www.xhplasticlife.com\/wp-content\/uploads\/2025\/09\/OEM-Makeup-Storage-Container-Supplier-1.webp\" alt=\"OEM Makeup Storage Container Supplier (1)\" class=\"wp-image-1318\" srcset=\"https:\/\/www.xhplasticlife.com\/wp-content\/uploads\/2025\/09\/OEM-Makeup-Storage-Container-Supplier-1.webp 511w, https:\/\/www.xhplasticlife.com\/wp-content\/uploads\/2025\/09\/OEM-Makeup-Storage-Container-Supplier-1-300x300.webp 300w, https:\/\/www.xhplasticlife.com\/wp-content\/uploads\/2025\/09\/OEM-Makeup-Storage-Container-Supplier-1-150x150.webp 150w, https:\/\/www.xhplasticlife.com\/wp-content\/uploads\/2025\/09\/OEM-Makeup-Storage-Container-Supplier-1-12x12.webp 12w, https:\/\/www.xhplasticlife.com\/wp-content\/uploads\/2025\/09\/OEM-Makeup-Storage-Container-Supplier-1-100x100.webp 100w\" sizes=\"(max-width: 511px) 100vw, 511px\" \/><\/figure>\n<\/div>\n<\/div>","protected":false},"excerpt":{"rendered":"<p>Bienvenue dans notre collection de fournisseurs de bo\u00eetes de rangement pour maquillage ! Nous fournissons des bo\u00eetes de rangement cosm\u00e9tiques en gros avec un faible MOQ, des \u00e9chantillons gratuits et des prix comp\u00e9titifs. Designs \u00e9l\u00e9gants transparents et cr\u00e8me, personnalisation OEM\/ODM disponible pour stimuler les ventes de votre marque.<\/p>\n<h2>Param\u00e8tres du conteneur de stockage de maquillage OEM<\/h2>\n<p><strong>Mod\u00e8le<\/strong>: SN3178<br \/>\n<strong>Nom de la marque<\/strong>: Xinghui<br \/>\n<strong>Mat\u00e9riau<\/strong>Mati\u00e8res premi\u00e8res : plastique (PP)+silicone<br \/>\n<strong>Couleur<\/strong>: cr\u00e8me blanc<br \/>\n<strong>Poids brut :<\/strong>8,2 kg<br \/>\n<strong>Taille du carton<\/strong>Dimensions : 61*39*47cm<br \/>\n<strong>Emballage<\/strong>: Emballage OPP<br \/>\n<strong>OEM\/ODM<\/strong>: Disponible<br \/>\n<strong>Option personnalis\u00e9e<\/strong>: Couleur\/Taille\/Logo\/Emballage<\/p>\n<h2>De Daily Plasticware, fabricant de produits en plastique :<\/h2>\n<p>Fond\u00e9e en 2000,\u00a0<a href=\"https:\/\/www.xhplasticlife.com\/fr\/\"><strong>Xinghui<\/strong><\/a>\u00a0est sp\u00e9cialis\u00e9e dans la production et la vente en gros de bo\u00eetes \u00e0 lunch, de r\u00e9cipients pour la conservation des aliments, de r\u00e9cipients pour les boissons, de r\u00e9cipients pour la conservation des produits m\u00e9nagers et d'autres produits quotidiens en plastique. Elle propose \u00e0 ses clients des services OEM et ODM ainsi que des services d'approvisionnement en ligne.<\/p>","protected":false},"featured_media":1321,"comment_status":"closed","ping_status":"closed","template":"","meta":{"_acf_changed":false},"product_brand":[],"product_cat":[21],"product_tag":[],"class_list":{"0":"post-1317","1":"product","2":"type-product","3":"status-publish","4":"has-post-thumbnail","6":"product_cat-home-storage-containers-wholesaler","8":"first","9":"instock","10":"shipping-taxable","11":"product-type-simple"},"acf":[],"_links":{"self":[{"href":"https:\/\/www.xhplasticlife.com\/fr\/wp-json\/wp\/v2\/product\/1317","targetHints":{"allow":["GET"]}}],"collection":[{"href":"https:\/\/www.xhplasticlife.com\/fr\/wp-json\/wp\/v2\/product"}],"about":[{"href":"https:\/\/www.xhplasticlife.com\/fr\/wp-json\/wp\/v2\/types\/product"}],"replies":[{"embeddable":true,"href":"https:\/\/www.xhplasticlife.com\/fr\/wp-json\/wp\/v2\/comments?post=1317"}],"wp:featuredmedia":[{"embeddable":true,"href":"https:\/\/www.xhplasticlife.com\/fr\/wp-json\/wp\/v2\/media\/1321"}],"wp:attachment":[{"href":"https:\/\/www.xhplasticlife.com\/fr\/wp-json\/wp\/v2\/media?parent=1317"}],"wp:term":[{"taxonomy":"product_brand","embeddable":true,"href":"https:\/\/www.xhplasticlife.com\/fr\/wp-json\/wp\/v2\/product_brand?post=1317"},{"taxonomy":"product_cat","embeddable":true,"href":"https:\/\/www.xhplasticlife.com\/fr\/wp-json\/wp\/v2\/product_cat?post=1317"},{"taxonomy":"product_tag","embeddable":true,"href":"https:\/\/www.xhplasticlife.com\/fr\/wp-json\/wp\/v2\/product_tag?post=1317"}],"curies":[{"name":"wp","href":"https:\/\/api.w.org\/{rel}","templated":true}]}}