{"id":1180,"date":"2025-07-28T17:00:45","date_gmt":"2025-07-28T17:00:45","guid":{"rendered":"https:\/\/www.xhplasticlife.com\/?post_type=product&#038;p=1180"},"modified":"2025-07-28T17:01:21","modified_gmt":"2025-07-28T17:01:21","slug":"bulk-airtight-food-storage-containers","status":"publish","type":"product","link":"https:\/\/www.xhplasticlife.com\/fr\/produit\/bulk-airtight-food-storage-containers\/","title":{"rendered":"Bulk Airtight Food Storage Containers 3 Piece Round Plastic Food Containers Wholesaler"},"content":{"rendered":"<div class=\"wp-block-columns is-layout-flex wp-container-core-columns-is-layout-9d6595d7 wp-block-columns-is-layout-flex\">\n<div class=\"wp-block-column is-layout-flow wp-block-column-is-layout-flow\">\n<h2 class=\"wp-block-heading\">Ensemble de r\u00e9cipients herm\u00e9tiques pour la conservation des aliments en vrac Caract\u00e9ristiques :<\/h2>\n\n\n\n<ul class=\"wp-block-list\">\n<li><strong>Option d'achat en gros<\/strong>Le site web de la soci\u00e9t\u00e9 : convient aux achats en gros, propose des conteneurs de stockage alimentaire herm\u00e9tiques en vrac pour une vari\u00e9t\u00e9 de besoins de stockage commerciaux et domestiques.<\/li>\n\n\n\n<li><strong>Scell\u00e9 et <\/strong><span style=\"box-sizing: border-box; margin: 0px; padding: 0px;\"><strong>Conception r\u00e9sistante \u00e0 l'humidit\u00e9<\/strong>: Les couvercles scell\u00e9s garantissent la fra\u00eecheur des aliments \u00e0 long terme et emp\u00eachent l'air et l'humidit\u00e9 de p\u00e9n\u00e9trer, ce qui en fait un r\u00e9cipient alimentaire en plastique id\u00e9al pour la vente en gros.<\/span>.<\/li>\n\n\n\n<li><strong>Stockage polyvalent :<\/strong> Convient pour le stockage des c\u00e9r\u00e9ales, des fruits secs, de la farine, des \u00e9pices et d'autres ingr\u00e9dients. Facile \u00e0 utiliser et peu encombrant, il convient aux cuisines, aux entrep\u00f4ts et \u00e0 l'industrie de la restauration.<\/li>\n\n\n\n<li><strong>Design transparent :<\/strong> Mati\u00e8re plastique transparente, permettant de v\u00e9rifier facilement le stock d'ingr\u00e9dients et r\u00e9duisant le temps de recherche des ingr\u00e9dients.<\/li>\n\n\n\n<li><strong>\u00c9cologique et durable :<\/strong> Fabriqu\u00e9 en plastique de haute qualit\u00e9 sans BPA, non toxique et inodore, durable et r\u00e9utilisable, et conforme aux normes de s\u00e9curit\u00e9 en mati\u00e8re de conservation des aliments.<\/li>\n\n\n\n<li><strong>Stockage empilable<\/strong>: La conception empilable permet d'\u00e9conomiser de l'espace et convient au stockage dans les r\u00e9frig\u00e9rateurs, les armoires ou les garde-manger commerciaux.<\/li>\n<\/ul>\n<\/div>\n\n\n\n<div class=\"wp-block-column is-layout-flow wp-block-column-is-layout-flow\">\n<figure class=\"wp-block-image size-full\"><img decoding=\"async\" width=\"1312\" height=\"850\" src=\"https:\/\/www.xhplasticlife.com\/wp-content\/uploads\/2025\/07\/Bulk-Airtight-Food-Storage-Containers-3-Piece-Set-Sizes.webp\" alt=\"R\u00e9cipients herm\u00e9tiques de conservation des aliments en vrac 3 pi\u00e8ces Tailles\" class=\"wp-image-1205\" srcset=\"https:\/\/www.xhplasticlife.com\/wp-content\/uploads\/2025\/07\/Bulk-Airtight-Food-Storage-Containers-3-Piece-Set-Sizes.webp 1312w, https:\/\/www.xhplasticlife.com\/wp-content\/uploads\/2025\/07\/Bulk-Airtight-Food-Storage-Containers-3-Piece-Set-Sizes-300x194.webp 300w, https:\/\/www.xhplasticlife.com\/wp-content\/uploads\/2025\/07\/Bulk-Airtight-Food-Storage-Containers-3-Piece-Set-Sizes-768x498.webp 768w, https:\/\/www.xhplasticlife.com\/wp-content\/uploads\/2025\/07\/Bulk-Airtight-Food-Storage-Containers-3-Piece-Set-Sizes-18x12.webp 18w, https:\/\/www.xhplasticlife.com\/wp-content\/uploads\/2025\/07\/Bulk-Airtight-Food-Storage-Containers-3-Piece-Set-Sizes-1200x777.webp 1200w, https:\/\/www.xhplasticlife.com\/wp-content\/uploads\/2025\/07\/Bulk-Airtight-Food-Storage-Containers-3-Piece-Set-Sizes-600x389.webp 600w\" sizes=\"(max-width: 1312px) 100vw, 1312px\" \/><\/figure>\n<\/div>\n<\/div>\n\n\n\n<div class=\"wp-block-columns is-layout-flex wp-container-core-columns-is-layout-9d6595d7 wp-block-columns-is-layout-flex\">\n<div class=\"wp-block-column is-layout-flow wp-block-column-is-layout-flow\">\n<figure class=\"wp-block-image size-full\"><img decoding=\"async\" width=\"2500\" height=\"2500\" src=\"https:\/\/www.xhplasticlife.com\/wp-content\/uploads\/2025\/07\/Bulk-Airtight-Food-Storage-Containers-3-Piece-Set-Wholesaler-3.webp\" alt=\"Bulk Airtight Food Storage Containers 3 Piece Set Wholesaler (3)\" class=\"wp-image-1208\" srcset=\"https:\/\/www.xhplasticlife.com\/wp-content\/uploads\/2025\/07\/Bulk-Airtight-Food-Storage-Containers-3-Piece-Set-Wholesaler-3.webp 2500w, https:\/\/www.xhplasticlife.com\/wp-content\/uploads\/2025\/07\/Bulk-Airtight-Food-Storage-Containers-3-Piece-Set-Wholesaler-3-300x300.webp 300w, https:\/\/www.xhplasticlife.com\/wp-content\/uploads\/2025\/07\/Bulk-Airtight-Food-Storage-Containers-3-Piece-Set-Wholesaler-3-150x150.webp 150w, https:\/\/www.xhplasticlife.com\/wp-content\/uploads\/2025\/07\/Bulk-Airtight-Food-Storage-Containers-3-Piece-Set-Wholesaler-3-768x768.webp 768w, https:\/\/www.xhplasticlife.com\/wp-content\/uploads\/2025\/07\/Bulk-Airtight-Food-Storage-Containers-3-Piece-Set-Wholesaler-3-12x12.webp 12w, https:\/\/www.xhplasticlife.com\/wp-content\/uploads\/2025\/07\/Bulk-Airtight-Food-Storage-Containers-3-Piece-Set-Wholesaler-3-1200x1200.webp 1200w, https:\/\/www.xhplasticlife.com\/wp-content\/uploads\/2025\/07\/Bulk-Airtight-Food-Storage-Containers-3-Piece-Set-Wholesaler-3-600x600.webp 600w, https:\/\/www.xhplasticlife.com\/wp-content\/uploads\/2025\/07\/Bulk-Airtight-Food-Storage-Containers-3-Piece-Set-Wholesaler-3-100x100.webp 100w\" sizes=\"(max-width: 2500px) 100vw, 2500px\" \/><\/figure>\n<\/div>\n\n\n\n<div class=\"wp-block-column is-layout-flow wp-block-column-is-layout-flow\">\n<figure class=\"wp-block-image size-full\"><img decoding=\"async\" width=\"2500\" height=\"2500\" src=\"https:\/\/www.xhplasticlife.com\/wp-content\/uploads\/2025\/07\/Bulk-Airtight-Food-Storage-Containers-3-Piece-Set-Wholesaler-2.webp\" alt=\"Bulk Airtight Food Storage Containers 3 Piece Set Wholesaler (2)\" class=\"wp-image-1207\" srcset=\"https:\/\/www.xhplasticlife.com\/wp-content\/uploads\/2025\/07\/Bulk-Airtight-Food-Storage-Containers-3-Piece-Set-Wholesaler-2.webp 2500w, https:\/\/www.xhplasticlife.com\/wp-content\/uploads\/2025\/07\/Bulk-Airtight-Food-Storage-Containers-3-Piece-Set-Wholesaler-2-300x300.webp 300w, https:\/\/www.xhplasticlife.com\/wp-content\/uploads\/2025\/07\/Bulk-Airtight-Food-Storage-Containers-3-Piece-Set-Wholesaler-2-150x150.webp 150w, https:\/\/www.xhplasticlife.com\/wp-content\/uploads\/2025\/07\/Bulk-Airtight-Food-Storage-Containers-3-Piece-Set-Wholesaler-2-768x768.webp 768w, https:\/\/www.xhplasticlife.com\/wp-content\/uploads\/2025\/07\/Bulk-Airtight-Food-Storage-Containers-3-Piece-Set-Wholesaler-2-12x12.webp 12w, https:\/\/www.xhplasticlife.com\/wp-content\/uploads\/2025\/07\/Bulk-Airtight-Food-Storage-Containers-3-Piece-Set-Wholesaler-2-1200x1200.webp 1200w, https:\/\/www.xhplasticlife.com\/wp-content\/uploads\/2025\/07\/Bulk-Airtight-Food-Storage-Containers-3-Piece-Set-Wholesaler-2-600x600.webp 600w, https:\/\/www.xhplasticlife.com\/wp-content\/uploads\/2025\/07\/Bulk-Airtight-Food-Storage-Containers-3-Piece-Set-Wholesaler-2-100x100.webp 100w\" sizes=\"(max-width: 2500px) 100vw, 2500px\" \/><\/figure>\n<\/div>\n\n\n\n<div class=\"wp-block-column is-layout-flow wp-block-column-is-layout-flow\">\n<figure class=\"wp-block-image size-full\"><img decoding=\"async\" width=\"2500\" height=\"2500\" src=\"https:\/\/www.xhplasticlife.com\/wp-content\/uploads\/2025\/07\/Bulk-Airtight-Food-Storage-Containers-3-Piece-Set-Wholesaler-1.webp\" alt=\"Bulk Airtight Food Storage Containers 3 Piece Set Wholesaler (1)\" class=\"wp-image-1206\" srcset=\"https:\/\/www.xhplasticlife.com\/wp-content\/uploads\/2025\/07\/Bulk-Airtight-Food-Storage-Containers-3-Piece-Set-Wholesaler-1.webp 2500w, https:\/\/www.xhplasticlife.com\/wp-content\/uploads\/2025\/07\/Bulk-Airtight-Food-Storage-Containers-3-Piece-Set-Wholesaler-1-300x300.webp 300w, https:\/\/www.xhplasticlife.com\/wp-content\/uploads\/2025\/07\/Bulk-Airtight-Food-Storage-Containers-3-Piece-Set-Wholesaler-1-150x150.webp 150w, https:\/\/www.xhplasticlife.com\/wp-content\/uploads\/2025\/07\/Bulk-Airtight-Food-Storage-Containers-3-Piece-Set-Wholesaler-1-768x768.webp 768w, https:\/\/www.xhplasticlife.com\/wp-content\/uploads\/2025\/07\/Bulk-Airtight-Food-Storage-Containers-3-Piece-Set-Wholesaler-1-12x12.webp 12w, https:\/\/www.xhplasticlife.com\/wp-content\/uploads\/2025\/07\/Bulk-Airtight-Food-Storage-Containers-3-Piece-Set-Wholesaler-1-1200x1200.webp 1200w, https:\/\/www.xhplasticlife.com\/wp-content\/uploads\/2025\/07\/Bulk-Airtight-Food-Storage-Containers-3-Piece-Set-Wholesaler-1-600x600.webp 600w, https:\/\/www.xhplasticlife.com\/wp-content\/uploads\/2025\/07\/Bulk-Airtight-Food-Storage-Containers-3-Piece-Set-Wholesaler-1-100x100.webp 100w\" sizes=\"(max-width: 2500px) 100vw, 2500px\" \/><\/figure>\n<\/div>\n<\/div>","protected":false},"excerpt":{"rendered":"<p>Nous vous invitons \u00e0 acheter des r\u00e9cipients alimentaires herm\u00e9tiques en vrac. En tant que grossiste de confiance en contenants alimentaires en plastique, nous offrons un ensemble rond de 3 pi\u00e8ces avec couvercles herm\u00e9tiques, id\u00e9al pour conserver les grains, les fruits secs, les c\u00e9r\u00e9ales et plus encore. Fabriqu\u00e9s en plastique sans BPA, ces r\u00e9cipients sont empilables, peu encombrants et parfaits pour un usage domestique ou commercial.<\/p>\n<h2>Param\u00e8tres de l'ensemble de r\u00e9cipients herm\u00e9tiques pour la conservation des aliments<\/h2>\n<p><strong>Mod\u00e8le<\/strong>: BX1053<br \/>\n<strong>Nom de la marque<\/strong>: Xinghui<br \/>\n<strong>Mat\u00e9riau<\/strong>: PP+Silicone<br \/>\n<strong>Couleur<\/strong>: Noir, rouge et kaki\/transparent<br \/>\n<strong>Poids brut<\/strong>: 12,4 kg<br \/>\n<strong>Grammage<\/strong>: 425G<br \/>\n<strong>Taille de la bo\u00eete<\/strong>61x30x57cm<br \/>\n<strong>Emballage<\/strong>24pcs<br \/>\n<strong>OEM\/ODM<\/strong>: Disponible<br \/>\n<strong>Option personnalis\u00e9e<\/strong>: Couleur\/Taille\/Logo\/Emballage<\/p>\n<h2>De la part du fabricant de r\u00e9cipients de stockage d'aliments :<\/h2>\n<p>Fond\u00e9e en 2000,\u00a0<strong>Xinghui<\/strong>\u00a0est sp\u00e9cialis\u00e9e dans la production et la vente en gros de bo\u00eetes \u00e0 lunch, de r\u00e9cipients pour la conservation des aliments, de r\u00e9cipients pour les boissons, de r\u00e9cipients pour la conservation des produits m\u00e9nagers et d'autres produits quotidiens en plastique. Elle propose \u00e0 ses clients des services OEM et ODM ainsi que des services d'approvisionnement en ligne.<\/p>","protected":false},"featured_media":1209,"comment_status":"closed","ping_status":"closed","template":"","meta":{"_acf_changed":false},"product_brand":[],"product_cat":[18],"product_tag":[],"class_list":{"0":"post-1180","1":"product","2":"type-product","3":"status-publish","4":"has-post-thumbnail","6":"product_cat-bulk-food-storage-container","8":"first","9":"instock","10":"shipping-taxable","11":"product-type-simple"},"acf":[],"_links":{"self":[{"href":"https:\/\/www.xhplasticlife.com\/fr\/wp-json\/wp\/v2\/product\/1180","targetHints":{"allow":["GET"]}}],"collection":[{"href":"https:\/\/www.xhplasticlife.com\/fr\/wp-json\/wp\/v2\/product"}],"about":[{"href":"https:\/\/www.xhplasticlife.com\/fr\/wp-json\/wp\/v2\/types\/product"}],"replies":[{"embeddable":true,"href":"https:\/\/www.xhplasticlife.com\/fr\/wp-json\/wp\/v2\/comments?post=1180"}],"wp:featuredmedia":[{"embeddable":true,"href":"https:\/\/www.xhplasticlife.com\/fr\/wp-json\/wp\/v2\/media\/1209"}],"wp:attachment":[{"href":"https:\/\/www.xhplasticlife.com\/fr\/wp-json\/wp\/v2\/media?parent=1180"}],"wp:term":[{"taxonomy":"product_brand","embeddable":true,"href":"https:\/\/www.xhplasticlife.com\/fr\/wp-json\/wp\/v2\/product_brand?post=1180"},{"taxonomy":"product_cat","embeddable":true,"href":"https:\/\/www.xhplasticlife.com\/fr\/wp-json\/wp\/v2\/product_cat?post=1180"},{"taxonomy":"product_tag","embeddable":true,"href":"https:\/\/www.xhplasticlife.com\/fr\/wp-json\/wp\/v2\/product_tag?post=1180"}],"curies":[{"name":"wp","href":"https:\/\/api.w.org\/{rel}","templated":true}]}}