{"id":737,"date":"2025-07-24T10:36:50","date_gmt":"2025-07-24T10:36:50","guid":{"rendered":"https:\/\/www.xhplasticlife.com\/?post_type=product&#038;p=737"},"modified":"2025-07-24T10:36:50","modified_gmt":"2025-07-24T10:36:50","slug":"freezer-storage-containers-wholesale","status":"publish","type":"product","link":"https:\/\/www.xhplasticlife.com\/es\/producto\/freezer-storage-containers-wholesale\/","title":{"rendered":"Best Freezer Storage Containers Wholesale Food Storage Container Set Proveedor"},"content":{"rendered":"<div class=\"wp-block-columns is-layout-flex wp-container-core-columns-is-layout-9d6595d7 wp-block-columns-is-layout-flex\">\n<div class=\"wp-block-column is-layout-flow wp-block-column-is-layout-flow\">\n<h2 class=\"wp-block-heading\">Mayorista Contenedores de Almacenamiento Congelador Caracter\u00edsticas:<\/h2>\n\n\n\n<ul class=\"wp-block-list\">\n<li><strong>Funci\u00f3n de almacenamiento en congelador<\/strong>pl\u00e1stico de alta calidad, adecuado para el almacenamiento congelado a largo plazo de ingredientes, es el producto preferido de los mejores recipientes de almacenamiento en congelador al por mayor, mantener los alimentos frescos.<\/li>\n\n\n\n<li><strong>Dise\u00f1o multifuncional<\/strong>Puede ser utilizado para el almacenamiento en el refrigerador, preparaci\u00f3n de comidas, caja de ensalada y otros escenarios, satisfacer las necesidades familiares y comerciales, es un modelo de venta caliente del proveedor de contenedores de almacenamiento de alimentos.<\/li>\n\n\n\n<li><strong>Sellado y estanco<\/strong>Equipado con tapa y cierre herm\u00e9ticos para evitar fugas de alimentos, apto para refrigeraci\u00f3n, congelaci\u00f3n y calentamiento en microondas.<\/li>\n\n\n\n<li><strong>Almacenamiento de particiones<\/strong>Dise\u00f1os con m\u00faltiples divisiones, pr\u00e1cticos para envasar diferentes tipos de alimentos, especialmente adecuados para catering para llevar y preparaci\u00f3n de comidas familiares.<\/li>\n\n\n\n<li><strong>Material respetuoso con el medio ambiente<\/strong>: Pl\u00e1stico libre de BPA, sano y seguro, duradero y no f\u00e1cil de deformar, adecuado para el uso diario.<\/li>\n\n\n\n<li><strong>Ayuda para compras al por mayor<\/strong>: proporcionar los mejores contenedores de almacenamiento de congelador al por mayor y proveedor de contenedores de almacenamiento de alimentos compra al por mayor para satisfacer las necesidades de los pedidos a granel.<\/li>\n<\/ul>\n<\/div>\n\n\n\n<div class=\"wp-block-column is-layout-flow wp-block-column-is-layout-flow\">\n<figure class=\"wp-block-image size-full\"><img decoding=\"async\" width=\"800\" height=\"800\" src=\"https:\/\/www.xhplasticlife.com\/wp-content\/uploads\/2025\/07\/Best-Freezer-Storage-Containers-Wholesaler-4.webp\" alt=\"El mejor mayorista de recipientes para congelar (4)\" class=\"wp-image-749\" srcset=\"https:\/\/www.xhplasticlife.com\/wp-content\/uploads\/2025\/07\/Best-Freezer-Storage-Containers-Wholesaler-4.webp 800w, https:\/\/www.xhplasticlife.com\/wp-content\/uploads\/2025\/07\/Best-Freezer-Storage-Containers-Wholesaler-4-300x300.webp 300w, https:\/\/www.xhplasticlife.com\/wp-content\/uploads\/2025\/07\/Best-Freezer-Storage-Containers-Wholesaler-4-150x150.webp 150w, https:\/\/www.xhplasticlife.com\/wp-content\/uploads\/2025\/07\/Best-Freezer-Storage-Containers-Wholesaler-4-768x768.webp 768w, https:\/\/www.xhplasticlife.com\/wp-content\/uploads\/2025\/07\/Best-Freezer-Storage-Containers-Wholesaler-4-600x600.webp 600w, https:\/\/www.xhplasticlife.com\/wp-content\/uploads\/2025\/07\/Best-Freezer-Storage-Containers-Wholesaler-4-100x100.webp 100w\" sizes=\"(max-width: 800px) 100vw, 800px\" \/><\/figure>\n<\/div>\n<\/div>\n\n\n\n<h2 class=\"wp-block-heading\">Contenedores a granel para congelaci\u00f3n Tama\u00f1o:<\/h2>\n\n\n\n<figure class=\"wp-block-table is-style-stripes\"><table class=\"has-fixed-layout\"><tbody><tr><td>Modelo<\/td><td>Capacidad<\/td><td>N.W.\/PCS<\/td><td>G.W.\/Caso<\/td><td>Cantidad por caja<\/td><td>Tama\u00f1o de la caja exterior<\/td><\/tr><tr><td>BX1131<\/td><td>300ML<\/td><td>13.5KG<\/td><td>38G<\/td><td>300 unidades<\/td><td>60x53x47cm<\/td><\/tr><tr><td>BX1132<\/td><td>600ML<\/td><td>12,2KG<\/td><td>63G<\/td><td>160 unidades<\/td><td>61\u00d745,5x56cm<\/td><\/tr><tr><td>BX1133<\/td><td>1000ML<\/td><td>11KG<\/td><td>94G<\/td><td>100 unidades<\/td><td>65x36x66cm<\/td><\/tr><tr><td>BX1134<\/td><td>1500ML<\/td><td>11.5KG<\/td><td>126G<\/td><td>80 unidades<\/td><td>57,5x41x75,5cm<\/td><\/tr><tr><td>BX1135<\/td><td>2000ML<\/td><td>11,4KG<\/td><td>155G<\/td><td>64 unidades<\/td><td>63x44x72,5cm<\/td><\/tr><tr><td>BX1136<\/td><td>3050ML<\/td><td>11.3KG<\/td><td>208G<\/td><td>48 unidades<\/td><td>54\u00d750,5x78cm<\/td><\/tr><\/tbody><\/table><\/figure>\n\n\n\n<div class=\"wp-block-columns is-layout-flex wp-container-core-columns-is-layout-9d6595d7 wp-block-columns-is-layout-flex\">\n<div class=\"wp-block-column is-layout-flow wp-block-column-is-layout-flow\">\n<figure class=\"wp-block-image size-full\"><img decoding=\"async\" width=\"800\" height=\"800\" src=\"https:\/\/www.xhplasticlife.com\/wp-content\/uploads\/2025\/07\/Wholesale-Freezer-Storage-Containers-3.webp\" alt=\"Contenedores de congelaci\u00f3n al por mayor (3)\" class=\"wp-image-752\" srcset=\"https:\/\/www.xhplasticlife.com\/wp-content\/uploads\/2025\/07\/Wholesale-Freezer-Storage-Containers-3.webp 800w, https:\/\/www.xhplasticlife.com\/wp-content\/uploads\/2025\/07\/Wholesale-Freezer-Storage-Containers-3-300x300.webp 300w, https:\/\/www.xhplasticlife.com\/wp-content\/uploads\/2025\/07\/Wholesale-Freezer-Storage-Containers-3-150x150.webp 150w, https:\/\/www.xhplasticlife.com\/wp-content\/uploads\/2025\/07\/Wholesale-Freezer-Storage-Containers-3-768x768.webp 768w, https:\/\/www.xhplasticlife.com\/wp-content\/uploads\/2025\/07\/Wholesale-Freezer-Storage-Containers-3-600x600.webp 600w, https:\/\/www.xhplasticlife.com\/wp-content\/uploads\/2025\/07\/Wholesale-Freezer-Storage-Containers-3-100x100.webp 100w\" sizes=\"(max-width: 800px) 100vw, 800px\" \/><\/figure>\n<\/div>\n\n\n\n<div class=\"wp-block-column is-layout-flow wp-block-column-is-layout-flow\">\n<figure class=\"wp-block-image size-full\"><img decoding=\"async\" width=\"790\" height=\"950\" src=\"https:\/\/www.xhplasticlife.com\/wp-content\/uploads\/2025\/07\/Best-Freezer-Storage-Containers-Wholesaler-3.webp\" alt=\"El mejor mayorista de recipientes para congelar (3)\" class=\"wp-image-748\" srcset=\"https:\/\/www.xhplasticlife.com\/wp-content\/uploads\/2025\/07\/Best-Freezer-Storage-Containers-Wholesaler-3.webp 790w, https:\/\/www.xhplasticlife.com\/wp-content\/uploads\/2025\/07\/Best-Freezer-Storage-Containers-Wholesaler-3-249x300.webp 249w, https:\/\/www.xhplasticlife.com\/wp-content\/uploads\/2025\/07\/Best-Freezer-Storage-Containers-Wholesaler-3-768x924.webp 768w, https:\/\/www.xhplasticlife.com\/wp-content\/uploads\/2025\/07\/Best-Freezer-Storage-Containers-Wholesaler-3-600x722.webp 600w\" sizes=\"(max-width: 790px) 100vw, 790px\" \/><\/figure>\n<\/div>\n<\/div>","protected":false},"excerpt":{"rendered":"<p>Bienvenido a comprar los mejores contenedores de almacenamiento de congelador al por mayor. Como proveedor de confianza de contenedores de almacenamiento de alimentos, ofrecemos BPA-Free, apilables 6-pack de contenedores con tapas herm\u00e9ticas y caracter\u00edsticas de bloqueo seguro, ideal para almacenar alimentos congelados, preparaci\u00f3n de comidas y ensaladas. Duraderos, aptos para microondas y perfectos para uso dom\u00e9stico, en restaurantes o para llevar.<\/p>\n<h2>Par\u00e1metros al por mayor de recipientes para congelaci\u00f3n<\/h2>\n<p><strong>Modelo<\/strong>: BX1131-BX1136<br \/><strong>Marca<\/strong>: Xinghui<br \/><strong>Material<\/strong>: PP + PET<br \/><strong>Color<\/strong>: Blanco crema+Transparente<br \/><strong>Embalaje: <\/strong>Bolsa OPP<br \/><strong>OEM\/ODM<\/strong>: Disponible<br \/><strong>Opci\u00f3n personalizada<\/strong>: Color\/Tama\u00f1o\/Logotipo\/Embalaje<\/p>\n<h2>De contenedores de almacenamiento de alimentos Fabricante :<\/h2>\n<p>Fundada en 2000,<a href=\"https:\/\/www.xhplasticlife.com\/es\/\">\u00a0<strong>Xinghui<\/strong><\/a>\u00a0se especializa en la producci\u00f3n y venta al por mayor de fiambreras, recipientes para almacenar alimentos, art\u00edculos para bebidas, recipientes para almacenamiento dom\u00e9stico y otros productos de pl\u00e1stico de uso diario. Ofrecemos servicios integrales de OEM, ODM y comercio electr\u00f3nico a nuestros clientes.<\/p>","protected":false},"featured_media":750,"comment_status":"closed","ping_status":"closed","template":"","meta":{"_acf_changed":false},"product_brand":[],"product_cat":[18],"product_tag":[],"class_list":{"0":"post-737","1":"product","2":"type-product","3":"status-publish","4":"has-post-thumbnail","6":"product_cat-bulk-food-storage-container","8":"first","9":"instock","10":"shipping-taxable","11":"product-type-simple"},"acf":[],"_links":{"self":[{"href":"https:\/\/www.xhplasticlife.com\/es\/wp-json\/wp\/v2\/product\/737","targetHints":{"allow":["GET"]}}],"collection":[{"href":"https:\/\/www.xhplasticlife.com\/es\/wp-json\/wp\/v2\/product"}],"about":[{"href":"https:\/\/www.xhplasticlife.com\/es\/wp-json\/wp\/v2\/types\/product"}],"replies":[{"embeddable":true,"href":"https:\/\/www.xhplasticlife.com\/es\/wp-json\/wp\/v2\/comments?post=737"}],"wp:featuredmedia":[{"embeddable":true,"href":"https:\/\/www.xhplasticlife.com\/es\/wp-json\/wp\/v2\/media\/750"}],"wp:attachment":[{"href":"https:\/\/www.xhplasticlife.com\/es\/wp-json\/wp\/v2\/media?parent=737"}],"wp:term":[{"taxonomy":"product_brand","embeddable":true,"href":"https:\/\/www.xhplasticlife.com\/es\/wp-json\/wp\/v2\/product_brand?post=737"},{"taxonomy":"product_cat","embeddable":true,"href":"https:\/\/www.xhplasticlife.com\/es\/wp-json\/wp\/v2\/product_cat?post=737"},{"taxonomy":"product_tag","embeddable":true,"href":"https:\/\/www.xhplasticlife.com\/es\/wp-json\/wp\/v2\/product_tag?post=737"}],"curies":[{"name":"wp","href":"https:\/\/api.w.org\/{rel}","templated":true}]}}