{"id":729,"date":"2025-07-24T08:29:36","date_gmt":"2025-07-24T08:29:36","guid":{"rendered":"https:\/\/www.xhplasticlife.com\/?post_type=product&#038;p=729"},"modified":"2025-07-24T08:29:37","modified_gmt":"2025-07-24T08:29:37","slug":"custom-food-storage-container","status":"publish","type":"product","link":"https:\/\/www.xhplasticlife.com\/es\/producto\/custom-food-storage-container\/","title":{"rendered":"Envase de comida personalizado con cierre a presi\u00f3n, caja herm\u00e9tica para ensaladas Bento Meal Prep"},"content":{"rendered":"<div class=\"wp-block-columns is-layout-flex wp-container-core-columns-is-layout-9d6595d7 wp-block-columns-is-layout-flex\">\n<div class=\"wp-block-column is-layout-flow wp-block-column-is-layout-flow\">\n<h2 class=\"wp-block-heading\">Recipiente de almacenamiento de alimentos personalizado Caracter\u00edsticas:<\/h2>\n\n\n\n<ul class=\"wp-block-list\">\n<li><strong>Dise\u00f1o personalizado<\/strong>admite el logotipo y el tama\u00f1o personalizados para satisfacer las necesidades personalizadas de diferentes marcas, y es una opci\u00f3n ideal para el contenedor de almacenamiento de alimentos personalizado.<\/li>\n\n\n\n<li><strong>Precinto de seguridad<\/strong>: El dise\u00f1o de cierre a presi\u00f3n asegura un buen sellado y evita eficazmente las fugas, adecuado para una variedad de situaciones de cajas de ensalada bento de preparaci\u00f3n de comidas.<\/li>\n\n\n\n<li><strong>Para microondas<\/strong>: Fabricado con materiales de calidad alimentaria, resistente a altas temperaturas, se puede calentar directamente en el microondas, c\u00f3modo y r\u00e1pido, lo que refleja la practicidad del recipiente de almacenamiento de alimentos personalizado.<\/li>\n\n\n\n<li><strong>Almacenamiento en compartimentos<\/strong>Dise\u00f1o multi-compartimento, f\u00e1cil de empacar ensaladas, bento o alimentos b\u00e1sicos, mejorar la eficiencia de la preparaci\u00f3n de comidas bento caja de ensalada proveedor de productos.<\/li>\n\n\n\n<li><strong>Material respetuoso con el medio ambiente<\/strong>: utilizando pl\u00e1stico libre de BPA, sano e inodoro, adecuado para el hogar, la oficina o el uso port\u00e1til al aire libre.<\/li>\n<\/ul>\n<\/div>\n\n\n\n<div class=\"wp-block-column is-layout-flow wp-block-column-is-layout-flow\">\n<figure class=\"wp-block-image size-full\"><img decoding=\"async\" width=\"720\" height=\"720\" src=\"https:\/\/www.xhplasticlife.com\/wp-content\/uploads\/2025\/07\/Custom-Food-Storage-Container-Supplier-2.webp\" alt=\"Proveedor de recipientes a medida para alimentos (2)\" class=\"wp-image-732\" srcset=\"https:\/\/www.xhplasticlife.com\/wp-content\/uploads\/2025\/07\/Custom-Food-Storage-Container-Supplier-2.webp 720w, https:\/\/www.xhplasticlife.com\/wp-content\/uploads\/2025\/07\/Custom-Food-Storage-Container-Supplier-2-300x300.webp 300w, https:\/\/www.xhplasticlife.com\/wp-content\/uploads\/2025\/07\/Custom-Food-Storage-Container-Supplier-2-150x150.webp 150w, https:\/\/www.xhplasticlife.com\/wp-content\/uploads\/2025\/07\/Custom-Food-Storage-Container-Supplier-2-600x600.webp 600w, https:\/\/www.xhplasticlife.com\/wp-content\/uploads\/2025\/07\/Custom-Food-Storage-Container-Supplier-2-100x100.webp 100w\" sizes=\"(max-width: 720px) 100vw, 720px\" \/><\/figure>\n<\/div>\n<\/div>\n\n\n\n<h2 class=\"wp-block-heading\">Mayorista de Envases de Almacenamiento de Alimentos Tama\u00f1o:<\/h2>\n\n\n\n<figure class=\"wp-block-table is-style-stripes\"><table class=\"has-fixed-layout\"><tbody><tr><td>Modelo<\/td><td>Capacidad<\/td><td>N.W.\/PCS<\/td><td>G.W.\/Caso<\/td><td>Cantidad por caja<\/td><td>Tama\u00f1o de la caja exterior<\/td><\/tr><tr><td>BX1047<\/td><td>400ML<\/td><td>3,6 kg<\/td><td>72G<\/td><td>160 unidades<\/td><td>55,5x40x56cm<\/td><\/tr><tr><td>BX1048<\/td><td>800ML<\/td><td>11,8 kg<\/td><td>100G<\/td><td>96 unidades<\/td><td>51\u00d748,5\u00d751,5 cm<\/td><\/tr><tr><td>BX1049<\/td><td>1400ML<\/td><td>12,9 kg<\/td><td>154KG<\/td><td>72 piezas<\/td><td>60x45x57cm<\/td><\/tr><\/tbody><\/table><\/figure>\n\n\n\n<figure class=\"wp-block-image size-full\"><img decoding=\"async\" width=\"750\" height=\"266\" src=\"https:\/\/www.xhplasticlife.com\/wp-content\/uploads\/2025\/07\/Custom-Food-Storage-Container-Sizes.webp\" alt=\"Tama\u00f1os personalizados de recipientes para alimentos\" class=\"wp-image-730\" srcset=\"https:\/\/www.xhplasticlife.com\/wp-content\/uploads\/2025\/07\/Custom-Food-Storage-Container-Sizes.webp 750w, https:\/\/www.xhplasticlife.com\/wp-content\/uploads\/2025\/07\/Custom-Food-Storage-Container-Sizes-300x106.webp 300w, https:\/\/www.xhplasticlife.com\/wp-content\/uploads\/2025\/07\/Custom-Food-Storage-Container-Sizes-600x213.webp 600w\" sizes=\"(max-width: 750px) 100vw, 750px\" \/><\/figure>\n\n\n\n<figure class=\"wp-block-image size-full\"><img decoding=\"async\" width=\"800\" height=\"421\" src=\"https:\/\/www.xhplasticlife.com\/wp-content\/uploads\/2025\/07\/Custom-Food-Storage-Container-Supplier.webp\" alt=\"Proveedor de envases personalizados para alimentos\" class=\"wp-image-735\" srcset=\"https:\/\/www.xhplasticlife.com\/wp-content\/uploads\/2025\/07\/Custom-Food-Storage-Container-Supplier.webp 800w, https:\/\/www.xhplasticlife.com\/wp-content\/uploads\/2025\/07\/Custom-Food-Storage-Container-Supplier-300x158.webp 300w, https:\/\/www.xhplasticlife.com\/wp-content\/uploads\/2025\/07\/Custom-Food-Storage-Container-Supplier-768x404.webp 768w, https:\/\/www.xhplasticlife.com\/wp-content\/uploads\/2025\/07\/Custom-Food-Storage-Container-Supplier-600x316.webp 600w\" sizes=\"(max-width: 800px) 100vw, 800px\" \/><\/figure>","protected":false},"excerpt":{"rendered":"<p>Bienvenido a nuestra compra de contenedores de almacenamiento de alimentos personalizados. Como proveedor de cajas de ensalada bento para preparaci\u00f3n de comidas, ofrecemos recipientes sin BPA, aptos para microondas, con tapas herm\u00e9ticas de cierre a presi\u00f3n y un dise\u00f1o de varios compartimentos. Ideales para almuerzos, ensaladas o comidas preparadas. Perfectos para comer al por menor, en la oficina y en servicios de comida para llevar.<\/p>\n<h2>Par\u00e1metros de los contenedores de alimentos personalizados<\/h2>\n<p><strong>Modelo<\/strong>: BX1047-BX1049<br \/>\n<strong>Marca<\/strong>: Xinghui<br \/>\n<strong>Material<\/strong>: PP+Silicona<br \/>\n<strong>Color<\/strong>: Negro, Rojo y Caqui\/Transparente<br \/>\n<strong>OEM\/ODM<\/strong>: Disponible<br \/>\n<strong>Opci\u00f3n personalizada<\/strong>: Color\/Tama\u00f1o\/Logotipo\/Embalaje<\/p>\n<h2>De Daily Plasticware Fabricante :<\/h2>\n<p>Fundada en 2000,\u00a0<strong>Xinghui<\/strong>\u00a0se especializa en la producci\u00f3n y venta al por mayor de fiambreras, recipientes para almacenar alimentos, art\u00edculos para bebidas, recipientes para almacenamiento dom\u00e9stico y otros productos de pl\u00e1stico de uso diario. Ofrecemos servicios integrales de OEM, ODM y comercio electr\u00f3nico a nuestros clientes.<\/p>","protected":false},"featured_media":734,"comment_status":"closed","ping_status":"closed","template":"","meta":{"_acf_changed":false},"product_brand":[],"product_cat":[18],"product_tag":[],"class_list":{"0":"post-729","1":"product","2":"type-product","3":"status-publish","4":"has-post-thumbnail","6":"product_cat-bulk-food-storage-container","8":"first","9":"instock","10":"shipping-taxable","11":"product-type-simple"},"acf":[],"_links":{"self":[{"href":"https:\/\/www.xhplasticlife.com\/es\/wp-json\/wp\/v2\/product\/729","targetHints":{"allow":["GET"]}}],"collection":[{"href":"https:\/\/www.xhplasticlife.com\/es\/wp-json\/wp\/v2\/product"}],"about":[{"href":"https:\/\/www.xhplasticlife.com\/es\/wp-json\/wp\/v2\/types\/product"}],"replies":[{"embeddable":true,"href":"https:\/\/www.xhplasticlife.com\/es\/wp-json\/wp\/v2\/comments?post=729"}],"wp:featuredmedia":[{"embeddable":true,"href":"https:\/\/www.xhplasticlife.com\/es\/wp-json\/wp\/v2\/media\/734"}],"wp:attachment":[{"href":"https:\/\/www.xhplasticlife.com\/es\/wp-json\/wp\/v2\/media?parent=729"}],"wp:term":[{"taxonomy":"product_brand","embeddable":true,"href":"https:\/\/www.xhplasticlife.com\/es\/wp-json\/wp\/v2\/product_brand?post=729"},{"taxonomy":"product_cat","embeddable":true,"href":"https:\/\/www.xhplasticlife.com\/es\/wp-json\/wp\/v2\/product_cat?post=729"},{"taxonomy":"product_tag","embeddable":true,"href":"https:\/\/www.xhplasticlife.com\/es\/wp-json\/wp\/v2\/product_tag?post=729"}],"curies":[{"name":"wp","href":"https:\/\/api.w.org\/{rel}","templated":true}]}}