{"id":719,"date":"2025-07-24T07:45:38","date_gmt":"2025-07-24T07:45:38","guid":{"rendered":"https:\/\/www.xhplasticlife.com\/?post_type=product&#038;p=719"},"modified":"2025-07-24T07:45:39","modified_gmt":"2025-07-24T07:45:39","slug":"round-food-storage-containers-set-bulk","status":"publish","type":"product","link":"https:\/\/www.xhplasticlife.com\/es\/producto\/round-food-storage-containers-set-bulk\/","title":{"rendered":"Granel Redondo Recipientes de Almacenamiento de Alimentos Set de pl\u00e1stico herm\u00e9tico grano tarro de cereales Proveedor"},"content":{"rendered":"<div class=\"wp-block-columns is-layout-flex wp-container-core-columns-is-layout-9d6595d7 wp-block-columns-is-layout-flex\">\n<div class=\"wp-block-column is-layout-flow wp-block-column-is-layout-flow\">\n<h2 class=\"wp-block-heading\">Juego de recipientes redondos para almacenar alimentos a granel Caracter\u00edsticas:<\/h2>\n\n\n\n<ul class=\"wp-block-list\">\n<li><strong>Dise\u00f1o redondo de gran capacidad<\/strong>Estructura de barril redondo, gran capacidad de almacenamiento, adecuado para granos, avena, frutos secos, etc., es un producto ideal como contenedor redondo de almacenamiento de alimentos a granel.<\/li>\n\n\n\n<li><strong>Tapa de cierre herm\u00e9tico<\/strong>equipado con una tapa herm\u00e9tica, que a\u00edsla eficazmente el aire y la humedad, prolonga la vida \u00fatil de los ingredientes alimentarios y es un producto recomendado por los proveedores profesionales de recipientes herm\u00e9ticos para alimentos.<\/li>\n\n\n\n<li><strong>Cuerpo de caja transparente para facilitar la identificaci\u00f3n<\/strong>Dise\u00f1o de pl\u00e1stico transparente, c\u00f3modo para comprobar la cantidad restante, pr\u00e1ctico para la reposici\u00f3n diaria y la gesti\u00f3n de la clasificaci\u00f3n.<\/li>\n\n\n\n<li><strong>Apilable para ahorrar espacio<\/strong>Dise\u00f1o plano, puede apilarse de forma estable, adecuado para cocinas, cocinas de catering, expositores minoristas y otros escenarios.<\/li>\n\n\n\n<li><strong>Material alimentario<\/strong>Material PP de alta calidad, sin BPA, seguro e inodoro, conforme a las normas de contacto con alimentos.<\/li>\n\n\n\n<li><strong>Apoyo a la venta al por mayor personalizada<\/strong>Como proveedor profesional de recipientes herm\u00e9ticos para alimentos, podemos ofrecer personalizaci\u00f3n OEM para satisfacer las necesidades de adquisici\u00f3n de diversos conjuntos de recipientes redondos a granel para el almacenamiento de alimentos.<\/li>\n<\/ul>\n<\/div>\n\n\n\n<div class=\"wp-block-column is-layout-flow wp-block-column-is-layout-flow\">\n<figure class=\"wp-block-image size-full\"><img decoding=\"async\" width=\"838\" height=\"838\" src=\"https:\/\/www.xhplasticlife.com\/wp-content\/uploads\/2025\/07\/Bulk-Round-Food-Storage-Containers-Set-1_1.webp\" alt=\"Juego de recipientes redondos para alimentos a granel (1)_1\" class=\"wp-image-721\" srcset=\"https:\/\/www.xhplasticlife.com\/wp-content\/uploads\/2025\/07\/Bulk-Round-Food-Storage-Containers-Set-1_1.webp 838w, https:\/\/www.xhplasticlife.com\/wp-content\/uploads\/2025\/07\/Bulk-Round-Food-Storage-Containers-Set-1_1-300x300.webp 300w, https:\/\/www.xhplasticlife.com\/wp-content\/uploads\/2025\/07\/Bulk-Round-Food-Storage-Containers-Set-1_1-150x150.webp 150w, https:\/\/www.xhplasticlife.com\/wp-content\/uploads\/2025\/07\/Bulk-Round-Food-Storage-Containers-Set-1_1-768x768.webp 768w, https:\/\/www.xhplasticlife.com\/wp-content\/uploads\/2025\/07\/Bulk-Round-Food-Storage-Containers-Set-1_1-600x600.webp 600w, https:\/\/www.xhplasticlife.com\/wp-content\/uploads\/2025\/07\/Bulk-Round-Food-Storage-Containers-Set-1_1-100x100.webp 100w\" sizes=\"(max-width: 838px) 100vw, 838px\" \/><\/figure>\n<\/div>\n<\/div>\n\n\n\n<div class=\"wp-block-columns is-layout-flex wp-container-core-columns-is-layout-9d6595d7 wp-block-columns-is-layout-flex\">\n<div class=\"wp-block-column is-layout-flow wp-block-column-is-layout-flow\">\n<figure class=\"wp-block-image size-full\"><img decoding=\"async\" width=\"800\" height=\"800\" src=\"https:\/\/www.xhplasticlife.com\/wp-content\/uploads\/2025\/07\/Bulk-Round-Food-Storage-Containers-Set-1.webp\" alt=\"Juego de recipientes redondos para alimentos a granel (1)\" class=\"wp-image-720\" srcset=\"https:\/\/www.xhplasticlife.com\/wp-content\/uploads\/2025\/07\/Bulk-Round-Food-Storage-Containers-Set-1.webp 800w, https:\/\/www.xhplasticlife.com\/wp-content\/uploads\/2025\/07\/Bulk-Round-Food-Storage-Containers-Set-1-300x300.webp 300w, https:\/\/www.xhplasticlife.com\/wp-content\/uploads\/2025\/07\/Bulk-Round-Food-Storage-Containers-Set-1-150x150.webp 150w, https:\/\/www.xhplasticlife.com\/wp-content\/uploads\/2025\/07\/Bulk-Round-Food-Storage-Containers-Set-1-768x768.webp 768w, https:\/\/www.xhplasticlife.com\/wp-content\/uploads\/2025\/07\/Bulk-Round-Food-Storage-Containers-Set-1-600x600.webp 600w, https:\/\/www.xhplasticlife.com\/wp-content\/uploads\/2025\/07\/Bulk-Round-Food-Storage-Containers-Set-1-100x100.webp 100w\" sizes=\"(max-width: 800px) 100vw, 800px\" \/><\/figure>\n<\/div>\n\n\n\n<div class=\"wp-block-column is-layout-flow wp-block-column-is-layout-flow\">\n<figure class=\"wp-block-image size-full\"><img decoding=\"async\" width=\"800\" height=\"800\" src=\"https:\/\/www.xhplasticlife.com\/wp-content\/uploads\/2025\/07\/Bulk-Round-Food-Storage-Containers-Set-2.webp\" alt=\"Juego de recipientes redondos para alimentos a granel (2)\" class=\"wp-image-722\" srcset=\"https:\/\/www.xhplasticlife.com\/wp-content\/uploads\/2025\/07\/Bulk-Round-Food-Storage-Containers-Set-2.webp 800w, https:\/\/www.xhplasticlife.com\/wp-content\/uploads\/2025\/07\/Bulk-Round-Food-Storage-Containers-Set-2-300x300.webp 300w, https:\/\/www.xhplasticlife.com\/wp-content\/uploads\/2025\/07\/Bulk-Round-Food-Storage-Containers-Set-2-150x150.webp 150w, https:\/\/www.xhplasticlife.com\/wp-content\/uploads\/2025\/07\/Bulk-Round-Food-Storage-Containers-Set-2-768x768.webp 768w, https:\/\/www.xhplasticlife.com\/wp-content\/uploads\/2025\/07\/Bulk-Round-Food-Storage-Containers-Set-2-600x600.webp 600w, https:\/\/www.xhplasticlife.com\/wp-content\/uploads\/2025\/07\/Bulk-Round-Food-Storage-Containers-Set-2-100x100.webp 100w\" sizes=\"(max-width: 800px) 100vw, 800px\" \/><\/figure>\n<\/div>\n\n\n\n<div class=\"wp-block-column is-layout-flow wp-block-column-is-layout-flow\">\n<figure class=\"wp-block-image size-full\"><img decoding=\"async\" width=\"800\" height=\"800\" src=\"https:\/\/www.xhplasticlife.com\/wp-content\/uploads\/2025\/07\/Bulk-Round-Food-Storage-Containers-Set-3.webp\" alt=\"Juego de recipientes redondos a granel para alimentos (3)\" class=\"wp-image-723\" srcset=\"https:\/\/www.xhplasticlife.com\/wp-content\/uploads\/2025\/07\/Bulk-Round-Food-Storage-Containers-Set-3.webp 800w, https:\/\/www.xhplasticlife.com\/wp-content\/uploads\/2025\/07\/Bulk-Round-Food-Storage-Containers-Set-3-300x300.webp 300w, https:\/\/www.xhplasticlife.com\/wp-content\/uploads\/2025\/07\/Bulk-Round-Food-Storage-Containers-Set-3-150x150.webp 150w, https:\/\/www.xhplasticlife.com\/wp-content\/uploads\/2025\/07\/Bulk-Round-Food-Storage-Containers-Set-3-768x768.webp 768w, https:\/\/www.xhplasticlife.com\/wp-content\/uploads\/2025\/07\/Bulk-Round-Food-Storage-Containers-Set-3-600x600.webp 600w, https:\/\/www.xhplasticlife.com\/wp-content\/uploads\/2025\/07\/Bulk-Round-Food-Storage-Containers-Set-3-100x100.webp 100w\" sizes=\"(max-width: 800px) 100vw, 800px\" \/><\/figure>\n<\/div>\n<\/div>","protected":false},"excerpt":{"rendered":"<p data-start=\"911\" data-end=\"1210\">Bienvenido a comprar envases redondos para alimentos a granel. Como proveedor de recipientes herm\u00e9ticos para alimentos, ofrecemos tarros de pl\u00e1stico para cereales sin BPA con tapas herm\u00e9ticas, ideales para almacenar cereales, frutos secos y productos esenciales de despensa. Apilables, ahorran espacio y son seguros para los alimentos, perfectos para uso dom\u00e9stico, comercial o minorista.<\/p>\n<h2>Juego de recipientes redondos para alimentos Par\u00e1metros<\/h2>\n<p><strong>Modelo<\/strong>: BX1052<br \/>\n<strong>Marca<\/strong>: Xinghui<br \/>\n<strong>Material<\/strong>: PP+Silicona<br \/>\n<strong>Color<\/strong>: Negro, Rojo y Caqui\/Transparente<br \/>\n<strong>Peso bruto<\/strong>: 16,2 kg<br \/>\n<strong>Gramaje<\/strong>: 298G<br \/>\n<strong>Tama\u00f1o de la caja<\/strong>: 68x36x56,5cm<br \/>\n<strong>Embalaje<\/strong>: 48 piezas<br \/>\n<strong>OEM\/ODM<\/strong>: Disponible<br \/>\n<strong>Opci\u00f3n personalizada<\/strong>: Color\/Tama\u00f1o\/Logotipo\/Embalaje<\/p>\n<h2>De Daily Plasticware Fabricante :<\/h2>\n<p>Fundada en 2000,\u00a0<strong>Xinghui<\/strong>\u00a0se especializa en la producci\u00f3n y venta al por mayor de fiambreras, recipientes para almacenar alimentos, art\u00edculos para bebidas, recipientes para almacenamiento dom\u00e9stico y otros productos de pl\u00e1stico de uso diario. Ofrecemos servicios integrales de OEM, ODM y comercio electr\u00f3nico a nuestros clientes.<\/p>","protected":false},"featured_media":721,"comment_status":"closed","ping_status":"closed","template":"","meta":{"_acf_changed":false},"product_brand":[],"product_cat":[18],"product_tag":[],"class_list":{"0":"post-719","1":"product","2":"type-product","3":"status-publish","4":"has-post-thumbnail","6":"product_cat-bulk-food-storage-container","8":"first","9":"instock","10":"shipping-taxable","11":"product-type-simple"},"acf":[],"_links":{"self":[{"href":"https:\/\/www.xhplasticlife.com\/es\/wp-json\/wp\/v2\/product\/719","targetHints":{"allow":["GET"]}}],"collection":[{"href":"https:\/\/www.xhplasticlife.com\/es\/wp-json\/wp\/v2\/product"}],"about":[{"href":"https:\/\/www.xhplasticlife.com\/es\/wp-json\/wp\/v2\/types\/product"}],"replies":[{"embeddable":true,"href":"https:\/\/www.xhplasticlife.com\/es\/wp-json\/wp\/v2\/comments?post=719"}],"wp:featuredmedia":[{"embeddable":true,"href":"https:\/\/www.xhplasticlife.com\/es\/wp-json\/wp\/v2\/media\/721"}],"wp:attachment":[{"href":"https:\/\/www.xhplasticlife.com\/es\/wp-json\/wp\/v2\/media?parent=719"}],"wp:term":[{"taxonomy":"product_brand","embeddable":true,"href":"https:\/\/www.xhplasticlife.com\/es\/wp-json\/wp\/v2\/product_brand?post=719"},{"taxonomy":"product_cat","embeddable":true,"href":"https:\/\/www.xhplasticlife.com\/es\/wp-json\/wp\/v2\/product_cat?post=719"},{"taxonomy":"product_tag","embeddable":true,"href":"https:\/\/www.xhplasticlife.com\/es\/wp-json\/wp\/v2\/product_tag?post=719"}],"curies":[{"name":"wp","href":"https:\/\/api.w.org\/{rel}","templated":true}]}}