{"id":680,"date":"2025-07-23T18:50:52","date_gmt":"2025-07-23T18:50:52","guid":{"rendered":"https:\/\/www.xhplasticlife.com\/?post_type=product&#038;p=680"},"modified":"2025-07-23T18:51:03","modified_gmt":"2025-07-23T18:51:03","slug":"large-food-storage-containers-bulk","status":"publish","type":"product","link":"https:\/\/www.xhplasticlife.com\/es\/producto\/large-food-storage-containers-bulk\/","title":{"rendered":"Grandes contenedores de almacenamiento de alimentos a granel de pl\u00e1stico redondo herm\u00e9tico contenedor de alimentos al por mayor"},"content":{"rendered":"<div class=\"wp-block-columns is-layout-flex wp-container-core-columns-is-layout-9d6595d7 wp-block-columns-is-layout-flex\">\n<div class=\"wp-block-column is-layout-flow wp-block-column-is-layout-flow\">\n<h2 class=\"wp-block-heading\">Grandes contenedores de almacenamiento de alimentos Caracter\u00edsticas:<\/h2>\n\n\n\n<ul class=\"wp-block-list\">\n<li><strong>Dise\u00f1o de gran capacidad<\/strong>Estructura de capacidad extra grande, adecuada para almacenar cereales, frutos secos, harina, comida para mascotas, etc., es la soluci\u00f3n ideal de contenedor GRANDE para almacenar alimentos a granel.<\/li>\n\n\n\n<li><strong>Sellado y a prueba de humedad<\/strong>Con un dise\u00f1o de tapa herm\u00e9tica, a\u00edsla eficazmente el aire y la humedad para proteger la frescura de los ingredientes, es un producto de venta al por mayor de envases herm\u00e9ticos para alimentos.<\/li>\n\n\n\n<li><strong>Forma redonda, c\u00f3modo apilamiento<\/strong>dise\u00f1o de bote redondo, se pueden apilar unos sobre otros, ahorrando espacio en la cocina y almacenamiento, conveniente para la categorizaci\u00f3n y el almacenamiento.<\/li>\n\n\n\n<li><strong>Escenario polivalente<\/strong>Adecuado para una gran variedad de necesidades de almacenamiento en la cocina, despensa de alimentos, tiendas minoristas, etc., cumple los requisitos de almacenamiento de alimentos dom\u00e9sticos y comerciales.<\/li>\n\n\n\n<li><strong>Material PP ecol\u00f3gico<\/strong>Fabricado en pl\u00e1stico PP de calidad alimentaria, no t\u00f3xico e inodoro, resistente y duradero, cumple las normas de seguridad para el contacto con alimentos.<\/li>\n\n\n\n<li><strong>Admitir compras masivas<\/strong>Envase herm\u00e9tico para alimentos: como mayorista profesional de envases herm\u00e9ticos para alimentos, ofrecemos un servicio personalizado de OEM para satisfacer la demanda de pedidos a granel de grandes vol\u00famenes de envases herm\u00e9ticos para alimentos.<\/li>\n<\/ul>\n<\/div>\n\n\n\n<div class=\"wp-block-column is-layout-flow wp-block-column-is-layout-flow\">\n<figure class=\"wp-block-image size-full\"><img decoding=\"async\" width=\"750\" height=\"780\" src=\"https:\/\/www.xhplasticlife.com\/wp-content\/uploads\/2025\/07\/Large-Food-Storage-Containers-Bulk-1.webp\" alt=\"Recipientes grandes para alimentos a granel (1)\" class=\"wp-image-704\" srcset=\"https:\/\/www.xhplasticlife.com\/wp-content\/uploads\/2025\/07\/Large-Food-Storage-Containers-Bulk-1.webp 750w, https:\/\/www.xhplasticlife.com\/wp-content\/uploads\/2025\/07\/Large-Food-Storage-Containers-Bulk-1-288x300.webp 288w, https:\/\/www.xhplasticlife.com\/wp-content\/uploads\/2025\/07\/Large-Food-Storage-Containers-Bulk-1-600x624.webp 600w\" sizes=\"(max-width: 750px) 100vw, 750px\" \/><\/figure>\n<\/div>\n<\/div>\n\n\n\n<h2 class=\"wp-block-heading\">Recipientes grandes para almacenar alimentos a granel Tama\u00f1o:<\/h2>\n\n\n\n<figure class=\"wp-block-table is-style-stripes\"><table class=\"has-fixed-layout\"><tbody><tr><td>Modelo<\/td><td>Capacidad<\/td><td>N.W.\/PCS<\/td><td>G.W.\/Caso<\/td><td>Cantidad por caja<\/td><td>Tama\u00f1o de la caja exterior<\/td><\/tr><tr><td>BX1044<\/td><td>130ML<\/td><td>12,8 kg<\/td><td>100G<\/td><td>100 unidades<\/td><td>57x48x82cm<\/td><\/tr><tr><td>BX1045<\/td><td>2100ML<\/td><td>9,9 kg<\/td><td>134G<\/td><td>60 unidades<\/td><td>72x43x70cm<\/td><\/tr><tr><td>BX1046<\/td><td>3100ML<\/td><td>11 kg<\/td><td>190G<\/td><td>48 unidades<\/td><td>70X52X74cm<\/td><\/tr><\/tbody><\/table><\/figure>\n\n\n\n<div class=\"wp-block-columns is-layout-flex wp-container-core-columns-is-layout-9d6595d7 wp-block-columns-is-layout-flex\">\n<div class=\"wp-block-column is-layout-flow wp-block-column-is-layout-flow\">\n<figure class=\"wp-block-image size-full\"><img decoding=\"async\" width=\"800\" height=\"800\" src=\"https:\/\/www.xhplasticlife.com\/wp-content\/uploads\/2025\/07\/1300ml-Large-Food-Storage-Containers-Bulk-BX1044-1.webp\" alt=\"Recipientes grandes para alimentos de 1300 ml a granel-BX1044 (1)\" class=\"wp-image-695\" srcset=\"https:\/\/www.xhplasticlife.com\/wp-content\/uploads\/2025\/07\/1300ml-Large-Food-Storage-Containers-Bulk-BX1044-1.webp 800w, https:\/\/www.xhplasticlife.com\/wp-content\/uploads\/2025\/07\/1300ml-Large-Food-Storage-Containers-Bulk-BX1044-1-300x300.webp 300w, https:\/\/www.xhplasticlife.com\/wp-content\/uploads\/2025\/07\/1300ml-Large-Food-Storage-Containers-Bulk-BX1044-1-150x150.webp 150w, https:\/\/www.xhplasticlife.com\/wp-content\/uploads\/2025\/07\/1300ml-Large-Food-Storage-Containers-Bulk-BX1044-1-768x768.webp 768w, https:\/\/www.xhplasticlife.com\/wp-content\/uploads\/2025\/07\/1300ml-Large-Food-Storage-Containers-Bulk-BX1044-1-600x600.webp 600w, https:\/\/www.xhplasticlife.com\/wp-content\/uploads\/2025\/07\/1300ml-Large-Food-Storage-Containers-Bulk-BX1044-1-100x100.webp 100w\" sizes=\"(max-width: 800px) 100vw, 800px\" \/><\/figure>\n<\/div>\n\n\n\n<div class=\"wp-block-column is-layout-flow wp-block-column-is-layout-flow\">\n<figure class=\"wp-block-image size-full\"><img decoding=\"async\" width=\"800\" height=\"800\" src=\"https:\/\/www.xhplasticlife.com\/wp-content\/uploads\/2025\/07\/2100ml-Large-Food-Storage-Containers-Bulk-BX1045.webp\" alt=\"\" class=\"wp-image-700\" srcset=\"https:\/\/www.xhplasticlife.com\/wp-content\/uploads\/2025\/07\/2100ml-Large-Food-Storage-Containers-Bulk-BX1045.webp 800w, https:\/\/www.xhplasticlife.com\/wp-content\/uploads\/2025\/07\/2100ml-Large-Food-Storage-Containers-Bulk-BX1045-300x300.webp 300w, https:\/\/www.xhplasticlife.com\/wp-content\/uploads\/2025\/07\/2100ml-Large-Food-Storage-Containers-Bulk-BX1045-150x150.webp 150w, https:\/\/www.xhplasticlife.com\/wp-content\/uploads\/2025\/07\/2100ml-Large-Food-Storage-Containers-Bulk-BX1045-768x768.webp 768w, https:\/\/www.xhplasticlife.com\/wp-content\/uploads\/2025\/07\/2100ml-Large-Food-Storage-Containers-Bulk-BX1045-600x600.webp 600w, https:\/\/www.xhplasticlife.com\/wp-content\/uploads\/2025\/07\/2100ml-Large-Food-Storage-Containers-Bulk-BX1045-100x100.webp 100w\" sizes=\"(max-width: 800px) 100vw, 800px\" \/><\/figure>\n<\/div>\n\n\n\n<div class=\"wp-block-column is-layout-flow wp-block-column-is-layout-flow\">\n<figure class=\"wp-block-image size-full\"><img decoding=\"async\" width=\"800\" height=\"800\" src=\"https:\/\/www.xhplasticlife.com\/wp-content\/uploads\/2025\/07\/3100ml-Large-Food-Storage-Containers-Bulk-BX1046.webp\" alt=\"\" class=\"wp-image-703\" srcset=\"https:\/\/www.xhplasticlife.com\/wp-content\/uploads\/2025\/07\/3100ml-Large-Food-Storage-Containers-Bulk-BX1046.webp 800w, https:\/\/www.xhplasticlife.com\/wp-content\/uploads\/2025\/07\/3100ml-Large-Food-Storage-Containers-Bulk-BX1046-300x300.webp 300w, https:\/\/www.xhplasticlife.com\/wp-content\/uploads\/2025\/07\/3100ml-Large-Food-Storage-Containers-Bulk-BX1046-150x150.webp 150w, https:\/\/www.xhplasticlife.com\/wp-content\/uploads\/2025\/07\/3100ml-Large-Food-Storage-Containers-Bulk-BX1046-768x768.webp 768w, https:\/\/www.xhplasticlife.com\/wp-content\/uploads\/2025\/07\/3100ml-Large-Food-Storage-Containers-Bulk-BX1046-600x600.webp 600w, https:\/\/www.xhplasticlife.com\/wp-content\/uploads\/2025\/07\/3100ml-Large-Food-Storage-Containers-Bulk-BX1046-100x100.webp 100w\" sizes=\"(max-width: 800px) 100vw, 800px\" \/><\/figure>\n<\/div>\n<\/div>","protected":false},"excerpt":{"rendered":"<p>Bienvenido a comprar grandes contenedores de almacenamiento de alimentos a granel. Como mayorista de recipientes herm\u00e9ticos para alimentos, ofrecemos tarros de pl\u00e1stico sin BPA con tapas seguras, ideales para almacenar cereales, granos, frutos secos y art\u00edculos de despensa. Apilables, ahorran espacio y son duraderos, perfectos para la cocina, el comercio minorista o el almacenamiento comercial a granel.<\/p>\n<h2>Par\u00e1metros de los recipientes grandes para alimentos<\/h2>\n<p><strong>Modelo<\/strong>: BX1044-BX1046<br \/><strong>Marca<\/strong>: Xinghui<br \/><strong>Material<\/strong>: PP+Silicona<br \/><strong>Color<\/strong>: Negro, Rojo y Caqui\/Transparente<br \/><strong>OEM\/ODM<\/strong>: Disponible<br \/><strong>Opci\u00f3n personalizada<\/strong>: Color\/Tama\u00f1o\/Logotipo\/Embalaje<\/p>\n<h2>De contenedores de almacenamiento de alimentos Fabricante :<\/h2>\n<p>Fundada en 2000,<a href=\"https:\/\/www.xhplasticlife.com\/es\/\">\u00a0<strong>Xinghui<\/strong><\/a>\u00a0se especializa en la producci\u00f3n y venta al por mayor de fiambreras, recipientes para almacenar alimentos, art\u00edculos para bebidas, recipientes para almacenamiento dom\u00e9stico y otros productos de pl\u00e1stico de uso diario. Ofrecemos servicios integrales de OEM, ODM y comercio electr\u00f3nico a nuestros clientes.<\/p>","protected":false},"featured_media":705,"comment_status":"closed","ping_status":"closed","template":"","meta":{"_acf_changed":false},"product_brand":[],"product_cat":[18],"product_tag":[],"class_list":{"0":"post-680","1":"product","2":"type-product","3":"status-publish","4":"has-post-thumbnail","6":"product_cat-bulk-food-storage-container","8":"first","9":"instock","10":"shipping-taxable","11":"product-type-simple"},"acf":[],"_links":{"self":[{"href":"https:\/\/www.xhplasticlife.com\/es\/wp-json\/wp\/v2\/product\/680","targetHints":{"allow":["GET"]}}],"collection":[{"href":"https:\/\/www.xhplasticlife.com\/es\/wp-json\/wp\/v2\/product"}],"about":[{"href":"https:\/\/www.xhplasticlife.com\/es\/wp-json\/wp\/v2\/types\/product"}],"replies":[{"embeddable":true,"href":"https:\/\/www.xhplasticlife.com\/es\/wp-json\/wp\/v2\/comments?post=680"}],"wp:featuredmedia":[{"embeddable":true,"href":"https:\/\/www.xhplasticlife.com\/es\/wp-json\/wp\/v2\/media\/705"}],"wp:attachment":[{"href":"https:\/\/www.xhplasticlife.com\/es\/wp-json\/wp\/v2\/media?parent=680"}],"wp:term":[{"taxonomy":"product_brand","embeddable":true,"href":"https:\/\/www.xhplasticlife.com\/es\/wp-json\/wp\/v2\/product_brand?post=680"},{"taxonomy":"product_cat","embeddable":true,"href":"https:\/\/www.xhplasticlife.com\/es\/wp-json\/wp\/v2\/product_cat?post=680"},{"taxonomy":"product_tag","embeddable":true,"href":"https:\/\/www.xhplasticlife.com\/es\/wp-json\/wp\/v2\/product_tag?post=680"}],"curies":[{"name":"wp","href":"https:\/\/api.w.org\/{rel}","templated":true}]}}