{"id":665,"date":"2025-07-23T18:12:55","date_gmt":"2025-07-23T18:12:55","guid":{"rendered":"https:\/\/www.xhplasticlife.com\/?post_type=product&#038;p=665"},"modified":"2025-07-23T18:44:01","modified_gmt":"2025-07-23T18:44:01","slug":"round-storage-containers-wholesale","status":"publish","type":"product","link":"https:\/\/www.xhplasticlife.com\/es\/producto\/round-storage-containers-wholesale\/","title":{"rendered":"Recipientes redondos de almacenamiento al por mayor Recipiente de alimentos de PP con cierre a presi\u00f3n"},"content":{"rendered":"<div class=\"wp-block-columns is-layout-flex wp-container-core-columns-is-layout-9d6595d7 wp-block-columns-is-layout-flex\">\n<div class=\"wp-block-column is-layout-flow wp-block-column-is-layout-flow\">\n<h2 class=\"wp-block-heading\">Recipientes de almacenamiento redondos al por mayor Caracter\u00edsticas:<\/h2>\n\n\n\n<ul class=\"wp-block-list\">\n<li><strong>Dise\u00f1o redondo Pr\u00e1ctico y port\u00e1til<\/strong>con estructura redonda, es adecuado para almacenar todo tipo de sopas, aperitivos, salsas, etc., es un producto de venta al por mayor de contenedores de almacenamiento redondos.<\/li>\n\n\n\n<li><strong>Material PP seguro<\/strong>: Hecho de pl\u00e1stico PP de calidad alimentaria, ligero y duradero, libre de BPA, adecuado para el uso m\u00faltiple diario, contenedor de alimentos PP a granel ideal con cierre a presi\u00f3n.<\/li>\n\n\n\n<li><strong>Tapa sellada y a prueba de fugas<\/strong>: Equipado con una tapa de cierre de cuatro lados, tiene un fuerte rendimiento de sellado y evita eficazmente las fugas, lo que es adecuado para almuerzos para llevar o picnics.<\/li>\n\n\n\n<li><strong>Calentamiento por microondas<\/strong>El recipiente se puede calentar directamente en el microondas, f\u00e1cil de usar, adecuado para la vida r\u00e1pida y las necesidades de preparaci\u00f3n de comidas.<\/li>\n\n\n\n<li><strong>Almacenamiento apilable<\/strong>: El dise\u00f1o apilable ahorra espacio, adecuado para la cocina, la refrigeraci\u00f3n comercial, la entrega de comida para llevar y otros escenarios m\u00faltiples.<\/li>\n\n\n\n<li><strong>Adecuado para la compra a granel<\/strong>Soporte de personalizaci\u00f3n OEM, suministro a largo plazo de envases redondos de almacenamiento al por mayor con envases de alimentos a granel de PP con cierre a presi\u00f3n, adecuados para la compra por parte de propietarios de marcas y distribuidores.<\/li>\n<\/ul>\n<\/div>\n\n\n\n<div class=\"wp-block-column is-layout-flow wp-block-column-is-layout-flow\">\n<figure class=\"wp-block-image size-full\"><img decoding=\"async\" width=\"720\" height=\"720\" src=\"https:\/\/www.xhplasticlife.com\/wp-content\/uploads\/2025\/07\/Round-Storage-Containers-Wholesale-manufacturer-2.webp\" alt=\"Contenedores de almacenamiento redondos Mayorista-fabricante (2)\" class=\"wp-image-676\" srcset=\"https:\/\/www.xhplasticlife.com\/wp-content\/uploads\/2025\/07\/Round-Storage-Containers-Wholesale-manufacturer-2.webp 720w, https:\/\/www.xhplasticlife.com\/wp-content\/uploads\/2025\/07\/Round-Storage-Containers-Wholesale-manufacturer-2-300x300.webp 300w, https:\/\/www.xhplasticlife.com\/wp-content\/uploads\/2025\/07\/Round-Storage-Containers-Wholesale-manufacturer-2-150x150.webp 150w, https:\/\/www.xhplasticlife.com\/wp-content\/uploads\/2025\/07\/Round-Storage-Containers-Wholesale-manufacturer-2-600x600.webp 600w, https:\/\/www.xhplasticlife.com\/wp-content\/uploads\/2025\/07\/Round-Storage-Containers-Wholesale-manufacturer-2-100x100.webp 100w\" sizes=\"(max-width: 720px) 100vw, 720px\" \/><\/figure>\n<\/div>\n<\/div>\n\n\n\n<h2 class=\"wp-block-heading\">Contenedores de almacenamiento redondos a granel Tama\u00f1o:<\/h2>\n\n\n\n<figure class=\"wp-block-table is-style-stripes\"><table class=\"has-fixed-layout\"><tbody><tr><td>Modelo<\/td><td>Capacidad<\/td><td>N.W.\/PCS<\/td><td>G.W.\/Caso<\/td><td>Cantidad por caja<\/td><td>Tama\u00f1o de la caja exterior<\/td><\/tr><tr><td>BX1041<\/td><td>450ML<\/td><td>10,3 kg<\/td><td>68G<\/td><td>120 unidades<\/td><td>59X35X61cm<\/td><\/tr><tr><td>BX1042<\/td><td>800ML<\/td><td>9,8 kg<\/td><td>90G<\/td><td>84 piezas<\/td><td>59,5\u00d743,5\u00d754,5 cm<\/td><\/tr><tr><td>BX1043<\/td><td>1400ML<\/td><td>11,6 kg<\/td><td>132KG<\/td><td>72 piezas<\/td><td>68X52X54cm<\/td><\/tr><\/tbody><\/table><\/figure>\n\n\n\n<div class=\"wp-block-columns is-layout-flex wp-container-core-columns-is-layout-9d6595d7 wp-block-columns-is-layout-flex\">\n<div class=\"wp-block-column is-layout-flow wp-block-column-is-layout-flow\">\n<figure class=\"wp-block-image size-full\"><img decoding=\"async\" width=\"800\" height=\"800\" src=\"https:\/\/www.xhplasticlife.com\/wp-content\/uploads\/2025\/07\/450ml-Round-Storage-Containers-Wholesale-BX1041.webp\" alt=\"Recipientes de Almacenamiento Redondos de 450ml al por mayor -BX1041\" class=\"wp-image-668\" srcset=\"https:\/\/www.xhplasticlife.com\/wp-content\/uploads\/2025\/07\/450ml-Round-Storage-Containers-Wholesale-BX1041.webp 800w, https:\/\/www.xhplasticlife.com\/wp-content\/uploads\/2025\/07\/450ml-Round-Storage-Containers-Wholesale-BX1041-300x300.webp 300w, https:\/\/www.xhplasticlife.com\/wp-content\/uploads\/2025\/07\/450ml-Round-Storage-Containers-Wholesale-BX1041-150x150.webp 150w, https:\/\/www.xhplasticlife.com\/wp-content\/uploads\/2025\/07\/450ml-Round-Storage-Containers-Wholesale-BX1041-768x768.webp 768w, https:\/\/www.xhplasticlife.com\/wp-content\/uploads\/2025\/07\/450ml-Round-Storage-Containers-Wholesale-BX1041-600x600.webp 600w, https:\/\/www.xhplasticlife.com\/wp-content\/uploads\/2025\/07\/450ml-Round-Storage-Containers-Wholesale-BX1041-100x100.webp 100w\" sizes=\"(max-width: 800px) 100vw, 800px\" \/><\/figure>\n<\/div>\n\n\n\n<div class=\"wp-block-column is-layout-flow wp-block-column-is-layout-flow\">\n<figure class=\"wp-block-image size-full\"><img decoding=\"async\" width=\"800\" height=\"800\" src=\"https:\/\/www.xhplasticlife.com\/wp-content\/uploads\/2025\/07\/800ml-Round-Storage-Containers-Wholesale-BX1042-1.webp\" alt=\"Recipientes de Almacenamiento Redondos de 800ml al por mayor -BX1042 (1)\" class=\"wp-image-669\" srcset=\"https:\/\/www.xhplasticlife.com\/wp-content\/uploads\/2025\/07\/800ml-Round-Storage-Containers-Wholesale-BX1042-1.webp 800w, https:\/\/www.xhplasticlife.com\/wp-content\/uploads\/2025\/07\/800ml-Round-Storage-Containers-Wholesale-BX1042-1-300x300.webp 300w, https:\/\/www.xhplasticlife.com\/wp-content\/uploads\/2025\/07\/800ml-Round-Storage-Containers-Wholesale-BX1042-1-150x150.webp 150w, https:\/\/www.xhplasticlife.com\/wp-content\/uploads\/2025\/07\/800ml-Round-Storage-Containers-Wholesale-BX1042-1-768x768.webp 768w, https:\/\/www.xhplasticlife.com\/wp-content\/uploads\/2025\/07\/800ml-Round-Storage-Containers-Wholesale-BX1042-1-600x600.webp 600w, https:\/\/www.xhplasticlife.com\/wp-content\/uploads\/2025\/07\/800ml-Round-Storage-Containers-Wholesale-BX1042-1-100x100.webp 100w\" sizes=\"(max-width: 800px) 100vw, 800px\" \/><\/figure>\n<\/div>\n\n\n\n<div class=\"wp-block-column is-layout-flow wp-block-column-is-layout-flow\">\n<figure class=\"wp-block-image size-full\"><img decoding=\"async\" width=\"800\" height=\"800\" src=\"https:\/\/www.xhplasticlife.com\/wp-content\/uploads\/2025\/07\/1400ml-Round-Storage-Containers-Wholesale-BX1043-2.webp\" alt=\"Recipientes de Almacenamiento Redondos de 1400ml al por mayor -BX1043 (2)\" class=\"wp-image-673\" srcset=\"https:\/\/www.xhplasticlife.com\/wp-content\/uploads\/2025\/07\/1400ml-Round-Storage-Containers-Wholesale-BX1043-2.webp 800w, https:\/\/www.xhplasticlife.com\/wp-content\/uploads\/2025\/07\/1400ml-Round-Storage-Containers-Wholesale-BX1043-2-300x300.webp 300w, https:\/\/www.xhplasticlife.com\/wp-content\/uploads\/2025\/07\/1400ml-Round-Storage-Containers-Wholesale-BX1043-2-150x150.webp 150w, https:\/\/www.xhplasticlife.com\/wp-content\/uploads\/2025\/07\/1400ml-Round-Storage-Containers-Wholesale-BX1043-2-768x768.webp 768w, https:\/\/www.xhplasticlife.com\/wp-content\/uploads\/2025\/07\/1400ml-Round-Storage-Containers-Wholesale-BX1043-2-600x600.webp 600w, https:\/\/www.xhplasticlife.com\/wp-content\/uploads\/2025\/07\/1400ml-Round-Storage-Containers-Wholesale-BX1043-2-100x100.webp 100w\" sizes=\"(max-width: 800px) 100vw, 800px\" \/><\/figure>\n<\/div>\n<\/div>","protected":false},"excerpt":{"rendered":"<p>Bienvenido a comprar envases redondos al por mayor. Nuestro contenedor de alimentos PP a granel con cierre a presi\u00f3n est\u00e1 hecho de material PP libre de BPA, herm\u00e9tico con tapas a presi\u00f3n, microondas y perfecto para almacenar salsas, aperitivos, sopas o preparaci\u00f3n de comidas. Su dise\u00f1o apilable lo hace ideal para uso en cocina, reparto de comida o necesidades comerciales a granel.<\/p>\n<h2>Mayorista Contenedores de Almacenamiento Redondos Par\u00e1metros<\/h2>\n<p><strong>Modelo<\/strong>: BX1041-BX1043 <strong>Marca<\/strong>: Xinghui <strong>Material<\/strong>: PP+Silicona <strong>Color<\/strong>: Negro, Rojo y Caqui\/Transparente <strong>OEM\/ODM<\/strong>: Disponible <strong>Opci\u00f3n personalizada<\/strong>: Color\/Tama\u00f1o\/Logotipo\/Embalaje<\/p>\n<h2>De contenedores de almacenamiento de alimentos Fabricante :<\/h2>\n<p>Fundada en 2000,<a href=\"https:\/\/www.xhplasticlife.com\/es\/\">\u00a0<strong>Xinghui<\/strong><\/a>\u00a0se especializa en la producci\u00f3n y venta al por mayor de fiambreras, recipientes para almacenar alimentos, art\u00edculos para bebidas, recipientes para almacenamiento dom\u00e9stico y otros productos de pl\u00e1stico de uso diario. Ofrecemos servicios integrales de OEM, ODM y comercio electr\u00f3nico a nuestros clientes.<\/p>","protected":false},"featured_media":677,"comment_status":"closed","ping_status":"closed","template":"","meta":{"_acf_changed":false},"product_brand":[],"product_cat":[18],"product_tag":[],"class_list":{"0":"post-665","1":"product","2":"type-product","3":"status-publish","4":"has-post-thumbnail","6":"product_cat-bulk-food-storage-container","8":"first","9":"instock","10":"shipping-taxable","11":"product-type-simple"},"acf":[],"_links":{"self":[{"href":"https:\/\/www.xhplasticlife.com\/es\/wp-json\/wp\/v2\/product\/665","targetHints":{"allow":["GET"]}}],"collection":[{"href":"https:\/\/www.xhplasticlife.com\/es\/wp-json\/wp\/v2\/product"}],"about":[{"href":"https:\/\/www.xhplasticlife.com\/es\/wp-json\/wp\/v2\/types\/product"}],"replies":[{"embeddable":true,"href":"https:\/\/www.xhplasticlife.com\/es\/wp-json\/wp\/v2\/comments?post=665"}],"wp:featuredmedia":[{"embeddable":true,"href":"https:\/\/www.xhplasticlife.com\/es\/wp-json\/wp\/v2\/media\/677"}],"wp:attachment":[{"href":"https:\/\/www.xhplasticlife.com\/es\/wp-json\/wp\/v2\/media?parent=665"}],"wp:term":[{"taxonomy":"product_brand","embeddable":true,"href":"https:\/\/www.xhplasticlife.com\/es\/wp-json\/wp\/v2\/product_brand?post=665"},{"taxonomy":"product_cat","embeddable":true,"href":"https:\/\/www.xhplasticlife.com\/es\/wp-json\/wp\/v2\/product_cat?post=665"},{"taxonomy":"product_tag","embeddable":true,"href":"https:\/\/www.xhplasticlife.com\/es\/wp-json\/wp\/v2\/product_tag?post=665"}],"curies":[{"name":"wp","href":"https:\/\/api.w.org\/{rel}","templated":true}]}}