{"id":659,"date":"2025-07-23T16:52:41","date_gmt":"2025-07-23T16:52:41","guid":{"rendered":"https:\/\/www.xhplasticlife.com\/?post_type=product&#038;p=659"},"modified":"2025-07-23T16:52:59","modified_gmt":"2025-07-23T16:52:59","slug":"glass-food-storage-containers-bulk","status":"publish","type":"product","link":"https:\/\/www.xhplasticlife.com\/es\/producto\/glass-food-storage-containers-bulk\/","title":{"rendered":"Mayorista Juego de Recipientes de Vidrio para Conservar Alimentos con Tapa, Juego de Fiambrera Herm\u00e9tica Segura"},"content":{"rendered":"<div class=\"wp-block-columns is-layout-flex wp-container-core-columns-is-layout-9d6595d7 wp-block-columns-is-layout-flex\">\n<div class=\"wp-block-column is-layout-flow wp-block-column-is-layout-flow\">\n<h2 class=\"wp-block-heading\">Venta al por mayor de envases de vidrio de almacenamiento de alimentos Caracter\u00edsticas:<\/h2>\n\n\n\n<ul class=\"wp-block-list\">\n<li><strong>Material de alto contenido en vidrio de borosilicato<\/strong>Hecho de vidrio de borosilicato, resistente a las altas temperaturas y a los golpes de calor y fr\u00edo, apto para calentar en microondas y congelar en frigor\u00edfico, es un popular producto a granel de vidrio para recipientes de preparaci\u00f3n de comidas.<\/li>\n\n\n\n<li><strong>M\u00faltiples formas disponibles<\/strong>: Ronda, cuadrado, rect\u00e1ngulo y otras especificaciones est\u00e1n disponibles para satisfacer las diferentes necesidades de almacenamiento, que es una opci\u00f3n flexible y pr\u00e1ctica para los contenedores de vidrio al por mayor de almacenamiento de alimentos.<\/li>\n\n\n\n<li><strong>Sellado y a prueba de fugas<\/strong>: El dise\u00f1o de tapa sellada a juego es herm\u00e9tico y conserva eficazmente la frescura, adecuado para almuerzos para llevar o conservaci\u00f3n de alimentos.<\/li>\n\n\n\n<li><strong>Apto para microondas y horno<\/strong>La caja de cristal admite el uso en microondas y horno (es necesario quitar la tapa), combinando salud y comodidad.<\/li>\n\n\n\n<li><strong>F\u00e1cil de limpiar e inodoro<\/strong>: La superficie de cristal es lisa e inodora, apta para el lavavajillas y adecuada para la reutilizaci\u00f3n frecuente.<\/li>\n\n\n\n<li><strong>Adecuado para la compra a granel<\/strong>: Proporcionar recipientes de vidrio al por mayor de almacenamiento de alimentos y recipientes de vidrio de preparaci\u00f3n de comidas servicio a granel, adecuado para los minoristas y las marcas para hacer compras personalizadas.<\/li>\n<\/ul>\n<\/div>\n\n\n\n<div class=\"wp-block-column is-layout-flow wp-block-column-is-layout-flow\">\n<figure class=\"wp-block-image size-full\"><img decoding=\"async\" width=\"1070\" height=\"1070\" src=\"https:\/\/www.xhplasticlife.com\/wp-content\/uploads\/2025\/07\/Wholesale-Glass-Food-Storage-Containers-Sizes.webp\" alt=\"Mayorista Recipientes de vidrio para alimentos Tama\u00f1os\" class=\"wp-image-664\" srcset=\"https:\/\/www.xhplasticlife.com\/wp-content\/uploads\/2025\/07\/Wholesale-Glass-Food-Storage-Containers-Sizes.webp 1070w, https:\/\/www.xhplasticlife.com\/wp-content\/uploads\/2025\/07\/Wholesale-Glass-Food-Storage-Containers-Sizes-300x300.webp 300w, https:\/\/www.xhplasticlife.com\/wp-content\/uploads\/2025\/07\/Wholesale-Glass-Food-Storage-Containers-Sizes-150x150.webp 150w, https:\/\/www.xhplasticlife.com\/wp-content\/uploads\/2025\/07\/Wholesale-Glass-Food-Storage-Containers-Sizes-768x768.webp 768w, https:\/\/www.xhplasticlife.com\/wp-content\/uploads\/2025\/07\/Wholesale-Glass-Food-Storage-Containers-Sizes-600x600.webp 600w, https:\/\/www.xhplasticlife.com\/wp-content\/uploads\/2025\/07\/Wholesale-Glass-Food-Storage-Containers-Sizes-100x100.webp 100w\" sizes=\"(max-width: 1070px) 100vw, 1070px\" \/><\/figure>\n<\/div>\n<\/div>\n\n\n\n<p><\/p>","protected":false},"excerpt":{"rendered":"<p>Bienvenido a comprar al por mayor recipientes de cristal para alimentos. Nuestros recipientes de vidrio para preparaci\u00f3n de comidas est\u00e1n hechos de vidrio de borosilicato resistente al calor, con tapas herm\u00e9ticas y m\u00faltiples opciones de forma. Aptos para microondas y lavavajillas, son ideales para la preparaci\u00f3n de comidas, el almacenamiento o la entrega de alimentos a granel.<\/p>\n<h2>Par\u00e1metros de los recipientes de vidrio para alimentos a granel<\/h2>\n<p><strong>Modelo<\/strong>: BX1021-BX1029<br \/>\n<strong>Marca<\/strong>: Xinghui<br \/>\n<strong>Material<\/strong>: Vidrio de alto borosilicato+pl\u00e1stico<br \/>\n<strong>Capacidad<\/strong>: 320ml-1040ml<br \/>\n<strong>Color<\/strong>: Rosa\/Azul\/Negro<br \/>\n<strong>Embalaje<\/strong>: Embalaje en caja de color<br \/>\n<strong>OEM\/ODM<\/strong>: Disponible<br \/>\n<strong>Opci\u00f3n personalizada<\/strong>: Color\/Tama\u00f1o\/Logotipo\/Embalaje<\/p>\n<h2>De Daily Plasticware Fabricante :<\/h2>\n<p>Fundada en 2000,\u00a0<strong>Xinghui<\/strong>\u00a0se especializa en la producci\u00f3n y venta al por mayor de fiambreras, recipientes para almacenar alimentos, art\u00edculos para bebidas, recipientes para almacenamiento dom\u00e9stico y otros productos de pl\u00e1stico de uso diario. Ofrecemos servicios integrales de OEM, ODM y comercio electr\u00f3nico a nuestros clientes.<\/p>","protected":false},"featured_media":663,"comment_status":"closed","ping_status":"closed","template":"","meta":{"_acf_changed":false},"product_brand":[],"product_cat":[17,18],"product_tag":[],"class_list":{"0":"post-659","1":"product","2":"type-product","3":"status-publish","4":"has-post-thumbnail","6":"product_cat-wholesale-lunch-boxes","7":"product_cat-bulk-food-storage-container","9":"first","10":"instock","11":"shipping-taxable","12":"product-type-simple"},"acf":[],"_links":{"self":[{"href":"https:\/\/www.xhplasticlife.com\/es\/wp-json\/wp\/v2\/product\/659","targetHints":{"allow":["GET"]}}],"collection":[{"href":"https:\/\/www.xhplasticlife.com\/es\/wp-json\/wp\/v2\/product"}],"about":[{"href":"https:\/\/www.xhplasticlife.com\/es\/wp-json\/wp\/v2\/types\/product"}],"replies":[{"embeddable":true,"href":"https:\/\/www.xhplasticlife.com\/es\/wp-json\/wp\/v2\/comments?post=659"}],"wp:featuredmedia":[{"embeddable":true,"href":"https:\/\/www.xhplasticlife.com\/es\/wp-json\/wp\/v2\/media\/663"}],"wp:attachment":[{"href":"https:\/\/www.xhplasticlife.com\/es\/wp-json\/wp\/v2\/media?parent=659"}],"wp:term":[{"taxonomy":"product_brand","embeddable":true,"href":"https:\/\/www.xhplasticlife.com\/es\/wp-json\/wp\/v2\/product_brand?post=659"},{"taxonomy":"product_cat","embeddable":true,"href":"https:\/\/www.xhplasticlife.com\/es\/wp-json\/wp\/v2\/product_cat?post=659"},{"taxonomy":"product_tag","embeddable":true,"href":"https:\/\/www.xhplasticlife.com\/es\/wp-json\/wp\/v2\/product_tag?post=659"}],"curies":[{"name":"wp","href":"https:\/\/api.w.org\/{rel}","templated":true}]}}