{"id":635,"date":"2025-07-23T15:54:51","date_gmt":"2025-07-23T15:54:51","guid":{"rendered":"https:\/\/www.xhplasticlife.com\/?post_type=product&#038;p=635"},"modified":"2025-07-23T16:03:11","modified_gmt":"2025-07-23T16:03:11","slug":"best-bulk-meal-prep-containers","status":"publish","type":"product","link":"https:\/\/www.xhplasticlife.com\/es\/producto\/best-bulk-meal-prep-containers\/","title":{"rendered":"Los mejores envases para comida al por mayor Envases de pl\u00e1stico para congelar"},"content":{"rendered":"<div class=\"wp-block-columns is-layout-flex wp-container-core-columns-is-layout-9d6595d7 wp-block-columns-is-layout-flex\">\n<div class=\"wp-block-column is-layout-flow wp-block-column-is-layout-flow\">\n<h2 class=\"wp-block-heading\">Recipientes para comida a granel Caracter\u00edsticas:<\/h2>\n\n\n\n<ul class=\"wp-block-list\">\n<li><strong>Eficaz herramienta de preparaci\u00f3n de comidas<\/strong>Dise\u00f1o con varios compartimentos, adecuado para porcionar ingredientes y combinar comidas, es una pr\u00e1ctica soluci\u00f3n de recipientes para preparar comidas a granel.<\/li>\n\n\n\n<li><strong>Congelado y apto para microondas<\/strong>Soporta el almacenamiento en congelador y el calentamiento en microondas, se adapta a una gran variedad de escenarios, es un producto de venta al por mayor de recipientes de pl\u00e1stico para el almacenamiento en congelador.<\/li>\n\n\n\n<li><strong>Dise\u00f1o desmontable<\/strong>: Incluye divisores extra\u00edbles, combinaci\u00f3n libre, f\u00e1cil de limpiar y flexible de usar, mejorar la eficiencia de la preparaci\u00f3n de comidas.<\/li>\n\n\n\n<li><strong>Con funci\u00f3n de filtrado de agua<\/strong>: la parte inferior est\u00e1 equipada con una caja filtrante de agua para mantener los ingredientes secos y frescos, adecuada para el almacenamiento categorizado de frutas, verduras, carne, etc.<\/li>\n\n\n\n<li><strong>Apilable y ahorra espacio<\/strong>: Estructura de almacenamiento apilable, adecuada para la organizaci\u00f3n del frigor\u00edfico y la gesti\u00f3n del espacio de la cocina, conveniente para el almacenamiento dom\u00e9stico o comercial.<\/li>\n\n\n\n<li><strong>Material seguro y ecol\u00f3gico<\/strong>Hecho de pl\u00e1stico libre de BPA, seguro e inodoro, adecuado para empresas y propietarios de marcas que necesitan recipientes de preparaci\u00f3n de comidas a granel con recipientes de almacenamiento de pl\u00e1stico para congelador de abastecimiento al por mayor.<\/li>\n<\/ul>\n<\/div>\n\n\n\n<div class=\"wp-block-column is-layout-flow wp-block-column-is-layout-flow\">\n<figure class=\"wp-block-image size-full\"><img decoding=\"async\" width=\"750\" height=\"750\" src=\"https:\/\/www.xhplasticlife.com\/wp-content\/uploads\/2025\/07\/Best-Bulk-Meal-Prep-Containers-Wholesale-2.webp\" alt=\"Los mejores envases de comida al por mayor (2)\" class=\"wp-image-656\" srcset=\"https:\/\/www.xhplasticlife.com\/wp-content\/uploads\/2025\/07\/Best-Bulk-Meal-Prep-Containers-Wholesale-2.webp 750w, https:\/\/www.xhplasticlife.com\/wp-content\/uploads\/2025\/07\/Best-Bulk-Meal-Prep-Containers-Wholesale-2-300x300.webp 300w, https:\/\/www.xhplasticlife.com\/wp-content\/uploads\/2025\/07\/Best-Bulk-Meal-Prep-Containers-Wholesale-2-150x150.webp 150w, https:\/\/www.xhplasticlife.com\/wp-content\/uploads\/2025\/07\/Best-Bulk-Meal-Prep-Containers-Wholesale-2-600x600.webp 600w, https:\/\/www.xhplasticlife.com\/wp-content\/uploads\/2025\/07\/Best-Bulk-Meal-Prep-Containers-Wholesale-2-100x100.webp 100w\" sizes=\"(max-width: 750px) 100vw, 750px\" \/><\/figure>\n<\/div>\n<\/div>\n\n\n\n<h2 class=\"wp-block-heading\">Mayorista de Envases Meal Prep Tama\u00f1o:<\/h2>\n\n\n\n<figure class=\"wp-block-table is-style-stripes\"><table class=\"has-fixed-layout\"><tbody><tr><td>Modelo<\/td><td>Estructuras<\/td><td>N.W.\/PCS<\/td><td>G.W.\/Caso<\/td><\/tr><tr><td>BX1094<\/td><td>2 compartimentos<\/td><td>195G<\/td><td>15.5KG<\/td><\/tr><tr><td>BX1095<\/td><td>3 compartimentos<\/td><td>203G<\/td><td>16KG<\/td><\/tr><tr><td>BX1096<\/td><td>4 compartimentos<\/td><td>212G<\/td><td>16.6KG<\/td><\/tr><tr><td>BX1097<\/td><td>2 compartimentos con orificio de drenaje<\/td><td>185G<\/td><td>14.7KG<\/td><\/tr><tr><td>BX1098<\/td><td>3 compartimentos con orificio de drenaje<\/td><td>192G<\/td><td>15.2KG<\/td><\/tr><tr><td>BX1099<\/td><td>4 compartimentos con orificio de drenaje<\/td><td>199G<\/td><td>15.6KG<\/td><\/tr><\/tbody><\/table><\/figure>\n\n\n\n<div class=\"wp-block-columns is-layout-flex wp-container-core-columns-is-layout-9d6595d7 wp-block-columns-is-layout-flex\">\n<div class=\"wp-block-column is-layout-flow wp-block-column-is-layout-flow\"><div class=\"wp-block-image\">\n<figure class=\"aligncenter size-full\"><img decoding=\"async\" width=\"800\" height=\"800\" src=\"https:\/\/www.xhplasticlife.com\/wp-content\/uploads\/2025\/07\/2-compartment-meal-prep-containers-in-Bulk.webp\" alt=\"Recipientes de 2 compartimentos para preparaci\u00f3n de comidas a granel\" class=\"wp-image-648\" srcset=\"https:\/\/www.xhplasticlife.com\/wp-content\/uploads\/2025\/07\/2-compartment-meal-prep-containers-in-Bulk.webp 800w, https:\/\/www.xhplasticlife.com\/wp-content\/uploads\/2025\/07\/2-compartment-meal-prep-containers-in-Bulk-300x300.webp 300w, https:\/\/www.xhplasticlife.com\/wp-content\/uploads\/2025\/07\/2-compartment-meal-prep-containers-in-Bulk-150x150.webp 150w, https:\/\/www.xhplasticlife.com\/wp-content\/uploads\/2025\/07\/2-compartment-meal-prep-containers-in-Bulk-768x768.webp 768w, https:\/\/www.xhplasticlife.com\/wp-content\/uploads\/2025\/07\/2-compartment-meal-prep-containers-in-Bulk-600x600.webp 600w, https:\/\/www.xhplasticlife.com\/wp-content\/uploads\/2025\/07\/2-compartment-meal-prep-containers-in-Bulk-100x100.webp 100w\" sizes=\"(max-width: 800px) 100vw, 800px\" \/><figcaption class=\"wp-element-caption\">BX1094<\/figcaption><\/figure>\n<\/div><\/div>\n\n\n\n<div class=\"wp-block-column is-layout-flow wp-block-column-is-layout-flow\"><div class=\"wp-block-image\">\n<figure class=\"aligncenter size-full\"><img decoding=\"async\" width=\"800\" height=\"800\" src=\"https:\/\/www.xhplasticlife.com\/wp-content\/uploads\/2025\/07\/3-compartment-meal-prep-containers-Wholesale.webp\" alt=\"Recipientes de 3 compartimentos para comidas preparadas Venta al por mayor\" class=\"wp-image-650\" srcset=\"https:\/\/www.xhplasticlife.com\/wp-content\/uploads\/2025\/07\/3-compartment-meal-prep-containers-Wholesale.webp 800w, https:\/\/www.xhplasticlife.com\/wp-content\/uploads\/2025\/07\/3-compartment-meal-prep-containers-Wholesale-300x300.webp 300w, https:\/\/www.xhplasticlife.com\/wp-content\/uploads\/2025\/07\/3-compartment-meal-prep-containers-Wholesale-150x150.webp 150w, https:\/\/www.xhplasticlife.com\/wp-content\/uploads\/2025\/07\/3-compartment-meal-prep-containers-Wholesale-768x768.webp 768w, https:\/\/www.xhplasticlife.com\/wp-content\/uploads\/2025\/07\/3-compartment-meal-prep-containers-Wholesale-600x600.webp 600w, https:\/\/www.xhplasticlife.com\/wp-content\/uploads\/2025\/07\/3-compartment-meal-prep-containers-Wholesale-100x100.webp 100w\" sizes=\"(max-width: 800px) 100vw, 800px\" \/><figcaption class=\"wp-element-caption\">BX1095<\/figcaption><\/figure>\n<\/div><\/div>\n\n\n\n<div class=\"wp-block-column is-layout-flow wp-block-column-is-layout-flow\"><div class=\"wp-block-image\">\n<figure class=\"aligncenter size-full\"><img decoding=\"async\" width=\"800\" height=\"800\" src=\"https:\/\/www.xhplasticlife.com\/wp-content\/uploads\/2025\/07\/4-compartment-meal-prep-containers-Wholesale.webp\" alt=\"Recipientes de preparaci\u00f3n de comidas de 4 compartimentos Venta al por mayor\" class=\"wp-image-652\" srcset=\"https:\/\/www.xhplasticlife.com\/wp-content\/uploads\/2025\/07\/4-compartment-meal-prep-containers-Wholesale.webp 800w, https:\/\/www.xhplasticlife.com\/wp-content\/uploads\/2025\/07\/4-compartment-meal-prep-containers-Wholesale-300x300.webp 300w, https:\/\/www.xhplasticlife.com\/wp-content\/uploads\/2025\/07\/4-compartment-meal-prep-containers-Wholesale-150x150.webp 150w, https:\/\/www.xhplasticlife.com\/wp-content\/uploads\/2025\/07\/4-compartment-meal-prep-containers-Wholesale-768x768.webp 768w, https:\/\/www.xhplasticlife.com\/wp-content\/uploads\/2025\/07\/4-compartment-meal-prep-containers-Wholesale-600x600.webp 600w, https:\/\/www.xhplasticlife.com\/wp-content\/uploads\/2025\/07\/4-compartment-meal-prep-containers-Wholesale-100x100.webp 100w\" sizes=\"(max-width: 800px) 100vw, 800px\" \/><figcaption class=\"wp-element-caption\">BX1096<\/figcaption><\/figure>\n<\/div><\/div>\n<\/div>\n\n\n\n<div class=\"wp-block-columns is-layout-flex wp-container-core-columns-is-layout-9d6595d7 wp-block-columns-is-layout-flex\">\n<div class=\"wp-block-column is-layout-flow wp-block-column-is-layout-flow\"><div class=\"wp-block-image\">\n<figure class=\"aligncenter size-full\"><img decoding=\"async\" width=\"800\" height=\"800\" src=\"https:\/\/www.xhplasticlife.com\/wp-content\/uploads\/2025\/07\/2-compartment-meal-prep-containers-with-drain-hole.webp\" alt=\"Recipientes de 2 compartimentos con orificio de vaciado\" class=\"wp-image-649\" srcset=\"https:\/\/www.xhplasticlife.com\/wp-content\/uploads\/2025\/07\/2-compartment-meal-prep-containers-with-drain-hole.webp 800w, https:\/\/www.xhplasticlife.com\/wp-content\/uploads\/2025\/07\/2-compartment-meal-prep-containers-with-drain-hole-300x300.webp 300w, https:\/\/www.xhplasticlife.com\/wp-content\/uploads\/2025\/07\/2-compartment-meal-prep-containers-with-drain-hole-150x150.webp 150w, https:\/\/www.xhplasticlife.com\/wp-content\/uploads\/2025\/07\/2-compartment-meal-prep-containers-with-drain-hole-768x768.webp 768w, https:\/\/www.xhplasticlife.com\/wp-content\/uploads\/2025\/07\/2-compartment-meal-prep-containers-with-drain-hole-600x600.webp 600w, https:\/\/www.xhplasticlife.com\/wp-content\/uploads\/2025\/07\/2-compartment-meal-prep-containers-with-drain-hole-100x100.webp 100w\" sizes=\"(max-width: 800px) 100vw, 800px\" \/><figcaption class=\"wp-element-caption\">BX1097<\/figcaption><\/figure>\n<\/div><\/div>\n\n\n\n<div class=\"wp-block-column is-layout-flow wp-block-column-is-layout-flow\"><div class=\"wp-block-image\">\n<figure class=\"aligncenter size-full\"><img decoding=\"async\" width=\"800\" height=\"800\" src=\"https:\/\/www.xhplasticlife.com\/wp-content\/uploads\/2025\/07\/3-compartment-meal-prep-containers-with-drain-hole.webp\" alt=\"Recipientes de 3 compartimentos con orificio de vaciado\" class=\"wp-image-651\" srcset=\"https:\/\/www.xhplasticlife.com\/wp-content\/uploads\/2025\/07\/3-compartment-meal-prep-containers-with-drain-hole.webp 800w, https:\/\/www.xhplasticlife.com\/wp-content\/uploads\/2025\/07\/3-compartment-meal-prep-containers-with-drain-hole-300x300.webp 300w, https:\/\/www.xhplasticlife.com\/wp-content\/uploads\/2025\/07\/3-compartment-meal-prep-containers-with-drain-hole-150x150.webp 150w, https:\/\/www.xhplasticlife.com\/wp-content\/uploads\/2025\/07\/3-compartment-meal-prep-containers-with-drain-hole-768x768.webp 768w, https:\/\/www.xhplasticlife.com\/wp-content\/uploads\/2025\/07\/3-compartment-meal-prep-containers-with-drain-hole-600x600.webp 600w, https:\/\/www.xhplasticlife.com\/wp-content\/uploads\/2025\/07\/3-compartment-meal-prep-containers-with-drain-hole-100x100.webp 100w\" sizes=\"(max-width: 800px) 100vw, 800px\" \/><figcaption class=\"wp-element-caption\">BX1098<\/figcaption><\/figure>\n<\/div><\/div>\n\n\n\n<div class=\"wp-block-column is-layout-flow wp-block-column-is-layout-flow\"><div class=\"wp-block-image\">\n<figure class=\"aligncenter size-full\"><img decoding=\"async\" width=\"800\" height=\"800\" src=\"https:\/\/www.xhplasticlife.com\/wp-content\/uploads\/2025\/07\/4-compartment-meal-prep-containers-with-drain-hole.webp\" alt=\"Recipientes de 4 compartimentos con orificio de vaciado\" class=\"wp-image-653\" srcset=\"https:\/\/www.xhplasticlife.com\/wp-content\/uploads\/2025\/07\/4-compartment-meal-prep-containers-with-drain-hole.webp 800w, https:\/\/www.xhplasticlife.com\/wp-content\/uploads\/2025\/07\/4-compartment-meal-prep-containers-with-drain-hole-300x300.webp 300w, https:\/\/www.xhplasticlife.com\/wp-content\/uploads\/2025\/07\/4-compartment-meal-prep-containers-with-drain-hole-150x150.webp 150w, https:\/\/www.xhplasticlife.com\/wp-content\/uploads\/2025\/07\/4-compartment-meal-prep-containers-with-drain-hole-768x768.webp 768w, https:\/\/www.xhplasticlife.com\/wp-content\/uploads\/2025\/07\/4-compartment-meal-prep-containers-with-drain-hole-600x600.webp 600w, https:\/\/www.xhplasticlife.com\/wp-content\/uploads\/2025\/07\/4-compartment-meal-prep-containers-with-drain-hole-100x100.webp 100w\" sizes=\"(max-width: 800px) 100vw, 800px\" \/><figcaption class=\"wp-element-caption\">BX1099<\/figcaption><\/figure>\n<\/div><\/div>\n<\/div>\n\n\n\n<p><\/p>","protected":false},"excerpt":{"rendered":"<p>Bienvenido a comprar recipientes de preparaci\u00f3n de comidas al por mayor. Nuestros recipientes de pl\u00e1stico para almacenamiento en congelador al por mayor est\u00e1n fabricados con materiales libres de BPA, con compartimentos extra\u00edbles y bandejas de drenaje incorporadas. Microondas y apilable, ideal para la preparaci\u00f3n de alimentos, almacenamiento y uso de la cocina comercial.<\/p>\n<h2>Mayorista de Envases Meal Prep Par\u00e1metro<\/h2>\n<p><strong>Modelo<\/strong>: BX1094-BX1099<br \/>\n<strong>Marca<\/strong>: Xinghui<br \/>\n<strong>Material<\/strong>: PP<br \/>\n<strong>Dimensi\u00f3n<\/strong>: 1.4L<br \/>\n<strong>Color<\/strong>: Negro+blanco+transparente o personalizado<br \/>\n<strong>Talla<\/strong>: 20.3cm*15cm*6.5cm<br \/>\n<strong>Tama\u00f1o de la caja<\/strong>: 59,5\u00d743,5\u00d753,5cm<br \/>\n<strong>Embalaje<\/strong>: 72 piezas<br \/>\n<strong>OEM\/ODM<\/strong>: Disponible<br \/>\n<strong>Opci\u00f3n personalizada<\/strong>: Color\/Tama\u00f1o\/Logotipo\/Embalaje<\/p>\n<h2>De contenedores de almacenamiento de alimentos Fabricante :<\/h2>\n<p>Fundada en 2000,<a href=\"https:\/\/www.xhplasticlife.com\/es\/\">\u00a0<strong>Xinghui<\/strong><\/a>\u00a0se especializa en la producci\u00f3n y venta al por mayor de fiambreras, recipientes para almacenar alimentos, art\u00edculos para bebidas, recipientes para almacenamiento dom\u00e9stico y otros productos de pl\u00e1stico de uso diario. Ofrecemos servicios integrales de OEM, ODM y comercio electr\u00f3nico a nuestros clientes.<\/p>","protected":false},"featured_media":655,"comment_status":"closed","ping_status":"closed","template":"","meta":{"_acf_changed":false},"product_brand":[],"product_cat":[18],"product_tag":[],"class_list":{"0":"post-635","1":"product","2":"type-product","3":"status-publish","4":"has-post-thumbnail","6":"product_cat-bulk-food-storage-container","8":"first","9":"instock","10":"shipping-taxable","11":"product-type-simple"},"acf":[],"_links":{"self":[{"href":"https:\/\/www.xhplasticlife.com\/es\/wp-json\/wp\/v2\/product\/635","targetHints":{"allow":["GET"]}}],"collection":[{"href":"https:\/\/www.xhplasticlife.com\/es\/wp-json\/wp\/v2\/product"}],"about":[{"href":"https:\/\/www.xhplasticlife.com\/es\/wp-json\/wp\/v2\/types\/product"}],"replies":[{"embeddable":true,"href":"https:\/\/www.xhplasticlife.com\/es\/wp-json\/wp\/v2\/comments?post=635"}],"wp:featuredmedia":[{"embeddable":true,"href":"https:\/\/www.xhplasticlife.com\/es\/wp-json\/wp\/v2\/media\/655"}],"wp:attachment":[{"href":"https:\/\/www.xhplasticlife.com\/es\/wp-json\/wp\/v2\/media?parent=635"}],"wp:term":[{"taxonomy":"product_brand","embeddable":true,"href":"https:\/\/www.xhplasticlife.com\/es\/wp-json\/wp\/v2\/product_brand?post=635"},{"taxonomy":"product_cat","embeddable":true,"href":"https:\/\/www.xhplasticlife.com\/es\/wp-json\/wp\/v2\/product_cat?post=635"},{"taxonomy":"product_tag","embeddable":true,"href":"https:\/\/www.xhplasticlife.com\/es\/wp-json\/wp\/v2\/product_tag?post=635"}],"curies":[{"name":"wp","href":"https:\/\/api.w.org\/{rel}","templated":true}]}}