{"id":622,"date":"2025-07-23T15:13:19","date_gmt":"2025-07-23T15:13:19","guid":{"rendered":"https:\/\/www.xhplasticlife.com\/?post_type=product&#038;p=622"},"modified":"2025-07-23T15:13:20","modified_gmt":"2025-07-23T15:13:20","slug":"bulk-freezer-storage-containers","status":"publish","type":"product","link":"https:\/\/www.xhplasticlife.com\/es\/producto\/bulk-freezer-storage-containers\/","title":{"rendered":"Recipientes a granel para congelaci\u00f3n 1.4L Cajas de pl\u00e1stico para nevera Fabricante"},"content":{"rendered":"<div class=\"wp-block-columns is-layout-flex wp-container-core-columns-is-layout-9d6595d7 wp-block-columns-is-layout-flex\">\n<div class=\"wp-block-column is-layout-flow wp-block-column-is-layout-flow\">\n<h2 class=\"wp-block-heading\">Contenedores de almacenamiento a granel para congelador Caracter\u00edsticas:<\/h2>\n\n\n\n<ul class=\"wp-block-list\">\n<li><strong>Almacenamiento multifuncional<\/strong>Puede utilizarse para refrigerar, congelar o calentar en el microondas. Una caja puede utilizarse para m\u00faltiples fines, es adecuada para organizar diferentes ingredientes y constituye una opci\u00f3n rentable de recipientes de almacenamiento a granel para el congelador.<\/li>\n\n\n\n<li><strong>Compartimento extra\u00edble<\/strong>: Incluye separadores extra\u00edbles para separar libremente los ingredientes, f\u00e1ciles de clasificar y organizar, mejoran la eficiencia de uso del frigor\u00edfico.<\/li>\n\n\n\n<li><strong>Opcional con dise\u00f1o de filtro de agua<\/strong>con estructura de drenaje en la parte inferior para mantener los alimentos secos, adecuado para el almacenamiento de diferentes ingredientes como frutas y verduras, carne, etc.<\/li>\n\n\n\n<li><strong>Material duradero<\/strong>Hecho de pl\u00e1stico de alta calidad, libre de BPA, seguro y fiable, es un producto de venta al por mayor de cajas de pl\u00e1stico para nevera.<\/li>\n\n\n\n<li><strong>Apilable y ahorra espacio<\/strong>Dise\u00f1o apilable, ahorra espacio en el frigor\u00edfico de forma eficaz, adecuado para la cocina dom\u00e9stica y la trastienda de catering para un uso de gran volumen.<\/li>\n\n\n\n<li><strong>Apoyo a la personalizaci\u00f3n al por mayor<\/strong>Suministro directo de f\u00e1brica, ofrecemos servicio OEM\/ODM, adecuado para compradores y propietarios de marcas que buscan recipientes de almacenamiento para congelador a granel con cajas de almacenamiento de nevera de pl\u00e1stico al por mayor.<\/li>\n<\/ul>\n<\/div>\n\n\n\n<div class=\"wp-block-column is-layout-flow wp-block-column-is-layout-flow\">\n<figure class=\"wp-block-image size-full\"><img decoding=\"async\" width=\"800\" height=\"800\" src=\"https:\/\/www.xhplasticlife.com\/wp-content\/uploads\/2025\/07\/Bulk-Freezer-Storage-Containers-Manufacturer-4.webp\" alt=\"Contenedores a granel para congelaci\u00f3n Fabricantes (4)\" class=\"wp-image-632\" srcset=\"https:\/\/www.xhplasticlife.com\/wp-content\/uploads\/2025\/07\/Bulk-Freezer-Storage-Containers-Manufacturer-4.webp 800w, https:\/\/www.xhplasticlife.com\/wp-content\/uploads\/2025\/07\/Bulk-Freezer-Storage-Containers-Manufacturer-4-300x300.webp 300w, https:\/\/www.xhplasticlife.com\/wp-content\/uploads\/2025\/07\/Bulk-Freezer-Storage-Containers-Manufacturer-4-150x150.webp 150w, https:\/\/www.xhplasticlife.com\/wp-content\/uploads\/2025\/07\/Bulk-Freezer-Storage-Containers-Manufacturer-4-768x768.webp 768w, https:\/\/www.xhplasticlife.com\/wp-content\/uploads\/2025\/07\/Bulk-Freezer-Storage-Containers-Manufacturer-4-600x600.webp 600w, https:\/\/www.xhplasticlife.com\/wp-content\/uploads\/2025\/07\/Bulk-Freezer-Storage-Containers-Manufacturer-4-100x100.webp 100w\" sizes=\"(max-width: 800px) 100vw, 800px\" \/><\/figure>\n<\/div>\n<\/div>\n\n\n\n<h2 class=\"wp-block-heading\">Contenedores a granel para congelaci\u00f3n Tama\u00f1o:<\/h2>\n\n\n\n<figure class=\"wp-block-table is-style-stripes\"><table class=\"has-fixed-layout\"><tbody><tr><td>Modelo<\/td><td>Estructuras<\/td><td>N.W.\/PCS<\/td><td>G.W.\/Caso<\/td><\/tr><tr><td>BX1094<\/td><td>2 compartimentos<\/td><td>195G<\/td><td>15.5KG<\/td><\/tr><tr><td>BX1095<\/td><td>3 compartimentos<\/td><td>203G<\/td><td>16KG<\/td><\/tr><tr><td>BX1096<\/td><td>4 compartimentos<\/td><td>212G<\/td><td>16.6KG<\/td><\/tr><tr><td>BX1097<\/td><td>2 compartimentos con orificio de drenaje<\/td><td>185G<\/td><td>14.7KG<\/td><\/tr><tr><td>BX1098<\/td><td>3 compartimentos con orificio de drenaje<\/td><td>192G<\/td><td>15.2KG<\/td><\/tr><tr><td>BX1099<\/td><td>4 compartimentos con orificio de drenaje<\/td><td>199G<\/td><td>15.6KG<\/td><\/tr><\/tbody><\/table><\/figure>\n\n\n\n<div class=\"wp-block-columns is-layout-flex wp-container-core-columns-is-layout-9d6595d7 wp-block-columns-is-layout-flex\">\n<div class=\"wp-block-column is-layout-flow wp-block-column-is-layout-flow\"><div class=\"wp-block-image\">\n<figure class=\"aligncenter size-full\"><img decoding=\"async\" width=\"800\" height=\"800\" src=\"https:\/\/www.xhplasticlife.com\/wp-content\/uploads\/2025\/07\/2-compartment-food-containers-Wholesale.webp\" alt=\"Recipientes para alimentos de 2 compartimentos Venta al por mayor\" class=\"wp-image-623\" srcset=\"https:\/\/www.xhplasticlife.com\/wp-content\/uploads\/2025\/07\/2-compartment-food-containers-Wholesale.webp 800w, https:\/\/www.xhplasticlife.com\/wp-content\/uploads\/2025\/07\/2-compartment-food-containers-Wholesale-300x300.webp 300w, https:\/\/www.xhplasticlife.com\/wp-content\/uploads\/2025\/07\/2-compartment-food-containers-Wholesale-150x150.webp 150w, https:\/\/www.xhplasticlife.com\/wp-content\/uploads\/2025\/07\/2-compartment-food-containers-Wholesale-768x768.webp 768w, https:\/\/www.xhplasticlife.com\/wp-content\/uploads\/2025\/07\/2-compartment-food-containers-Wholesale-600x600.webp 600w, https:\/\/www.xhplasticlife.com\/wp-content\/uploads\/2025\/07\/2-compartment-food-containers-Wholesale-100x100.webp 100w\" sizes=\"(max-width: 800px) 100vw, 800px\" \/><figcaption class=\"wp-element-caption\">BX1094<\/figcaption><\/figure>\n<\/div><\/div>\n\n\n\n<div class=\"wp-block-column is-layout-flow wp-block-column-is-layout-flow\"><div class=\"wp-block-image\">\n<figure class=\"aligncenter size-full\"><img decoding=\"async\" width=\"800\" height=\"800\" src=\"https:\/\/www.xhplasticlife.com\/wp-content\/uploads\/2025\/07\/3compartment-food-containers-wholesale-2.webp\" alt=\"Envases para alimentos de 3 compartimentos al por mayor-2\" class=\"wp-image-626\" srcset=\"https:\/\/www.xhplasticlife.com\/wp-content\/uploads\/2025\/07\/3compartment-food-containers-wholesale-2.webp 800w, https:\/\/www.xhplasticlife.com\/wp-content\/uploads\/2025\/07\/3compartment-food-containers-wholesale-2-300x300.webp 300w, https:\/\/www.xhplasticlife.com\/wp-content\/uploads\/2025\/07\/3compartment-food-containers-wholesale-2-150x150.webp 150w, https:\/\/www.xhplasticlife.com\/wp-content\/uploads\/2025\/07\/3compartment-food-containers-wholesale-2-768x768.webp 768w, https:\/\/www.xhplasticlife.com\/wp-content\/uploads\/2025\/07\/3compartment-food-containers-wholesale-2-600x600.webp 600w, https:\/\/www.xhplasticlife.com\/wp-content\/uploads\/2025\/07\/3compartment-food-containers-wholesale-2-100x100.webp 100w\" sizes=\"(max-width: 800px) 100vw, 800px\" \/><figcaption class=\"wp-element-caption\">BX1095<\/figcaption><\/figure>\n<\/div><\/div>\n\n\n\n<div class=\"wp-block-column is-layout-flow wp-block-column-is-layout-flow\"><div class=\"wp-block-image\">\n<figure class=\"aligncenter size-full\"><img decoding=\"async\" width=\"800\" height=\"800\" src=\"https:\/\/www.xhplasticlife.com\/wp-content\/uploads\/2025\/07\/4-compartment-food-containers-wholesale.webp\" alt=\"Recipientes para alimentos de 4 compartimentos al por mayor\" class=\"wp-image-627\" srcset=\"https:\/\/www.xhplasticlife.com\/wp-content\/uploads\/2025\/07\/4-compartment-food-containers-wholesale.webp 800w, https:\/\/www.xhplasticlife.com\/wp-content\/uploads\/2025\/07\/4-compartment-food-containers-wholesale-300x300.webp 300w, https:\/\/www.xhplasticlife.com\/wp-content\/uploads\/2025\/07\/4-compartment-food-containers-wholesale-150x150.webp 150w, https:\/\/www.xhplasticlife.com\/wp-content\/uploads\/2025\/07\/4-compartment-food-containers-wholesale-768x768.webp 768w, https:\/\/www.xhplasticlife.com\/wp-content\/uploads\/2025\/07\/4-compartment-food-containers-wholesale-600x600.webp 600w, https:\/\/www.xhplasticlife.com\/wp-content\/uploads\/2025\/07\/4-compartment-food-containers-wholesale-100x100.webp 100w\" sizes=\"(max-width: 800px) 100vw, 800px\" \/><figcaption class=\"wp-element-caption\">BX1096<\/figcaption><\/figure>\n<\/div><\/div>\n<\/div>\n\n\n\n<div class=\"wp-block-columns is-layout-flex wp-container-core-columns-is-layout-9d6595d7 wp-block-columns-is-layout-flex\">\n<div class=\"wp-block-column is-layout-flow wp-block-column-is-layout-flow\"><div class=\"wp-block-image\">\n<figure class=\"aligncenter size-full\"><img decoding=\"async\" width=\"800\" height=\"800\" src=\"https:\/\/www.xhplasticlife.com\/wp-content\/uploads\/2025\/07\/2-compartment-food-containers-with-Drain-Hole-wholesale.webp\" alt=\"Contenedores de alimentos de 2 compartimentos con orificio de drenaje al por mayor\" class=\"wp-image-624\" srcset=\"https:\/\/www.xhplasticlife.com\/wp-content\/uploads\/2025\/07\/2-compartment-food-containers-with-Drain-Hole-wholesale.webp 800w, https:\/\/www.xhplasticlife.com\/wp-content\/uploads\/2025\/07\/2-compartment-food-containers-with-Drain-Hole-wholesale-300x300.webp 300w, https:\/\/www.xhplasticlife.com\/wp-content\/uploads\/2025\/07\/2-compartment-food-containers-with-Drain-Hole-wholesale-150x150.webp 150w, https:\/\/www.xhplasticlife.com\/wp-content\/uploads\/2025\/07\/2-compartment-food-containers-with-Drain-Hole-wholesale-768x768.webp 768w, https:\/\/www.xhplasticlife.com\/wp-content\/uploads\/2025\/07\/2-compartment-food-containers-with-Drain-Hole-wholesale-600x600.webp 600w, https:\/\/www.xhplasticlife.com\/wp-content\/uploads\/2025\/07\/2-compartment-food-containers-with-Drain-Hole-wholesale-100x100.webp 100w\" sizes=\"(max-width: 800px) 100vw, 800px\" \/><figcaption class=\"wp-element-caption\">BX1097<\/figcaption><\/figure>\n<\/div><\/div>\n\n\n\n<div class=\"wp-block-column is-layout-flow wp-block-column-is-layout-flow\"><div class=\"wp-block-image\">\n<figure class=\"aligncenter size-full\"><img decoding=\"async\" width=\"800\" height=\"800\" src=\"https:\/\/www.xhplasticlife.com\/wp-content\/uploads\/2025\/07\/3-compartment-food-containers-with-Drain-Hole.webp\" alt=\"Contenedores de alimentos de 3 compartimentos con orificio de drenaje\" class=\"wp-image-625\" srcset=\"https:\/\/www.xhplasticlife.com\/wp-content\/uploads\/2025\/07\/3-compartment-food-containers-with-Drain-Hole.webp 800w, https:\/\/www.xhplasticlife.com\/wp-content\/uploads\/2025\/07\/3-compartment-food-containers-with-Drain-Hole-300x300.webp 300w, https:\/\/www.xhplasticlife.com\/wp-content\/uploads\/2025\/07\/3-compartment-food-containers-with-Drain-Hole-150x150.webp 150w, https:\/\/www.xhplasticlife.com\/wp-content\/uploads\/2025\/07\/3-compartment-food-containers-with-Drain-Hole-768x768.webp 768w, https:\/\/www.xhplasticlife.com\/wp-content\/uploads\/2025\/07\/3-compartment-food-containers-with-Drain-Hole-600x600.webp 600w, https:\/\/www.xhplasticlife.com\/wp-content\/uploads\/2025\/07\/3-compartment-food-containers-with-Drain-Hole-100x100.webp 100w\" sizes=\"(max-width: 800px) 100vw, 800px\" \/><figcaption class=\"wp-element-caption\">BX1098<\/figcaption><\/figure>\n<\/div><\/div>\n\n\n\n<div class=\"wp-block-column is-layout-flow wp-block-column-is-layout-flow\"><div class=\"wp-block-image\">\n<figure class=\"aligncenter size-full\"><img decoding=\"async\" width=\"800\" height=\"800\" src=\"https:\/\/www.xhplasticlife.com\/wp-content\/uploads\/2025\/07\/4-compartment-food-containers-with-Drain-Hole.webp\" alt=\"Contenedores de alimentos de 4 compartimentos con orificio de drenaje\" class=\"wp-image-628\" srcset=\"https:\/\/www.xhplasticlife.com\/wp-content\/uploads\/2025\/07\/4-compartment-food-containers-with-Drain-Hole.webp 800w, https:\/\/www.xhplasticlife.com\/wp-content\/uploads\/2025\/07\/4-compartment-food-containers-with-Drain-Hole-300x300.webp 300w, https:\/\/www.xhplasticlife.com\/wp-content\/uploads\/2025\/07\/4-compartment-food-containers-with-Drain-Hole-150x150.webp 150w, https:\/\/www.xhplasticlife.com\/wp-content\/uploads\/2025\/07\/4-compartment-food-containers-with-Drain-Hole-768x768.webp 768w, https:\/\/www.xhplasticlife.com\/wp-content\/uploads\/2025\/07\/4-compartment-food-containers-with-Drain-Hole-600x600.webp 600w, https:\/\/www.xhplasticlife.com\/wp-content\/uploads\/2025\/07\/4-compartment-food-containers-with-Drain-Hole-100x100.webp 100w\" sizes=\"(max-width: 800px) 100vw, 800px\" \/><figcaption class=\"wp-element-caption\">BX1099<\/figcaption><\/figure>\n<\/div><\/div>\n<\/div>","protected":false},"excerpt":{"rendered":"<p>Le damos la bienvenida a la compra de recipientes de almacenamiento para congelador al por mayor. Nuestras cajas de almacenaje de pl\u00e1stico para frigor\u00edficos al por mayor est\u00e1n fabricadas con materiales sin BPA, con compartimentos extra\u00edbles y bandejas de drenaje. Dise\u00f1ado para la organizaci\u00f3n eficiente de la cocina, son apilables, microondas, congelador seguro y perfecto para uso dom\u00e9stico o almacenamiento comercial a granel.<\/p>\n<h2>Par\u00e1metros al por mayor de recipientes para congelaci\u00f3n<\/h2>\n<p><strong>Modelo<\/strong>: BX1094-BX1099<br \/><strong>Marca<\/strong>: Xinghui<br \/><strong>Material<\/strong>: PP<br \/><strong>Dimensi\u00f3n<\/strong>: 1.4L<br \/><strong>Color<\/strong>: Color crema o personalizado<br \/><strong>Talla<\/strong>: 20.3cm*15cm*6.5cm\u00a0<br \/><strong>Tama\u00f1o de la caja<\/strong>: 59,5\u00d743,5\u00d753,5cm<br \/><strong>Embalaje<\/strong>: 72 piezas<br \/><strong>OEM\/ODM<\/strong>: Disponible<br \/><strong>Opci\u00f3n personalizada<\/strong>: Color\/Tama\u00f1o\/Logotipo\/Embalaje<\/p>\n<h2>De contenedores de almacenamiento de alimentos Fabricante :<\/h2>\n<p>Fundada en 2000,<a href=\"https:\/\/www.xhplasticlife.com\/es\/\">\u00a0<strong>Xinghui<\/strong><\/a>\u00a0se especializa en la producci\u00f3n y venta al por mayor de fiambreras, recipientes para almacenar alimentos, art\u00edculos para bebidas, recipientes para almacenamiento dom\u00e9stico y otros productos de pl\u00e1stico de uso diario. Ofrecemos servicios integrales de OEM, ODM y comercio electr\u00f3nico a nuestros clientes.<\/p>","protected":false},"featured_media":633,"comment_status":"closed","ping_status":"closed","template":"","meta":{"_acf_changed":false},"product_brand":[],"product_cat":[18],"product_tag":[],"class_list":{"0":"post-622","1":"product","2":"type-product","3":"status-publish","4":"has-post-thumbnail","6":"product_cat-bulk-food-storage-container","8":"first","9":"instock","10":"shipping-taxable","11":"product-type-simple"},"acf":[],"_links":{"self":[{"href":"https:\/\/www.xhplasticlife.com\/es\/wp-json\/wp\/v2\/product\/622","targetHints":{"allow":["GET"]}}],"collection":[{"href":"https:\/\/www.xhplasticlife.com\/es\/wp-json\/wp\/v2\/product"}],"about":[{"href":"https:\/\/www.xhplasticlife.com\/es\/wp-json\/wp\/v2\/types\/product"}],"replies":[{"embeddable":true,"href":"https:\/\/www.xhplasticlife.com\/es\/wp-json\/wp\/v2\/comments?post=622"}],"wp:featuredmedia":[{"embeddable":true,"href":"https:\/\/www.xhplasticlife.com\/es\/wp-json\/wp\/v2\/media\/633"}],"wp:attachment":[{"href":"https:\/\/www.xhplasticlife.com\/es\/wp-json\/wp\/v2\/media?parent=622"}],"wp:term":[{"taxonomy":"product_brand","embeddable":true,"href":"https:\/\/www.xhplasticlife.com\/es\/wp-json\/wp\/v2\/product_brand?post=622"},{"taxonomy":"product_cat","embeddable":true,"href":"https:\/\/www.xhplasticlife.com\/es\/wp-json\/wp\/v2\/product_cat?post=622"},{"taxonomy":"product_tag","embeddable":true,"href":"https:\/\/www.xhplasticlife.com\/es\/wp-json\/wp\/v2\/product_tag?post=622"}],"curies":[{"name":"wp","href":"https:\/\/api.w.org\/{rel}","templated":true}]}}