{"id":609,"date":"2025-07-23T09:51:33","date_gmt":"2025-07-23T09:51:33","guid":{"rendered":"https:\/\/www.xhplasticlife.com\/?post_type=product&#038;p=609"},"modified":"2026-04-02T10:02:58","modified_gmt":"2026-04-02T10:02:58","slug":"bulk-microwavable-ramen-bowl","status":"publish","type":"product","link":"https:\/\/www.xhplasticlife.com\/es\/producto\/bulk-microwavable-ramen-bowl\/","title":{"rendered":"Bol de ramen para microondas a granel con tapa redonda herm\u00e9tica y asa de dise\u00f1o \u00a0"},"content":{"rendered":"<div class=\"wp-block-columns is-layout-flex wp-container-core-columns-is-layout-9d6595d7 wp-block-columns-is-layout-flex\">\n<div class=\"wp-block-column is-layout-flow wp-block-column-is-layout-flow\">\n<h2 class=\"wp-block-heading\">Bol de Ramen microondable a granel Caracter\u00edsticas:<\/h2>\n\n\n\n<ul class=\"wp-block-list\">\n<li><strong>Microondas<\/strong>Hecho de material resistente al calor, se puede calentar directamente en el microondas, c\u00f3modo y r\u00e1pido, es la elecci\u00f3n ideal para un bol de ramen para microondas a granel.<\/li>\n\n\n\n<li><strong>Dise\u00f1o sellado<\/strong>Dise\u00f1o de tapa redonda de cierre herm\u00e9tico, eficaz prevenci\u00f3n de fugas y conservaci\u00f3n de la frescura, adecuado para sacar sopas y pastas calientes.<\/li>\n\n\n\n<li><strong>Asa port\u00e1til<\/strong>: Dise\u00f1o de mango humanizado, no caliente para sostener, adecuado para catering para llevar y uso dom\u00e9stico.<\/li>\n\n\n\n<li><strong>Amplio uso<\/strong>Recipiente de pl\u00e1stico para sopa: no s\u00f3lo es adecuado para ramen, sino que tambi\u00e9n se puede utilizar para todo tipo de sopa caliente, es un popular producto al por mayor de recipientes de pl\u00e1stico para sopa.<\/li>\n\n\n\n<li><strong>Admitir compras masivas<\/strong>Proporcionamos un suministro estable y un servicio personalizado, adecuado para empresarios que buscan tazones de ramen aptos para microondas y recipientes de pl\u00e1stico para sopa al por mayor.<\/li>\n\n\n\n<li><strong>Saludable y seguro<\/strong>Hecho de pl\u00e1stico de calidad alimentaria, sin BPA, m\u00e1s seguro de usar, adecuado para el uso diario de alta frecuencia.<\/li>\n<\/ul>\n<\/div>\n\n\n\n<div class=\"wp-block-column is-layout-flow wp-block-column-is-layout-flow\">\n<figure class=\"wp-block-image size-full\"><img decoding=\"async\" width=\"800\" height=\"800\" src=\"https:\/\/www.xhplasticlife.com\/wp-content\/uploads\/2025\/07\/Bulk-Microwavable-Ramen-Bowl-Wholesaler-4.webp\" alt=\"Mayorista de cuencos de ramen para microondas a granel (4)\" class=\"wp-image-614\" srcset=\"https:\/\/www.xhplasticlife.com\/wp-content\/uploads\/2025\/07\/Bulk-Microwavable-Ramen-Bowl-Wholesaler-4.webp 800w, https:\/\/www.xhplasticlife.com\/wp-content\/uploads\/2025\/07\/Bulk-Microwavable-Ramen-Bowl-Wholesaler-4-300x300.webp 300w, https:\/\/www.xhplasticlife.com\/wp-content\/uploads\/2025\/07\/Bulk-Microwavable-Ramen-Bowl-Wholesaler-4-150x150.webp 150w, https:\/\/www.xhplasticlife.com\/wp-content\/uploads\/2025\/07\/Bulk-Microwavable-Ramen-Bowl-Wholesaler-4-768x768.webp 768w, https:\/\/www.xhplasticlife.com\/wp-content\/uploads\/2025\/07\/Bulk-Microwavable-Ramen-Bowl-Wholesaler-4-600x600.webp 600w, https:\/\/www.xhplasticlife.com\/wp-content\/uploads\/2025\/07\/Bulk-Microwavable-Ramen-Bowl-Wholesaler-4-100x100.webp 100w\" sizes=\"(max-width: 800px) 100vw, 800px\" \/><\/figure>\n<\/div>\n<\/div>\n\n\n\n<div class=\"wp-block-columns is-layout-flex wp-container-core-columns-is-layout-9d6595d7 wp-block-columns-is-layout-flex\">\n<div class=\"wp-block-column is-layout-flow wp-block-column-is-layout-flow\">\n<figure class=\"wp-block-image size-full\"><img decoding=\"async\" width=\"800\" height=\"800\" src=\"https:\/\/www.xhplasticlife.com\/wp-content\/uploads\/2025\/07\/Bulk-Microwavable-Ramen-Bowl-Green.webp\" alt=\"Bol de ramen para microondas a granel-Verde\" class=\"wp-image-618\" srcset=\"https:\/\/www.xhplasticlife.com\/wp-content\/uploads\/2025\/07\/Bulk-Microwavable-Ramen-Bowl-Green.webp 800w, https:\/\/www.xhplasticlife.com\/wp-content\/uploads\/2025\/07\/Bulk-Microwavable-Ramen-Bowl-Green-300x300.webp 300w, https:\/\/www.xhplasticlife.com\/wp-content\/uploads\/2025\/07\/Bulk-Microwavable-Ramen-Bowl-Green-150x150.webp 150w, https:\/\/www.xhplasticlife.com\/wp-content\/uploads\/2025\/07\/Bulk-Microwavable-Ramen-Bowl-Green-768x768.webp 768w, https:\/\/www.xhplasticlife.com\/wp-content\/uploads\/2025\/07\/Bulk-Microwavable-Ramen-Bowl-Green-600x600.webp 600w, https:\/\/www.xhplasticlife.com\/wp-content\/uploads\/2025\/07\/Bulk-Microwavable-Ramen-Bowl-Green-100x100.webp 100w\" sizes=\"(max-width: 800px) 100vw, 800px\" \/><\/figure>\n<\/div>\n\n\n\n<div class=\"wp-block-column is-layout-flow wp-block-column-is-layout-flow\">\n<figure class=\"wp-block-image size-full\"><img decoding=\"async\" width=\"800\" height=\"800\" src=\"https:\/\/www.xhplasticlife.com\/wp-content\/uploads\/2025\/07\/Bulk-Microwavable-Ramen-Bowl-Bule.webp\" alt=\"Bol de ramen para microondas a granel-Bule\" class=\"wp-image-617\" srcset=\"https:\/\/www.xhplasticlife.com\/wp-content\/uploads\/2025\/07\/Bulk-Microwavable-Ramen-Bowl-Bule.webp 800w, https:\/\/www.xhplasticlife.com\/wp-content\/uploads\/2025\/07\/Bulk-Microwavable-Ramen-Bowl-Bule-300x300.webp 300w, https:\/\/www.xhplasticlife.com\/wp-content\/uploads\/2025\/07\/Bulk-Microwavable-Ramen-Bowl-Bule-150x150.webp 150w, https:\/\/www.xhplasticlife.com\/wp-content\/uploads\/2025\/07\/Bulk-Microwavable-Ramen-Bowl-Bule-768x768.webp 768w, https:\/\/www.xhplasticlife.com\/wp-content\/uploads\/2025\/07\/Bulk-Microwavable-Ramen-Bowl-Bule-600x600.webp 600w, https:\/\/www.xhplasticlife.com\/wp-content\/uploads\/2025\/07\/Bulk-Microwavable-Ramen-Bowl-Bule-100x100.webp 100w\" sizes=\"(max-width: 800px) 100vw, 800px\" \/><\/figure>\n<\/div>\n\n\n\n<div class=\"wp-block-column is-layout-flow wp-block-column-is-layout-flow\">\n<figure class=\"wp-block-image size-full\"><img decoding=\"async\" width=\"800\" height=\"800\" src=\"https:\/\/www.xhplasticlife.com\/wp-content\/uploads\/2025\/07\/Bulk-Microwavable-Ramen-Bowl-Pink.webp\" alt=\"Bol de Ramen Microondable a Granel- Rosa\" class=\"wp-image-610\" srcset=\"https:\/\/www.xhplasticlife.com\/wp-content\/uploads\/2025\/07\/Bulk-Microwavable-Ramen-Bowl-Pink.webp 800w, https:\/\/www.xhplasticlife.com\/wp-content\/uploads\/2025\/07\/Bulk-Microwavable-Ramen-Bowl-Pink-300x300.webp 300w, https:\/\/www.xhplasticlife.com\/wp-content\/uploads\/2025\/07\/Bulk-Microwavable-Ramen-Bowl-Pink-150x150.webp 150w, https:\/\/www.xhplasticlife.com\/wp-content\/uploads\/2025\/07\/Bulk-Microwavable-Ramen-Bowl-Pink-768x768.webp 768w, https:\/\/www.xhplasticlife.com\/wp-content\/uploads\/2025\/07\/Bulk-Microwavable-Ramen-Bowl-Pink-600x600.webp 600w, https:\/\/www.xhplasticlife.com\/wp-content\/uploads\/2025\/07\/Bulk-Microwavable-Ramen-Bowl-Pink-100x100.webp 100w\" sizes=\"(max-width: 800px) 100vw, 800px\" \/><\/figure>\n<\/div>\n<\/div>\n\n\n\n<p><\/p>","protected":false},"excerpt":{"rendered":"<p>Bienvenido a la compra al por mayor de bol para ramen apto para microondas. Nuestras opciones al por mayor de recipientes de pl\u00e1stico para sopa cuentan con una tapa redonda herm\u00e9tica y un asa resistente al calor, ideal para ramen, sopas y fideos. Fabricados con materiales libres de BPA, seguros para su uso en microondas, reutilizables y ecol\u00f3gicos, perfectos para el reparto de comida, la comida para llevar o el uso dom\u00e9stico.<\/p>\n<h2>1200ML Microondas Ramen Bowl Par\u00e1metros<\/h2>\n<p><strong>Modelo<\/strong>: BX1069<br \/>\n<strong>Marca<\/strong>: Xinghui<br \/>\n<strong>Material<\/strong>: PP+Silicona<br \/>\n<strong>Dimensi\u00f3n<\/strong>: 1200ML<br \/>\n<strong>Color<\/strong>: Verde, Azul y Rosa<br \/>\n<strong>Gramaje<\/strong>: 135G<br \/>\n<strong>Embalaje<\/strong>: Caja de papel kraft<br \/>\n<strong>Embalaje<\/strong>: 60 piezas<br \/>\n<strong>OEM\/ODM<\/strong>: Disponible<br \/>\n<strong>Opci\u00f3n personalizada<\/strong>: Color\/Tama\u00f1o\/Logotipo\/Embalaje<\/p>\n<h2>De cajas de almuerzo de pl\u00e1stico Fabricante :<\/h2>\n<p>Fundada en 2000,\u00a0<a href=\"https:\/\/www.xhplasticlife.com\/es\/\"><strong>Xinghui<\/strong>\u00a0<\/a>se especializa en la producci\u00f3n y venta al por mayor de fiambreras, recipientes para almacenar alimentos, art\u00edculos para bebidas, recipientes para almacenamiento dom\u00e9stico y otros productos de pl\u00e1stico de uso diario. Ofrecemos servicios integrales de OEM, ODM y comercio electr\u00f3nico a nuestros clientes.<\/p>","protected":false},"featured_media":612,"comment_status":"closed","ping_status":"closed","template":"","meta":{"_acf_changed":false},"product_brand":[],"product_cat":[17,34],"product_tag":[],"class_list":{"0":"post-609","1":"product","2":"type-product","3":"status-publish","4":"has-post-thumbnail","6":"product_cat-wholesale-lunch-boxes","7":"product_cat-plastic-lunch-box-manufacturer","9":"first","10":"instock","11":"shipping-taxable","12":"product-type-simple"},"acf":[],"_links":{"self":[{"href":"https:\/\/www.xhplasticlife.com\/es\/wp-json\/wp\/v2\/product\/609","targetHints":{"allow":["GET"]}}],"collection":[{"href":"https:\/\/www.xhplasticlife.com\/es\/wp-json\/wp\/v2\/product"}],"about":[{"href":"https:\/\/www.xhplasticlife.com\/es\/wp-json\/wp\/v2\/types\/product"}],"replies":[{"embeddable":true,"href":"https:\/\/www.xhplasticlife.com\/es\/wp-json\/wp\/v2\/comments?post=609"}],"wp:featuredmedia":[{"embeddable":true,"href":"https:\/\/www.xhplasticlife.com\/es\/wp-json\/wp\/v2\/media\/612"}],"wp:attachment":[{"href":"https:\/\/www.xhplasticlife.com\/es\/wp-json\/wp\/v2\/media?parent=609"}],"wp:term":[{"taxonomy":"product_brand","embeddable":true,"href":"https:\/\/www.xhplasticlife.com\/es\/wp-json\/wp\/v2\/product_brand?post=609"},{"taxonomy":"product_cat","embeddable":true,"href":"https:\/\/www.xhplasticlife.com\/es\/wp-json\/wp\/v2\/product_cat?post=609"},{"taxonomy":"product_tag","embeddable":true,"href":"https:\/\/www.xhplasticlife.com\/es\/wp-json\/wp\/v2\/product_tag?post=609"}],"curies":[{"name":"wp","href":"https:\/\/api.w.org\/{rel}","templated":true}]}}