{"id":590,"date":"2025-07-22T16:06:10","date_gmt":"2025-07-22T16:06:10","guid":{"rendered":"https:\/\/www.xhplasticlife.com\/?post_type=product&#038;p=590"},"modified":"2026-04-02T10:03:05","modified_gmt":"2026-04-02T10:03:05","slug":"wholesale-lunch-boxes-in-bulk","status":"publish","type":"product","link":"https:\/\/www.xhplasticlife.com\/es\/producto\/wholesale-lunch-boxes-in-bulk\/","title":{"rendered":"Mayorista Fiambreras 1.3L BPA-Free Plastic Food Storage Containers al por mayor"},"content":{"rendered":"<div class=\"wp-block-columns is-layout-flex wp-container-core-columns-is-layout-9d6595d7 wp-block-columns-is-layout-flex\">\n<div class=\"wp-block-column is-layout-flow wp-block-column-is-layout-flow\">\n<h2 class=\"wp-block-heading\">Loncheras de pl\u00e1stico al por mayor Caracter\u00edsticas:<\/h2>\n\n\n\n<ul class=\"wp-block-list\">\n<li><strong>Seguro y saludable:<\/strong> Fabricadas con materiales sin BPA y respetuosos con el medio ambiente, nuestras fiambreras al por mayor cumplen las normas de seguridad en contacto con alimentos, lo que garantiza la salud y la ausencia de olores desagradables.<\/li>\n\n\n\n<li><strong>Separaci\u00f3n razonable<\/strong>: 3 compartimentos de dise\u00f1o, f\u00e1cil de clasificar y almacenar diferentes alimentos, satisfacer las necesidades de todos los d\u00edas o salir de la variedad de coincidencia.<\/li>\n\n\n\n<li><strong>Sellado y a prueba de fugas<\/strong>: Dise\u00f1o sellado y a prueba de fugas, la tapa de pl\u00e1stico PP se ajusta herm\u00e9ticamente, adecuada para llevar de viaje sin derramar, para proteger la frescura de los alimentos.<\/li>\n\n\n\n<li><strong>Ahorro de espacio<\/strong>: almacenamiento apilable, aprovechar al m\u00e1ximo el espacio de la cocina, adecuado para la familia, restaurante y otros escenarios.<\/li>\n\n\n\n<li><strong>C\u00f3modo y respetuoso con el medio ambiente<\/strong>reutilizables y f\u00e1ciles de limpiar, admiten la limpieza en lavavajillas, reducen el uso de art\u00edculos desechables, respetuosos con el medio ambiente y sin complicaciones.<\/li>\n\n\n\n<li><strong>Opci\u00f3n de almacenamiento a granel<\/strong>: adecuado para almacenar alimentos en la cocina o para almuerzos para llevar, es el envase de pl\u00e1stico ideal para almacenar alimentos a granel.<\/li>\n\n\n\n<li><strong>Apoyar la compra al por mayor<\/strong>Ofrecemos el servicio de fiambreras al por mayor, adecuado para minoristas, marcas y grupos de compra personalizada.<\/li>\n<\/ul>\n<\/div>\n\n\n\n<div class=\"wp-block-column is-layout-flow wp-block-column-is-layout-flow\">\n<figure class=\"wp-block-image size-full\"><img decoding=\"async\" width=\"800\" height=\"800\" src=\"https:\/\/www.xhplasticlife.com\/wp-content\/uploads\/2025\/07\/Wholesale-Lunch-Boxes-in-Bulk-4.webp\" alt=\"Fiambreras al por mayor (4)\" class=\"wp-image-599\" srcset=\"https:\/\/www.xhplasticlife.com\/wp-content\/uploads\/2025\/07\/Wholesale-Lunch-Boxes-in-Bulk-4.webp 800w, https:\/\/www.xhplasticlife.com\/wp-content\/uploads\/2025\/07\/Wholesale-Lunch-Boxes-in-Bulk-4-300x300.webp 300w, https:\/\/www.xhplasticlife.com\/wp-content\/uploads\/2025\/07\/Wholesale-Lunch-Boxes-in-Bulk-4-150x150.webp 150w, https:\/\/www.xhplasticlife.com\/wp-content\/uploads\/2025\/07\/Wholesale-Lunch-Boxes-in-Bulk-4-768x768.webp 768w, https:\/\/www.xhplasticlife.com\/wp-content\/uploads\/2025\/07\/Wholesale-Lunch-Boxes-in-Bulk-4-600x600.webp 600w, https:\/\/www.xhplasticlife.com\/wp-content\/uploads\/2025\/07\/Wholesale-Lunch-Boxes-in-Bulk-4-100x100.webp 100w\" sizes=\"(max-width: 800px) 100vw, 800px\" \/><\/figure>\n<\/div>\n<\/div>\n\n\n\n<div class=\"wp-block-columns is-layout-flex wp-container-core-columns-is-layout-9d6595d7 wp-block-columns-is-layout-flex\">\n<div class=\"wp-block-column is-layout-flow wp-block-column-is-layout-flow\">\n<figure class=\"wp-block-image size-full\"><img decoding=\"async\" width=\"800\" height=\"800\" src=\"https:\/\/www.xhplasticlife.com\/wp-content\/uploads\/2025\/07\/Transparent-black-lunch-box-wholesaler.webp\" alt=\"Mayorista de fiambreras negras transparentes\" class=\"wp-image-591\" srcset=\"https:\/\/www.xhplasticlife.com\/wp-content\/uploads\/2025\/07\/Transparent-black-lunch-box-wholesaler.webp 800w, https:\/\/www.xhplasticlife.com\/wp-content\/uploads\/2025\/07\/Transparent-black-lunch-box-wholesaler-300x300.webp 300w, https:\/\/www.xhplasticlife.com\/wp-content\/uploads\/2025\/07\/Transparent-black-lunch-box-wholesaler-150x150.webp 150w, https:\/\/www.xhplasticlife.com\/wp-content\/uploads\/2025\/07\/Transparent-black-lunch-box-wholesaler-768x768.webp 768w, https:\/\/www.xhplasticlife.com\/wp-content\/uploads\/2025\/07\/Transparent-black-lunch-box-wholesaler-600x600.webp 600w, https:\/\/www.xhplasticlife.com\/wp-content\/uploads\/2025\/07\/Transparent-black-lunch-box-wholesaler-100x100.webp 100w\" sizes=\"(max-width: 800px) 100vw, 800px\" \/><\/figure>\n<\/div>\n\n\n\n<div class=\"wp-block-column is-layout-flow wp-block-column-is-layout-flow\">\n<figure class=\"wp-block-image size-full\"><img decoding=\"async\" width=\"800\" height=\"800\" src=\"https:\/\/www.xhplasticlife.com\/wp-content\/uploads\/2025\/07\/Transparent-red-lunch-box-wholesaler.webp\" alt=\"Mayorista de fiambreras rojas transparentes\" class=\"wp-image-593\" srcset=\"https:\/\/www.xhplasticlife.com\/wp-content\/uploads\/2025\/07\/Transparent-red-lunch-box-wholesaler.webp 800w, https:\/\/www.xhplasticlife.com\/wp-content\/uploads\/2025\/07\/Transparent-red-lunch-box-wholesaler-300x300.webp 300w, https:\/\/www.xhplasticlife.com\/wp-content\/uploads\/2025\/07\/Transparent-red-lunch-box-wholesaler-150x150.webp 150w, https:\/\/www.xhplasticlife.com\/wp-content\/uploads\/2025\/07\/Transparent-red-lunch-box-wholesaler-768x768.webp 768w, https:\/\/www.xhplasticlife.com\/wp-content\/uploads\/2025\/07\/Transparent-red-lunch-box-wholesaler-600x600.webp 600w, https:\/\/www.xhplasticlife.com\/wp-content\/uploads\/2025\/07\/Transparent-red-lunch-box-wholesaler-100x100.webp 100w\" sizes=\"(max-width: 800px) 100vw, 800px\" \/><\/figure>\n<\/div>\n\n\n\n<div class=\"wp-block-column is-layout-flow wp-block-column-is-layout-flow\">\n<figure class=\"wp-block-image size-full\"><img decoding=\"async\" width=\"800\" height=\"800\" src=\"https:\/\/www.xhplasticlife.com\/wp-content\/uploads\/2025\/07\/Transparent-khaki-lunch-box-wholesaler.webp\" alt=\"Mayorista de fiambreras transparentes de color caqui\" class=\"wp-image-592\" srcset=\"https:\/\/www.xhplasticlife.com\/wp-content\/uploads\/2025\/07\/Transparent-khaki-lunch-box-wholesaler.webp 800w, https:\/\/www.xhplasticlife.com\/wp-content\/uploads\/2025\/07\/Transparent-khaki-lunch-box-wholesaler-300x300.webp 300w, https:\/\/www.xhplasticlife.com\/wp-content\/uploads\/2025\/07\/Transparent-khaki-lunch-box-wholesaler-150x150.webp 150w, https:\/\/www.xhplasticlife.com\/wp-content\/uploads\/2025\/07\/Transparent-khaki-lunch-box-wholesaler-768x768.webp 768w, https:\/\/www.xhplasticlife.com\/wp-content\/uploads\/2025\/07\/Transparent-khaki-lunch-box-wholesaler-600x600.webp 600w, https:\/\/www.xhplasticlife.com\/wp-content\/uploads\/2025\/07\/Transparent-khaki-lunch-box-wholesaler-100x100.webp 100w\" sizes=\"(max-width: 800px) 100vw, 800px\" \/><\/figure>\n<\/div>\n<\/div>\n\n\n\n<p><\/p>","protected":false},"excerpt":{"rendered":"<p>Bienvenido a comprar envases de pl\u00e1stico para almacenar alimentos al por mayor. Nuestras fiambreras al por mayor tienen una capacidad de 1,3 l, cierre herm\u00e9tico y un dise\u00f1o de 3 compartimentos para mantener las comidas organizadas y frescas. Fabricadas con materiales ecol\u00f3gicos y sin BPA, son reutilizables, aptas para lavavajillas y perfectas para su uso en la cocina, para preparar comidas y para llevar.<\/p>\n<h2>Par\u00e1metros de las fiambreras de pl\u00e1stico de 1,3 l<\/h2>\n<p><strong>Modelo<\/strong>: BX1051<br \/>\n<strong>Marca<\/strong>: Xinghui<br \/>\n<strong>Material<\/strong>: PP+Silicona<br \/>\n<strong>Dimensi\u00f3n<\/strong>: 1.3L<br \/>\n<strong>Color<\/strong>: Negro, Rojo y Caqui\/Transparente<br \/>\n<strong>Peso bruto<\/strong>: 14,3 kg<br \/>\n<strong>Gramaje<\/strong>: 182G<br \/>\n<strong>Tama\u00f1o de la caja<\/strong>: 62\u00d747,5\u00d758,5cm<br \/>\n<strong>Embalaje<\/strong>: 72 piezas<br \/>\n<strong>Plazo de entrega de la muestra<\/strong>: En un plazo de 3 d\u00edas<br \/>\n<strong>OEM\/ODM<\/strong>: Disponible<br \/>\n<strong>Opci\u00f3n personalizada<\/strong>: Color\/Tama\u00f1o\/Logotipo\/Embalaje<\/p>\n<h2>De cajas de almuerzo de pl\u00e1stico Fabricante :<\/h2>\n<p>Fundada en 2000, <strong>Xinghui<\/strong> se especializa en la producci\u00f3n y venta al por mayor de fiambreras, recipientes para almacenar alimentos, art\u00edculos para bebidas, recipientes para almacenamiento dom\u00e9stico y otros productos de pl\u00e1stico de uso diario. Ofrecemos servicios integrales de OEM, ODM y comercio electr\u00f3nico a nuestros clientes.<\/p>","protected":false},"featured_media":600,"comment_status":"closed","ping_status":"closed","template":"","meta":{"_acf_changed":false},"product_brand":[],"product_cat":[17,34],"product_tag":[],"class_list":{"0":"post-590","1":"product","2":"type-product","3":"status-publish","4":"has-post-thumbnail","6":"product_cat-wholesale-lunch-boxes","7":"product_cat-plastic-lunch-box-manufacturer","9":"first","10":"instock","11":"shipping-taxable","12":"product-type-simple"},"acf":[],"_links":{"self":[{"href":"https:\/\/www.xhplasticlife.com\/es\/wp-json\/wp\/v2\/product\/590","targetHints":{"allow":["GET"]}}],"collection":[{"href":"https:\/\/www.xhplasticlife.com\/es\/wp-json\/wp\/v2\/product"}],"about":[{"href":"https:\/\/www.xhplasticlife.com\/es\/wp-json\/wp\/v2\/types\/product"}],"replies":[{"embeddable":true,"href":"https:\/\/www.xhplasticlife.com\/es\/wp-json\/wp\/v2\/comments?post=590"}],"wp:featuredmedia":[{"embeddable":true,"href":"https:\/\/www.xhplasticlife.com\/es\/wp-json\/wp\/v2\/media\/600"}],"wp:attachment":[{"href":"https:\/\/www.xhplasticlife.com\/es\/wp-json\/wp\/v2\/media?parent=590"}],"wp:term":[{"taxonomy":"product_brand","embeddable":true,"href":"https:\/\/www.xhplasticlife.com\/es\/wp-json\/wp\/v2\/product_brand?post=590"},{"taxonomy":"product_cat","embeddable":true,"href":"https:\/\/www.xhplasticlife.com\/es\/wp-json\/wp\/v2\/product_cat?post=590"},{"taxonomy":"product_tag","embeddable":true,"href":"https:\/\/www.xhplasticlife.com\/es\/wp-json\/wp\/v2\/product_tag?post=590"}],"curies":[{"name":"wp","href":"https:\/\/api.w.org\/{rel}","templated":true}]}}