{"id":2122,"date":"2026-01-27T01:49:57","date_gmt":"2026-01-27T01:49:57","guid":{"rendered":"https:\/\/www.xhplasticlife.com\/?post_type=product&#038;p=2122"},"modified":"2026-01-27T02:33:54","modified_gmt":"2026-01-27T02:33:54","slug":"custom-glass-pitcher-factory","status":"publish","type":"product","link":"https:\/\/www.xhplasticlife.com\/es\/producto\/custom-glass-pitcher-factory\/","title":{"rendered":"Jarra de cristal de encargo con la tapa pl\u00e1stica, ventas directas de la f\u00e1brica del hervidor de agua 2200ML"},"content":{"rendered":"<div class=\"wp-block-columns is-layout-flex wp-container-core-columns-is-layout-9d6595d7 wp-block-columns-is-layout-flex\">\n<div class=\"wp-block-column is-layout-flow wp-block-column-is-layout-flow\">\n<h2 class=\"wp-block-heading\">Jarra de cristal personalizada Caracter\u00edsticas:<\/h2>\n\n\n\n<ul class=\"wp-block-list\">\n<li><strong>Dise\u00f1o de gran capacidad de 2200ML que satisface diversos escenarios de uso:<\/strong> Satisface las necesidades de bebida de varios usuarios a la vez, por lo que es adecuada para el hogar, la oficina, la restauraci\u00f3n y la hosteler\u00eda. Esta jarra de cristal personalizada con tapa de pl\u00e1stico tiene un alto potencial de recompra.<\/li>\n\n\n\n<li><strong>El cuerpo de cristal de alta transparencia garantiza seguridad, durabilidad y una sensaci\u00f3n de primera calidad: <\/strong>El cristal transparente permite una f\u00e1cil visibilidad del nivel de agua, ideal para agua fr\u00eda, zumo, t\u00e9 y bebidas diarias. Su aspecto elegante se ajusta a la est\u00e9tica del mercado internacional.<\/li>\n\n\n\n<li><strong>El dise\u00f1o de la tapa de pl\u00e1stico evita el polvo y los derrames para una mayor practicidad:<\/strong> La tapa de ajuste ce\u00f1ido bloquea eficazmente el polvo a la vez que garantiza un vertido suave y sin fugas, elevando la experiencia general del usuario.<\/li>\n\n\n\n<li><strong>Vers\u00e1til tanto para bebidas fr\u00edas como calientes: <\/strong>Adecuado para servir bebidas fr\u00edas o calientes, se posiciona como un vers\u00e1til hervidor o jarra de bebidas para satisfacer las diversas necesidades de aprovisionamiento del canal.<\/li>\n\n\n\n<li><strong>Dise\u00f1o ergon\u00f3mico del mango para verter sin esfuerzo:<\/strong> Su c\u00f3modo agarre y su vertido estable la hacen ideal para un uso de alta frecuencia, reduciendo la fatiga.<\/li>\n\n\n\n<li><strong>Servicios de OEM\/personalizaci\u00f3n para potenciar la creaci\u00f3n de marca:<\/strong> La capacidad, el color de la tapa, el logotipo y las soluciones de envasado personalizables satisfacen con flexibilidad los requisitos de la marca y el canal para jarras de vidrio personalizadas con tapa de pl\u00e1stico.<\/li>\n\n\n\n<li><strong>Suministro directo de f\u00e1brica con precios competitivos al por mayor<\/strong>: Nuestra l\u00ednea de producci\u00f3n propia garantiza plazos de entrega estables, ideales para compras al por mayor, ayudando a los clientes a mantener precios competitivos y fiabilidad en el suministro.<\/li>\n\n\n\n<li><strong>Muestras gratuitas para reducir los costes de las decisiones de compra<\/strong>: Proporcionamos muestras gratuitas para pruebas de calidad y comentarios del mercado, lo que acelera los procesos de consulta y realizaci\u00f3n de pedidos.<\/li>\n<\/ul>\n<\/div>\n\n\n\n<div class=\"wp-block-column is-layout-flow wp-block-column-is-layout-flow\">\n<figure class=\"wp-block-image size-full\"><img decoding=\"async\" width=\"800\" height=\"800\" src=\"https:\/\/www.xhplasticlife.com\/wp-content\/uploads\/2026\/01\/Custom-Glass-Pitcher-with-Plastic-Lid-5.webp\" alt=\"Jarra de cristal personalizada con tapa de pl\u00e1stico (5)\" class=\"wp-image-2128\" srcset=\"https:\/\/www.xhplasticlife.com\/wp-content\/uploads\/2026\/01\/Custom-Glass-Pitcher-with-Plastic-Lid-5.webp 800w, https:\/\/www.xhplasticlife.com\/wp-content\/uploads\/2026\/01\/Custom-Glass-Pitcher-with-Plastic-Lid-5-300x300.webp 300w, https:\/\/www.xhplasticlife.com\/wp-content\/uploads\/2026\/01\/Custom-Glass-Pitcher-with-Plastic-Lid-5-150x150.webp 150w, https:\/\/www.xhplasticlife.com\/wp-content\/uploads\/2026\/01\/Custom-Glass-Pitcher-with-Plastic-Lid-5-768x768.webp 768w, https:\/\/www.xhplasticlife.com\/wp-content\/uploads\/2026\/01\/Custom-Glass-Pitcher-with-Plastic-Lid-5-12x12.webp 12w, https:\/\/www.xhplasticlife.com\/wp-content\/uploads\/2026\/01\/Custom-Glass-Pitcher-with-Plastic-Lid-5-600x600.webp 600w, https:\/\/www.xhplasticlife.com\/wp-content\/uploads\/2026\/01\/Custom-Glass-Pitcher-with-Plastic-Lid-5-100x100.webp 100w\" sizes=\"(max-width: 800px) 100vw, 800px\" \/><\/figure>\n<\/div>\n<\/div>\n\n\n<div class=\"wp-block-image\">\n<figure class=\"aligncenter size-full\"><img decoding=\"async\" width=\"690\" height=\"345\" src=\"https:\/\/www.xhplasticlife.com\/wp-content\/uploads\/2026\/01\/Custom-Glass-Pitcher-2200ML.webp\" alt=\"Jarra de cristal personalizada 2200ML\" class=\"wp-image-2123\" srcset=\"https:\/\/www.xhplasticlife.com\/wp-content\/uploads\/2026\/01\/Custom-Glass-Pitcher-2200ML.webp 690w, https:\/\/www.xhplasticlife.com\/wp-content\/uploads\/2026\/01\/Custom-Glass-Pitcher-2200ML-300x150.webp 300w, https:\/\/www.xhplasticlife.com\/wp-content\/uploads\/2026\/01\/Custom-Glass-Pitcher-2200ML-18x9.webp 18w, https:\/\/www.xhplasticlife.com\/wp-content\/uploads\/2026\/01\/Custom-Glass-Pitcher-2200ML-600x300.webp 600w\" sizes=\"(max-width: 690px) 100vw, 690px\" \/><\/figure>\n<\/div>","protected":false},"excerpt":{"rendered":"<p>Bienvenido a comprar jarra de cristal personalizada con tapa de pl\u00e1stico. 2200ML hervidor de agua de gran capacidad para el uso diario de bebidas. Precio al por mayor directo de f\u00e1brica, suministro estable y muestras gratis para los compradores a granel.<\/p>\n<h2>Jarra de cristal personalizada Par\u00e1metro:<\/h2>\n<p><strong>Modelo<\/strong>: <strong><span data-spm-anchor-id=\"a2700.details-description.0.i4.67b0zO51zO51nR\">SH3185<\/span><\/strong><br \/><strong>Marca<\/strong>: Xinghui<br \/><strong>Material<\/strong>: PP+vidrio<br \/><strong>Color<\/strong>: verde\/rosa\/morado\/caqui<br \/><strong>Capacidad: <\/strong>2200m<strong>l<br \/>Tama\u00f1o del producto: <\/strong>14.5*11.5*22cm<br \/><strong>Tama\u00f1o de la caja: <\/strong>62.5*39*74cm<br \/><strong>Peso bruto: <\/strong>13 kg<br \/><strong>Embalaje:<\/strong>1 unidad por caja, 24 unidades\/ctn<br \/><strong>OEM\/ODM<\/strong>: Disponible<br \/><strong>Muestra: <\/strong>Muestras gratuitas<br \/><strong>Opci\u00f3n personalizada<\/strong>: Color\/Tama\u00f1o\/Logotipo\/Embalaje<\/p>\n<h2>En <a href=\"https:\/\/www.xhplasticlife.com\/es\/categoria-producto\/custom-drinkware-wholesaler\/\">Vajilla de pl\u00e1stico<\/a> Fabricante :<\/h2>\n<p>Fundada en 2000,<a href=\"https:\/\/www.xhplasticlife.com\/es\/\">\u00a0<strong>Xinghui<\/strong><\/a>\u00a0se especializa en la producci\u00f3n y venta al por mayor de fiambreras, recipientes para almacenar alimentos, art\u00edculos para bebidas, recipientes para almacenamiento dom\u00e9stico y otros productos de pl\u00e1stico de uso diario. Ofrecemos servicios integrales de OEM, ODM y comercio electr\u00f3nico a nuestros clientes.<\/p>","protected":false},"featured_media":2126,"comment_status":"closed","ping_status":"closed","template":"","meta":{"_acf_changed":false},"product_brand":[],"product_cat":[20],"product_tag":[],"class_list":{"0":"post-2122","1":"product","2":"type-product","3":"status-publish","4":"has-post-thumbnail","6":"product_cat-custom-drinkware-wholesaler","8":"first","9":"instock","10":"shipping-taxable","11":"product-type-simple"},"acf":[],"_links":{"self":[{"href":"https:\/\/www.xhplasticlife.com\/es\/wp-json\/wp\/v2\/product\/2122","targetHints":{"allow":["GET"]}}],"collection":[{"href":"https:\/\/www.xhplasticlife.com\/es\/wp-json\/wp\/v2\/product"}],"about":[{"href":"https:\/\/www.xhplasticlife.com\/es\/wp-json\/wp\/v2\/types\/product"}],"replies":[{"embeddable":true,"href":"https:\/\/www.xhplasticlife.com\/es\/wp-json\/wp\/v2\/comments?post=2122"}],"wp:featuredmedia":[{"embeddable":true,"href":"https:\/\/www.xhplasticlife.com\/es\/wp-json\/wp\/v2\/media\/2126"}],"wp:attachment":[{"href":"https:\/\/www.xhplasticlife.com\/es\/wp-json\/wp\/v2\/media?parent=2122"}],"wp:term":[{"taxonomy":"product_brand","embeddable":true,"href":"https:\/\/www.xhplasticlife.com\/es\/wp-json\/wp\/v2\/product_brand?post=2122"},{"taxonomy":"product_cat","embeddable":true,"href":"https:\/\/www.xhplasticlife.com\/es\/wp-json\/wp\/v2\/product_cat?post=2122"},{"taxonomy":"product_tag","embeddable":true,"href":"https:\/\/www.xhplasticlife.com\/es\/wp-json\/wp\/v2\/product_tag?post=2122"}],"curies":[{"name":"wp","href":"https:\/\/api.w.org\/{rel}","templated":true}]}}