{"id":2114,"date":"2026-01-25T06:43:51","date_gmt":"2026-01-25T06:43:51","guid":{"rendered":"https:\/\/www.xhplasticlife.com\/?post_type=product&#038;p=2114"},"modified":"2026-01-25T06:56:56","modified_gmt":"2026-01-25T06:56:56","slug":"bulk-plastic-water-pitcher-set-oem","status":"publish","type":"product","link":"https:\/\/www.xhplasticlife.com\/es\/producto\/bulk-plastic-water-pitcher-set-oem\/","title":{"rendered":"Juego de jarra de agua de pl\u00e1stico a granel, Juego de jarra de agua sin BPA con tapa 4 tazas para teteras y hervidores de agua"},"content":{"rendered":"<div class=\"wp-block-columns is-layout-flex wp-container-core-columns-is-layout-9d6595d7 wp-block-columns-is-layout-flex\">\n<div class=\"wp-block-column is-layout-flow wp-block-column-is-layout-flow\">\n<h2 class=\"wp-block-heading\">F\u00e1brica a granel de pl\u00e1stico jarra de agua Set Caracter\u00edsticas:<\/h2>\n\n\n\n<ul class=\"wp-block-list\">\n<li><strong>El dise\u00f1o completo del juego aumenta el valor total de las ventas:<\/strong> El hervidor viene con cuatro tazas, lo que lo hace adecuado para los juegos de jarras de agua de pl\u00e1stico a granel que se venden en hogares, hoteles, oficinas o como regalo, aumentando el valor de exposici\u00f3n y el valor medio de los pedidos.<\/li>\n\n\n\n<li><strong>El material sin BPA de calidad alimentaria cumple las normas internacionales de adquisici\u00f3n<\/strong>: Fabricado con pl\u00e1stico seguro y sin BPA, es apto para beber a diario, preparar t\u00e9 y bebidas fr\u00edas, y cumple los requisitos b\u00e1sicos de salud y medio ambiente de los mercados extranjeros.<\/li>\n\n\n\n<li><strong>Dise\u00f1o de tapa a juego para evitar el polvo y los vertidos<\/strong>: La tapa impide eficazmente la entrada de polvo y garantiza un vertido estable sin desbordamientos, adecuado para diversos usos como teteras y hervidores.<\/li>\n\n\n\n<li><strong>Ligero y duradero, apto para uso de alta frecuencia:<\/strong> M\u00e1s ligero y resistente a las roturas que los productos de cristal, es adecuado para un uso prolongado en hosteler\u00eda, oficinas y hogares, reduciendo los da\u00f1os durante el transporte y el uso.<\/li>\n\n\n\n<li><strong>Su aspecto sencillo se adapta a varios estilos de mercado: <\/strong>Su dise\u00f1o sencillo y elegante es apto para la venta en distintos pa\u00edses y canales, integr\u00e1ndose f\u00e1cilmente en los mercados del hogar, la restauraci\u00f3n y la promoci\u00f3n.<\/li>\n\n\n\n<li><strong>Apoyo a los servicios de OEM\/personalizaci\u00f3n, creaci\u00f3n de productos diferenciados:<\/strong> Los colores, capacidades, logotipos y opciones de envasado personalizables satisfacen las diversas necesidades de los propietarios de marcas y mayoristas de juegos de jarras de agua de pl\u00e1stico a granel.<\/li>\n\n\n\n<li><strong>Suministro directo de f\u00e1brica, precios al por mayor m\u00e1s competitivos:<\/strong> Nuestro propio sistema de producci\u00f3n elimina los intermediarios, lo que proporciona un suministro estable y precios al por mayor de f\u00e1brica m\u00e1s ventajosos para las compras al por mayor.<\/li>\n\n\n\n<li><strong>Apoyo a las muestras gratuitas, reducir el riesgo de \u00f3rdenes de juicio: <\/strong>Ofrecer muestras gratuitas permite a los clientes probar la calidad, las combinaciones de productos y las reacciones del mercado, lo que acelera la toma de decisiones y la eficacia de los pedidos.<\/li>\n<\/ul>\n<\/div>\n\n\n\n<div class=\"wp-block-column is-layout-flow wp-block-column-is-layout-flow\">\n<figure class=\"wp-block-image size-full\"><img decoding=\"async\" width=\"800\" height=\"800\" src=\"https:\/\/www.xhplasticlife.com\/wp-content\/uploads\/2026\/01\/Bulk-Plastic-Water-Pitcher-Set-Factory-xinghui-3.webp\" alt=\"Juego de jarras de agua de pl\u00e1stico a granel F\u00e1brica - xinghui (3)\" class=\"wp-image-2117\" srcset=\"https:\/\/www.xhplasticlife.com\/wp-content\/uploads\/2026\/01\/Bulk-Plastic-Water-Pitcher-Set-Factory-xinghui-3.webp 800w, https:\/\/www.xhplasticlife.com\/wp-content\/uploads\/2026\/01\/Bulk-Plastic-Water-Pitcher-Set-Factory-xinghui-3-300x300.webp 300w, https:\/\/www.xhplasticlife.com\/wp-content\/uploads\/2026\/01\/Bulk-Plastic-Water-Pitcher-Set-Factory-xinghui-3-150x150.webp 150w, https:\/\/www.xhplasticlife.com\/wp-content\/uploads\/2026\/01\/Bulk-Plastic-Water-Pitcher-Set-Factory-xinghui-3-768x768.webp 768w, https:\/\/www.xhplasticlife.com\/wp-content\/uploads\/2026\/01\/Bulk-Plastic-Water-Pitcher-Set-Factory-xinghui-3-12x12.webp 12w, https:\/\/www.xhplasticlife.com\/wp-content\/uploads\/2026\/01\/Bulk-Plastic-Water-Pitcher-Set-Factory-xinghui-3-600x600.webp 600w, https:\/\/www.xhplasticlife.com\/wp-content\/uploads\/2026\/01\/Bulk-Plastic-Water-Pitcher-Set-Factory-xinghui-3-100x100.webp 100w\" sizes=\"(max-width: 800px) 100vw, 800px\" \/><\/figure>\n<\/div>\n<\/div>\n\n\n\n<h2 class=\"wp-block-heading\">Mayorista Jarra de Agua de Pl\u00e1stico con Tapa Tama\u00f1o:<\/h2>\n\n\n\n<figure class=\"wp-block-table is-style-stripes\"><table class=\"has-fixed-layout\"><tbody><tr><td>Modelo<\/td><td>Capacidad<\/td><td>Tama\u00f1o de la caja<\/td><td>Peso bruto<\/td><td>Peso base<\/td><\/tr><tr><td>SH3139<\/td><td>2200ML<\/td><td>67X40X74cm<\/td><td>12,4 kg<\/td><td>240G<\/td><\/tr><tr><td>SH3141<\/td><td>2600ML<\/td><td>67X40X74cm<\/td><td>16,3 kg<\/td><td>344G<\/td><\/tr><\/tbody><\/table><\/figure>\n\n\n<div class=\"wp-block-image\">\n<figure class=\"aligncenter size-full\"><img decoding=\"async\" width=\"750\" height=\"377\" src=\"https:\/\/www.xhplasticlife.com\/wp-content\/uploads\/2026\/01\/Sizes-OEM-Plastic-Water-Pitcher-with-Lid.webp\" alt=\"Tama\u00f1os - Jarra de agua de pl\u00e1stico OEM con tapa\" class=\"wp-image-2111\" srcset=\"https:\/\/www.xhplasticlife.com\/wp-content\/uploads\/2026\/01\/Sizes-OEM-Plastic-Water-Pitcher-with-Lid.webp 750w, https:\/\/www.xhplasticlife.com\/wp-content\/uploads\/2026\/01\/Sizes-OEM-Plastic-Water-Pitcher-with-Lid-300x151.webp 300w, https:\/\/www.xhplasticlife.com\/wp-content\/uploads\/2026\/01\/Sizes-OEM-Plastic-Water-Pitcher-with-Lid-18x9.webp 18w, https:\/\/www.xhplasticlife.com\/wp-content\/uploads\/2026\/01\/Sizes-OEM-Plastic-Water-Pitcher-with-Lid-600x302.webp 600w\" sizes=\"(max-width: 750px) 100vw, 750px\" \/><\/figure>\n<\/div>\n\n<div class=\"wp-block-image\">\n<figure class=\"aligncenter size-full\"><img decoding=\"async\" width=\"750\" height=\"449\" src=\"https:\/\/www.xhplasticlife.com\/wp-content\/uploads\/2026\/01\/Factory-Bulk-Plastic-Water-Pitcher-Set-Supplier.webp\" alt=\"F\u00e1brica a granel de pl\u00e1stico Juego de jarra de agua Proveedor\" class=\"wp-image-2121\" srcset=\"https:\/\/www.xhplasticlife.com\/wp-content\/uploads\/2026\/01\/Factory-Bulk-Plastic-Water-Pitcher-Set-Supplier.webp 750w, https:\/\/www.xhplasticlife.com\/wp-content\/uploads\/2026\/01\/Factory-Bulk-Plastic-Water-Pitcher-Set-Supplier-300x180.webp 300w, https:\/\/www.xhplasticlife.com\/wp-content\/uploads\/2026\/01\/Factory-Bulk-Plastic-Water-Pitcher-Set-Supplier-18x12.webp 18w, https:\/\/www.xhplasticlife.com\/wp-content\/uploads\/2026\/01\/Factory-Bulk-Plastic-Water-Pitcher-Set-Supplier-600x359.webp 600w\" sizes=\"(max-width: 750px) 100vw, 750px\" \/><\/figure>\n<\/div>","protected":false},"excerpt":{"rendered":"<p>Bienvenido a comprar el juego de jarras de agua de pl\u00e1stico a granel. Jarra de agua libre de BPA conjunto con tapa y 4 tazas, ideal para teteras y teteras. Precio al por mayor directo de f\u00e1brica, suministro estable y muestras gratis para compradores al por mayor.<\/p>\n<h2>Juego de jarra de agua de pl\u00e1stico a granel Par\u00e1metros:<\/h2>\n<p><strong>Modelo<\/strong>: <strong><span data-spm-anchor-id=\"a2700.details-description.0.i4.67b0zO51zO51nR\">SH3139, SH3141<\/span><\/strong><br \/><strong>Marca<\/strong>: Xinghui<br \/><strong>Material<\/strong>: PP\u00a0<br \/><strong>Color<\/strong>: rosa\/verde\/azul<br \/><strong>Embalaje: <\/strong>Bolsa OPP<br \/><strong>OEM\/ODM<\/strong>: Disponible<br \/><strong>Muestra: <\/strong>Muestras gratuitas<br \/><strong>Opci\u00f3n personalizada<\/strong>: Color\/Tama\u00f1o\/Logotipo\/Embalaje<\/p>\n<h2>En <a href=\"https:\/\/www.xhplasticlife.com\/es\/categoria-producto\/custom-drinkware-wholesaler\/\">Vajilla de pl\u00e1stico<\/a> Fabricante :<\/h2>\n<p>Fundada en 2000,<a href=\"https:\/\/www.xhplasticlife.com\/es\/\">\u00a0<strong>Xinghui<\/strong><\/a>\u00a0se especializa en la producci\u00f3n y venta al por mayor de fiambreras, recipientes para almacenar alimentos, art\u00edculos para bebidas, recipientes para almacenamiento dom\u00e9stico y otros productos de pl\u00e1stico de uso diario. Ofrecemos servicios integrales de OEM, ODM y comercio electr\u00f3nico a nuestros clientes.<\/p>","protected":false},"featured_media":2120,"comment_status":"closed","ping_status":"closed","template":"","meta":{"_acf_changed":false},"product_brand":[],"product_cat":[20],"product_tag":[],"class_list":{"0":"post-2114","1":"product","2":"type-product","3":"status-publish","4":"has-post-thumbnail","6":"product_cat-custom-drinkware-wholesaler","8":"first","9":"instock","10":"shipping-taxable","11":"product-type-simple"},"acf":[],"_links":{"self":[{"href":"https:\/\/www.xhplasticlife.com\/es\/wp-json\/wp\/v2\/product\/2114","targetHints":{"allow":["GET"]}}],"collection":[{"href":"https:\/\/www.xhplasticlife.com\/es\/wp-json\/wp\/v2\/product"}],"about":[{"href":"https:\/\/www.xhplasticlife.com\/es\/wp-json\/wp\/v2\/types\/product"}],"replies":[{"embeddable":true,"href":"https:\/\/www.xhplasticlife.com\/es\/wp-json\/wp\/v2\/comments?post=2114"}],"wp:featuredmedia":[{"embeddable":true,"href":"https:\/\/www.xhplasticlife.com\/es\/wp-json\/wp\/v2\/media\/2120"}],"wp:attachment":[{"href":"https:\/\/www.xhplasticlife.com\/es\/wp-json\/wp\/v2\/media?parent=2114"}],"wp:term":[{"taxonomy":"product_brand","embeddable":true,"href":"https:\/\/www.xhplasticlife.com\/es\/wp-json\/wp\/v2\/product_brand?post=2114"},{"taxonomy":"product_cat","embeddable":true,"href":"https:\/\/www.xhplasticlife.com\/es\/wp-json\/wp\/v2\/product_cat?post=2114"},{"taxonomy":"product_tag","embeddable":true,"href":"https:\/\/www.xhplasticlife.com\/es\/wp-json\/wp\/v2\/product_tag?post=2114"}],"curies":[{"name":"wp","href":"https:\/\/api.w.org\/{rel}","templated":true}]}}