{"id":2088,"date":"2026-01-24T18:17:09","date_gmt":"2026-01-21T19:05:05","guid":{"rendered":"https:\/\/www.xhplasticlife.com\/?post_type=product&#038;p=2088"},"modified":"2026-01-25T06:28:04","modified_gmt":"2026-01-25T06:28:04","slug":"oem-plastic-water-pitcher-with-lid","status":"publish","type":"product","link":"https:\/\/www.xhplasticlife.com\/es\/producto\/oem-plastic-water-pitcher-with-lid\/","title":{"rendered":"Jarra de agua de pl\u00e1stico OEM con tapa, transparente 2600ml sin BPA de gran capacidad"},"content":{"rendered":"<div class=\"wp-block-columns is-layout-flex wp-container-core-columns-is-layout-9d6595d7 wp-block-columns-is-layout-flex\">\n<div class=\"wp-block-column is-layout-flow wp-block-column-is-layout-flow\">\n<h2 class=\"wp-block-heading\">Personalizado OEM jarra de agua de pl\u00e1stico con tapa Caracter\u00edsticas:<\/h2>\n\n\n\n<ul class=\"wp-block-list\">\n<li><strong>Dise\u00f1o de gran capacidad de 2600ml para uso frecuente:<\/strong> Su gran capacidad es adecuada para el hogar, restaurantes, hoteles y oficinas, reduciendo la frecuencia de rellenado y convirti\u00e9ndola en una opci\u00f3n ideal para las pr\u00e1cticas jarras de agua de pl\u00e1stico OEM con tapa.<\/li>\n\n\n\n<li><strong>Cuerpo transparente para una visualizaci\u00f3n clara del nivel de agua: <\/strong>El material pl\u00e1stico altamente transparente permite observar f\u00e1cilmente el nivel de agua restante y el estado de la bebida, lo que mejora la experiencia del usuario y facilita la exposici\u00f3n en el punto de venta.<\/li>\n\n\n\n<li><strong>Material de grado alimentario sin BPA para mayor seguridad y fiabilidad<\/strong>: Fabricado con pl\u00e1stico apto para uso alimentario sin BPA, adecuado para bebidas de consumo diario como agua fr\u00eda y zumos, cumple las normas del mercado internacional en materia de salud y seguridad.<\/li>\n\n\n\n<li><strong>Dise\u00f1o de tapa sellada para evitar el polvo y los derrames: <\/strong>La tapa incluida evita eficazmente la entrada de polvo y proporciona una mayor estabilidad al verter, adecuada para la refrigeraci\u00f3n diaria y el uso de sobremesa, mejorando la practicidad de la jarra de agua de pl\u00e1stico OEM con tapa.<\/li>\n\n\n\n<li><strong>Estructura ergon\u00f3mica del mango: <\/strong>El c\u00f3modo mango facilita el vertido y es adecuado para usuarios de todas las edades, reduciendo la fatiga durante un uso prolongado.<\/li>\n\n\n\n<li><strong>Admite personalizaci\u00f3n OEM\/ODM para crear su propia marca:<\/strong> Como f\u00e1brica profesional OEM de jarras de agua de pl\u00e1stico con tapa, podemos personalizar la capacidad, el color, el logotipo y las soluciones de envasado para satisfacer las necesidades de los diferentes posicionamientos del mercado.<\/li>\n\n\n\n<li><strong>Suministro directo de f\u00e1brica, ventaja significativa del precio al por mayor<\/strong>: Con nuestra propia l\u00ednea de producci\u00f3n, garantizamos un suministro estable, eliminando los costes intermedios y proporcionando a los compradores al por mayor precios al por mayor de f\u00e1brica m\u00e1s competitivos.<\/li>\n\n\n\n<li><strong>Asistencia gratuita para muestras, reducci\u00f3n del riesgo en la decisi\u00f3n de compra:<\/strong> Proporcionamos muestras gratuitas para facilitar a los clientes las pruebas de calidad y los comentarios del mercado, lo que acelera la selecci\u00f3n de productos y el proceso de pedido.<\/li>\n<\/ul>\n<\/div>\n\n\n\n<div class=\"wp-block-column is-layout-flow wp-block-column-is-layout-flow\">\n<figure class=\"wp-block-image size-full\"><img decoding=\"async\" width=\"800\" height=\"800\" src=\"https:\/\/www.xhplasticlife.com\/wp-content\/uploads\/2026\/01\/OEM-Plastic-Water-Pitcher-with-Lid-4.webp\" alt=\"Jarra de agua de pl\u00e1stico OEM con tapa (4)\" class=\"wp-image-2110\" srcset=\"https:\/\/www.xhplasticlife.com\/wp-content\/uploads\/2026\/01\/OEM-Plastic-Water-Pitcher-with-Lid-4.webp 800w, https:\/\/www.xhplasticlife.com\/wp-content\/uploads\/2026\/01\/OEM-Plastic-Water-Pitcher-with-Lid-4-300x300.webp 300w, https:\/\/www.xhplasticlife.com\/wp-content\/uploads\/2026\/01\/OEM-Plastic-Water-Pitcher-with-Lid-4-150x150.webp 150w, https:\/\/www.xhplasticlife.com\/wp-content\/uploads\/2026\/01\/OEM-Plastic-Water-Pitcher-with-Lid-4-768x768.webp 768w, https:\/\/www.xhplasticlife.com\/wp-content\/uploads\/2026\/01\/OEM-Plastic-Water-Pitcher-with-Lid-4-12x12.webp 12w, https:\/\/www.xhplasticlife.com\/wp-content\/uploads\/2026\/01\/OEM-Plastic-Water-Pitcher-with-Lid-4-600x600.webp 600w, https:\/\/www.xhplasticlife.com\/wp-content\/uploads\/2026\/01\/OEM-Plastic-Water-Pitcher-with-Lid-4-100x100.webp 100w\" sizes=\"(max-width: 800px) 100vw, 800px\" \/><\/figure>\n<\/div>\n<\/div>\n\n\n\n<h2 class=\"wp-block-heading\">Mayorista Jarra de Agua de Pl\u00e1stico con Tapa Tama\u00f1o:<\/h2>\n\n\n\n<figure class=\"wp-block-table is-style-stripes\"><table class=\"has-fixed-layout\"><tbody><tr><td>Modelo<\/td><td>Capacidad<\/td><td>Tama\u00f1o de la caja<\/td><td>Peso bruto<\/td><td>Peso base<\/td><\/tr><tr><td>SH3139<\/td><td>2200ML<\/td><td>67X40X74cm<\/td><td>12,4 kg<\/td><td>240G<\/td><\/tr><tr><td>SH3141<\/td><td>2600ML<\/td><td>67X40X74cm<\/td><td>16,3 kg<\/td><td>344G<\/td><\/tr><\/tbody><\/table><\/figure>\n\n\n\n<div class=\"wp-block-columns is-layout-flex wp-container-core-columns-is-layout-9d6595d7 wp-block-columns-is-layout-flex\">\n<div class=\"wp-block-column is-layout-flow wp-block-column-is-layout-flow\">\n<figure class=\"wp-block-image size-full\"><img decoding=\"async\" width=\"750\" height=\"586\" src=\"https:\/\/www.xhplasticlife.com\/wp-content\/uploads\/2026\/01\/Custom-Plastic-Water-Pitcher-with-Lid.webp\" alt=\"Jarra de agua de pl\u00e1stico personalizada con tapa\" class=\"wp-image-2106\" srcset=\"https:\/\/www.xhplasticlife.com\/wp-content\/uploads\/2026\/01\/Custom-Plastic-Water-Pitcher-with-Lid.webp 750w, https:\/\/www.xhplasticlife.com\/wp-content\/uploads\/2026\/01\/Custom-Plastic-Water-Pitcher-with-Lid-300x234.webp 300w, https:\/\/www.xhplasticlife.com\/wp-content\/uploads\/2026\/01\/Custom-Plastic-Water-Pitcher-with-Lid-15x12.webp 15w, https:\/\/www.xhplasticlife.com\/wp-content\/uploads\/2026\/01\/Custom-Plastic-Water-Pitcher-with-Lid-600x469.webp 600w\" sizes=\"(max-width: 750px) 100vw, 750px\" \/><\/figure>\n<\/div>\n\n\n\n<div class=\"wp-block-column is-layout-flow wp-block-column-is-layout-flow\">\n<figure class=\"wp-block-image size-full\"><img decoding=\"async\" width=\"750\" height=\"546\" src=\"https:\/\/www.xhplasticlife.com\/wp-content\/uploads\/2026\/01\/Custom-Plastic-Water-Pitcher-with-Lid-2.webp\" alt=\"Jarra de agua de pl\u00e1stico personalizada con tapa (2)\" class=\"wp-image-2104\" srcset=\"https:\/\/www.xhplasticlife.com\/wp-content\/uploads\/2026\/01\/Custom-Plastic-Water-Pitcher-with-Lid-2.webp 750w, https:\/\/www.xhplasticlife.com\/wp-content\/uploads\/2026\/01\/Custom-Plastic-Water-Pitcher-with-Lid-2-300x218.webp 300w, https:\/\/www.xhplasticlife.com\/wp-content\/uploads\/2026\/01\/Custom-Plastic-Water-Pitcher-with-Lid-2-16x12.webp 16w, https:\/\/www.xhplasticlife.com\/wp-content\/uploads\/2026\/01\/Custom-Plastic-Water-Pitcher-with-Lid-2-600x437.webp 600w\" sizes=\"(max-width: 750px) 100vw, 750px\" \/><\/figure>\n<\/div>\n<\/div>\n\n\n<div class=\"wp-block-image\">\n<figure class=\"aligncenter size-full\"><img decoding=\"async\" width=\"750\" height=\"449\" src=\"https:\/\/www.xhplasticlife.com\/wp-content\/uploads\/2025\/11\/Custom-Plastic-Water-Pitcher.webp\" alt=\"Jarra de agua de pl\u00e1stico personalizada\" class=\"wp-image-1642\" srcset=\"https:\/\/www.xhplasticlife.com\/wp-content\/uploads\/2025\/11\/Custom-Plastic-Water-Pitcher.webp 750w, https:\/\/www.xhplasticlife.com\/wp-content\/uploads\/2025\/11\/Custom-Plastic-Water-Pitcher-300x180.webp 300w, https:\/\/www.xhplasticlife.com\/wp-content\/uploads\/2025\/11\/Custom-Plastic-Water-Pitcher-18x12.webp 18w, https:\/\/www.xhplasticlife.com\/wp-content\/uploads\/2025\/11\/Custom-Plastic-Water-Pitcher-600x359.webp 600w\" sizes=\"(max-width: 750px) 100vw, 750px\" \/><\/figure>\n<\/div>","protected":false},"excerpt":{"rendered":"<p>Bienvenido a comprar OEM jarra de agua de pl\u00e1stico con tapa. Transparente 2600ml libre de BPA dise\u00f1o de gran capacidad para uso dom\u00e9stico y comercial. Precio al por mayor directo de f\u00e1brica, soporte de personalizaci\u00f3n OEM y muestras gratuitas disponibles.<\/p>\n<h2>Jarra de agua de pl\u00e1stico con tapa Par\u00e1metro:<\/h2>\n<p><strong>Modelo<\/strong>: <strong><span data-spm-anchor-id=\"a2700.details-description.0.i4.67b0zO51zO51nR\">SH3139, SH3141<\/span><\/strong><br \/><strong>Marca<\/strong>: Xinghui<br \/><strong>Material<\/strong>: PP\u00a0<br \/><strong>Color<\/strong>: rosa\/verde\/azul<br \/><strong>Embalaje: <\/strong>Bolsa OPP<br \/><strong>OEM\/ODM<\/strong>: Disponible<br \/><strong>Muestra: <\/strong>Muestras gratuitas<br \/><strong>Opci\u00f3n personalizada<\/strong>: Color\/Tama\u00f1o\/Logotipo\/Embalaje<\/p>\n<h2>En <a href=\"https:\/\/www.xhplasticlife.com\/es\/categoria-producto\/custom-drinkware-wholesaler\/\">Vajilla de pl\u00e1stico<\/a> Fabricante :<\/h2>\n<p>Fundada en 2000,<a href=\"https:\/\/www.xhplasticlife.com\/es\/\">\u00a0<strong>Xinghui<\/strong><\/a>\u00a0se especializa en la producci\u00f3n y venta al por mayor de fiambreras, recipientes para almacenar alimentos, art\u00edculos para bebidas, recipientes para almacenamiento dom\u00e9stico y otros productos de pl\u00e1stico de uso diario. Ofrecemos servicios integrales de OEM, ODM y comercio electr\u00f3nico a nuestros clientes.<\/p>","protected":false},"featured_media":2107,"comment_status":"closed","ping_status":"closed","template":"","meta":{"_acf_changed":false},"product_brand":[],"product_cat":[20],"product_tag":[],"class_list":{"0":"post-2088","1":"product","2":"type-product","3":"status-publish","4":"has-post-thumbnail","6":"product_cat-custom-drinkware-wholesaler","8":"first","9":"instock","10":"shipping-taxable","11":"product-type-simple"},"acf":[],"_links":{"self":[{"href":"https:\/\/www.xhplasticlife.com\/es\/wp-json\/wp\/v2\/product\/2088","targetHints":{"allow":["GET"]}}],"collection":[{"href":"https:\/\/www.xhplasticlife.com\/es\/wp-json\/wp\/v2\/product"}],"about":[{"href":"https:\/\/www.xhplasticlife.com\/es\/wp-json\/wp\/v2\/types\/product"}],"replies":[{"embeddable":true,"href":"https:\/\/www.xhplasticlife.com\/es\/wp-json\/wp\/v2\/comments?post=2088"}],"wp:featuredmedia":[{"embeddable":true,"href":"https:\/\/www.xhplasticlife.com\/es\/wp-json\/wp\/v2\/media\/2107"}],"wp:attachment":[{"href":"https:\/\/www.xhplasticlife.com\/es\/wp-json\/wp\/v2\/media?parent=2088"}],"wp:term":[{"taxonomy":"product_brand","embeddable":true,"href":"https:\/\/www.xhplasticlife.com\/es\/wp-json\/wp\/v2\/product_brand?post=2088"},{"taxonomy":"product_cat","embeddable":true,"href":"https:\/\/www.xhplasticlife.com\/es\/wp-json\/wp\/v2\/product_cat?post=2088"},{"taxonomy":"product_tag","embeddable":true,"href":"https:\/\/www.xhplasticlife.com\/es\/wp-json\/wp\/v2\/product_tag?post=2088"}],"curies":[{"name":"wp","href":"https:\/\/api.w.org\/{rel}","templated":true}]}}