{"id":2065,"date":"2026-01-21T01:18:43","date_gmt":"2026-01-21T01:18:43","guid":{"rendered":"https:\/\/www.xhplasticlife.com\/?post_type=product&#038;p=2065"},"modified":"2026-01-21T02:01:55","modified_gmt":"2026-01-21T02:01:55","slug":"airtight-grain-storage-containers-wholesale","status":"publish","type":"product","link":"https:\/\/www.xhplasticlife.com\/es\/producto\/airtight-grain-storage-containers-wholesale\/","title":{"rendered":"Recipientes herm\u00e9ticos para granos al por mayor, Tarros de pl\u00e1stico para almacenar alimentos Fabricante"},"content":{"rendered":"<div class=\"wp-block-columns is-layout-flex wp-container-core-columns-is-layout-9d6595d7 wp-block-columns-is-layout-flex\">\n<div class=\"wp-block-column is-layout-flow wp-block-column-is-layout-flow\">\n<h2 class=\"wp-block-heading\">Recipientes herm\u00e9ticos para el almacenamiento de granos al por mayor Caracter\u00edsticas:<\/h2>\n\n\n\n<ul class=\"wp-block-list\">\n<li><strong>Dise\u00f1o de cierre herm\u00e9tico para una protecci\u00f3n y frescura duraderas contra la humedad:<\/strong> La tapa herm\u00e9tica bloquea eficazmente el aire y la humedad, reduciendo la humedad y los problemas de plagas, ayudando a que los productos secos como el arroz, la harina, los cereales y las jud\u00edas mantengan su sabor fresco durante mucho tiempo. Ideal para proyectos de venta al por mayor de recipientes herm\u00e9ticos para el almacenamiento de cereales.<\/li>\n\n\n\n<li><strong>Material pl\u00e1stico de calidad alimentaria, seguro para el uso diario:<\/strong> Fabricado con material pl\u00e1stico apto para el contacto con alimentos, inodoro y que no se deforma f\u00e1cilmente, adecuado para cocinas dom\u00e9sticas y escenarios comerciales de almacenamiento de alimentos, lo que aumenta la confianza del usuario final.<\/li>\n\n\n\n<li><strong>Dise\u00f1o de envase transparente, contenido claramente visible:<\/strong> Su aspecto altamente transparente permite identificar r\u00e1pidamente el contenido y la cantidad, lo que mejora la eficacia de la gesti\u00f3n de la cocina y contribuye a la exposici\u00f3n en el punto de venta, aumentando el atractivo de compra.<\/li>\n\n\n\n<li><strong>M\u00faltiples opciones de capacidad para satisfacer diferentes necesidades de almacenamiento:<\/strong> Disponibles en varias capacidades, adecuadas para almacenar distintos tipos de granos por separado, lo que facilita las combinaciones de juegos para los propietarios de marcas y los mayoristas.<\/li>\n\n\n\n<li><strong>Admite servicios de personalizaci\u00f3n OEM\/ODM: <\/strong>Existen opciones personalizables de capacidad, color, logotipo y envasado, que ayudan a los clientes a crear l\u00edneas de productos de almacenamiento de grano diferenciadas y a mejorar el reconocimiento de la marca.<\/li>\n\n\n\n<li><strong>Adecuado para compras al por mayor, suministro estable y fiable<\/strong>: La estructura del producto es madura y la producci\u00f3n es estable, por lo que es ideal para las necesidades de suministro a granel a largo plazo en contenedores herm\u00e9ticos de almacenamiento de grano al por mayor.<\/li>\n\n\n\n<li><strong>Suministro directo de f\u00e1brica, importante ventaja de precio al por mayor<\/strong>: Nuestro propio sistema de producci\u00f3n y capacidad estable proporcionan precios competitivos de f\u00e1brica al por mayor, ayudando a los compradores a controlar eficazmente los costes.<\/li>\n<\/ul>\n<\/div>\n\n\n\n<div class=\"wp-block-column is-layout-flow wp-block-column-is-layout-flow\">\n<figure class=\"wp-block-image size-full\"><img decoding=\"async\" width=\"800\" height=\"800\" src=\"https:\/\/www.xhplasticlife.com\/wp-content\/uploads\/2026\/01\/Airtight-Grain-Storage-Containers-Wholesale-Supplier-5.webp\" alt=\"Recipientes herm\u00e9ticos para granos Proveedor al por mayor (5)\" class=\"wp-image-2074\" srcset=\"https:\/\/www.xhplasticlife.com\/wp-content\/uploads\/2026\/01\/Airtight-Grain-Storage-Containers-Wholesale-Supplier-5.webp 800w, https:\/\/www.xhplasticlife.com\/wp-content\/uploads\/2026\/01\/Airtight-Grain-Storage-Containers-Wholesale-Supplier-5-300x300.webp 300w, https:\/\/www.xhplasticlife.com\/wp-content\/uploads\/2026\/01\/Airtight-Grain-Storage-Containers-Wholesale-Supplier-5-150x150.webp 150w, https:\/\/www.xhplasticlife.com\/wp-content\/uploads\/2026\/01\/Airtight-Grain-Storage-Containers-Wholesale-Supplier-5-768x768.webp 768w, https:\/\/www.xhplasticlife.com\/wp-content\/uploads\/2026\/01\/Airtight-Grain-Storage-Containers-Wholesale-Supplier-5-12x12.webp 12w, https:\/\/www.xhplasticlife.com\/wp-content\/uploads\/2026\/01\/Airtight-Grain-Storage-Containers-Wholesale-Supplier-5-600x600.webp 600w, https:\/\/www.xhplasticlife.com\/wp-content\/uploads\/2026\/01\/Airtight-Grain-Storage-Containers-Wholesale-Supplier-5-100x100.webp 100w\" sizes=\"(max-width: 800px) 100vw, 800px\" \/><\/figure>\n<\/div>\n<\/div>\n\n\n\n<h2 class=\"wp-block-heading\">Recipientes herm\u00e9ticos para granos Tama\u00f1o:<\/h2>\n\n\n\n<figure class=\"wp-block-table is-style-stripes\"><table class=\"has-fixed-layout\"><tbody><tr><td>Modelo<\/td><td>Capacidad<\/td><td>Volumen de embalaje<\/td><td>G.W.\/Caso<\/td><td>Dimensiones del producto<\/td><td>Tama\u00f1o de la caja exterior<\/td><\/tr><tr><td>3040<\/td><td>1700ML<\/td><td>60<\/td><td>11KG<\/td><td>10,3\u00d710,3\u00d720,4 cm<\/td><td>53x43x63cm<\/td><\/tr><tr><td>3041<\/td><td>1300ML<\/td><td>80<\/td><td>11KG<\/td><td>10,3\u00d710,3\u00d716,3 cm<\/td><td>53\u00d745,5x56cm<\/td><\/tr><tr><td>3042<\/td><td>800ML<\/td><td>100<\/td><td>11KG<\/td><td>10,3\u00d710,3\u00d720,4 cm<\/td><td>65x36x66cm<\/td><\/tr><tr><td>3043<\/td><td>400ML<\/td><td>120<\/td><td>10KG<\/td><td>10,3\u00d710,3\u00d76,2 cm<\/td><td>57,5x41x75,5cm<\/td><\/tr><\/tbody><\/table><\/figure>\n\n\n\n<div class=\"wp-block-columns is-layout-flex wp-container-core-columns-is-layout-9d6595d7 wp-block-columns-is-layout-flex\">\n<div class=\"wp-block-column is-layout-flow wp-block-column-is-layout-flow\">\n<figure class=\"wp-block-image size-full\"><img decoding=\"async\" width=\"630\" height=\"664\" src=\"https:\/\/www.xhplasticlife.com\/wp-content\/uploads\/2026\/01\/1700ML-Airtight-Grain-Storage-Containers-3040.webp\" alt=\"Recipientes herm\u00e9ticos para grano 1700ML - 3040\" class=\"wp-image-2069\" srcset=\"https:\/\/www.xhplasticlife.com\/wp-content\/uploads\/2026\/01\/1700ML-Airtight-Grain-Storage-Containers-3040.webp 630w, https:\/\/www.xhplasticlife.com\/wp-content\/uploads\/2026\/01\/1700ML-Airtight-Grain-Storage-Containers-3040-285x300.webp 285w, https:\/\/www.xhplasticlife.com\/wp-content\/uploads\/2026\/01\/1700ML-Airtight-Grain-Storage-Containers-3040-11x12.webp 11w, https:\/\/www.xhplasticlife.com\/wp-content\/uploads\/2026\/01\/1700ML-Airtight-Grain-Storage-Containers-3040-600x632.webp 600w\" sizes=\"(max-width: 630px) 100vw, 630px\" \/><\/figure>\n<\/div>\n\n\n\n<div class=\"wp-block-column is-layout-flow wp-block-column-is-layout-flow\">\n<figure class=\"wp-block-image size-full\"><img decoding=\"async\" width=\"734\" height=\"630\" src=\"https:\/\/www.xhplasticlife.com\/wp-content\/uploads\/2026\/01\/1300ML-Airtight-Grain-Storage-Containers-3041.webp\" alt=\"1300ML Recipientes herm\u00e9ticos para granos -3041\" class=\"wp-image-2068\" srcset=\"https:\/\/www.xhplasticlife.com\/wp-content\/uploads\/2026\/01\/1300ML-Airtight-Grain-Storage-Containers-3041.webp 734w, https:\/\/www.xhplasticlife.com\/wp-content\/uploads\/2026\/01\/1300ML-Airtight-Grain-Storage-Containers-3041-300x257.webp 300w, https:\/\/www.xhplasticlife.com\/wp-content\/uploads\/2026\/01\/1300ML-Airtight-Grain-Storage-Containers-3041-14x12.webp 14w, https:\/\/www.xhplasticlife.com\/wp-content\/uploads\/2026\/01\/1300ML-Airtight-Grain-Storage-Containers-3041-600x515.webp 600w\" sizes=\"(max-width: 734px) 100vw, 734px\" \/><\/figure>\n<\/div>\n\n\n\n<div class=\"wp-block-column is-layout-flow wp-block-column-is-layout-flow\">\n<figure class=\"wp-block-image size-full\"><img decoding=\"async\" width=\"644\" height=\"548\" src=\"https:\/\/www.xhplasticlife.com\/wp-content\/uploads\/2026\/01\/800ML-Airtight-Grain-Storage-Containers-3042.webp\" alt=\"Contenedores herm\u00e9ticos para cereales 800ML - 3042\" class=\"wp-image-2067\" srcset=\"https:\/\/www.xhplasticlife.com\/wp-content\/uploads\/2026\/01\/800ML-Airtight-Grain-Storage-Containers-3042.webp 644w, https:\/\/www.xhplasticlife.com\/wp-content\/uploads\/2026\/01\/800ML-Airtight-Grain-Storage-Containers-3042-300x255.webp 300w, https:\/\/www.xhplasticlife.com\/wp-content\/uploads\/2026\/01\/800ML-Airtight-Grain-Storage-Containers-3042-14x12.webp 14w, https:\/\/www.xhplasticlife.com\/wp-content\/uploads\/2026\/01\/800ML-Airtight-Grain-Storage-Containers-3042-600x511.webp 600w\" sizes=\"(max-width: 644px) 100vw, 644px\" \/><\/figure>\n<\/div>\n\n\n\n<div class=\"wp-block-column is-layout-flow wp-block-column-is-layout-flow\">\n<figure class=\"wp-block-image size-full\"><img decoding=\"async\" width=\"664\" height=\"532\" src=\"https:\/\/www.xhplasticlife.com\/wp-content\/uploads\/2026\/01\/400ML-Airtight-Grain-Storage-Containers-3043.webp\" alt=\"Recipientes herm\u00e9ticos para cereales 400ML - 3043\" class=\"wp-image-2066\" srcset=\"https:\/\/www.xhplasticlife.com\/wp-content\/uploads\/2026\/01\/400ML-Airtight-Grain-Storage-Containers-3043.webp 664w, https:\/\/www.xhplasticlife.com\/wp-content\/uploads\/2026\/01\/400ML-Airtight-Grain-Storage-Containers-3043-300x240.webp 300w, https:\/\/www.xhplasticlife.com\/wp-content\/uploads\/2026\/01\/400ML-Airtight-Grain-Storage-Containers-3043-15x12.webp 15w, https:\/\/www.xhplasticlife.com\/wp-content\/uploads\/2026\/01\/400ML-Airtight-Grain-Storage-Containers-3043-600x481.webp 600w\" sizes=\"(max-width: 664px) 100vw, 664px\" \/><\/figure>\n<\/div>\n<\/div>","protected":false},"excerpt":{"rendered":"<p>Bienvenido a la compra al por mayor de recipientes herm\u00e9ticos para el almacenamiento de cereales. Como fabricante profesional de tarros de pl\u00e1stico para el almacenamiento de alimentos, suministramos recipientes herm\u00e9ticos duraderos para el almacenamiento de cereales y alimentos secos. Los precios al por mayor directos de f\u00e1brica, el soporte OEM\/ODM y las muestras gratuitas ayudan a los compradores a abastecerse eficazmente.<\/p>\n<h2>Par\u00e1metros de los recipientes herm\u00e9ticos para cereales<\/h2>\n<p><strong>Modelo<\/strong>: 3040-3043<br \/><strong>Marca<\/strong>: Xinghui<br \/><strong>Material<\/strong>: PP\u00a0<br \/><strong>Color<\/strong>: Rosa, Azul<br \/><strong>Embalaje: <\/strong>Bolsa OPP<br \/><strong>OEM\/ODM<\/strong>: Disponible<br \/><strong>Opci\u00f3n personalizada<\/strong>: Color\/Tama\u00f1o\/Logotipo\/Embalaje<\/p>\n<h2>De contenedores de almacenamiento de alimentos Fabricante :<\/h2>\n<p>Fundada en 2000,<a href=\"https:\/\/www.xhplasticlife.com\/es\/\">\u00a0<strong>Xinghui<\/strong><\/a>\u00a0se especializa en la producci\u00f3n y venta al por mayor de fiambreras, recipientes para almacenar alimentos, art\u00edculos para bebidas, recipientes para almacenamiento dom\u00e9stico y otros productos de pl\u00e1stico de uso diario. Ofrecemos servicios integrales de OEM, ODM y comercio electr\u00f3nico a nuestros clientes.<\/p>","protected":false},"featured_media":2072,"comment_status":"closed","ping_status":"closed","template":"","meta":{"_acf_changed":false},"product_brand":[],"product_cat":[18],"product_tag":[],"class_list":{"0":"post-2065","1":"product","2":"type-product","3":"status-publish","4":"has-post-thumbnail","6":"product_cat-bulk-food-storage-container","8":"first","9":"instock","10":"shipping-taxable","11":"product-type-simple"},"acf":[],"_links":{"self":[{"href":"https:\/\/www.xhplasticlife.com\/es\/wp-json\/wp\/v2\/product\/2065","targetHints":{"allow":["GET"]}}],"collection":[{"href":"https:\/\/www.xhplasticlife.com\/es\/wp-json\/wp\/v2\/product"}],"about":[{"href":"https:\/\/www.xhplasticlife.com\/es\/wp-json\/wp\/v2\/types\/product"}],"replies":[{"embeddable":true,"href":"https:\/\/www.xhplasticlife.com\/es\/wp-json\/wp\/v2\/comments?post=2065"}],"wp:featuredmedia":[{"embeddable":true,"href":"https:\/\/www.xhplasticlife.com\/es\/wp-json\/wp\/v2\/media\/2072"}],"wp:attachment":[{"href":"https:\/\/www.xhplasticlife.com\/es\/wp-json\/wp\/v2\/media?parent=2065"}],"wp:term":[{"taxonomy":"product_brand","embeddable":true,"href":"https:\/\/www.xhplasticlife.com\/es\/wp-json\/wp\/v2\/product_brand?post=2065"},{"taxonomy":"product_cat","embeddable":true,"href":"https:\/\/www.xhplasticlife.com\/es\/wp-json\/wp\/v2\/product_cat?post=2065"},{"taxonomy":"product_tag","embeddable":true,"href":"https:\/\/www.xhplasticlife.com\/es\/wp-json\/wp\/v2\/product_tag?post=2065"}],"curies":[{"name":"wp","href":"https:\/\/api.w.org\/{rel}","templated":true}]}}