{"id":2055,"date":"2026-01-20T10:46:03","date_gmt":"2026-01-20T10:46:03","guid":{"rendered":"https:\/\/www.xhplasticlife.com\/?post_type=product&#038;p=2055"},"modified":"2026-01-20T11:04:05","modified_gmt":"2026-01-20T11:04:05","slug":"tall-food-storage-containers-bulk","status":"publish","type":"product","link":"https:\/\/www.xhplasticlife.com\/es\/producto\/tall-food-storage-containers-bulk\/","title":{"rendered":"Mayorista Contenedores Altos para Alimentos, OEM Plastic Food Container Set Proveedor"},"content":{"rendered":"<div class=\"wp-block-columns is-layout-flex wp-container-core-columns-is-layout-9d6595d7 wp-block-columns-is-layout-flex\">\n<div class=\"wp-block-column is-layout-flow wp-block-column-is-layout-flow\">\n<h2 class=\"wp-block-heading\">Mayorista Contenedores Altos para Conservar Alimentos Caracter\u00edsticas:<\/h2>\n\n\n\n<ul class=\"wp-block-list\">\n<li><strong>Estructura de dise\u00f1o alto, que mejora la eficiencia del almacenamiento en la cocina<\/strong>: El dise\u00f1o alto aprovecha al m\u00e1ximo el espacio vertical de la cocina, ideal para almacenar pasta, cereales, granos de caf\u00e9, comida para mascotas y productos secos, mejorando la experiencia del usuario final.<\/li>\n\n\n\n<li><strong>Material pl\u00e1stico de calidad alimentaria, seguro y duradero: <\/strong>Fabricado con material pl\u00e1stico apto para el contacto con alimentos, inodoro y resistente al envejecimiento, adecuado para el uso repetido diario, cumpliendo los requisitos de seguridad de los recipientes de cocina para alimentos en diferentes mercados.<\/li>\n\n\n\n<li><strong>Dise\u00f1o de tapa sellada para proteger contra la humedad y el polvo: <\/strong>La tapa se ajusta firmemente, reduciendo eficazmente la entrada de aire y humedad, ayudando a mantener frescos los ingredientes y mejorando la practicidad del producto y su potencial de recompra.<\/li>\n\n\n\n<li><strong>Aspecto transparente o transl\u00facido para facilitar la visualizaci\u00f3n del contenido: <\/strong>El dise\u00f1o claro permite a los usuarios determinar r\u00e1pidamente la cantidad restante y tambi\u00e9n es propicio para la exposici\u00f3n en comercios, lo que aumenta los \u00edndices de conversi\u00f3n de ventas.<\/li>\n\n\n\n<li><strong>Admite servicios de personalizaci\u00f3n OEM\/ODM: <\/strong>Como proveedor de f\u00e1brica de recipientes altos para almacenamiento de alimentos al por mayor, podemos ofrecer la personalizaci\u00f3n de la altura, la capacidad, el color, el LOGO y el embalaje para satisfacer las necesidades diferenciadas de las marcas y los clientes del canal.<\/li>\n\n\n\n<li>Adecuado para compras al por mayor, capacidad de suministro estable: La estructura del producto es madura, y la producci\u00f3n es estable, por lo que es ideal para la compra al por mayor a largo plazo de contenedores altos de almacenamiento de alimentos a granel y proyectos de suministro continuo.<\/li>\n\n\n\n<li><strong>Suministro directo de f\u00e1brica, importante ventaja de precio:<\/strong> Nuestro propio sistema de producci\u00f3n y nuestras maduras l\u00edneas de producci\u00f3n proporcionan precios competitivos al por mayor de f\u00e1brica, lo que ayuda a los compradores a controlar eficazmente los costes y aumentar los m\u00e1rgenes de beneficio.<\/li>\n\n\n\n<li><strong>Soporte gratuito de muestras para reducir los riesgos de las decisiones de compra: <\/strong>Se proporcionan muestras gratuitas para facilitar las pruebas de calidad y la verificaci\u00f3n del mercado antes de realizar un pedido formal, lo que acelera el proceso de cooperaci\u00f3n.<\/li>\n<\/ul>\n<\/div>\n\n\n\n<div class=\"wp-block-column is-layout-flow wp-block-column-is-layout-flow\">\n<figure class=\"wp-block-image size-full\"><img decoding=\"async\" width=\"800\" height=\"800\" src=\"https:\/\/www.xhplasticlife.com\/wp-content\/uploads\/2026\/01\/Wholesale-Tall-Food-Storage-Containers-Supplier-1.webp\" alt=\"Mayorista de Contenedores Altos para Alimentos (1)\" class=\"wp-image-2060\" srcset=\"https:\/\/www.xhplasticlife.com\/wp-content\/uploads\/2026\/01\/Wholesale-Tall-Food-Storage-Containers-Supplier-1.webp 800w, https:\/\/www.xhplasticlife.com\/wp-content\/uploads\/2026\/01\/Wholesale-Tall-Food-Storage-Containers-Supplier-1-300x300.webp 300w, https:\/\/www.xhplasticlife.com\/wp-content\/uploads\/2026\/01\/Wholesale-Tall-Food-Storage-Containers-Supplier-1-150x150.webp 150w, https:\/\/www.xhplasticlife.com\/wp-content\/uploads\/2026\/01\/Wholesale-Tall-Food-Storage-Containers-Supplier-1-768x768.webp 768w, https:\/\/www.xhplasticlife.com\/wp-content\/uploads\/2026\/01\/Wholesale-Tall-Food-Storage-Containers-Supplier-1-12x12.webp 12w, https:\/\/www.xhplasticlife.com\/wp-content\/uploads\/2026\/01\/Wholesale-Tall-Food-Storage-Containers-Supplier-1-600x600.webp 600w, https:\/\/www.xhplasticlife.com\/wp-content\/uploads\/2026\/01\/Wholesale-Tall-Food-Storage-Containers-Supplier-1-100x100.webp 100w\" sizes=\"(max-width: 800px) 100vw, 800px\" \/><\/figure>\n<\/div>\n<\/div>\n\n\n\n<h2 class=\"wp-block-heading\">Recipientes altos de pl\u00e1stico para alimentos Tama\u00f1o:<\/h2>\n\n\n\n<figure class=\"wp-block-table is-style-stripes\"><table class=\"has-fixed-layout\"><tbody><tr><td>Modelo<\/td><td>Tallas<\/td><td>Capacidad<\/td><td>Especificaci\u00f3n<\/td><td>Embalaje<\/td><td>Tama\u00f1o de la caja<\/td><td>Peso bruto<\/td><\/tr><tr><td>3335<\/td><td>Grande<\/td><td>1900ML\/3PCS<\/td><td>13.5*13.5*20.5<\/td><td>60<\/td><td>69*56*63<\/td><td>18.3<\/td><\/tr><tr><td>3336<\/td><td>Peque\u00f1o<\/td><td>1900ML\/4PCS<\/td><td>13.5*13.5*22.5<\/td><td>48<\/td><td>56*56*68<\/td><td>19.3<\/td><\/tr><tr><td>3337<\/td><td>Grande<\/td><td>1170ML\/3PCS<\/td><td>12*12*17.5<\/td><td>80<\/td><td>62*50*72<\/td><td>18.4<\/td><\/tr><tr><td>3338<\/td><td>Peque\u00f1o<\/td><td>1170ML\/4PCS<\/td><td>12*12*19.5<\/td><td>60<\/td><td>62*50*61<\/td><td>18.2<\/td><\/tr><\/tbody><\/table><\/figure>\n\n\n\n<div class=\"wp-block-columns is-layout-flex wp-container-core-columns-is-layout-9d6595d7 wp-block-columns-is-layout-flex\">\n<div class=\"wp-block-column is-layout-flow wp-block-column-is-layout-flow\">\n<figure class=\"wp-block-image size-full\"><img decoding=\"async\" width=\"800\" height=\"800\" src=\"https:\/\/www.xhplasticlife.com\/wp-content\/uploads\/2026\/01\/SKU-04-1900ML-4.webp\" alt=\"SKU-04-1900ML - 4\" class=\"wp-image-2059\" srcset=\"https:\/\/www.xhplasticlife.com\/wp-content\/uploads\/2026\/01\/SKU-04-1900ML-4.webp 800w, https:\/\/www.xhplasticlife.com\/wp-content\/uploads\/2026\/01\/SKU-04-1900ML-4-300x300.webp 300w, https:\/\/www.xhplasticlife.com\/wp-content\/uploads\/2026\/01\/SKU-04-1900ML-4-150x150.webp 150w, https:\/\/www.xhplasticlife.com\/wp-content\/uploads\/2026\/01\/SKU-04-1900ML-4-768x768.webp 768w, https:\/\/www.xhplasticlife.com\/wp-content\/uploads\/2026\/01\/SKU-04-1900ML-4-12x12.webp 12w, https:\/\/www.xhplasticlife.com\/wp-content\/uploads\/2026\/01\/SKU-04-1900ML-4-600x600.webp 600w, https:\/\/www.xhplasticlife.com\/wp-content\/uploads\/2026\/01\/SKU-04-1900ML-4-100x100.webp 100w\" sizes=\"(max-width: 800px) 100vw, 800px\" \/><\/figure>\n<\/div>\n\n\n\n<div class=\"wp-block-column is-layout-flow wp-block-column-is-layout-flow\">\n<figure class=\"wp-block-image size-full\"><img decoding=\"async\" width=\"800\" height=\"800\" src=\"https:\/\/www.xhplasticlife.com\/wp-content\/uploads\/2026\/01\/SKU-03-1900ML-3.webp\" alt=\"SKU-03-1900ML -3\" class=\"wp-image-2058\" srcset=\"https:\/\/www.xhplasticlife.com\/wp-content\/uploads\/2026\/01\/SKU-03-1900ML-3.webp 800w, https:\/\/www.xhplasticlife.com\/wp-content\/uploads\/2026\/01\/SKU-03-1900ML-3-300x300.webp 300w, https:\/\/www.xhplasticlife.com\/wp-content\/uploads\/2026\/01\/SKU-03-1900ML-3-150x150.webp 150w, https:\/\/www.xhplasticlife.com\/wp-content\/uploads\/2026\/01\/SKU-03-1900ML-3-768x768.webp 768w, https:\/\/www.xhplasticlife.com\/wp-content\/uploads\/2026\/01\/SKU-03-1900ML-3-12x12.webp 12w, https:\/\/www.xhplasticlife.com\/wp-content\/uploads\/2026\/01\/SKU-03-1900ML-3-600x600.webp 600w, https:\/\/www.xhplasticlife.com\/wp-content\/uploads\/2026\/01\/SKU-03-1900ML-3-100x100.webp 100w\" sizes=\"(max-width: 800px) 100vw, 800px\" \/><\/figure>\n<\/div>\n\n\n\n<div class=\"wp-block-column is-layout-flow wp-block-column-is-layout-flow\">\n<figure class=\"wp-block-image size-full\"><img decoding=\"async\" width=\"800\" height=\"800\" src=\"https:\/\/www.xhplasticlife.com\/wp-content\/uploads\/2026\/01\/SKU-02-1170ML-4.webp\" alt=\"SKU-02-1170ML - 4\" class=\"wp-image-2057\" srcset=\"https:\/\/www.xhplasticlife.com\/wp-content\/uploads\/2026\/01\/SKU-02-1170ML-4.webp 800w, https:\/\/www.xhplasticlife.com\/wp-content\/uploads\/2026\/01\/SKU-02-1170ML-4-300x300.webp 300w, https:\/\/www.xhplasticlife.com\/wp-content\/uploads\/2026\/01\/SKU-02-1170ML-4-150x150.webp 150w, https:\/\/www.xhplasticlife.com\/wp-content\/uploads\/2026\/01\/SKU-02-1170ML-4-768x768.webp 768w, https:\/\/www.xhplasticlife.com\/wp-content\/uploads\/2026\/01\/SKU-02-1170ML-4-12x12.webp 12w, https:\/\/www.xhplasticlife.com\/wp-content\/uploads\/2026\/01\/SKU-02-1170ML-4-600x600.webp 600w, https:\/\/www.xhplasticlife.com\/wp-content\/uploads\/2026\/01\/SKU-02-1170ML-4-100x100.webp 100w\" sizes=\"(max-width: 800px) 100vw, 800px\" \/><\/figure>\n<\/div>\n\n\n\n<div class=\"wp-block-column is-layout-flow wp-block-column-is-layout-flow\">\n<figure class=\"wp-block-image size-full\"><img decoding=\"async\" width=\"800\" height=\"800\" src=\"https:\/\/www.xhplasticlife.com\/wp-content\/uploads\/2026\/01\/SKU-01-1170ML-3.webp\" alt=\"SKU-01-1170ML -3\" class=\"wp-image-2056\" srcset=\"https:\/\/www.xhplasticlife.com\/wp-content\/uploads\/2026\/01\/SKU-01-1170ML-3.webp 800w, https:\/\/www.xhplasticlife.com\/wp-content\/uploads\/2026\/01\/SKU-01-1170ML-3-300x300.webp 300w, https:\/\/www.xhplasticlife.com\/wp-content\/uploads\/2026\/01\/SKU-01-1170ML-3-150x150.webp 150w, https:\/\/www.xhplasticlife.com\/wp-content\/uploads\/2026\/01\/SKU-01-1170ML-3-768x768.webp 768w, https:\/\/www.xhplasticlife.com\/wp-content\/uploads\/2026\/01\/SKU-01-1170ML-3-12x12.webp 12w, https:\/\/www.xhplasticlife.com\/wp-content\/uploads\/2026\/01\/SKU-01-1170ML-3-600x600.webp 600w, https:\/\/www.xhplasticlife.com\/wp-content\/uploads\/2026\/01\/SKU-01-1170ML-3-100x100.webp 100w\" sizes=\"(max-width: 800px) 100vw, 800px\" \/><\/figure>\n<\/div>\n<\/div>","protected":false},"excerpt":{"rendered":"<p data-start=\"403\" data-end=\"669\">Bienvenido a comprar al por mayor recipientes altos para almacenar alimentos. Como proveedor OEM de contenedores de pl\u00e1stico para alimentos, ofrecemos contenedores altos para alimentos para uso en cocina. Los precios al por mayor directos de f\u00e1brica, el soporte OEM\/ODM y las muestras gratuitas ayudan a los compradores a abastecerse eficientemente.<\/p>\n<h2>Venta al por mayor de envases altos para alimentos Par\u00e1metro<\/h2>\n<ul>\n<li><strong>Modelo<\/strong>: 3335-3338<\/li>\n<li><strong>Marca<\/strong>: <a href=\"https:\/\/www.xhplasticlife.com\/es\/\"><strong>Xinghui<\/strong><\/a><\/li>\n<li><strong>Material<\/strong>: PP\u00a0<\/li>\n<li><strong>Color<\/strong>: Blanco+Transparente<\/li>\n<li><strong>Embalaje: <\/strong>Licitaci\u00f3n en papel<\/li>\n<li><strong>OEM\/ODM<\/strong>: Disponible<\/li>\n<li><strong>Opci\u00f3n personalizada<\/strong>: Color\/Tama\u00f1o\/Logotipo\/Embalaje<\/li>\n<\/ul>\n<h2>De contenedores de almacenamiento de alimentos Fabricante :<\/h2>\n<p>Fundada en 2000,<a href=\"https:\/\/www.xhplasticlife.com\/es\/\">\u00a0<strong>Xinghui<\/strong><\/a>\u00a0se especializa en la producci\u00f3n y venta al por mayor de fiambreras, recipientes para almacenar alimentos, art\u00edculos para bebidas, recipientes para almacenamiento dom\u00e9stico y otros productos de pl\u00e1stico de uso diario. Ofrecemos servicios integrales de OEM, ODM y comercio electr\u00f3nico a nuestros clientes.<\/p>","protected":false},"featured_media":2063,"comment_status":"closed","ping_status":"closed","template":"","meta":{"_acf_changed":false},"product_brand":[],"product_cat":[18],"product_tag":[],"class_list":{"0":"post-2055","1":"product","2":"type-product","3":"status-publish","4":"has-post-thumbnail","6":"product_cat-bulk-food-storage-container","8":"first","9":"instock","10":"shipping-taxable","11":"product-type-simple"},"acf":[],"_links":{"self":[{"href":"https:\/\/www.xhplasticlife.com\/es\/wp-json\/wp\/v2\/product\/2055","targetHints":{"allow":["GET"]}}],"collection":[{"href":"https:\/\/www.xhplasticlife.com\/es\/wp-json\/wp\/v2\/product"}],"about":[{"href":"https:\/\/www.xhplasticlife.com\/es\/wp-json\/wp\/v2\/types\/product"}],"replies":[{"embeddable":true,"href":"https:\/\/www.xhplasticlife.com\/es\/wp-json\/wp\/v2\/comments?post=2055"}],"wp:featuredmedia":[{"embeddable":true,"href":"https:\/\/www.xhplasticlife.com\/es\/wp-json\/wp\/v2\/media\/2063"}],"wp:attachment":[{"href":"https:\/\/www.xhplasticlife.com\/es\/wp-json\/wp\/v2\/media?parent=2055"}],"wp:term":[{"taxonomy":"product_brand","embeddable":true,"href":"https:\/\/www.xhplasticlife.com\/es\/wp-json\/wp\/v2\/product_brand?post=2055"},{"taxonomy":"product_cat","embeddable":true,"href":"https:\/\/www.xhplasticlife.com\/es\/wp-json\/wp\/v2\/product_cat?post=2055"},{"taxonomy":"product_tag","embeddable":true,"href":"https:\/\/www.xhplasticlife.com\/es\/wp-json\/wp\/v2\/product_tag?post=2055"}],"curies":[{"name":"wp","href":"https:\/\/api.w.org\/{rel}","templated":true}]}}