{"id":2048,"date":"2026-01-20T09:49:09","date_gmt":"2026-01-20T09:49:09","guid":{"rendered":"https:\/\/www.xhplasticlife.com\/?post_type=product&#038;p=2048"},"modified":"2026-01-20T10:44:10","modified_gmt":"2026-01-20T10:44:10","slug":"custom-tall-food-storage-containers","status":"publish","type":"product","link":"https:\/\/www.xhplasticlife.com\/es\/producto\/custom-tall-food-storage-containers\/","title":{"rendered":"Envases altos de pl\u00e1stico para alimentos Fabricantes de envases de pl\u00e1stico para alimentos"},"content":{"rendered":"<div class=\"wp-block-columns is-layout-flex wp-container-core-columns-is-layout-9d6595d7 wp-block-columns-is-layout-flex\">\n<div class=\"wp-block-column is-layout-flow wp-block-column-is-layout-flow\">\n<h2 class=\"wp-block-heading\">Recipientes altos personalizados para alimentos Caracter\u00edsticas:<\/h2>\n\n\n\n<ul class=\"wp-block-list\">\n<li><strong>El dise\u00f1o alto maximiza el espacio vertical de la cocina:<\/strong> La estructura alta del contenedor es ideal para almacenar alimentos largos o de gran capacidad, como pasta, cereales, caf\u00e9 en grano y aperitivos, lo que ayuda a los usuarios finales a optimizar el espacio de la cocina y aumenta el valor pr\u00e1ctico del producto.<\/li>\n\n\n\n<li><strong>Material pl\u00e1stico de calidad alimentaria, seguro para el uso diario: <\/strong>Fabricados con materiales pl\u00e1sticos aptos para el contacto con alimentos, inodoros y duraderos, adecuados para un uso prolongado y repetido, que cumplen los requisitos de seguridad de los distintos mercados de productos de almacenamiento de alimentos de cocina.<\/li>\n\n\n\n<li><strong>El dise\u00f1o sellado mantiene la frescura de los alimentos<\/strong>: La tapa herm\u00e9tica evita eficazmente la humedad y el polvo, reduciendo la entrada de aire y ayudando a que los productos secos y los ingredientes mantengan su sabor y calidad originales.<\/li>\n\n\n\n<li><strong>Aspecto transparente o transl\u00facido para ver f\u00e1cilmente el contenido<\/strong>: El dise\u00f1o claro permite a los usuarios ver f\u00e1cilmente el contenido, lo que tambi\u00e9n ayuda en la exposici\u00f3n al por menor y aumenta el atractivo para el consumidor.<\/li>\n\n\n\n<li><strong>Admite personalizaci\u00f3n de tama\u00f1o y aspecto, adecuado para clientes de marca: <\/strong>Como f\u00e1brica de recipientes altos personalizados para el almacenamiento de alimentos, ofrecemos la posibilidad de personalizar la altura, la capacidad, el color, el logotipo y el envase, lo que ayuda a los clientes a crear l\u00edneas de productos diferenciadas.<\/li>\n\n\n\n<li><strong>Adecuado para la compra a granel, capacidad de suministro estable:<\/strong> La estructura del producto es madura y adecuada para proyectos al por mayor de recipientes altos a medida para el almacenamiento de alimentos a largo plazo, satisfaciendo las necesidades de suministro continuo de marcas, mayoristas y clientes de canal.<\/li>\n<\/ul>\n<\/div>\n\n\n\n<div class=\"wp-block-column is-layout-flow wp-block-column-is-layout-flow\">\n<figure class=\"wp-block-image size-full\"><img decoding=\"async\" width=\"800\" height=\"800\" src=\"https:\/\/www.xhplasticlife.com\/wp-content\/uploads\/2026\/01\/Custom-Tall-Food-Storage-Containers-Manufacturer-2.webp\" alt=\"Recipientes altos a medida para alimentos Fabricante (2)\" class=\"wp-image-2050\" srcset=\"https:\/\/www.xhplasticlife.com\/wp-content\/uploads\/2026\/01\/Custom-Tall-Food-Storage-Containers-Manufacturer-2.webp 800w, https:\/\/www.xhplasticlife.com\/wp-content\/uploads\/2026\/01\/Custom-Tall-Food-Storage-Containers-Manufacturer-2-300x300.webp 300w, https:\/\/www.xhplasticlife.com\/wp-content\/uploads\/2026\/01\/Custom-Tall-Food-Storage-Containers-Manufacturer-2-150x150.webp 150w, https:\/\/www.xhplasticlife.com\/wp-content\/uploads\/2026\/01\/Custom-Tall-Food-Storage-Containers-Manufacturer-2-768x768.webp 768w, https:\/\/www.xhplasticlife.com\/wp-content\/uploads\/2026\/01\/Custom-Tall-Food-Storage-Containers-Manufacturer-2-12x12.webp 12w, https:\/\/www.xhplasticlife.com\/wp-content\/uploads\/2026\/01\/Custom-Tall-Food-Storage-Containers-Manufacturer-2-600x600.webp 600w, https:\/\/www.xhplasticlife.com\/wp-content\/uploads\/2026\/01\/Custom-Tall-Food-Storage-Containers-Manufacturer-2-100x100.webp 100w\" sizes=\"(max-width: 800px) 100vw, 800px\" \/><\/figure>\n<\/div>\n<\/div>\n\n\n\n<h2 class=\"wp-block-heading\">Recipientes altos de pl\u00e1stico para alimentos Tama\u00f1o:<\/h2>\n\n\n\n<figure class=\"wp-block-table is-style-stripes\"><table class=\"has-fixed-layout\"><tbody><tr><td>Modelo<\/td><td>Tallas<\/td><td>Capacidad<\/td><td>Especificaci\u00f3n<\/td><\/tr><tr><td rowspan=\"3\">3334<\/td><td>Grande<\/td><td>1900ML<\/td><td>13.5*<em>13.5<\/em>*15.6<\/td><\/tr><tr><td>Peque\u00f1o<\/td><td>1170ML<\/td><td>13.5*<em>13.5<\/em>*15.6<\/td><\/tr><\/tbody><\/table><\/figure>\n\n\n\n<p><\/p>","protected":false},"excerpt":{"rendered":"<p>Le damos la bienvenida a la compra de recipientes altos para alimentos personalizados. Somos fabricantes profesionales de recipientes de pl\u00e1stico para alimentos que suministran recipientes altos para alimentos secos y para uso en la cocina. Precios al por mayor directos de f\u00e1brica, servicio OEM\/ODM y muestras gratuitas disponibles.<\/p>\n<h2>Envases altos personalizados para alimentos Par\u00e1metro<\/h2>\n<ul>\n<li><strong>Modelo<\/strong>: 3334<\/li>\n<li><strong>Marca<\/strong>: <a href=\"https:\/\/www.xhplasticlife.com\/es\/\"><strong>Xinghui<\/strong><\/a><\/li>\n<li><strong>Material<\/strong>: PP\u00a0<\/li>\n<li><strong>Color<\/strong>: Blanco+Transparente<\/li>\n<li><strong>Peso bruto<\/strong>: 14,7 kg<\/li>\n<li><strong>Tama\u00f1o de la caja<\/strong>: 59*56*65<\/li>\n<li><strong>Embalaje<\/strong>: 80 piezas<\/li>\n<li><strong>Embalaje: <\/strong>Licitaci\u00f3n en papel<\/li>\n<li><strong>OEM\/ODM<\/strong>: Disponible<\/li>\n<li><strong>Opci\u00f3n personalizada<\/strong>: Color\/Tama\u00f1o\/Logotipo\/Embalaje<\/li>\n<\/ul>\n<h2>De contenedores de almacenamiento de alimentos Fabricante :<\/h2>\n<p>Fundada en 2000,<a href=\"https:\/\/www.xhplasticlife.com\/es\/\">\u00a0<strong>Xinghui<\/strong><\/a>\u00a0se especializa en la producci\u00f3n y venta al por mayor de fiambreras, recipientes para almacenar alimentos, art\u00edculos para bebidas, recipientes para almacenamiento dom\u00e9stico y otros productos de pl\u00e1stico de uso diario. Ofrecemos servicios integrales de OEM, ODM y comercio electr\u00f3nico a nuestros clientes.<\/p>","protected":false},"featured_media":2054,"comment_status":"closed","ping_status":"closed","template":"","meta":{"_acf_changed":false},"product_brand":[],"product_cat":[18],"product_tag":[],"class_list":{"0":"post-2048","1":"product","2":"type-product","3":"status-publish","4":"has-post-thumbnail","6":"product_cat-bulk-food-storage-container","8":"first","9":"instock","10":"shipping-taxable","11":"product-type-simple"},"acf":[],"_links":{"self":[{"href":"https:\/\/www.xhplasticlife.com\/es\/wp-json\/wp\/v2\/product\/2048","targetHints":{"allow":["GET"]}}],"collection":[{"href":"https:\/\/www.xhplasticlife.com\/es\/wp-json\/wp\/v2\/product"}],"about":[{"href":"https:\/\/www.xhplasticlife.com\/es\/wp-json\/wp\/v2\/types\/product"}],"replies":[{"embeddable":true,"href":"https:\/\/www.xhplasticlife.com\/es\/wp-json\/wp\/v2\/comments?post=2048"}],"wp:featuredmedia":[{"embeddable":true,"href":"https:\/\/www.xhplasticlife.com\/es\/wp-json\/wp\/v2\/media\/2054"}],"wp:attachment":[{"href":"https:\/\/www.xhplasticlife.com\/es\/wp-json\/wp\/v2\/media?parent=2048"}],"wp:term":[{"taxonomy":"product_brand","embeddable":true,"href":"https:\/\/www.xhplasticlife.com\/es\/wp-json\/wp\/v2\/product_brand?post=2048"},{"taxonomy":"product_cat","embeddable":true,"href":"https:\/\/www.xhplasticlife.com\/es\/wp-json\/wp\/v2\/product_cat?post=2048"},{"taxonomy":"product_tag","embeddable":true,"href":"https:\/\/www.xhplasticlife.com\/es\/wp-json\/wp\/v2\/product_tag?post=2048"}],"curies":[{"name":"wp","href":"https:\/\/api.w.org\/{rel}","templated":true}]}}