{"id":2042,"date":"2026-01-20T09:03:18","date_gmt":"2026-01-20T09:03:18","guid":{"rendered":"https:\/\/www.xhplasticlife.com\/?post_type=product&#038;p=2042"},"modified":"2026-01-20T09:42:59","modified_gmt":"2026-01-20T09:42:59","slug":"plastic-kitchen-food-container-bulk","status":"publish","type":"product","link":"https:\/\/www.xhplasticlife.com\/es\/producto\/plastic-kitchen-food-container-bulk\/","title":{"rendered":"F\u00e1brica de envases de pl\u00e1stico para alimentos de cocina, Juego de envases herm\u00e9ticos transparentes para alimentos a granel"},"content":{"rendered":"<div class=\"wp-block-columns is-layout-flex wp-container-core-columns-is-layout-9d6595d7 wp-block-columns-is-layout-flex\">\n<div class=\"wp-block-column is-layout-flow wp-block-column-is-layout-flow\">\n<h2 class=\"wp-block-heading\">Recipiente de pl\u00e1stico para alimentos de cocina a granel Caracter\u00edsticas:<\/h2>\n\n\n\n<ul class=\"wp-block-list\">\n<li><strong>Dise\u00f1o de tapa herm\u00e9tica para una protecci\u00f3n fiable contra la humedad y la conservaci\u00f3n de la frescura:<\/strong> La estructura herm\u00e9tica a\u00edsla eficazmente el aire y la humedad, lo que resulta ideal para almacenar arroz, harina, cereales, frutos secos y aperitivos, ayudando a los usuarios finales a mantener la frescura de los alimentos y mejorando el valor pr\u00e1ctico del producto.<\/li>\n\n\n\n<li><strong>Cuerpo transparente para facilitar la visibilidad del contenido:<\/strong> El material altamente transparente permite identificar r\u00e1pidamente el contenido y las cantidades restantes, lo que mejora la eficiencia en la cocina y facilita la exposici\u00f3n en el punto de venta, aumentando as\u00ed el atractivo de compra.<\/li>\n\n\n\n<li><strong>Material pl\u00e1stico de grado alimentario, seguro para el uso diario en la cocina:<\/strong> Fabricados con materiales pl\u00e1sticos aptos para el contacto con alimentos, inodoros y duraderos, adecuados para un uso prolongado y repetido tanto en cocinas dom\u00e9sticas como comerciales.<\/li>\n\n\n\n<li><strong>M\u00faltiples tama\u00f1os y combinaciones para satisfacer diversas necesidades de almacenamiento<\/strong>: Disponibles en varias capacidades y juegos combinados, pr\u00e1cticos para clasificar y almacenar diferentes ingredientes, especialmente indicados para la compra a granel y la venta en juegos de recipientes de pl\u00e1stico para alimentos de cocina.<\/li>\n\n\n\n<li><strong>El dise\u00f1o apilable ahorra espacio de almacenamiento y transporte: <\/strong>La estructura estable permite un apilamiento ordenado, reduciendo eficazmente los costes de almacenamiento y log\u00edstica, ideal para el suministro a largo plazo a mayoristas y clientes de canal.<\/li>\n\n\n\n<li><strong>Admite servicios de personalizaci\u00f3n OEM\/ODM<\/strong>: Existen colores, logotipos, ratios de capacidad y soluciones de envasado personalizables que ayudan a las marcas a crear l\u00edneas de productos de almacenamiento de cocina diferenciadas.<\/li>\n\n\n\n<li><strong>Suministro directo de f\u00e1brica, ventaja de precio significativa: <\/strong>Con nuestro propio sistema de producci\u00f3n y una capacidad estable, ofrecemos precios al por mayor de f\u00e1brica, lo que ayuda a los compradores a lograr una mayor rentabilidad en los pedidos al por mayor.<\/li>\n<\/ul>\n<\/div>\n\n\n\n<div class=\"wp-block-column is-layout-flow wp-block-column-is-layout-flow\">\n<figure class=\"wp-block-image size-full\"><img decoding=\"async\" width=\"634\" height=\"588\" src=\"https:\/\/www.xhplasticlife.com\/wp-content\/uploads\/2026\/01\/Plastic-Kitchen-Food-Container-Bulk-Factory-5.webp\" alt=\"Envases de pl\u00e1stico para alimentos a granel (5)\" class=\"wp-image-2047\" srcset=\"https:\/\/www.xhplasticlife.com\/wp-content\/uploads\/2026\/01\/Plastic-Kitchen-Food-Container-Bulk-Factory-5.webp 634w, https:\/\/www.xhplasticlife.com\/wp-content\/uploads\/2026\/01\/Plastic-Kitchen-Food-Container-Bulk-Factory-5-300x278.webp 300w, https:\/\/www.xhplasticlife.com\/wp-content\/uploads\/2026\/01\/Plastic-Kitchen-Food-Container-Bulk-Factory-5-13x12.webp 13w, https:\/\/www.xhplasticlife.com\/wp-content\/uploads\/2026\/01\/Plastic-Kitchen-Food-Container-Bulk-Factory-5-600x556.webp 600w\" sizes=\"(max-width: 634px) 100vw, 634px\" \/><\/figure>\n<\/div>\n<\/div>\n\n\n\n<h2 class=\"wp-block-heading\">Recipiente de pl\u00e1stico para alimentos de cocina Tama\u00f1o:<\/h2>\n\n\n\n<figure class=\"wp-block-table is-style-stripes\"><table class=\"has-fixed-layout\"><tbody><tr><td>Modelo<\/td><td>Tallas<\/td><td>Capacidad<\/td><td>Especificaci\u00f3n<\/td><\/tr><tr><td rowspan=\"3\">3332<\/td><td>Grande<\/td><td>2060ML<\/td><td>22.3*14.8*7.5<\/td><\/tr><tr><td>Medio<\/td><td>1200ML<\/td><td>21.5*13.5*6.7<\/td><\/tr><tr><td>Peque\u00f1o<\/td><td>800ML<\/td><td>20*12*5.3<\/td><\/tr><\/tbody><\/table><\/figure>","protected":false},"excerpt":{"rendered":"<p>Bienvenido a comprar recipientes de pl\u00e1stico para alimentos al por mayor. Suministramos juegos de recipientes de cocina herm\u00e9ticos transparentes para el almacenamiento de alimentos secos. Los precios al por mayor directos de f\u00e1brica, el suministro estable y las muestras gratuitas ayudan a los compradores a abastecerse eficazmente.<\/p>\n<h2>Par\u00e1metros de los recipientes de pl\u00e1stico para alimentos<\/h2>\n<ul>\n<li><strong>Modelo<\/strong>: 3332<\/li>\n<li><strong>Marca<\/strong>: <a href=\"https:\/\/www.xhplasticlife.com\/es\/\"><strong>Xinghui<\/strong><\/a><\/li>\n<li><strong>Material<\/strong>: PP\u00a0<\/li>\n<li><strong>Color<\/strong>: Blanco+Transparente<\/li>\n<li><strong>Peso bruto<\/strong>: 16,1 kg<\/li>\n<li><strong>Tama\u00f1o de la caja<\/strong>: 64*49*56<\/li>\n<li><strong>Embalaje<\/strong>: 56 piezas<\/li>\n<li><strong>Embalaje: <\/strong>Licitaci\u00f3n en papel<\/li>\n<li><strong>OEM\/ODM<\/strong>: Disponible<\/li>\n<li><strong>Opci\u00f3n personalizada<\/strong>: Color\/Tama\u00f1o\/Logotipo\/Embalaje<\/li>\n<\/ul>\n<h2>De contenedores de almacenamiento de alimentos Fabricante :<\/h2>\n<p>Fundada en 2000,<a href=\"https:\/\/www.xhplasticlife.com\/es\/\">\u00a0<strong>Xinghui<\/strong><\/a>\u00a0se especializa en la producci\u00f3n y venta al por mayor de fiambreras, recipientes para almacenar alimentos, art\u00edculos para bebidas, recipientes para almacenamiento dom\u00e9stico y otros productos de pl\u00e1stico de uso diario. Ofrecemos servicios integrales de OEM, ODM y comercio electr\u00f3nico a nuestros clientes.<\/p>","protected":false},"featured_media":2043,"comment_status":"closed","ping_status":"closed","template":"","meta":{"_acf_changed":false},"product_brand":[],"product_cat":[18],"product_tag":[],"class_list":{"0":"post-2042","1":"product","2":"type-product","3":"status-publish","4":"has-post-thumbnail","6":"product_cat-bulk-food-storage-container","8":"first","9":"instock","10":"shipping-taxable","11":"product-type-simple"},"acf":[],"_links":{"self":[{"href":"https:\/\/www.xhplasticlife.com\/es\/wp-json\/wp\/v2\/product\/2042","targetHints":{"allow":["GET"]}}],"collection":[{"href":"https:\/\/www.xhplasticlife.com\/es\/wp-json\/wp\/v2\/product"}],"about":[{"href":"https:\/\/www.xhplasticlife.com\/es\/wp-json\/wp\/v2\/types\/product"}],"replies":[{"embeddable":true,"href":"https:\/\/www.xhplasticlife.com\/es\/wp-json\/wp\/v2\/comments?post=2042"}],"wp:featuredmedia":[{"embeddable":true,"href":"https:\/\/www.xhplasticlife.com\/es\/wp-json\/wp\/v2\/media\/2043"}],"wp:attachment":[{"href":"https:\/\/www.xhplasticlife.com\/es\/wp-json\/wp\/v2\/media?parent=2042"}],"wp:term":[{"taxonomy":"product_brand","embeddable":true,"href":"https:\/\/www.xhplasticlife.com\/es\/wp-json\/wp\/v2\/product_brand?post=2042"},{"taxonomy":"product_cat","embeddable":true,"href":"https:\/\/www.xhplasticlife.com\/es\/wp-json\/wp\/v2\/product_cat?post=2042"},{"taxonomy":"product_tag","embeddable":true,"href":"https:\/\/www.xhplasticlife.com\/es\/wp-json\/wp\/v2\/product_tag?post=2042"}],"curies":[{"name":"wp","href":"https:\/\/api.w.org\/{rel}","templated":true}]}}