{"id":2035,"date":"2026-01-20T08:56:34","date_gmt":"2026-01-20T08:28:17","guid":{"rendered":"https:\/\/www.xhplasticlife.com\/?post_type=product&#038;p=2035"},"modified":"2026-01-20T09:00:09","modified_gmt":"2026-01-20T09:00:09","slug":"oem-frozen-food-containers-wholesale","status":"publish","type":"product","link":"https:\/\/www.xhplasticlife.com\/es\/producto\/oem-frozen-food-containers-wholesale\/","title":{"rendered":"OEM Contenedores de Alimentos Congelados al por mayor, caja de almacenamiento rectangular Set Proveedor"},"content":{"rendered":"<div class=\"wp-block-columns is-layout-flex wp-container-core-columns-is-layout-9d6595d7 wp-block-columns-is-layout-flex\">\n<div class=\"wp-block-column is-layout-flow wp-block-column-is-layout-flow\">\n<h2 class=\"wp-block-heading\">Contenedores de alimentos congelados al por mayor Caracter\u00edsticas:<\/h2>\n\n\n\n<ul class=\"wp-block-list\">\n<li><strong>Dise\u00f1ado espec\u00edficamente para el almacenamiento en congelador, adecuado para diversas aplicaciones alimentarias<\/strong>: El producto es ideal para congelar carne, marisco, platos preparados y comidas caseras. Su estructura estable resiste la deformaci\u00f3n a bajas temperaturas, por lo que es adecuado para un uso a largo plazo e ideal para el suministro al por mayor de recipientes para alimentos congelados.<\/li>\n\n\n\n<li><strong>Dise\u00f1o rectangular del juego de tres piezas para un almacenamiento eficaz:<\/strong> La estructura rectangular maximiza el espacio del frigor\u00edfico, y el juego de tres piezas permite clasificar y almacenar f\u00e1cilmente, reduciendo el desorden en el congelador y mejorando la experiencia del usuario final. Como proveedor profesional de sets de cajas de almacenamiento rectangulares, priorizamos el dise\u00f1o pr\u00e1ctico.<\/li>\n\n\n\n<li><strong>Materiales de calidad alimentaria, seguros y duraderos:<\/strong> Fabricados con materiales pl\u00e1sticos aptos para el contacto con alimentos, inodoros y resistentes a bajas temperaturas, aptos para un uso repetido, cumplen los requisitos de seguridad alimentaria de distintos pa\u00edses.<\/li>\n\n\n\n<li><strong>Excelente sellado, que reduce la transferencia de sabor y la p\u00e9rdida de humedad:<\/strong> La tapa herm\u00e9tica a\u00edsla eficazmente el aire, ayudando a que los alimentos congelados mantengan su sabor y calidad, y reduciendo las p\u00e9rdidas por congelaci\u00f3n.<\/li>\n\n\n\n<li><strong>Admite servicios de personalizaci\u00f3n OEM\/ODM<\/strong>: Podemos personalizar dimensiones, colores, logotipos y soluciones de envasado seg\u00fan las necesidades del cliente, ayudando a las marcas a crear l\u00edneas de productos de almacenamiento de alimentos congelados diferenciadas.<\/li>\n\n\n\n<li><strong>Suministro directo de f\u00e1brica, importantes ventajas de precio al por mayor: <\/strong>Con nuestro propio sistema de producci\u00f3n y capacidad estable, como proveedor maduro de cajas rectangulares de almacenamiento, ofrecemos precios competitivos al por mayor de f\u00e1brica.<\/li>\n\n\n\n<li><strong>Soporte gratuito de muestras para reducir los riesgos de las decisiones de compra:<\/strong> Proporcionamos muestras gratuitas para que los compradores puedan realizar pruebas de calidad y verificaciones de mercado antes de realizar un pedido formal, lo que acelera el proceso de cooperaci\u00f3n.<\/li>\n<\/ul>\n<\/div>\n\n\n\n<div class=\"wp-block-column is-layout-flow wp-block-column-is-layout-flow\">\n<figure class=\"wp-block-image size-full\"><img decoding=\"async\" width=\"750\" height=\"750\" src=\"https:\/\/www.xhplasticlife.com\/wp-content\/uploads\/2026\/01\/OEM-Frozen-Food-Containers-Wholesale.webp\" alt=\"OEM Envases para alimentos congelados al por mayor\" class=\"wp-image-2041\" srcset=\"https:\/\/www.xhplasticlife.com\/wp-content\/uploads\/2026\/01\/OEM-Frozen-Food-Containers-Wholesale.webp 750w, https:\/\/www.xhplasticlife.com\/wp-content\/uploads\/2026\/01\/OEM-Frozen-Food-Containers-Wholesale-300x300.webp 300w, https:\/\/www.xhplasticlife.com\/wp-content\/uploads\/2026\/01\/OEM-Frozen-Food-Containers-Wholesale-150x150.webp 150w, https:\/\/www.xhplasticlife.com\/wp-content\/uploads\/2026\/01\/OEM-Frozen-Food-Containers-Wholesale-12x12.webp 12w, https:\/\/www.xhplasticlife.com\/wp-content\/uploads\/2026\/01\/OEM-Frozen-Food-Containers-Wholesale-600x600.webp 600w, https:\/\/www.xhplasticlife.com\/wp-content\/uploads\/2026\/01\/OEM-Frozen-Food-Containers-Wholesale-100x100.webp 100w\" sizes=\"(max-width: 750px) 100vw, 750px\" \/><\/figure>\n<\/div>\n<\/div>\n\n\n\n<h2 class=\"wp-block-heading\">Recipientes para alimentos congelados Tama\u00f1o:<\/h2>\n\n\n\n<figure class=\"wp-block-table is-style-stripes\"><table class=\"has-fixed-layout\"><tbody><tr><td>Modelo<\/td><td>Tallas<\/td><td>Capacidad<\/td><td>Especificaci\u00f3n<\/td><\/tr><tr><td rowspan=\"3\">3332<\/td><td>Grande<\/td><td>2060ML<\/td><td>22.3*14.8*7.5<\/td><\/tr><tr><td>Medio<\/td><td>1200ML<\/td><td>21.5*13.5*6.7<\/td><\/tr><tr><td>Peque\u00f1o<\/td><td>800ML<\/td><td>20*12*5.3<\/td><\/tr><\/tbody><\/table><\/figure>\n\n\n\n<div class=\"wp-block-columns is-layout-flex wp-container-core-columns-is-layout-9d6595d7 wp-block-columns-is-layout-flex\">\n<div class=\"wp-block-column is-layout-flow wp-block-column-is-layout-flow\">\n<figure class=\"wp-block-image size-full\"><img decoding=\"async\" width=\"608\" height=\"405\" src=\"https:\/\/www.xhplasticlife.com\/wp-content\/uploads\/2026\/01\/OEM-Frozen-Food-Containers-Wholesale-Supplier-2.webp\" alt=\"Proveedor al por mayor de envases para alimentos congelados OEM (2)\" class=\"wp-image-2040\" srcset=\"https:\/\/www.xhplasticlife.com\/wp-content\/uploads\/2026\/01\/OEM-Frozen-Food-Containers-Wholesale-Supplier-2.webp 608w, https:\/\/www.xhplasticlife.com\/wp-content\/uploads\/2026\/01\/OEM-Frozen-Food-Containers-Wholesale-Supplier-2-300x200.webp 300w, https:\/\/www.xhplasticlife.com\/wp-content\/uploads\/2026\/01\/OEM-Frozen-Food-Containers-Wholesale-Supplier-2-18x12.webp 18w, https:\/\/www.xhplasticlife.com\/wp-content\/uploads\/2026\/01\/OEM-Frozen-Food-Containers-Wholesale-Supplier-2-600x400.webp 600w\" sizes=\"(max-width: 608px) 100vw, 608px\" \/><\/figure>\n<\/div>\n\n\n\n<div class=\"wp-block-column is-layout-flow wp-block-column-is-layout-flow\">\n<figure class=\"wp-block-image size-full\"><img decoding=\"async\" width=\"928\" height=\"619\" src=\"https:\/\/www.xhplasticlife.com\/wp-content\/uploads\/2026\/01\/OEM-Frozen-Food-Containers-Wholesale-Supplier-1.webp\" alt=\"Proveedor al por mayor de envases para alimentos congelados OEM (1)\" class=\"wp-image-2039\" srcset=\"https:\/\/www.xhplasticlife.com\/wp-content\/uploads\/2026\/01\/OEM-Frozen-Food-Containers-Wholesale-Supplier-1.webp 928w, https:\/\/www.xhplasticlife.com\/wp-content\/uploads\/2026\/01\/OEM-Frozen-Food-Containers-Wholesale-Supplier-1-300x200.webp 300w, https:\/\/www.xhplasticlife.com\/wp-content\/uploads\/2026\/01\/OEM-Frozen-Food-Containers-Wholesale-Supplier-1-768x512.webp 768w, https:\/\/www.xhplasticlife.com\/wp-content\/uploads\/2026\/01\/OEM-Frozen-Food-Containers-Wholesale-Supplier-1-18x12.webp 18w, https:\/\/www.xhplasticlife.com\/wp-content\/uploads\/2026\/01\/OEM-Frozen-Food-Containers-Wholesale-Supplier-1-600x400.webp 600w\" sizes=\"(max-width: 928px) 100vw, 928px\" \/><\/figure>\n<\/div>\n<\/div>","protected":false},"excerpt":{"rendered":"<p>Bienvenido a comprar recipientes para alimentos congelados al por mayor. Como proveedor profesional de cajas rectangulares de almacenamiento, ofrecemos recipientes de pl\u00e1stico OEM para alimentos congelados. Los precios al por mayor directos de f\u00e1brica, el soporte OEM\/ODM y las muestras gratuitas ayudan a los compradores a abastecerse eficientemente.<\/p>\n<h2>Envases para alimentos congelados Par\u00e1metros al por mayor<\/h2>\n<ul>\n<li><strong>Modelo<\/strong>: 3332<\/li>\n<li><strong>Marca<\/strong>: <a href=\"https:\/\/www.xhplasticlife.com\/es\/\"><strong>Xinghui<\/strong><\/a><\/li>\n<li><strong>Material<\/strong>: PP\u00a0<\/li>\n<li><strong>Color<\/strong>: Blanco+Transparente<\/li>\n<li><strong>Peso bruto<\/strong>: 16,1 kg<\/li>\n<li><strong>Tama\u00f1o de la caja<\/strong>: 64*49*56<\/li>\n<li><strong>Embalaje<\/strong>: 56 piezas<\/li>\n<li><strong>Embalaje:<\/strong>Licitaci\u00f3n en papel<\/li>\n<li><strong>OEM\/ODM<\/strong>: Disponible<\/li>\n<li><strong>Opci\u00f3n personalizada<\/strong>: Color\/Tama\u00f1o\/Logotipo\/Embalaje<\/li>\n<\/ul>\n<h2>De contenedores de almacenamiento de alimentos Fabricante :<\/h2>\n<p>Fundada en 2000,<a href=\"https:\/\/www.xhplasticlife.com\/es\/\">\u00a0<strong>Xinghui<\/strong><\/a>\u00a0se especializa en la producci\u00f3n y venta al por mayor de fiambreras, recipientes para almacenar alimentos, art\u00edculos para bebidas, recipientes para almacenamiento dom\u00e9stico y otros productos de pl\u00e1stico de uso diario. Ofrecemos servicios integrales de OEM, ODM y comercio electr\u00f3nico a nuestros clientes.<\/p>","protected":false},"featured_media":2036,"comment_status":"closed","ping_status":"closed","template":"","meta":{"_acf_changed":false},"product_brand":[],"product_cat":[18],"product_tag":[],"class_list":{"0":"post-2035","1":"product","2":"type-product","3":"status-publish","4":"has-post-thumbnail","6":"product_cat-bulk-food-storage-container","8":"first","9":"instock","10":"shipping-taxable","11":"product-type-simple"},"acf":[],"_links":{"self":[{"href":"https:\/\/www.xhplasticlife.com\/es\/wp-json\/wp\/v2\/product\/2035","targetHints":{"allow":["GET"]}}],"collection":[{"href":"https:\/\/www.xhplasticlife.com\/es\/wp-json\/wp\/v2\/product"}],"about":[{"href":"https:\/\/www.xhplasticlife.com\/es\/wp-json\/wp\/v2\/types\/product"}],"replies":[{"embeddable":true,"href":"https:\/\/www.xhplasticlife.com\/es\/wp-json\/wp\/v2\/comments?post=2035"}],"wp:featuredmedia":[{"embeddable":true,"href":"https:\/\/www.xhplasticlife.com\/es\/wp-json\/wp\/v2\/media\/2036"}],"wp:attachment":[{"href":"https:\/\/www.xhplasticlife.com\/es\/wp-json\/wp\/v2\/media?parent=2035"}],"wp:term":[{"taxonomy":"product_brand","embeddable":true,"href":"https:\/\/www.xhplasticlife.com\/es\/wp-json\/wp\/v2\/product_brand?post=2035"},{"taxonomy":"product_cat","embeddable":true,"href":"https:\/\/www.xhplasticlife.com\/es\/wp-json\/wp\/v2\/product_cat?post=2035"},{"taxonomy":"product_tag","embeddable":true,"href":"https:\/\/www.xhplasticlife.com\/es\/wp-json\/wp\/v2\/product_tag?post=2035"}],"curies":[{"name":"wp","href":"https:\/\/api.w.org\/{rel}","templated":true}]}}