{"id":2004,"date":"2026-01-07T03:12:11","date_gmt":"2026-01-07T03:12:11","guid":{"rendered":"https:\/\/www.xhplasticlife.com\/?post_type=product&#038;p=2004"},"modified":"2026-01-07T03:35:13","modified_gmt":"2026-01-07T03:35:13","slug":"large-rectangular-food-storage-containers","status":"publish","type":"product","link":"https:\/\/www.xhplasticlife.com\/es\/producto\/large-rectangular-food-storage-containers\/","title":{"rendered":"Recipientes rectangulares grandes para alimentos Fabricante al por mayor"},"content":{"rendered":"<div class=\"wp-block-columns is-layout-flex wp-container-core-columns-is-layout-9d6595d7 wp-block-columns-is-layout-flex\">\n<div class=\"wp-block-column is-layout-flow wp-block-column-is-layout-flow\">\n<h2 class=\"wp-block-heading\">Juego de recipientes rectangulares grandes para almacenar alimentos Caracter\u00edsticas:<\/h2>\n\n\n\n<ul class=\"wp-block-list\">\n<li><strong>Dise\u00f1o de gran capacidad de 2,06 l para satisfacer las necesidades de preparaci\u00f3n de comidas frecuentes<\/strong>. Adecuado para la preparaci\u00f3n de comidas en el hogar, la preparaci\u00f3n de comidas en gimnasios, el envasado de comida para llevar y el uso en cocinas comerciales. La gran capacidad reduce el n\u00famero de operaciones de reenvasado, mejorando la experiencia del usuario final. Ideal para proyectos al por mayor de recipientes rectangulares grandes de almacenamiento de alimentos a largo plazo.<\/li>\n\n\n\n<li><strong>Material PP de calidad alimentaria sin BPA, seguro y duradero. <\/strong>Hecho de material PP transparente de alta calidad, sin BPA, inodoro y resistente al choque t\u00e9rmico, adecuado para uso repetido. Como fabricante profesional de envases de PP personalizados para comida preparada, cumplimos estrictamente las normas de seguridad en contacto con alimentos.<\/li>\n\n\n\n<li><strong>Apto para microondas\/congelador para una mayor flexibilidad.<\/strong> Admite tanto el funcionamiento en microondas como en congelador, lo que facilita la preparaci\u00f3n anticipada de comidas, la refrigeraci\u00f3n, la congelaci\u00f3n y el recalentamiento r\u00e1pido, cubriendo diversos escenarios de almacenamiento y calentamiento de alimentos.<\/li>\n\n\n\n<li><strong>La estructura apilable reduce los costes de almacenamiento y transporte.<\/strong> El dise\u00f1o apilable facilita el apilamiento ordenado, ahorrando espacio de almac\u00e9n y log\u00edstica, lo que ayuda a los compradores a controlar eficazmente los costes en la compra a granel y el suministro a largo plazo.<\/li>\n\n\n\n<li><strong>Caja transparente para una clara visibilidad del contenido.<\/strong> El claro dise\u00f1o en PP facilita la r\u00e1pida identificaci\u00f3n de los tipos de alimentos y las cantidades restantes, al tiempo que mejora la exposici\u00f3n en el punto de venta y la experiencia del usuario final.<\/li>\n\n\n\n<li><strong>Juegos flexibles de 2\/3\/4 piezas adecuados para la venta multicanal. <\/strong>Los m\u00faltiples tama\u00f1os de juego satisfacen las necesidades de los distintos mercados y canales de venta, facilitando a las marcas la creaci\u00f3n de estructuras de producto multi-SKU.<\/li>\n\n\n\n<li><strong>Servicios de personalizaci\u00f3n OEM\/ODM disponibles<\/strong>. Las combinaciones de capacidad, colores, logotipos y soluciones de envasado personalizables ayudan a los clientes a crear l\u00edneas de productos de envases de PP personalizados para comidas preparadas diferenciadas.<\/li>\n<\/ul>\n<\/div>\n\n\n\n<div class=\"wp-block-column is-layout-flow wp-block-column-is-layout-flow\">\n<figure class=\"wp-block-image size-full\"><img decoding=\"async\" width=\"750\" height=\"750\" src=\"https:\/\/www.xhplasticlife.com\/wp-content\/uploads\/2026\/01\/Large-Rectangular-Food-Storage-Containers-Wholesale-4.webp\" alt=\"Recipientes rectangulares grandes para alimentos al por mayor (4)\" class=\"wp-image-2011\" srcset=\"https:\/\/www.xhplasticlife.com\/wp-content\/uploads\/2026\/01\/Large-Rectangular-Food-Storage-Containers-Wholesale-4.webp 750w, https:\/\/www.xhplasticlife.com\/wp-content\/uploads\/2026\/01\/Large-Rectangular-Food-Storage-Containers-Wholesale-4-300x300.webp 300w, https:\/\/www.xhplasticlife.com\/wp-content\/uploads\/2026\/01\/Large-Rectangular-Food-Storage-Containers-Wholesale-4-150x150.webp 150w, https:\/\/www.xhplasticlife.com\/wp-content\/uploads\/2026\/01\/Large-Rectangular-Food-Storage-Containers-Wholesale-4-12x12.webp 12w, https:\/\/www.xhplasticlife.com\/wp-content\/uploads\/2026\/01\/Large-Rectangular-Food-Storage-Containers-Wholesale-4-600x600.webp 600w, https:\/\/www.xhplasticlife.com\/wp-content\/uploads\/2026\/01\/Large-Rectangular-Food-Storage-Containers-Wholesale-4-100x100.webp 100w\" sizes=\"(max-width: 750px) 100vw, 750px\" \/><\/figure>\n<\/div>\n<\/div>\n\n\n\n<h2 class=\"wp-block-heading\">Contenedores a granel para congelaci\u00f3n Tama\u00f1o:<\/h2>\n\n\n\n<figure class=\"wp-block-table is-style-stripes\"><table class=\"has-fixed-layout\"><tbody><tr><td>Modelo<\/td><td>Capacidad<\/td><td>Dimensiones del producto<\/td><td>G.W.\/Caso<\/td><td>Cantidad por caja<\/td><td>Tama\u00f1o de la caja exterior<\/td><\/tr><tr><td>3320<\/td><td>2060ML\/1PCS<\/td><td>23x15x10,5cm<\/td><td>17.2KG<\/td><td>54 piezas<\/td><td>72x48x60cm<\/td><\/tr><tr><td>3321<\/td><td>2060ML\/1PCS<\/td><td>23x15x13cm<\/td><td>17.7KG<\/td><td>45 unidades<\/td><td>72x48x60cm<\/td><\/tr><tr><td>3322<\/td><td>2060ML\/1PCS<\/td><td>23x15x15cm<\/td><td>14KG<\/td><td>36 piezas<\/td><td>72x48x60cm<\/td><\/tr><\/tbody><\/table><\/figure>\n\n\n\n<div class=\"wp-block-columns is-layout-flex wp-container-core-columns-is-layout-9d6595d7 wp-block-columns-is-layout-flex\">\n<div class=\"wp-block-column is-layout-flow wp-block-column-is-layout-flow\"><div class=\"wp-block-image\">\n<figure class=\"aligncenter size-full\"><img decoding=\"async\" width=\"800\" height=\"800\" src=\"https:\/\/www.xhplasticlife.com\/wp-content\/uploads\/2026\/01\/Large-Rectangular-Food-Storage-Containers-2PCS-SKU-01.webp\" alt=\"Recipientes rectangulares grandes para alimentos 2PCS - SKU-01\" class=\"wp-image-2005\" srcset=\"https:\/\/www.xhplasticlife.com\/wp-content\/uploads\/2026\/01\/Large-Rectangular-Food-Storage-Containers-2PCS-SKU-01.webp 800w, https:\/\/www.xhplasticlife.com\/wp-content\/uploads\/2026\/01\/Large-Rectangular-Food-Storage-Containers-2PCS-SKU-01-300x300.webp 300w, https:\/\/www.xhplasticlife.com\/wp-content\/uploads\/2026\/01\/Large-Rectangular-Food-Storage-Containers-2PCS-SKU-01-150x150.webp 150w, https:\/\/www.xhplasticlife.com\/wp-content\/uploads\/2026\/01\/Large-Rectangular-Food-Storage-Containers-2PCS-SKU-01-768x768.webp 768w, https:\/\/www.xhplasticlife.com\/wp-content\/uploads\/2026\/01\/Large-Rectangular-Food-Storage-Containers-2PCS-SKU-01-12x12.webp 12w, https:\/\/www.xhplasticlife.com\/wp-content\/uploads\/2026\/01\/Large-Rectangular-Food-Storage-Containers-2PCS-SKU-01-600x600.webp 600w, https:\/\/www.xhplasticlife.com\/wp-content\/uploads\/2026\/01\/Large-Rectangular-Food-Storage-Containers-2PCS-SKU-01-100x100.webp 100w\" sizes=\"(max-width: 800px) 100vw, 800px\" \/><figcaption class=\"wp-element-caption\">3320<\/figcaption><\/figure>\n<\/div><\/div>\n\n\n\n<div class=\"wp-block-column is-layout-flow wp-block-column-is-layout-flow\"><div class=\"wp-block-image\">\n<figure class=\"aligncenter size-full\"><img decoding=\"async\" width=\"800\" height=\"800\" src=\"https:\/\/www.xhplasticlife.com\/wp-content\/uploads\/2026\/01\/Large-Rectangular-Food-Storage-Containers-3PCS-SKU-02.webp\" alt=\"Recipientes rectangulares grandes para alimentos 3PCS - SKU-02\" class=\"wp-image-2006\" srcset=\"https:\/\/www.xhplasticlife.com\/wp-content\/uploads\/2026\/01\/Large-Rectangular-Food-Storage-Containers-3PCS-SKU-02.webp 800w, https:\/\/www.xhplasticlife.com\/wp-content\/uploads\/2026\/01\/Large-Rectangular-Food-Storage-Containers-3PCS-SKU-02-300x300.webp 300w, https:\/\/www.xhplasticlife.com\/wp-content\/uploads\/2026\/01\/Large-Rectangular-Food-Storage-Containers-3PCS-SKU-02-150x150.webp 150w, https:\/\/www.xhplasticlife.com\/wp-content\/uploads\/2026\/01\/Large-Rectangular-Food-Storage-Containers-3PCS-SKU-02-768x768.webp 768w, https:\/\/www.xhplasticlife.com\/wp-content\/uploads\/2026\/01\/Large-Rectangular-Food-Storage-Containers-3PCS-SKU-02-12x12.webp 12w, https:\/\/www.xhplasticlife.com\/wp-content\/uploads\/2026\/01\/Large-Rectangular-Food-Storage-Containers-3PCS-SKU-02-600x600.webp 600w, https:\/\/www.xhplasticlife.com\/wp-content\/uploads\/2026\/01\/Large-Rectangular-Food-Storage-Containers-3PCS-SKU-02-100x100.webp 100w\" sizes=\"(max-width: 800px) 100vw, 800px\" \/><figcaption class=\"wp-element-caption\">3321<\/figcaption><\/figure>\n<\/div><\/div>\n\n\n\n<div class=\"wp-block-column is-layout-flow wp-block-column-is-layout-flow\"><div class=\"wp-block-image\">\n<figure class=\"aligncenter size-full\"><img decoding=\"async\" width=\"800\" height=\"800\" src=\"https:\/\/www.xhplasticlife.com\/wp-content\/uploads\/2026\/01\/Large-Rectangular-Food-Storage-Containers-3PCS-SKU-03.webp\" alt=\"Recipientes rectangulares grandes para alimentos 3PCS - SKU-03\" class=\"wp-image-2007\" srcset=\"https:\/\/www.xhplasticlife.com\/wp-content\/uploads\/2026\/01\/Large-Rectangular-Food-Storage-Containers-3PCS-SKU-03.webp 800w, https:\/\/www.xhplasticlife.com\/wp-content\/uploads\/2026\/01\/Large-Rectangular-Food-Storage-Containers-3PCS-SKU-03-300x300.webp 300w, https:\/\/www.xhplasticlife.com\/wp-content\/uploads\/2026\/01\/Large-Rectangular-Food-Storage-Containers-3PCS-SKU-03-150x150.webp 150w, https:\/\/www.xhplasticlife.com\/wp-content\/uploads\/2026\/01\/Large-Rectangular-Food-Storage-Containers-3PCS-SKU-03-768x768.webp 768w, https:\/\/www.xhplasticlife.com\/wp-content\/uploads\/2026\/01\/Large-Rectangular-Food-Storage-Containers-3PCS-SKU-03-12x12.webp 12w, https:\/\/www.xhplasticlife.com\/wp-content\/uploads\/2026\/01\/Large-Rectangular-Food-Storage-Containers-3PCS-SKU-03-600x600.webp 600w, https:\/\/www.xhplasticlife.com\/wp-content\/uploads\/2026\/01\/Large-Rectangular-Food-Storage-Containers-3PCS-SKU-03-100x100.webp 100w\" sizes=\"(max-width: 800px) 100vw, 800px\" \/><figcaption class=\"wp-element-caption\">3323<\/figcaption><\/figure>\n<\/div><\/div>\n<\/div>\n\n\n\n<p><\/p>","protected":false},"excerpt":{"rendered":"<p data-start=\"443\" data-end=\"722\">Bienvenido a comprar grandes recipientes rectangulares de almacenamiento de alimentos al por mayor. F\u00e1brica directa BPA claro PP comida prep juegos de contenedores de alimentos, microondas seguro, apilable y congelador seguro. Como fabricante de envases de comida PP personalizado, ofrecemos precios al por mayor y muestras gratis.<\/p>\n<h2>Recipientes rectangulares grandes para alimentos Par\u00e1metros<\/h2>\n<p><strong>Modelo<\/strong>: 3320-3323<br \/><strong>Marca<\/strong>: Xinghui<br \/><strong>Material<\/strong>: PP + PET<br \/><strong>Color<\/strong>: Verde+Transparente<br \/><strong>Embalaje: <\/strong>Oferta en papel<br \/><strong>OEM\/ODM<\/strong>: Disponible<br \/><strong>Opci\u00f3n personalizada<\/strong>: Color\/Tama\u00f1o\/Logotipo\/Embalaje<\/p>\n<h2>De contenedores de almacenamiento de alimentos Fabricante :<\/h2>\n<p>Fundada en 2000,<a href=\"https:\/\/www.xhplasticlife.com\/es\/\">\u00a0<strong>Xinghui<\/strong><\/a>\u00a0se especializa en la producci\u00f3n y venta al por mayor de fiambreras, recipientes para almacenar alimentos, art\u00edculos para bebidas, recipientes para almacenamiento dom\u00e9stico y otros productos de pl\u00e1stico de uso diario. Ofrecemos servicios integrales de OEM, ODM y comercio electr\u00f3nico a nuestros clientes.<\/p>","protected":false},"featured_media":2013,"comment_status":"closed","ping_status":"closed","template":"","meta":{"_acf_changed":false},"product_brand":[],"product_cat":[18],"product_tag":[],"class_list":{"0":"post-2004","1":"product","2":"type-product","3":"status-publish","4":"has-post-thumbnail","6":"product_cat-bulk-food-storage-container","8":"first","9":"instock","10":"shipping-taxable","11":"product-type-simple"},"acf":[],"_links":{"self":[{"href":"https:\/\/www.xhplasticlife.com\/es\/wp-json\/wp\/v2\/product\/2004","targetHints":{"allow":["GET"]}}],"collection":[{"href":"https:\/\/www.xhplasticlife.com\/es\/wp-json\/wp\/v2\/product"}],"about":[{"href":"https:\/\/www.xhplasticlife.com\/es\/wp-json\/wp\/v2\/types\/product"}],"replies":[{"embeddable":true,"href":"https:\/\/www.xhplasticlife.com\/es\/wp-json\/wp\/v2\/comments?post=2004"}],"wp:featuredmedia":[{"embeddable":true,"href":"https:\/\/www.xhplasticlife.com\/es\/wp-json\/wp\/v2\/media\/2013"}],"wp:attachment":[{"href":"https:\/\/www.xhplasticlife.com\/es\/wp-json\/wp\/v2\/media?parent=2004"}],"wp:term":[{"taxonomy":"product_brand","embeddable":true,"href":"https:\/\/www.xhplasticlife.com\/es\/wp-json\/wp\/v2\/product_brand?post=2004"},{"taxonomy":"product_cat","embeddable":true,"href":"https:\/\/www.xhplasticlife.com\/es\/wp-json\/wp\/v2\/product_cat?post=2004"},{"taxonomy":"product_tag","embeddable":true,"href":"https:\/\/www.xhplasticlife.com\/es\/wp-json\/wp\/v2\/product_tag?post=2004"}],"curies":[{"name":"wp","href":"https:\/\/api.w.org\/{rel}","templated":true}]}}