{"id":1996,"date":"2026-01-07T02:23:58","date_gmt":"2026-01-07T02:23:58","guid":{"rendered":"https:\/\/www.xhplasticlife.com\/?post_type=product&#038;p=1996"},"modified":"2026-01-07T03:04:20","modified_gmt":"2026-01-07T03:04:20","slug":"rectangular-food-storage-containers","status":"publish","type":"product","link":"https:\/\/www.xhplasticlife.com\/es\/producto\/rectangular-food-storage-containers\/","title":{"rendered":"Recipientes rectangulares para alimentos a granel, BPA Free Plastic Container Proveedor"},"content":{"rendered":"<div class=\"wp-block-columns is-layout-flex wp-container-core-columns-is-layout-9d6595d7 wp-block-columns-is-layout-flex\">\n<div class=\"wp-block-column is-layout-flow wp-block-column-is-layout-flow\">\n<h2 class=\"wp-block-heading\">Recipientes rectangulares para alimentos a granel Caracter\u00edsticas:<\/h2>\n\n\n\n<ul class=\"wp-block-list\">\n<li><strong>Material de grado alimentario sin BPA para una mayor seguridad: <\/strong>Fabricados con pl\u00e1stico sin BPA de primera calidad que cumple los requisitos de calidad alimentaria y no tiene olor, por lo que es seguro. Como proveedores profesionales de envases alimentarios de pl\u00e1stico sin BPA personalizados, ejercemos un estricto control sobre nuestras materias primas y procesos de fabricaci\u00f3n.<\/li>\n\n\n\n<li><strong>Apto para microondas y lavavajillas: <\/strong>Cumple los requisitos de seguridad para microondas y lavavajillas, por lo que resulta f\u00e1cil de usar para muchas personas.<\/li>\n\n\n\n<li><strong>Forma rectangular para aprovechar mejor el espacio:<\/strong> La bater\u00eda de forma rectangular es la m\u00e1s adecuada para apilarla en frigor\u00edficos y armarios, reduciendo as\u00ed el desperdicio. Es adecuada para comprar al por mayor y s\u00f3lo se vende junto con contenedores de almacenamiento de forma rectangular.<\/li>\n\n\n\n<li><strong>El dise\u00f1o apilable reduce los costes de almacenamiento y transporte:<\/strong> El dise\u00f1o apilable facilita el apilamiento estable. Esto se traduce directamente en una reducci\u00f3n de los costes de almacenamiento y transporte, y los compradores podr\u00e1n regular los costes de forma eficaz.<\/li>\n\n\n\n<li><strong>Conjuntos con una pr\u00e1ctica capacidad de 800 ml: <\/strong>Su capacidad permite servir alimentos en comidas completas, bentos o porciones individuales. Esto da a los productos un gran potencial de mercado.<\/li>\n\n\n\n<li><strong>Respetuoso con el medio ambiente y reutilizable, en l\u00ednea con las tendencias del mercado:<\/strong> Duradera y resistente al envejecimiento, reutilizable, satisface la demanda actual del mercado de vajillas ecol\u00f3gicas y productos sostenibles.<\/li>\n\n\n\n<li><strong>Se admiten servicios de personalizaci\u00f3n OEM\/ODM: <\/strong>Ofrece opciones de personalizaci\u00f3n para combinaciones de capacidad, colores, logotipos y envases, ayudando a los clientes a crear l\u00edneas de productos personalizadas de envases de pl\u00e1stico sin BPA para alimentos.<\/li>\n<\/ul>\n<\/div>\n\n\n\n<div class=\"wp-block-column is-layout-flow wp-block-column-is-layout-flow\">\n<figure class=\"wp-block-image size-full\"><img decoding=\"async\" width=\"800\" height=\"800\" src=\"https:\/\/www.xhplasticlife.com\/wp-content\/uploads\/2026\/01\/Custom-Rectangular-Food-Storage-Containers-Bulk.webp\" alt=\"Recipientes rectangulares personalizados para alimentos a granel\" class=\"wp-image-1997\" srcset=\"https:\/\/www.xhplasticlife.com\/wp-content\/uploads\/2026\/01\/Custom-Rectangular-Food-Storage-Containers-Bulk.webp 800w, https:\/\/www.xhplasticlife.com\/wp-content\/uploads\/2026\/01\/Custom-Rectangular-Food-Storage-Containers-Bulk-300x300.webp 300w, https:\/\/www.xhplasticlife.com\/wp-content\/uploads\/2026\/01\/Custom-Rectangular-Food-Storage-Containers-Bulk-150x150.webp 150w, https:\/\/www.xhplasticlife.com\/wp-content\/uploads\/2026\/01\/Custom-Rectangular-Food-Storage-Containers-Bulk-768x768.webp 768w, https:\/\/www.xhplasticlife.com\/wp-content\/uploads\/2026\/01\/Custom-Rectangular-Food-Storage-Containers-Bulk-12x12.webp 12w, https:\/\/www.xhplasticlife.com\/wp-content\/uploads\/2026\/01\/Custom-Rectangular-Food-Storage-Containers-Bulk-600x600.webp 600w, https:\/\/www.xhplasticlife.com\/wp-content\/uploads\/2026\/01\/Custom-Rectangular-Food-Storage-Containers-Bulk-100x100.webp 100w\" sizes=\"(max-width: 800px) 100vw, 800px\" \/><\/figure>\n<\/div>\n<\/div>\n\n\n\n<h2 class=\"wp-block-heading\">Contenedores a granel para congelaci\u00f3n Tama\u00f1o:<\/h2>\n\n\n\n<figure class=\"wp-block-table is-style-stripes\"><table class=\"has-fixed-layout\"><tbody><tr><td>Modelo<\/td><td>Capacidad<\/td><td>Dimensiones del producto<\/td><td>G.W.\/Caso<\/td><td>Cantidad por caja<\/td><td>Tama\u00f1o de la caja exterior<\/td><\/tr><tr><td>3328<\/td><td>800ML\/1PCS<\/td><td>20x12x9,5cm<\/td><td>17KG<\/td><td>72 piezas<\/td><td>63x52x60cm<\/td><\/tr><tr><td>3329<\/td><td>800ML\/1PCS<\/td><td>20x12x11,5cm<\/td><td>18KG<\/td><td>60 unidades<\/td><td>63x52x60cm<\/td><\/tr><\/tbody><\/table><\/figure>\n\n\n\n<div class=\"wp-block-columns is-layout-flex wp-container-core-columns-is-layout-9d6595d7 wp-block-columns-is-layout-flex\">\n<div class=\"wp-block-column is-layout-flow wp-block-column-is-layout-flow\"><div class=\"wp-block-image\">\n<figure class=\"aligncenter size-full\"><img decoding=\"async\" width=\"800\" height=\"800\" src=\"https:\/\/www.xhplasticlife.com\/wp-content\/uploads\/2026\/01\/OEM-Rectangular-Food-Storage-Containers-3pcs-SKU-09.webp\" alt=\"OEM Recipientes rectangulares para alimentos - 3pcs -SKU-09\" class=\"wp-image-1998\" srcset=\"https:\/\/www.xhplasticlife.com\/wp-content\/uploads\/2026\/01\/OEM-Rectangular-Food-Storage-Containers-3pcs-SKU-09.webp 800w, https:\/\/www.xhplasticlife.com\/wp-content\/uploads\/2026\/01\/OEM-Rectangular-Food-Storage-Containers-3pcs-SKU-09-300x300.webp 300w, https:\/\/www.xhplasticlife.com\/wp-content\/uploads\/2026\/01\/OEM-Rectangular-Food-Storage-Containers-3pcs-SKU-09-150x150.webp 150w, https:\/\/www.xhplasticlife.com\/wp-content\/uploads\/2026\/01\/OEM-Rectangular-Food-Storage-Containers-3pcs-SKU-09-768x768.webp 768w, https:\/\/www.xhplasticlife.com\/wp-content\/uploads\/2026\/01\/OEM-Rectangular-Food-Storage-Containers-3pcs-SKU-09-12x12.webp 12w, https:\/\/www.xhplasticlife.com\/wp-content\/uploads\/2026\/01\/OEM-Rectangular-Food-Storage-Containers-3pcs-SKU-09-600x600.webp 600w, https:\/\/www.xhplasticlife.com\/wp-content\/uploads\/2026\/01\/OEM-Rectangular-Food-Storage-Containers-3pcs-SKU-09-100x100.webp 100w\" sizes=\"(max-width: 800px) 100vw, 800px\" \/><figcaption class=\"wp-element-caption\">3328<\/figcaption><\/figure>\n<\/div><\/div>\n\n\n\n<div class=\"wp-block-column is-layout-flow wp-block-column-is-layout-flow\"><div class=\"wp-block-image\">\n<figure class=\"aligncenter size-full\"><img decoding=\"async\" width=\"800\" height=\"800\" src=\"https:\/\/www.xhplasticlife.com\/wp-content\/uploads\/2026\/01\/OEM-Rectangular-Food-Storage-Containers-4pcs-SKU-10.webp\" alt=\"OEM Recipientes rectangulares para alimentos - 4pcs -SKU-10\" class=\"wp-image-1999\" srcset=\"https:\/\/www.xhplasticlife.com\/wp-content\/uploads\/2026\/01\/OEM-Rectangular-Food-Storage-Containers-4pcs-SKU-10.webp 800w, https:\/\/www.xhplasticlife.com\/wp-content\/uploads\/2026\/01\/OEM-Rectangular-Food-Storage-Containers-4pcs-SKU-10-300x300.webp 300w, https:\/\/www.xhplasticlife.com\/wp-content\/uploads\/2026\/01\/OEM-Rectangular-Food-Storage-Containers-4pcs-SKU-10-150x150.webp 150w, https:\/\/www.xhplasticlife.com\/wp-content\/uploads\/2026\/01\/OEM-Rectangular-Food-Storage-Containers-4pcs-SKU-10-768x768.webp 768w, https:\/\/www.xhplasticlife.com\/wp-content\/uploads\/2026\/01\/OEM-Rectangular-Food-Storage-Containers-4pcs-SKU-10-12x12.webp 12w, https:\/\/www.xhplasticlife.com\/wp-content\/uploads\/2026\/01\/OEM-Rectangular-Food-Storage-Containers-4pcs-SKU-10-600x600.webp 600w, https:\/\/www.xhplasticlife.com\/wp-content\/uploads\/2026\/01\/OEM-Rectangular-Food-Storage-Containers-4pcs-SKU-10-100x100.webp 100w\" sizes=\"(max-width: 800px) 100vw, 800px\" \/><figcaption class=\"wp-element-caption\">3329<\/figcaption><\/figure>\n<\/div><\/div>\n<\/div>","protected":false},"excerpt":{"rendered":"<p data-start=\"443\" data-end=\"722\">Bienvenido a comprar recipientes rectangulares para alimentos a granel. Suministramos conjuntos de recipientes de pl\u00e1stico para alimentos sin BPA, apilables, aptos para microondas y aptos para lavavajillas en opciones de 3\/4 de envase de 800 ml. Como proveedor de recipientes de pl\u00e1stico para alimentos sin BPA, ofrecemos precios al por mayor directos de f\u00e1brica y muestras gratuitas.<\/p>\n<h2>Par\u00e1metros de los recipientes rectangulares para alimentos<\/h2>\n<p><strong>Modelo<\/strong>: 3328-3329<br \/><strong>Marca<\/strong>: Xinghui<br \/><strong>Material<\/strong>: PP\u00a0<br \/><strong>Color<\/strong>: Verde+Transparente<br \/><strong>Embalaje: <\/strong>Oferta en papel<br \/><strong>OEM\/ODM<\/strong>: Disponible<br \/><strong>Opci\u00f3n personalizada<\/strong>: Color\/Tama\u00f1o\/Logotipo\/Embalaje<\/p>\n<h2>De contenedores de almacenamiento de alimentos Fabricante :<\/h2>\n<p>Fundada en 2000,<a href=\"https:\/\/www.xhplasticlife.com\/es\/\">\u00a0<strong>Xinghui<\/strong><\/a>\u00a0se especializa en la producci\u00f3n y venta al por mayor de fiambreras, recipientes para almacenar alimentos, art\u00edculos para bebidas, recipientes para almacenamiento dom\u00e9stico y otros productos de pl\u00e1stico de uso diario. Ofrecemos servicios integrales de OEM, ODM y comercio electr\u00f3nico a nuestros clientes.<\/p>","protected":false},"featured_media":2000,"comment_status":"closed","ping_status":"closed","template":"","meta":{"_acf_changed":false},"product_brand":[],"product_cat":[18],"product_tag":[],"class_list":{"0":"post-1996","1":"product","2":"type-product","3":"status-publish","4":"has-post-thumbnail","6":"product_cat-bulk-food-storage-container","8":"first","9":"instock","10":"shipping-taxable","11":"product-type-simple"},"acf":[],"_links":{"self":[{"href":"https:\/\/www.xhplasticlife.com\/es\/wp-json\/wp\/v2\/product\/1996","targetHints":{"allow":["GET"]}}],"collection":[{"href":"https:\/\/www.xhplasticlife.com\/es\/wp-json\/wp\/v2\/product"}],"about":[{"href":"https:\/\/www.xhplasticlife.com\/es\/wp-json\/wp\/v2\/types\/product"}],"replies":[{"embeddable":true,"href":"https:\/\/www.xhplasticlife.com\/es\/wp-json\/wp\/v2\/comments?post=1996"}],"wp:featuredmedia":[{"embeddable":true,"href":"https:\/\/www.xhplasticlife.com\/es\/wp-json\/wp\/v2\/media\/2000"}],"wp:attachment":[{"href":"https:\/\/www.xhplasticlife.com\/es\/wp-json\/wp\/v2\/media?parent=1996"}],"wp:term":[{"taxonomy":"product_brand","embeddable":true,"href":"https:\/\/www.xhplasticlife.com\/es\/wp-json\/wp\/v2\/product_brand?post=1996"},{"taxonomy":"product_cat","embeddable":true,"href":"https:\/\/www.xhplasticlife.com\/es\/wp-json\/wp\/v2\/product_cat?post=1996"},{"taxonomy":"product_tag","embeddable":true,"href":"https:\/\/www.xhplasticlife.com\/es\/wp-json\/wp\/v2\/product_tag?post=1996"}],"curies":[{"name":"wp","href":"https:\/\/api.w.org\/{rel}","templated":true}]}}