{"id":1988,"date":"2026-01-07T02:10:08","date_gmt":"2026-01-07T01:47:08","guid":{"rendered":"https:\/\/www.xhplasticlife.com\/?post_type=product&#038;p=1988"},"modified":"2026-01-07T03:05:59","modified_gmt":"2026-01-07T03:05:59","slug":"bulk-square-food-containers-supplier","status":"publish","type":"product","link":"https:\/\/www.xhplasticlife.com\/es\/producto\/bulk-square-food-containers-supplier\/","title":{"rendered":"Recipientes cuadrados a granel para comida Proveedor, Juego de recipientes de almacenamiento sin BPA para preparaci\u00f3n de comidas"},"content":{"rendered":"<div class=\"wp-block-columns is-layout-flex wp-container-core-columns-is-layout-9d6595d7 wp-block-columns-is-layout-flex\">\n<div class=\"wp-block-column is-layout-flow wp-block-column-is-layout-flow\">\n<h2 class=\"wp-block-heading\">Recipientes cuadrados para alimentos a granel Caracter\u00edsticas:<\/h2>\n\n\n\n<ul class=\"wp-block-list\">\n<li><strong>Pl\u00e1stico alimentario sin BPA, m\u00e1s seguro y fiable<\/strong>: Fabricado con materiales sin BPA que cumplen las normas de contacto con alimentos, este recipiente es inodoro, duradero y adecuado para un uso repetido a largo plazo. Como proveedor profesional de juegos de recipientes de pl\u00e1stico para alimentos sin BPA personalizados, cumplimos estrictamente las normas de seguridad alimentaria.<\/li>\n\n\n\n<li><strong>Dise\u00f1o de estructura cuadrada para un mayor aprovechamiento del espacio:<\/strong> Su forma cuadrada facilita su colocaci\u00f3n en frigor\u00edficos y armarios, ahorrando m\u00e1s espacio que los recipientes redondos, por lo que resulta adecuado para preparar comidas tanto en cocinas dom\u00e9sticas como comerciales.<\/li>\n\n\n\n<li><strong>Adecuado para la preparaci\u00f3n de comidas, porciones m\u00e1s eficientes:<\/strong> Su capacidad razonable permite preparar c\u00f3modamente comidas por adelantado y controlar las porciones, satisfaciendo las necesidades de las comidas de gimnasio, los trabajadores de oficina y la preparaci\u00f3n de comidas para llevar, mejorando la experiencia del usuario final.<\/li>\n\n\n\n<li><strong>El dise\u00f1o apilable reduce los costes de almacenamiento y log\u00edstica:<\/strong> Admite el apilamiento estable, ahorrando espacio de almac\u00e9n y transporte, ideal para compras a granel y modelos de suministro a largo plazo para proveedores de envases cuadrados para alimentos a granel.<\/li>\n\n\n\n<li>Cuerpo de caja transparente, contenido claramente visible: El dise\u00f1o claro y visible permite una r\u00e1pida identificaci\u00f3n de los tipos de alimentos y las cantidades restantes, ayudando tambi\u00e9n en la exposici\u00f3n al por menor y la conversi\u00f3n de ventas.<\/li>\n\n\n\n<li><strong>Soporte de personalizaci\u00f3n OEM\/ODM: <\/strong>Las combinaciones de capacidad, colores, logotipos y envases personalizables ayudan a los clientes a crear juegos de recipientes de pl\u00e1stico para alimentos sin BPA personalizados y diferenciados.<\/li>\n\n\n\n<li><strong>Suministro directo de f\u00e1brica, precios estables y competitivos<\/strong>: Con un sistema de producci\u00f3n maduro y una capacidad estable, ofrecemos precios al por mayor de f\u00e1brica, lo que ayuda a los compradores a controlar los costes y mejorar la competitividad del mercado.<\/li>\n<\/ul>\n<\/div>\n\n\n\n<div class=\"wp-block-column is-layout-flow wp-block-column-is-layout-flow\">\n<figure class=\"wp-block-image size-full\"><img decoding=\"async\" width=\"750\" height=\"750\" src=\"https:\/\/www.xhplasticlife.com\/wp-content\/uploads\/2026\/01\/Wholesale-Square-Food-Containers-Fctory-Supplier.webp\" alt=\"Mayorista Envases Cuadrados para Alimentos Proveedor Fctory\" class=\"wp-image-1995\" srcset=\"https:\/\/www.xhplasticlife.com\/wp-content\/uploads\/2026\/01\/Wholesale-Square-Food-Containers-Fctory-Supplier.webp 750w, https:\/\/www.xhplasticlife.com\/wp-content\/uploads\/2026\/01\/Wholesale-Square-Food-Containers-Fctory-Supplier-300x300.webp 300w, https:\/\/www.xhplasticlife.com\/wp-content\/uploads\/2026\/01\/Wholesale-Square-Food-Containers-Fctory-Supplier-150x150.webp 150w, https:\/\/www.xhplasticlife.com\/wp-content\/uploads\/2026\/01\/Wholesale-Square-Food-Containers-Fctory-Supplier-12x12.webp 12w, https:\/\/www.xhplasticlife.com\/wp-content\/uploads\/2026\/01\/Wholesale-Square-Food-Containers-Fctory-Supplier-600x600.webp 600w, https:\/\/www.xhplasticlife.com\/wp-content\/uploads\/2026\/01\/Wholesale-Square-Food-Containers-Fctory-Supplier-100x100.webp 100w\" sizes=\"(max-width: 750px) 100vw, 750px\" \/><\/figure>\n<\/div>\n<\/div>\n\n\n\n<h2 class=\"wp-block-heading\">Contenedores a granel para congelaci\u00f3n Tama\u00f1o:<\/h2>\n\n\n\n<figure class=\"wp-block-table is-style-stripes\"><table class=\"has-fixed-layout\"><tbody><tr><td>Modelo<\/td><td>Capacidad<\/td><td>Dimensiones del producto<\/td><td>G.W.\/Caso<\/td><td>Cantidad por caja<\/td><td>Tama\u00f1o de la caja exterior<\/td><\/tr><tr><td>3323<\/td><td>650ML\/1PCS<\/td><td>13,5x13x8,5cm<\/td><td>15,4KG<\/td><td>120 unidades<\/td><td>70x42x61cm<\/td><\/tr><tr><td>3324<\/td><td>650ML\/1PCS<\/td><td>13,5x13x10,5cm<\/td><td>16.6KG<\/td><td>90 unidades<\/td><td>70x42x59cm<\/td><\/tr><tr><td>3325<\/td><td>650ML\/1PCS<\/td><td>13,5x13x12,5cm<\/td><td>16KG<\/td><td>75 unidades<\/td><td>68x41x59cm<\/td><\/tr><\/tbody><\/table><\/figure>\n\n\n\n<div class=\"wp-block-columns is-layout-flex wp-container-core-columns-is-layout-9d6595d7 wp-block-columns-is-layout-flex\">\n<div class=\"wp-block-column is-layout-flow wp-block-column-is-layout-flow\">\n<figure class=\"wp-block-image size-full\"><img decoding=\"async\" width=\"800\" height=\"800\" src=\"https:\/\/www.xhplasticlife.com\/wp-content\/uploads\/2026\/01\/Wholesale-Square-Food-Containers-2pcs-SKU-04.webp\" alt=\"Mayorista Recipientes Cuadrados para Alimentos - 2pcs - SKU-04\" class=\"wp-image-1992\" srcset=\"https:\/\/www.xhplasticlife.com\/wp-content\/uploads\/2026\/01\/Wholesale-Square-Food-Containers-2pcs-SKU-04.webp 800w, https:\/\/www.xhplasticlife.com\/wp-content\/uploads\/2026\/01\/Wholesale-Square-Food-Containers-2pcs-SKU-04-300x300.webp 300w, https:\/\/www.xhplasticlife.com\/wp-content\/uploads\/2026\/01\/Wholesale-Square-Food-Containers-2pcs-SKU-04-150x150.webp 150w, https:\/\/www.xhplasticlife.com\/wp-content\/uploads\/2026\/01\/Wholesale-Square-Food-Containers-2pcs-SKU-04-768x768.webp 768w, https:\/\/www.xhplasticlife.com\/wp-content\/uploads\/2026\/01\/Wholesale-Square-Food-Containers-2pcs-SKU-04-12x12.webp 12w, https:\/\/www.xhplasticlife.com\/wp-content\/uploads\/2026\/01\/Wholesale-Square-Food-Containers-2pcs-SKU-04-600x600.webp 600w, https:\/\/www.xhplasticlife.com\/wp-content\/uploads\/2026\/01\/Wholesale-Square-Food-Containers-2pcs-SKU-04-100x100.webp 100w\" sizes=\"(max-width: 800px) 100vw, 800px\" \/><figcaption class=\"wp-element-caption\">3323<\/figcaption><\/figure>\n<\/div>\n\n\n\n<div class=\"wp-block-column is-layout-flow wp-block-column-is-layout-flow\">\n<figure class=\"wp-block-image size-full\"><img decoding=\"async\" width=\"800\" height=\"800\" src=\"https:\/\/www.xhplasticlife.com\/wp-content\/uploads\/2026\/01\/Wholesale-Square-Food-Containers-3pcs-SKU-05.webp\" alt=\"Mayorista Recipientes Cuadrados para Alimentos - 3pcs -SKU-05\" class=\"wp-image-1993\" srcset=\"https:\/\/www.xhplasticlife.com\/wp-content\/uploads\/2026\/01\/Wholesale-Square-Food-Containers-3pcs-SKU-05.webp 800w, https:\/\/www.xhplasticlife.com\/wp-content\/uploads\/2026\/01\/Wholesale-Square-Food-Containers-3pcs-SKU-05-300x300.webp 300w, https:\/\/www.xhplasticlife.com\/wp-content\/uploads\/2026\/01\/Wholesale-Square-Food-Containers-3pcs-SKU-05-150x150.webp 150w, https:\/\/www.xhplasticlife.com\/wp-content\/uploads\/2026\/01\/Wholesale-Square-Food-Containers-3pcs-SKU-05-768x768.webp 768w, https:\/\/www.xhplasticlife.com\/wp-content\/uploads\/2026\/01\/Wholesale-Square-Food-Containers-3pcs-SKU-05-12x12.webp 12w, https:\/\/www.xhplasticlife.com\/wp-content\/uploads\/2026\/01\/Wholesale-Square-Food-Containers-3pcs-SKU-05-600x600.webp 600w, https:\/\/www.xhplasticlife.com\/wp-content\/uploads\/2026\/01\/Wholesale-Square-Food-Containers-3pcs-SKU-05-100x100.webp 100w\" sizes=\"(max-width: 800px) 100vw, 800px\" \/><figcaption class=\"wp-element-caption\">3324<\/figcaption><\/figure>\n<\/div>\n\n\n\n<div class=\"wp-block-column is-layout-flow wp-block-column-is-layout-flow\"><div class=\"wp-block-image\">\n<figure class=\"aligncenter size-full\"><img decoding=\"async\" width=\"800\" height=\"800\" src=\"https:\/\/www.xhplasticlife.com\/wp-content\/uploads\/2026\/01\/Wholesale-Square-Food-Containers-4pcs-SKU-06.webp\" alt=\"Mayorista Recipientes Cuadrados para Alimentos - 4pcs - SKU-06\" class=\"wp-image-1994\" srcset=\"https:\/\/www.xhplasticlife.com\/wp-content\/uploads\/2026\/01\/Wholesale-Square-Food-Containers-4pcs-SKU-06.webp 800w, https:\/\/www.xhplasticlife.com\/wp-content\/uploads\/2026\/01\/Wholesale-Square-Food-Containers-4pcs-SKU-06-300x300.webp 300w, https:\/\/www.xhplasticlife.com\/wp-content\/uploads\/2026\/01\/Wholesale-Square-Food-Containers-4pcs-SKU-06-150x150.webp 150w, https:\/\/www.xhplasticlife.com\/wp-content\/uploads\/2026\/01\/Wholesale-Square-Food-Containers-4pcs-SKU-06-768x768.webp 768w, https:\/\/www.xhplasticlife.com\/wp-content\/uploads\/2026\/01\/Wholesale-Square-Food-Containers-4pcs-SKU-06-12x12.webp 12w, https:\/\/www.xhplasticlife.com\/wp-content\/uploads\/2026\/01\/Wholesale-Square-Food-Containers-4pcs-SKU-06-600x600.webp 600w, https:\/\/www.xhplasticlife.com\/wp-content\/uploads\/2026\/01\/Wholesale-Square-Food-Containers-4pcs-SKU-06-100x100.webp 100w\" sizes=\"(max-width: 800px) 100vw, 800px\" \/><figcaption class=\"wp-element-caption\">3325<\/figcaption><\/figure>\n<\/div><\/div>\n<\/div>","protected":false},"excerpt":{"rendered":"<p data-start=\"443\" data-end=\"722\">Bienvenido a comprar a granel proveedor de envases cuadrados de alimentos. Ofrecemos BPA libre de contenedores de pl\u00e1stico cuadrado de almacenamiento de alimentos establece para la preparaci\u00f3n de comidas. Como un fabricante de contenedores de almacenamiento de alimentos de pl\u00e1stico personalizado, ofrecemos precios al por mayor directo de f\u00e1brica y muestras gratis para los compradores.<\/p>\n<h2>Par\u00e1metros de los envases cuadrados para alimentos a granel<\/h2>\n<p><strong>Modelo<\/strong>: 3323-3325<br \/><strong>Marca<\/strong>: Xinghui<br \/><strong>Material<\/strong>: PP<br \/><strong>Color<\/strong>: verde+Transparente<br \/><strong>Embalaje: <\/strong>Oferta en papel<br \/><strong>OEM\/ODM<\/strong>: Disponible<br \/><strong>Opci\u00f3n personalizada<\/strong>: Color\/Tama\u00f1o\/Logotipo\/Embalaje<\/p>\n<h2>De contenedores de almacenamiento de alimentos Fabricante :<\/h2>\n<p>Fundada en 2000,<a href=\"https:\/\/www.xhplasticlife.com\/es\/\">\u00a0<strong>Xinghui<\/strong><\/a>\u00a0se especializa en la producci\u00f3n y venta al por mayor de fiambreras, recipientes para almacenar alimentos, art\u00edculos para bebidas, recipientes para almacenamiento dom\u00e9stico y otros productos de pl\u00e1stico de uso diario. Ofrecemos servicios integrales de OEM, ODM y comercio electr\u00f3nico a nuestros clientes.<\/p>","protected":false},"featured_media":1990,"comment_status":"closed","ping_status":"closed","template":"","meta":{"_acf_changed":false},"product_brand":[],"product_cat":[18],"product_tag":[],"class_list":{"0":"post-1988","1":"product","2":"type-product","3":"status-publish","4":"has-post-thumbnail","6":"product_cat-bulk-food-storage-container","8":"first","9":"instock","10":"shipping-taxable","11":"product-type-simple"},"acf":[],"_links":{"self":[{"href":"https:\/\/www.xhplasticlife.com\/es\/wp-json\/wp\/v2\/product\/1988","targetHints":{"allow":["GET"]}}],"collection":[{"href":"https:\/\/www.xhplasticlife.com\/es\/wp-json\/wp\/v2\/product"}],"about":[{"href":"https:\/\/www.xhplasticlife.com\/es\/wp-json\/wp\/v2\/types\/product"}],"replies":[{"embeddable":true,"href":"https:\/\/www.xhplasticlife.com\/es\/wp-json\/wp\/v2\/comments?post=1988"}],"wp:featuredmedia":[{"embeddable":true,"href":"https:\/\/www.xhplasticlife.com\/es\/wp-json\/wp\/v2\/media\/1990"}],"wp:attachment":[{"href":"https:\/\/www.xhplasticlife.com\/es\/wp-json\/wp\/v2\/media?parent=1988"}],"wp:term":[{"taxonomy":"product_brand","embeddable":true,"href":"https:\/\/www.xhplasticlife.com\/es\/wp-json\/wp\/v2\/product_brand?post=1988"},{"taxonomy":"product_cat","embeddable":true,"href":"https:\/\/www.xhplasticlife.com\/es\/wp-json\/wp\/v2\/product_cat?post=1988"},{"taxonomy":"product_tag","embeddable":true,"href":"https:\/\/www.xhplasticlife.com\/es\/wp-json\/wp\/v2\/product_tag?post=1988"}],"curies":[{"name":"wp","href":"https:\/\/api.w.org\/{rel}","templated":true}]}}