{"id":1981,"date":"2026-01-07T01:15:02","date_gmt":"2026-01-07T01:15:02","guid":{"rendered":"https:\/\/www.xhplasticlife.com\/?post_type=product&#038;p=1981"},"modified":"2026-01-07T01:42:08","modified_gmt":"2026-01-07T01:42:08","slug":"meal-prep-plastic-food-container-set","status":"publish","type":"product","link":"https:\/\/www.xhplasticlife.com\/es\/producto\/meal-prep-plastic-food-container-set\/","title":{"rendered":"Set de Envases de Pl\u00e1stico para Comida al por Mayor, Sin BPA Apto para Microondas"},"content":{"rendered":"<div class=\"wp-block-columns is-layout-flex wp-container-core-columns-is-layout-9d6595d7 wp-block-columns-is-layout-flex\">\n<div class=\"wp-block-column is-layout-flow wp-block-column-is-layout-flow\">\n<h2 class=\"wp-block-heading\">Juego de recipientes de pl\u00e1stico Meal Prep Caracter\u00edsticas:<\/h2>\n\n\n\n<ul class=\"wp-block-list\">\n<li><strong>Material PP de grado alimentario sin BPA, seguro y fiable:<\/strong> Fabricados con pl\u00e1stico PP de alta calidad apto para uso alimentario, sin BPA, seguros e inodoros, aptos para el almacenamiento y la reutilizaci\u00f3n diaria de alimentos. Como proveedor profesional de juegos de recipientes de pl\u00e1stico para comidas personalizados, controlamos estrictamente las normas de seguridad alimentaria.<\/li>\n\n\n\n<li><strong>Apto para microondas, satisface las necesidades de preparaci\u00f3n de comidas:<\/strong> Admite el calentamiento en microondas, lo que permite a los consumidores preparar comidas con antelaci\u00f3n y recalentarlas r\u00e1pidamente, ideal para comidas de gimnasio, comidas de oficinistas y situaciones de preparaci\u00f3n de comidas en casa.<\/li>\n\n\n\n<li><strong>Caja transparente, visibilidad clara y mayor practicidad<\/strong>: El dise\u00f1o Clear PP hace que el contenido sea claramente visible, facilitando la categorizaci\u00f3n y gesti\u00f3n de las comidas, y mejorando tambi\u00e9n la exposici\u00f3n al por menor y la experiencia del usuario final.<\/li>\n\n\n\n<li><strong>Estructura apilable, ahorra espacio de almacenamiento y transporte: <\/strong>El dise\u00f1o apilable facilita el apilamiento ordenado, reduciendo el espacio de almacenamiento y disminuyendo los costes log\u00edsticos y de almacenamiento, por lo que resulta especialmente adecuado para la compra al por mayor de juegos de envases de pl\u00e1stico para alimentos.<\/li>\n\n\n\n<li><strong>M\u00faltiples combinaciones de tama\u00f1os, adecuado para ventas a granel:<\/strong> Disponibles en diferentes capacidades y juegos combinados para satisfacer diferentes necesidades de cantidades de comida, lo que permite a las marcas crear l\u00edneas de productos multi-SKU.<\/li>\n\n\n\n<li><strong>Soporte de personalizaci\u00f3n OEM\/ODM:<\/strong> Ofrecemos opciones de personalizaci\u00f3n de colores, logotipos, combinaciones de capacidad y envases exteriores para ayudar a los clientes a crear juegos de recipientes de pl\u00e1stico para comidas personalizados y diferenciados.<\/li>\n\n\n\n<li><strong>Suministro directo de f\u00e1brica, ventaja de precio significativa:<\/strong> Con una capacidad de producci\u00f3n estable y un sistema de producci\u00f3n maduro, ofrecemos precios al por mayor de f\u00e1brica, lo que ayuda a los compradores a controlar eficazmente los costes y mejorar la competitividad del mercado.<\/li>\n\n\n\n<li><strong>Asistencia gratuita para muestras, menor riesgo de adquisici\u00f3n: <\/strong>Ofrecemos muestras gratuitas, lo que permite a los clientes confirmar la calidad y realizar pruebas de mercado antes de hacer pedidos formales, acelerando el proceso de toma de decisiones de compra.<\/li>\n<\/ul>\n<\/div>\n\n\n\n<div class=\"wp-block-column is-layout-flow wp-block-column-is-layout-flow\">\n<figure class=\"wp-block-image size-full\"><img decoding=\"async\" width=\"800\" height=\"800\" src=\"https:\/\/www.xhplasticlife.com\/wp-content\/uploads\/2026\/01\/Meal-Prep-Plastic-Food-Container-Set-Wholesale-Factory-4.webp\" alt=\"Juego de recipientes de pl\u00e1stico para comida al por mayor (4)\" class=\"wp-image-1985\" srcset=\"https:\/\/www.xhplasticlife.com\/wp-content\/uploads\/2026\/01\/Meal-Prep-Plastic-Food-Container-Set-Wholesale-Factory-4.webp 800w, https:\/\/www.xhplasticlife.com\/wp-content\/uploads\/2026\/01\/Meal-Prep-Plastic-Food-Container-Set-Wholesale-Factory-4-300x300.webp 300w, https:\/\/www.xhplasticlife.com\/wp-content\/uploads\/2026\/01\/Meal-Prep-Plastic-Food-Container-Set-Wholesale-Factory-4-150x150.webp 150w, https:\/\/www.xhplasticlife.com\/wp-content\/uploads\/2026\/01\/Meal-Prep-Plastic-Food-Container-Set-Wholesale-Factory-4-768x768.webp 768w, https:\/\/www.xhplasticlife.com\/wp-content\/uploads\/2026\/01\/Meal-Prep-Plastic-Food-Container-Set-Wholesale-Factory-4-12x12.webp 12w, https:\/\/www.xhplasticlife.com\/wp-content\/uploads\/2026\/01\/Meal-Prep-Plastic-Food-Container-Set-Wholesale-Factory-4-600x600.webp 600w, https:\/\/www.xhplasticlife.com\/wp-content\/uploads\/2026\/01\/Meal-Prep-Plastic-Food-Container-Set-Wholesale-Factory-4-100x100.webp 100w\" sizes=\"(max-width: 800px) 100vw, 800px\" \/><\/figure>\n<\/div>\n<\/div>\n\n\n\n<h2 class=\"wp-block-heading\">Contenedores a granel para congelaci\u00f3n Tama\u00f1o:<\/h2>\n\n\n\n<figure class=\"wp-block-table is-style-stripes\"><table class=\"has-fixed-layout\"><tbody><tr><td>Modelo<\/td><td>Capacidad<\/td><td>Dimensiones del producto<\/td><td>G.W.\/Caso<\/td><td>Cantidad por caja<\/td><td>Tama\u00f1o de la caja exterior<\/td><\/tr><tr><td>3320<\/td><td>2060ML\/1PCS<\/td><td>23x15x10,5cm<\/td><td>17.2KG<\/td><td>54 piezas<\/td><td>72x48x60cm<\/td><\/tr><tr><td>3321<\/td><td>2060ML\/1PCS<\/td><td>23x15x13cm<\/td><td>17.7KG<\/td><td>45 unidades<\/td><td>72x48x60cm<\/td><\/tr><tr><td>3322<\/td><td>2060ML\/1PCS<\/td><td>23x15x15cm<\/td><td>14KG<\/td><td>36 piezas<\/td><td>72x48x60cm<\/td><\/tr><tr><td>3323<\/td><td>650ML\/1PCS<\/td><td>13,5x13x8,5cm<\/td><td>15,4KG<\/td><td>120 unidades<\/td><td>70x42x61cm<\/td><\/tr><tr><td>3324<\/td><td>650ML\/1PCS<\/td><td>13,5x13x10,5cm<\/td><td>16.6KG<\/td><td>90 unidades<\/td><td>70x42x59cm<\/td><\/tr><tr><td>3325<\/td><td>650ML\/1PCS<\/td><td>13,5x13x12,5cm<\/td><td>16KG<\/td><td>75 unidades<\/td><td>68x41x59cm<\/td><\/tr><tr><td>3326<\/td><td>1200ML\/1PCS<\/td><td>21,5\u00d713,5x11cm<\/td><td>16KG<\/td><td>48 unidades<\/td><td>58x46x67cm<\/td><\/tr><tr><td>3327<\/td><td>1300ML\/1PCS<\/td><td>21,5\u00d713,5x13cm<\/td><td>17KG<\/td><td>40 unidades<\/td><td>58x46x64cm<\/td><\/tr><tr><td>3328<\/td><td>800ML\/1PCS<\/td><td>20x12x9,5cm<\/td><td>17KG<\/td><td>72 piezas<\/td><td>63x52x60cm<\/td><\/tr><tr><td>3329<\/td><td>800ML\/1PCS<\/td><td>20x12x11,5cm<\/td><td>18KG<\/td><td>60 unidades<\/td><td>63x52x60cm<\/td><\/tr><\/tbody><\/table><\/figure>","protected":false},"excerpt":{"rendered":"<p data-start=\"443\" data-end=\"722\">Bienvenido a comprar envases de pl\u00e1stico para alimentos al por mayor. Suministramos <strong>Recipientes transparentes de PP sin BPA, aptos para microondas y apilables<\/strong> para la preparaci\u00f3n de comidas. Como una comida personalizada prep fabricante de envases de pl\u00e1stico de alimentos, ofrecemos precios al por mayor directo de f\u00e1brica y muestras gratis para los compradores.<\/p>\n<h2>Meal Prep Plastic Food Container Set Par\u00e1metros<\/h2>\n<p><strong>Modelo<\/strong>: 3320-3329<br \/><strong>Marca<\/strong>: Xinghui<br \/><strong>Material<\/strong>: PP + PET<br \/><strong>Color<\/strong>: verde+Transparente<br \/><strong>Embalaje:<\/strong>Oferta en papel<br \/><strong>OEM\/ODM<\/strong>: Disponible<br \/><strong>Opci\u00f3n personalizada<\/strong>: Color\/Tama\u00f1o\/Logotipo\/Embalaje<\/p>\n<h2>De contenedores de almacenamiento de alimentos Fabricante :<\/h2>\n<p>Fundada en 2000,<a href=\"https:\/\/www.xhplasticlife.com\/es\/\">\u00a0<strong>Xinghui<\/strong><\/a>\u00a0se especializa en la producci\u00f3n y venta al por mayor de fiambreras, recipientes para almacenar alimentos, art\u00edculos para bebidas, recipientes para almacenamiento dom\u00e9stico y otros productos de pl\u00e1stico de uso diario. Ofrecemos servicios integrales de OEM, ODM y comercio electr\u00f3nico a nuestros clientes.<\/p>","protected":false},"featured_media":1987,"comment_status":"closed","ping_status":"closed","template":"","meta":{"_acf_changed":false},"product_brand":[],"product_cat":[18],"product_tag":[],"class_list":{"0":"post-1981","1":"product","2":"type-product","3":"status-publish","4":"has-post-thumbnail","6":"product_cat-bulk-food-storage-container","8":"first","9":"instock","10":"shipping-taxable","11":"product-type-simple"},"acf":[],"_links":{"self":[{"href":"https:\/\/www.xhplasticlife.com\/es\/wp-json\/wp\/v2\/product\/1981","targetHints":{"allow":["GET"]}}],"collection":[{"href":"https:\/\/www.xhplasticlife.com\/es\/wp-json\/wp\/v2\/product"}],"about":[{"href":"https:\/\/www.xhplasticlife.com\/es\/wp-json\/wp\/v2\/types\/product"}],"replies":[{"embeddable":true,"href":"https:\/\/www.xhplasticlife.com\/es\/wp-json\/wp\/v2\/comments?post=1981"}],"wp:featuredmedia":[{"embeddable":true,"href":"https:\/\/www.xhplasticlife.com\/es\/wp-json\/wp\/v2\/media\/1987"}],"wp:attachment":[{"href":"https:\/\/www.xhplasticlife.com\/es\/wp-json\/wp\/v2\/media?parent=1981"}],"wp:term":[{"taxonomy":"product_brand","embeddable":true,"href":"https:\/\/www.xhplasticlife.com\/es\/wp-json\/wp\/v2\/product_brand?post=1981"},{"taxonomy":"product_cat","embeddable":true,"href":"https:\/\/www.xhplasticlife.com\/es\/wp-json\/wp\/v2\/product_cat?post=1981"},{"taxonomy":"product_tag","embeddable":true,"href":"https:\/\/www.xhplasticlife.com\/es\/wp-json\/wp\/v2\/product_tag?post=1981"}],"curies":[{"name":"wp","href":"https:\/\/api.w.org\/{rel}","templated":true}]}}