{"id":1970,"date":"2026-01-06T10:51:31","date_gmt":"2026-01-06T10:51:31","guid":{"rendered":"https:\/\/www.xhplasticlife.com\/?post_type=product&#038;p=1970"},"modified":"2026-01-06T10:51:34","modified_gmt":"2026-01-06T10:51:34","slug":"bulk-grain-storage-containers-custom","status":"publish","type":"product","link":"https:\/\/www.xhplasticlife.com\/es\/producto\/bulk-grain-storage-containers-custom\/","title":{"rendered":"Recipientes de almacenamiento de granos a granel con tapa herm\u00e9tica, tarros de pl\u00e1stico para almacenamiento de alimentos Proveedor"},"content":{"rendered":"<div class=\"wp-block-columns is-layout-flex wp-container-core-columns-is-layout-9d6595d7 wp-block-columns-is-layout-flex\">\n<div class=\"wp-block-column is-layout-flow wp-block-column-is-layout-flow\">\n<h2 class=\"wp-block-heading\">Contenedores de almacenamiento de grano a granel Caracter\u00edsticas:<\/h2>\n\n\n\n<ul class=\"wp-block-list\">\n<li><strong>Dise\u00f1o de tapa herm\u00e9tica para una frescura duradera y protecci\u00f3n contra la humedad: <\/strong>La estructura herm\u00e9tica de la tapa a\u00edsla eficazmente el aire y la humedad, ayudando a mantener frescos productos secos como cereales, arroz, harina y jud\u00edas, reduciendo los problemas de humedad y plagas, y mejorando la seguridad del almacenamiento.<\/li>\n\n\n\n<li><strong>Material pl\u00e1stico de calidad alimentaria para mayor seguridad y tranquilidad:<\/strong> Fabricado con materiales pl\u00e1sticos que cumplen las normas de contacto con alimentos, es inodoro, no se deforma f\u00e1cilmente y es apto para un uso prolongado en hogares, cocinas comerciales y el mercado minorista. Como proveedor profesional de recipientes personalizados para el almacenamiento de alimentos, controlamos estrictamente la calidad de las materias primas.<\/li>\n\n\n\n<li><strong>M\u00faltiples opciones de capacidad para la venta al por mayor:<\/strong> Existe una gran variedad de capacidades y formas para facilitar el almacenamiento por categor\u00edas de distintos granos y productos secos, lo que lo hace especialmente adecuado para escenarios de venta al por mayor y por paquetes de contenedores de almacenamiento de granos a granel con tapas herm\u00e9ticas.<\/li>\n\n\n\n<li><strong>Dise\u00f1o transparente y visible para mejorar la experiencia del usuario final: <\/strong>El contenido es claramente visible, lo que facilita la r\u00e1pida identificaci\u00f3n de las cantidades restantes, mejorando tanto la experiencia del usuario como la exposici\u00f3n en el punto de venta.<\/li>\n\n\n\n<li><strong>Servicios de personalizaci\u00f3n OEM\/ODM disponibles<\/strong>: Se ofrece la personalizaci\u00f3n de colores, logotipos, marcas de capacidad y embalaje exterior para ayudar a los propietarios de marcas y a los clientes del canal a crear l\u00edneas de productos de almacenamiento de alimentos diferenciadas.<\/li>\n\n\n\n<li><strong>Suministro directo de f\u00e1brica, precios estables y competitivos: <\/strong>Como proveedor maduro de recipientes personalizados para el almacenamiento de alimentos, poseemos una capacidad de producci\u00f3n estable y precios al por mayor de f\u00e1brica, lo que ayuda a los clientes a controlar eficazmente los costes de adquisici\u00f3n.<\/li>\n\n\n\n<li><strong>Asistencia gratuita para muestras, lo que reduce los riesgos de adquisici\u00f3n: <\/strong>Proporcionamos muestras gratuitas para facilitar a los compradores las pruebas de calidad y la validaci\u00f3n del mercado antes de realizar los pedidos, lo que acelera el proceso de toma de decisiones de cooperaci\u00f3n.<\/li>\n<\/ul>\n<\/div>\n\n\n\n<div class=\"wp-block-column is-layout-flow wp-block-column-is-layout-flow\">\n<figure class=\"wp-block-image size-full\"><img decoding=\"async\" width=\"800\" height=\"800\" src=\"https:\/\/www.xhplasticlife.com\/wp-content\/uploads\/2026\/01\/Bulk-Grain-Storage-Containers-Supplier-Xinghui-2.webp\" alt=\"Proveedor de contenedores de almacenamiento de grano a granel -Xinghui (2)\" class=\"wp-image-1976\" srcset=\"https:\/\/www.xhplasticlife.com\/wp-content\/uploads\/2026\/01\/Bulk-Grain-Storage-Containers-Supplier-Xinghui-2.webp 800w, https:\/\/www.xhplasticlife.com\/wp-content\/uploads\/2026\/01\/Bulk-Grain-Storage-Containers-Supplier-Xinghui-2-300x300.webp 300w, https:\/\/www.xhplasticlife.com\/wp-content\/uploads\/2026\/01\/Bulk-Grain-Storage-Containers-Supplier-Xinghui-2-150x150.webp 150w, https:\/\/www.xhplasticlife.com\/wp-content\/uploads\/2026\/01\/Bulk-Grain-Storage-Containers-Supplier-Xinghui-2-768x768.webp 768w, https:\/\/www.xhplasticlife.com\/wp-content\/uploads\/2026\/01\/Bulk-Grain-Storage-Containers-Supplier-Xinghui-2-12x12.webp 12w, https:\/\/www.xhplasticlife.com\/wp-content\/uploads\/2026\/01\/Bulk-Grain-Storage-Containers-Supplier-Xinghui-2-600x600.webp 600w, https:\/\/www.xhplasticlife.com\/wp-content\/uploads\/2026\/01\/Bulk-Grain-Storage-Containers-Supplier-Xinghui-2-100x100.webp 100w\" sizes=\"(max-width: 800px) 100vw, 800px\" \/><\/figure>\n<\/div>\n<\/div>\n\n\n\n<h2 class=\"wp-block-heading\">Contenedores Para Grano A Granel Con Tapa Herm\u00e9tica Tama\u00f1o:<\/h2>\n\n\n\n<figure class=\"wp-block-table is-style-stripes\"><table class=\"has-fixed-layout\"><tbody><tr><td>Modelo<\/td><td>Capacidad<\/td><td>Volumen de embalaje<\/td><td>G.W.\/Caso<\/td><td>Dimensiones del producto<\/td><td>Tama\u00f1o de la caja exterior<\/td><\/tr><tr><td>3040<\/td><td>1700ML<\/td><td>60<\/td><td>11KG<\/td><td>10,3\u00d710,3\u00d720,4 cm<\/td><td>53x43x63cm<\/td><\/tr><tr><td>3041<\/td><td>1300ML<\/td><td>80<\/td><td>11KG<\/td><td>10,3\u00d710,3\u00d716,3 cm<\/td><td>53\u00d745,5x56cm<\/td><\/tr><tr><td>3042<\/td><td>800ML<\/td><td>100<\/td><td>11KG<\/td><td>10,3\u00d710,3\u00d720,4 cm<\/td><td>65x36x66cm<\/td><\/tr><tr><td>3043<\/td><td>400ML<\/td><td>120<\/td><td>10KG<\/td><td>10,3\u00d710,3\u00d76,2 cm<\/td><td>57,5x41x75,5cm<\/td><\/tr><\/tbody><\/table><\/figure>\n\n\n\n<div class=\"wp-block-columns is-layout-flex wp-container-core-columns-is-layout-9d6595d7 wp-block-columns-is-layout-flex\">\n<div class=\"wp-block-column is-layout-flow wp-block-column-is-layout-flow\">\n<figure class=\"wp-block-image size-full\"><img decoding=\"async\" width=\"680\" height=\"666\" src=\"https:\/\/www.xhplasticlife.com\/wp-content\/uploads\/2026\/01\/Bulk-Grain-Storage-Containers-3040.webp\" alt=\"Contenedores de almacenamiento de cereales a granel - 3040\" class=\"wp-image-1971\" srcset=\"https:\/\/www.xhplasticlife.com\/wp-content\/uploads\/2026\/01\/Bulk-Grain-Storage-Containers-3040.webp 680w, https:\/\/www.xhplasticlife.com\/wp-content\/uploads\/2026\/01\/Bulk-Grain-Storage-Containers-3040-300x294.webp 300w, https:\/\/www.xhplasticlife.com\/wp-content\/uploads\/2026\/01\/Bulk-Grain-Storage-Containers-3040-12x12.webp 12w, https:\/\/www.xhplasticlife.com\/wp-content\/uploads\/2026\/01\/Bulk-Grain-Storage-Containers-3040-600x588.webp 600w\" sizes=\"(max-width: 680px) 100vw, 680px\" \/><\/figure>\n<\/div>\n\n\n\n<div class=\"wp-block-column is-layout-flow wp-block-column-is-layout-flow\">\n<figure class=\"wp-block-image size-full\"><img decoding=\"async\" width=\"664\" height=\"594\" src=\"https:\/\/www.xhplasticlife.com\/wp-content\/uploads\/2026\/01\/Bulk-Grain-Storage-Containers-3041.webp\" alt=\"Contenedores de almacenamiento de cereales a granel - 3041\" class=\"wp-image-1972\" srcset=\"https:\/\/www.xhplasticlife.com\/wp-content\/uploads\/2026\/01\/Bulk-Grain-Storage-Containers-3041.webp 664w, https:\/\/www.xhplasticlife.com\/wp-content\/uploads\/2026\/01\/Bulk-Grain-Storage-Containers-3041-300x268.webp 300w, https:\/\/www.xhplasticlife.com\/wp-content\/uploads\/2026\/01\/Bulk-Grain-Storage-Containers-3041-13x12.webp 13w, https:\/\/www.xhplasticlife.com\/wp-content\/uploads\/2026\/01\/Bulk-Grain-Storage-Containers-3041-600x537.webp 600w\" sizes=\"(max-width: 664px) 100vw, 664px\" \/><\/figure>\n<\/div>\n\n\n\n<div class=\"wp-block-column is-layout-flow wp-block-column-is-layout-flow\">\n<figure class=\"wp-block-image size-full\"><img decoding=\"async\" width=\"640\" height=\"536\" src=\"https:\/\/www.xhplasticlife.com\/wp-content\/uploads\/2026\/01\/Bulk-Grain-Storage-Containers-3042.webp\" alt=\"Contenedores de almacenamiento de cereales a granel - 3042\" class=\"wp-image-1973\" srcset=\"https:\/\/www.xhplasticlife.com\/wp-content\/uploads\/2026\/01\/Bulk-Grain-Storage-Containers-3042.webp 640w, https:\/\/www.xhplasticlife.com\/wp-content\/uploads\/2026\/01\/Bulk-Grain-Storage-Containers-3042-300x251.webp 300w, https:\/\/www.xhplasticlife.com\/wp-content\/uploads\/2026\/01\/Bulk-Grain-Storage-Containers-3042-14x12.webp 14w, https:\/\/www.xhplasticlife.com\/wp-content\/uploads\/2026\/01\/Bulk-Grain-Storage-Containers-3042-600x503.webp 600w\" sizes=\"(max-width: 640px) 100vw, 640px\" \/><\/figure>\n<\/div>\n\n\n\n<div class=\"wp-block-column is-layout-flow wp-block-column-is-layout-flow\">\n<figure class=\"wp-block-image size-full\"><img decoding=\"async\" width=\"602\" height=\"414\" src=\"https:\/\/www.xhplasticlife.com\/wp-content\/uploads\/2026\/01\/Bulk-Grain-Storage-Containers-3043.webp\" alt=\"Contenedores de almacenamiento de cereales a granel - 3043\" class=\"wp-image-1974\" srcset=\"https:\/\/www.xhplasticlife.com\/wp-content\/uploads\/2026\/01\/Bulk-Grain-Storage-Containers-3043.webp 602w, https:\/\/www.xhplasticlife.com\/wp-content\/uploads\/2026\/01\/Bulk-Grain-Storage-Containers-3043-300x206.webp 300w, https:\/\/www.xhplasticlife.com\/wp-content\/uploads\/2026\/01\/Bulk-Grain-Storage-Containers-3043-18x12.webp 18w, https:\/\/www.xhplasticlife.com\/wp-content\/uploads\/2026\/01\/Bulk-Grain-Storage-Containers-3043-600x413.webp 600w\" sizes=\"(max-width: 602px) 100vw, 602px\" \/><\/figure>\n<\/div>\n<\/div>","protected":false},"excerpt":{"rendered":"<p>Bienvenido a la compra de recipientes de almacenamiento de grano a granel con tapa herm\u00e9tica. Como proveedor profesional de recipientes de almacenamiento de alimentos personalizados, ofrecemos tarros de granos de pl\u00e1stico duraderos con tapas herm\u00e9ticas. Los precios al por mayor directos de f\u00e1brica, el soporte OEM\/ODM y las muestras gratuitas ayudan a los compradores a abastecerse eficientemente.<\/p>\n<h2>Par\u00e1metros de los contenedores de almacenamiento de cereales a granel<\/h2>\n<p><strong>Modelo<\/strong>: 3040-3043<br \/><strong>Marca<\/strong>: Xinghui<br \/><strong>Material<\/strong>: PP\u00a0<br \/><strong>Color<\/strong>: Rosa, Azul<br \/><strong>Embalaje: <\/strong>Bolsa OPP<br \/><strong>OEM\/ODM<\/strong>: Disponible<br \/><strong>Opci\u00f3n personalizada<\/strong>: Color\/Tama\u00f1o\/Logotipo\/Embalaje<\/p>\n<h2>De contenedores de almacenamiento de alimentos Fabricante :<\/h2>\n<p>Fundada en 2000,<a href=\"https:\/\/www.xhplasticlife.com\/es\/\">\u00a0<strong>Xinghui<\/strong><\/a>\u00a0se especializa en la producci\u00f3n y venta al por mayor de fiambreras, recipientes para almacenar alimentos, art\u00edculos para bebidas, recipientes para almacenamiento dom\u00e9stico y otros productos de pl\u00e1stico de uso diario. Ofrecemos servicios integrales de OEM, ODM y comercio electr\u00f3nico a nuestros clientes.<\/p>","protected":false},"featured_media":1977,"comment_status":"closed","ping_status":"closed","template":"","meta":{"_acf_changed":false},"product_brand":[],"product_cat":[18],"product_tag":[],"class_list":{"0":"post-1970","1":"product","2":"type-product","3":"status-publish","4":"has-post-thumbnail","6":"product_cat-bulk-food-storage-container","8":"first","9":"instock","10":"shipping-taxable","11":"product-type-simple"},"acf":[],"_links":{"self":[{"href":"https:\/\/www.xhplasticlife.com\/es\/wp-json\/wp\/v2\/product\/1970","targetHints":{"allow":["GET"]}}],"collection":[{"href":"https:\/\/www.xhplasticlife.com\/es\/wp-json\/wp\/v2\/product"}],"about":[{"href":"https:\/\/www.xhplasticlife.com\/es\/wp-json\/wp\/v2\/types\/product"}],"replies":[{"embeddable":true,"href":"https:\/\/www.xhplasticlife.com\/es\/wp-json\/wp\/v2\/comments?post=1970"}],"wp:featuredmedia":[{"embeddable":true,"href":"https:\/\/www.xhplasticlife.com\/es\/wp-json\/wp\/v2\/media\/1977"}],"wp:attachment":[{"href":"https:\/\/www.xhplasticlife.com\/es\/wp-json\/wp\/v2\/media?parent=1970"}],"wp:term":[{"taxonomy":"product_brand","embeddable":true,"href":"https:\/\/www.xhplasticlife.com\/es\/wp-json\/wp\/v2\/product_brand?post=1970"},{"taxonomy":"product_cat","embeddable":true,"href":"https:\/\/www.xhplasticlife.com\/es\/wp-json\/wp\/v2\/product_cat?post=1970"},{"taxonomy":"product_tag","embeddable":true,"href":"https:\/\/www.xhplasticlife.com\/es\/wp-json\/wp\/v2\/product_tag?post=1970"}],"curies":[{"name":"wp","href":"https:\/\/api.w.org\/{rel}","templated":true}]}}