{"id":1904,"date":"2025-12-23T06:28:49","date_gmt":"2025-12-23T06:28:49","guid":{"rendered":"https:\/\/www.xhplasticlife.com\/?post_type=product&#038;p=1904"},"modified":"2026-04-02T10:02:32","modified_gmt":"2026-04-02T10:02:32","slug":"bulk-kids-lunch-boxes-manufacturer","status":"publish","type":"product","link":"https:\/\/www.xhplasticlife.com\/es\/producto\/bulk-kids-lunch-boxes-manufacturer\/","title":{"rendered":"Cajas de almuerzo de los ni\u00f1os a granel, fabricante de encargo del envase del acero inoxidable de la comida"},"content":{"rendered":"<div class=\"wp-block-columns is-layout-flex wp-container-core-columns-is-layout-9d6595d7 wp-block-columns-is-layout-flex\">\n<div class=\"wp-block-column is-layout-flow wp-block-column-is-layout-flow\">\n<h2 class=\"wp-block-heading\">Fiambreras para ni\u00f1os a granel Caracter\u00edsticas:<\/h2>\n\n\n\n<ul class=\"wp-block-list\">\n<li><strong>Revestimiento interior de acero inoxidable 304 de calidad alimentaria para mayor seguridad y tranquilidad: <\/strong>Fabricado en acero inoxidable de calidad alimentaria, es resistente a la corrosi\u00f3n, no se oxida y es inodoro, adecuado para el uso diario repetido por parte de los ni\u00f1os. Como fabricante profesional de recipientes personalizados de acero inoxidable 304 para alimentos, controlamos estrictamente la seguridad de los materiales.<\/li>\n\n\n\n<li><strong>Anillo de silicona de sellado + cierre a presi\u00f3n de cuatro lados para una mayor prevenci\u00f3n de fugas:<\/strong> El anillo de silicona de sellado incorporado, combinado con una estructura de cierre de cuatro broches, evita eficazmente las fugas de sopa y l\u00edquidos, por lo que es adecuado para las mochilas de los ni\u00f1os y reduce la preocupaci\u00f3n de los padres por las fugas.<\/li>\n\n\n\n<li><strong>Calefacci\u00f3n mediante agua caliente en la carcasa exterior para mayor comodidad: <\/strong>Admite el calentamiento indirecto vertiendo agua caliente en la carcasa exterior de pl\u00e1stico, lo que ayuda a los ni\u00f1os a disfrutar de comidas calientes en el colegio o mientras est\u00e1n fuera, aumentando la practicidad del producto y su atractivo en el mercado.<\/li>\n\n\n\n<li><strong>Cuchara incluida para facilitar su uso:<\/strong> El dise\u00f1o de la cuchara incluida lo hace c\u00f3modo para los ni\u00f1os y tambi\u00e9n es adecuado para las necesidades generales de escuelas, instituciones de formaci\u00f3n y proyectos de regalos.<\/li>\n\n\n\n<li><strong>Duradero y robusto, adecuado para compras al por mayor a largo plazo:<\/strong> El revestimiento interior de acero inoxidable combinado con la duradera estructura de la carcasa exterior es resistente a las ca\u00eddas y al desgaste, y tiene una larga vida \u00fatil, por lo que resulta ideal para proyectos de suministro a granel a largo plazo de fiambreras para ni\u00f1os a granel.<\/li>\n\n\n\n<li><strong>Soporte de personalizaci\u00f3n OEM\/ODM:<\/strong> Ofrecemos colores, logotipos, capacidades y soluciones de envasado personalizados para ayudar a los propietarios de marcas, importadores y clientes del canal a crear productos de fiambrera para ni\u00f1os diferenciados.<\/li>\n\n\n\n<li><strong>Suministro directo de f\u00e1brica, ventaja de precio significativa:<\/strong> Como f\u00e1brica madura de contenedores de acero inoxidable 304 para alimentos personalizados, poseemos una capacidad de producci\u00f3n estable y precios al por mayor de f\u00e1brica, lo que ayuda a los clientes a controlar eficazmente los costes de adquisici\u00f3n.<\/li>\n\n\n\n<li><strong>Asistencia gratuita para muestras, menor riesgo de adquisici\u00f3n: <\/strong>Proporcionamos muestras gratuitas para facilitar las pruebas de calidad y la validaci\u00f3n del mercado antes de realizar pedidos formales, lo que acelera las decisiones de cooperaci\u00f3n.<\/li>\n<\/ul>\n<\/div>\n\n\n\n<div class=\"wp-block-column is-layout-flow wp-block-column-is-layout-flow\">\n<figure class=\"wp-block-image size-full\"><img decoding=\"async\" width=\"800\" height=\"800\" src=\"https:\/\/www.xhplasticlife.com\/wp-content\/uploads\/2025\/12\/Bulk-Kids-Lunch-Boxes-Stainless-Steel-Container-Manufacturer-4.webp\" alt=\"Fiambreras a granel para ni\u00f1os Fabricantes de recipientes de acero inoxidable (4)\" class=\"wp-image-1913\" srcset=\"https:\/\/www.xhplasticlife.com\/wp-content\/uploads\/2025\/12\/Bulk-Kids-Lunch-Boxes-Stainless-Steel-Container-Manufacturer-4.webp 800w, https:\/\/www.xhplasticlife.com\/wp-content\/uploads\/2025\/12\/Bulk-Kids-Lunch-Boxes-Stainless-Steel-Container-Manufacturer-4-300x300.webp 300w, https:\/\/www.xhplasticlife.com\/wp-content\/uploads\/2025\/12\/Bulk-Kids-Lunch-Boxes-Stainless-Steel-Container-Manufacturer-4-150x150.webp 150w, https:\/\/www.xhplasticlife.com\/wp-content\/uploads\/2025\/12\/Bulk-Kids-Lunch-Boxes-Stainless-Steel-Container-Manufacturer-4-768x768.webp 768w, https:\/\/www.xhplasticlife.com\/wp-content\/uploads\/2025\/12\/Bulk-Kids-Lunch-Boxes-Stainless-Steel-Container-Manufacturer-4-12x12.webp 12w, https:\/\/www.xhplasticlife.com\/wp-content\/uploads\/2025\/12\/Bulk-Kids-Lunch-Boxes-Stainless-Steel-Container-Manufacturer-4-600x600.webp 600w, https:\/\/www.xhplasticlife.com\/wp-content\/uploads\/2025\/12\/Bulk-Kids-Lunch-Boxes-Stainless-Steel-Container-Manufacturer-4-100x100.webp 100w\" sizes=\"(max-width: 800px) 100vw, 800px\" \/><\/figure>\n<\/div>\n<\/div>\n\n\n\n<div class=\"wp-block-columns is-layout-flex wp-container-core-columns-is-layout-9d6595d7 wp-block-columns-is-layout-flex\">\n<div class=\"wp-block-column is-layout-flow wp-block-column-is-layout-flow\">\n<figure class=\"wp-block-image size-full\"><img decoding=\"async\" width=\"800\" height=\"800\" src=\"https:\/\/www.xhplasticlife.com\/wp-content\/uploads\/2025\/12\/Bulk-Kids-Lunch-Boxes-Stainless-Steel-Container-Manufacturer-2.webp\" alt=\"Fiambreras a granel para ni\u00f1os Fabricantes de recipientes de acero inoxidable (2)\" class=\"wp-image-1911\" srcset=\"https:\/\/www.xhplasticlife.com\/wp-content\/uploads\/2025\/12\/Bulk-Kids-Lunch-Boxes-Stainless-Steel-Container-Manufacturer-2.webp 800w, https:\/\/www.xhplasticlife.com\/wp-content\/uploads\/2025\/12\/Bulk-Kids-Lunch-Boxes-Stainless-Steel-Container-Manufacturer-2-300x300.webp 300w, https:\/\/www.xhplasticlife.com\/wp-content\/uploads\/2025\/12\/Bulk-Kids-Lunch-Boxes-Stainless-Steel-Container-Manufacturer-2-150x150.webp 150w, https:\/\/www.xhplasticlife.com\/wp-content\/uploads\/2025\/12\/Bulk-Kids-Lunch-Boxes-Stainless-Steel-Container-Manufacturer-2-768x768.webp 768w, https:\/\/www.xhplasticlife.com\/wp-content\/uploads\/2025\/12\/Bulk-Kids-Lunch-Boxes-Stainless-Steel-Container-Manufacturer-2-12x12.webp 12w, https:\/\/www.xhplasticlife.com\/wp-content\/uploads\/2025\/12\/Bulk-Kids-Lunch-Boxes-Stainless-Steel-Container-Manufacturer-2-600x600.webp 600w, https:\/\/www.xhplasticlife.com\/wp-content\/uploads\/2025\/12\/Bulk-Kids-Lunch-Boxes-Stainless-Steel-Container-Manufacturer-2-100x100.webp 100w\" sizes=\"(max-width: 800px) 100vw, 800px\" \/><\/figure>\n<\/div>\n\n\n\n<div class=\"wp-block-column is-layout-flow wp-block-column-is-layout-flow\">\n<figure class=\"wp-block-image size-full\"><img decoding=\"async\" width=\"800\" height=\"800\" src=\"https:\/\/www.xhplasticlife.com\/wp-content\/uploads\/2025\/12\/Bulk-Kids-Lunch-Boxes-Stainless-Steel-Container-Manufacturer-3.webp\" alt=\"Fiambreras a granel para ni\u00f1os Fabricantes de recipientes de acero inoxidable (3)\" class=\"wp-image-1912\" srcset=\"https:\/\/www.xhplasticlife.com\/wp-content\/uploads\/2025\/12\/Bulk-Kids-Lunch-Boxes-Stainless-Steel-Container-Manufacturer-3.webp 800w, https:\/\/www.xhplasticlife.com\/wp-content\/uploads\/2025\/12\/Bulk-Kids-Lunch-Boxes-Stainless-Steel-Container-Manufacturer-3-300x300.webp 300w, https:\/\/www.xhplasticlife.com\/wp-content\/uploads\/2025\/12\/Bulk-Kids-Lunch-Boxes-Stainless-Steel-Container-Manufacturer-3-150x150.webp 150w, https:\/\/www.xhplasticlife.com\/wp-content\/uploads\/2025\/12\/Bulk-Kids-Lunch-Boxes-Stainless-Steel-Container-Manufacturer-3-768x768.webp 768w, https:\/\/www.xhplasticlife.com\/wp-content\/uploads\/2025\/12\/Bulk-Kids-Lunch-Boxes-Stainless-Steel-Container-Manufacturer-3-12x12.webp 12w, https:\/\/www.xhplasticlife.com\/wp-content\/uploads\/2025\/12\/Bulk-Kids-Lunch-Boxes-Stainless-Steel-Container-Manufacturer-3-600x600.webp 600w, https:\/\/www.xhplasticlife.com\/wp-content\/uploads\/2025\/12\/Bulk-Kids-Lunch-Boxes-Stainless-Steel-Container-Manufacturer-3-100x100.webp 100w\" sizes=\"(max-width: 800px) 100vw, 800px\" \/><\/figure>\n<\/div>\n<\/div>\n\n\n\n<div class=\"wp-block-columns is-layout-flex wp-container-core-columns-is-layout-9d6595d7 wp-block-columns-is-layout-flex\">\n<div class=\"wp-block-column is-layout-flow wp-block-column-is-layout-flow\">\n<figure class=\"wp-block-image size-full\"><img decoding=\"async\" width=\"800\" height=\"800\" src=\"https:\/\/www.xhplasticlife.com\/wp-content\/uploads\/2025\/12\/Bule-800ml-Kids-Lunch-Boxes-Wholesaler.webp\" alt=\"Mayorista de fiambreras infantiles Bule 800ml\" class=\"wp-image-1908\" srcset=\"https:\/\/www.xhplasticlife.com\/wp-content\/uploads\/2025\/12\/Bule-800ml-Kids-Lunch-Boxes-Wholesaler.webp 800w, https:\/\/www.xhplasticlife.com\/wp-content\/uploads\/2025\/12\/Bule-800ml-Kids-Lunch-Boxes-Wholesaler-300x300.webp 300w, https:\/\/www.xhplasticlife.com\/wp-content\/uploads\/2025\/12\/Bule-800ml-Kids-Lunch-Boxes-Wholesaler-150x150.webp 150w, https:\/\/www.xhplasticlife.com\/wp-content\/uploads\/2025\/12\/Bule-800ml-Kids-Lunch-Boxes-Wholesaler-768x768.webp 768w, https:\/\/www.xhplasticlife.com\/wp-content\/uploads\/2025\/12\/Bule-800ml-Kids-Lunch-Boxes-Wholesaler-12x12.webp 12w, https:\/\/www.xhplasticlife.com\/wp-content\/uploads\/2025\/12\/Bule-800ml-Kids-Lunch-Boxes-Wholesaler-600x600.webp 600w, https:\/\/www.xhplasticlife.com\/wp-content\/uploads\/2025\/12\/Bule-800ml-Kids-Lunch-Boxes-Wholesaler-100x100.webp 100w\" sizes=\"(max-width: 800px) 100vw, 800px\" \/><\/figure>\n<\/div>\n\n\n\n<div class=\"wp-block-column is-layout-flow wp-block-column-is-layout-flow\">\n<figure class=\"wp-block-image size-full\"><img decoding=\"async\" width=\"800\" height=\"800\" src=\"https:\/\/www.xhplasticlife.com\/wp-content\/uploads\/2025\/12\/Bule-800ml-Decal-Kids-Lunch-Boxes-Wholesaler.webp\" alt=\"Bule 800ml Calcoman\u00eda Fiambreras Ni\u00f1os Mayorista\" class=\"wp-image-1907\" srcset=\"https:\/\/www.xhplasticlife.com\/wp-content\/uploads\/2025\/12\/Bule-800ml-Decal-Kids-Lunch-Boxes-Wholesaler.webp 800w, https:\/\/www.xhplasticlife.com\/wp-content\/uploads\/2025\/12\/Bule-800ml-Decal-Kids-Lunch-Boxes-Wholesaler-300x300.webp 300w, https:\/\/www.xhplasticlife.com\/wp-content\/uploads\/2025\/12\/Bule-800ml-Decal-Kids-Lunch-Boxes-Wholesaler-150x150.webp 150w, https:\/\/www.xhplasticlife.com\/wp-content\/uploads\/2025\/12\/Bule-800ml-Decal-Kids-Lunch-Boxes-Wholesaler-768x768.webp 768w, https:\/\/www.xhplasticlife.com\/wp-content\/uploads\/2025\/12\/Bule-800ml-Decal-Kids-Lunch-Boxes-Wholesaler-12x12.webp 12w, https:\/\/www.xhplasticlife.com\/wp-content\/uploads\/2025\/12\/Bule-800ml-Decal-Kids-Lunch-Boxes-Wholesaler-600x600.webp 600w, https:\/\/www.xhplasticlife.com\/wp-content\/uploads\/2025\/12\/Bule-800ml-Decal-Kids-Lunch-Boxes-Wholesaler-100x100.webp 100w\" sizes=\"(max-width: 800px) 100vw, 800px\" \/><\/figure>\n<\/div>\n\n\n\n<div class=\"wp-block-column is-layout-flow wp-block-column-is-layout-flow\">\n<figure class=\"wp-block-image size-full\"><img decoding=\"async\" width=\"800\" height=\"800\" src=\"https:\/\/www.xhplasticlife.com\/wp-content\/uploads\/2025\/12\/800ml-Pink-Kids-Lunch-Boxes-Wholessale-Supplier-2.webp\" alt=\"Fiambreras para ni\u00f1os de 800 ml de color rosa Proveedor Wholessale (2)\" class=\"wp-image-1906\" srcset=\"https:\/\/www.xhplasticlife.com\/wp-content\/uploads\/2025\/12\/800ml-Pink-Kids-Lunch-Boxes-Wholessale-Supplier-2.webp 800w, https:\/\/www.xhplasticlife.com\/wp-content\/uploads\/2025\/12\/800ml-Pink-Kids-Lunch-Boxes-Wholessale-Supplier-2-300x300.webp 300w, https:\/\/www.xhplasticlife.com\/wp-content\/uploads\/2025\/12\/800ml-Pink-Kids-Lunch-Boxes-Wholessale-Supplier-2-150x150.webp 150w, https:\/\/www.xhplasticlife.com\/wp-content\/uploads\/2025\/12\/800ml-Pink-Kids-Lunch-Boxes-Wholessale-Supplier-2-768x768.webp 768w, https:\/\/www.xhplasticlife.com\/wp-content\/uploads\/2025\/12\/800ml-Pink-Kids-Lunch-Boxes-Wholessale-Supplier-2-12x12.webp 12w, https:\/\/www.xhplasticlife.com\/wp-content\/uploads\/2025\/12\/800ml-Pink-Kids-Lunch-Boxes-Wholessale-Supplier-2-600x600.webp 600w, https:\/\/www.xhplasticlife.com\/wp-content\/uploads\/2025\/12\/800ml-Pink-Kids-Lunch-Boxes-Wholessale-Supplier-2-100x100.webp 100w\" sizes=\"(max-width: 800px) 100vw, 800px\" \/><\/figure>\n<\/div>\n\n\n\n<div class=\"wp-block-column is-layout-flow wp-block-column-is-layout-flow\">\n<figure class=\"wp-block-image size-full\"><img decoding=\"async\" width=\"800\" height=\"800\" src=\"https:\/\/www.xhplasticlife.com\/wp-content\/uploads\/2025\/12\/800ml-Pink-Decal-Kids-Lunch-Boxes-Wholessale-Supplier-1.webp\" alt=\"800ml Pink Decal Kids Lunch Boxes Wholessale Proveedor (1)\" class=\"wp-image-1905\" srcset=\"https:\/\/www.xhplasticlife.com\/wp-content\/uploads\/2025\/12\/800ml-Pink-Decal-Kids-Lunch-Boxes-Wholessale-Supplier-1.webp 800w, https:\/\/www.xhplasticlife.com\/wp-content\/uploads\/2025\/12\/800ml-Pink-Decal-Kids-Lunch-Boxes-Wholessale-Supplier-1-300x300.webp 300w, https:\/\/www.xhplasticlife.com\/wp-content\/uploads\/2025\/12\/800ml-Pink-Decal-Kids-Lunch-Boxes-Wholessale-Supplier-1-150x150.webp 150w, https:\/\/www.xhplasticlife.com\/wp-content\/uploads\/2025\/12\/800ml-Pink-Decal-Kids-Lunch-Boxes-Wholessale-Supplier-1-768x768.webp 768w, https:\/\/www.xhplasticlife.com\/wp-content\/uploads\/2025\/12\/800ml-Pink-Decal-Kids-Lunch-Boxes-Wholessale-Supplier-1-12x12.webp 12w, https:\/\/www.xhplasticlife.com\/wp-content\/uploads\/2025\/12\/800ml-Pink-Decal-Kids-Lunch-Boxes-Wholessale-Supplier-1-600x600.webp 600w, https:\/\/www.xhplasticlife.com\/wp-content\/uploads\/2025\/12\/800ml-Pink-Decal-Kids-Lunch-Boxes-Wholessale-Supplier-1-100x100.webp 100w\" sizes=\"(max-width: 800px) 100vw, 800px\" \/><\/figure>\n<\/div>\n<\/div>\n\n\n\n<p><\/p>","protected":false},"excerpt":{"rendered":"<p data-start=\"444\" data-end=\"725\">Bienvenido a comprar fiambreras infantiles a granel. Como fabricante de contenedores de acero inoxidable 304 para alimentos personalizados, ofrecemos fiambreras para ni\u00f1os seguras con anillo de silicona de sellado, cuatro cierres a presi\u00f3n y cuchara incluida. Los precios al por mayor directos de f\u00e1brica y las muestras gratuitas ayudan a los compradores a abastecerse con confianza.<\/p>\n<h2>Par\u00e1metros de las fiambreras infantiles a granel:<\/h2>\n<ul>\n<li><strong>Modelo<\/strong>: 6536<\/li>\n<li><strong>Marca<\/strong>: Xinghui<\/li>\n<li><strong>Material<\/strong>: PP+silicona+acero inoxidable<\/li>\n<li><strong>Tama\u00f1o:<\/strong> 21,5*15*7,5 cm<\/li>\n<li><strong>Capacidad:<\/strong> 1100 ml<\/li>\n<li><strong>Color<\/strong>rosa, azul, verde<\/li>\n<li><strong>Peso bruto: <\/strong>11 kg<\/li>\n<li><strong>Tama\u00f1o de la caja:<\/strong> 47*34*47cm<\/li>\n<li><strong>Embalaje:<\/strong> 24 uds\/ctn<\/li>\n<li><strong>Paquetes<\/strong>: Bolsa OPP<\/li>\n<li><strong>OEM\/ODM<\/strong>: Disponible<\/li>\n<li><strong>MOQ: <\/strong>2000 Piezas<\/li>\n<li><strong>Opci\u00f3n personalizada<\/strong>: Color\/Tama\u00f1o\/Logotipo\/Embalaje<\/li>\n<\/ul>\n<h2>De Daily Plasticware Fabricante :<\/h2>\n<p>Fundada en 2000,\u00a0<a href=\"https:\/\/www.xhplasticlife.com\/es\/\"><strong>Xinghui<\/strong><\/a> se especializa en la producci\u00f3n y venta al por mayor de fiambreras, recipientes para almacenar alimentos, art\u00edculos para bebidas, recipientes para almacenamiento dom\u00e9stico y otros productos de pl\u00e1stico de uso diario. Ofrecemos servicios integrales de OEM, ODM y comercio electr\u00f3nico a nuestros clientes.<\/p>","protected":false},"featured_media":1910,"comment_status":"closed","ping_status":"closed","template":"","meta":{"_acf_changed":false},"product_brand":[],"product_cat":[17,35],"product_tag":[],"class_list":{"0":"post-1904","1":"product","2":"type-product","3":"status-publish","4":"has-post-thumbnail","6":"product_cat-wholesale-lunch-boxes","7":"product_cat-stainless-steel-lunch-box-manufacturer","9":"first","10":"instock","11":"shipping-taxable","12":"product-type-simple"},"acf":[],"_links":{"self":[{"href":"https:\/\/www.xhplasticlife.com\/es\/wp-json\/wp\/v2\/product\/1904","targetHints":{"allow":["GET"]}}],"collection":[{"href":"https:\/\/www.xhplasticlife.com\/es\/wp-json\/wp\/v2\/product"}],"about":[{"href":"https:\/\/www.xhplasticlife.com\/es\/wp-json\/wp\/v2\/types\/product"}],"replies":[{"embeddable":true,"href":"https:\/\/www.xhplasticlife.com\/es\/wp-json\/wp\/v2\/comments?post=1904"}],"wp:featuredmedia":[{"embeddable":true,"href":"https:\/\/www.xhplasticlife.com\/es\/wp-json\/wp\/v2\/media\/1910"}],"wp:attachment":[{"href":"https:\/\/www.xhplasticlife.com\/es\/wp-json\/wp\/v2\/media?parent=1904"}],"wp:term":[{"taxonomy":"product_brand","embeddable":true,"href":"https:\/\/www.xhplasticlife.com\/es\/wp-json\/wp\/v2\/product_brand?post=1904"},{"taxonomy":"product_cat","embeddable":true,"href":"https:\/\/www.xhplasticlife.com\/es\/wp-json\/wp\/v2\/product_cat?post=1904"},{"taxonomy":"product_tag","embeddable":true,"href":"https:\/\/www.xhplasticlife.com\/es\/wp-json\/wp\/v2\/product_tag?post=1904"}],"curies":[{"name":"wp","href":"https:\/\/api.w.org\/{rel}","templated":true}]}}