{"id":1892,"date":"2025-12-22T09:05:17","date_gmt":"2025-12-22T09:05:17","guid":{"rendered":"https:\/\/www.xhplasticlife.com\/?post_type=product&#038;p=1892"},"modified":"2026-04-02T10:02:37","modified_gmt":"2026-04-02T10:02:37","slug":"bulk-lunch-boxes-for-kids","status":"publish","type":"product","link":"https:\/\/www.xhplasticlife.com\/es\/producto\/bulk-lunch-boxes-for-kids\/","title":{"rendered":"Fiambrera personalizada para ni\u00f1os, de grado alimenticio 304 de acero inoxidable Fiambrera f\u00e1brica"},"content":{"rendered":"<div class=\"wp-block-columns is-layout-flex wp-container-core-columns-is-layout-9d6595d7 wp-block-columns-is-layout-flex\">\n<div class=\"wp-block-column is-layout-flow wp-block-column-is-layout-flow\">\n<h2 class=\"wp-block-heading\">Fiambreras a granel para ni\u00f1os Caracter\u00edsticas:<\/h2>\n\n\n\n<ul class=\"wp-block-list\">\n<li><strong>Acero inoxidable 304 de calidad alimentaria para un uso m\u00e1s seguro por parte de los ni\u00f1os:<\/strong> Fabricados con materiales de alta calidad aptos para uso alimentario, sin sustancias nocivas, resistentes a la oxidaci\u00f3n e inodoros, adecuados para el uso diario y repetido por parte de los ni\u00f1os. Como f\u00e1brica profesional de fiambreras de acero inoxidable 304, mantenemos un estricto control sobre las normas de seguridad.<\/li>\n\n\n\n<li><strong>Dise\u00f1ado espec\u00edficamente para ni\u00f1os, pr\u00e1ctico y f\u00e1cil de usar: <\/strong>Su estructura razonable y su capacidad moderada facilitan a los padres la preparaci\u00f3n de comidas nutritivas y equilibradas para los ni\u00f1os, adecuadas para almuerzos escolares, guarder\u00edas y uso dom\u00e9stico.<\/li>\n\n\n\n<li><strong>Robustas y duraderas, ideales para el suministro a granel a largo plazo:<\/strong> El material de acero inoxidable es resistente a las ca\u00eddas y al desgaste, m\u00e1s duradero que el pl\u00e1stico, lo que reduce la frecuencia de sustituci\u00f3n y lo hace ideal para fiambreras a granel para ni\u00f1os de larga duraci\u00f3n.<\/li>\n\n\n\n<li><strong>F\u00e1ciles de limpiar, cumplen las tendencias higi\u00e9nicas y medioambientales:<\/strong> La superficie lisa es f\u00e1cil de limpiar y resistente a las manchas de aceite, lo que permite una limpieza r\u00e1pida y un uso repetido, satisfaciendo la demanda actual del mercado de vajillas infantiles respetuosas con el medio ambiente.<\/li>\n\n\n\n<li><strong>Apoyo a la personalizaci\u00f3n para impulsar la expansi\u00f3n de la marca y el canal:<\/strong> Ofrecemos servicios de personalizaci\u00f3n OEM\/ODM para el tama\u00f1o, el logotipo y el embalaje, satisfaciendo las necesidades diferenciadas de marcas, importadores e instituciones educativas.<\/li>\n\n\n\n<li><strong>Suministro directo de f\u00e1brica, precios estables y competitivos:<\/strong> Como una f\u00e1brica madura de contenedores de almuerzo de acero inoxidable 304, tenemos una capacidad de producci\u00f3n estable y ventajas de precios al por mayor de f\u00e1brica, ayudando a los clientes a controlar los costos.<\/li>\n\n\n\n<li><strong>Soporte gratuito de muestras para reducir los riesgos de las decisiones de compra:<\/strong> Proporcionamos muestras gratuitas para que los compradores puedan realizar pruebas de calidad y verificaciones de mercado antes de realizar los pedidos, lo que acelera el proceso de cooperaci\u00f3n.<\/li>\n<\/ul>\n<\/div>\n\n\n\n<div class=\"wp-block-column is-layout-flow wp-block-column-is-layout-flow\">\n<figure class=\"wp-block-image size-full\"><img decoding=\"async\" width=\"800\" height=\"800\" src=\"https:\/\/www.xhplasticlife.com\/wp-content\/uploads\/2025\/12\/Bulk-Lunch-Boxes-for-Kids-xinghui-plastic-manufacturer-4.webp\" alt=\"Fiambreras a granel para ni\u00f1os - xinghui plastic manufacturer (4)\" class=\"wp-image-1902\" srcset=\"https:\/\/www.xhplasticlife.com\/wp-content\/uploads\/2025\/12\/Bulk-Lunch-Boxes-for-Kids-xinghui-plastic-manufacturer-4.webp 800w, https:\/\/www.xhplasticlife.com\/wp-content\/uploads\/2025\/12\/Bulk-Lunch-Boxes-for-Kids-xinghui-plastic-manufacturer-4-300x300.webp 300w, https:\/\/www.xhplasticlife.com\/wp-content\/uploads\/2025\/12\/Bulk-Lunch-Boxes-for-Kids-xinghui-plastic-manufacturer-4-150x150.webp 150w, https:\/\/www.xhplasticlife.com\/wp-content\/uploads\/2025\/12\/Bulk-Lunch-Boxes-for-Kids-xinghui-plastic-manufacturer-4-768x768.webp 768w, https:\/\/www.xhplasticlife.com\/wp-content\/uploads\/2025\/12\/Bulk-Lunch-Boxes-for-Kids-xinghui-plastic-manufacturer-4-12x12.webp 12w, https:\/\/www.xhplasticlife.com\/wp-content\/uploads\/2025\/12\/Bulk-Lunch-Boxes-for-Kids-xinghui-plastic-manufacturer-4-600x600.webp 600w, https:\/\/www.xhplasticlife.com\/wp-content\/uploads\/2025\/12\/Bulk-Lunch-Boxes-for-Kids-xinghui-plastic-manufacturer-4-100x100.webp 100w\" sizes=\"(max-width: 800px) 100vw, 800px\" \/><\/figure>\n<\/div>\n<\/div>\n\n\n\n<div class=\"wp-block-columns is-layout-flex wp-container-core-columns-is-layout-9d6595d7 wp-block-columns-is-layout-flex\">\n<div class=\"wp-block-column is-layout-flow wp-block-column-is-layout-flow\">\n<figure class=\"wp-block-image size-full\"><img decoding=\"async\" width=\"800\" height=\"800\" src=\"https:\/\/www.xhplasticlife.com\/wp-content\/uploads\/2025\/12\/3-compartments-Bulk-Green-Lunch-Boxes-for-Kids-4.webp\" alt=\"Fiambreras verdes a granel con 3 compartimentos para ni\u00f1os (4)\" class=\"wp-image-1898\" srcset=\"https:\/\/www.xhplasticlife.com\/wp-content\/uploads\/2025\/12\/3-compartments-Bulk-Green-Lunch-Boxes-for-Kids-4.webp 800w, https:\/\/www.xhplasticlife.com\/wp-content\/uploads\/2025\/12\/3-compartments-Bulk-Green-Lunch-Boxes-for-Kids-4-300x300.webp 300w, https:\/\/www.xhplasticlife.com\/wp-content\/uploads\/2025\/12\/3-compartments-Bulk-Green-Lunch-Boxes-for-Kids-4-150x150.webp 150w, https:\/\/www.xhplasticlife.com\/wp-content\/uploads\/2025\/12\/3-compartments-Bulk-Green-Lunch-Boxes-for-Kids-4-768x768.webp 768w, https:\/\/www.xhplasticlife.com\/wp-content\/uploads\/2025\/12\/3-compartments-Bulk-Green-Lunch-Boxes-for-Kids-4-12x12.webp 12w, https:\/\/www.xhplasticlife.com\/wp-content\/uploads\/2025\/12\/3-compartments-Bulk-Green-Lunch-Boxes-for-Kids-4-600x600.webp 600w, https:\/\/www.xhplasticlife.com\/wp-content\/uploads\/2025\/12\/3-compartments-Bulk-Green-Lunch-Boxes-for-Kids-4-100x100.webp 100w\" sizes=\"(max-width: 800px) 100vw, 800px\" \/><\/figure>\n<\/div>\n\n\n\n<div class=\"wp-block-column is-layout-flow wp-block-column-is-layout-flow\">\n<figure class=\"wp-block-image size-full\"><img decoding=\"async\" width=\"800\" height=\"800\" src=\"https:\/\/www.xhplasticlife.com\/wp-content\/uploads\/2025\/12\/3-compartments-Bulk-Green-Lunch-Boxes-for-Kids-3.webp\" alt=\"Fiambreras verdes a granel de 3 compartimentos para ni\u00f1os (3)\" class=\"wp-image-1897\" srcset=\"https:\/\/www.xhplasticlife.com\/wp-content\/uploads\/2025\/12\/3-compartments-Bulk-Green-Lunch-Boxes-for-Kids-3.webp 800w, https:\/\/www.xhplasticlife.com\/wp-content\/uploads\/2025\/12\/3-compartments-Bulk-Green-Lunch-Boxes-for-Kids-3-300x300.webp 300w, https:\/\/www.xhplasticlife.com\/wp-content\/uploads\/2025\/12\/3-compartments-Bulk-Green-Lunch-Boxes-for-Kids-3-150x150.webp 150w, https:\/\/www.xhplasticlife.com\/wp-content\/uploads\/2025\/12\/3-compartments-Bulk-Green-Lunch-Boxes-for-Kids-3-768x768.webp 768w, https:\/\/www.xhplasticlife.com\/wp-content\/uploads\/2025\/12\/3-compartments-Bulk-Green-Lunch-Boxes-for-Kids-3-12x12.webp 12w, https:\/\/www.xhplasticlife.com\/wp-content\/uploads\/2025\/12\/3-compartments-Bulk-Green-Lunch-Boxes-for-Kids-3-600x600.webp 600w, https:\/\/www.xhplasticlife.com\/wp-content\/uploads\/2025\/12\/3-compartments-Bulk-Green-Lunch-Boxes-for-Kids-3-100x100.webp 100w\" sizes=\"(max-width: 800px) 100vw, 800px\" \/><\/figure>\n<\/div>\n\n\n\n<div class=\"wp-block-column is-layout-flow wp-block-column-is-layout-flow\">\n<figure class=\"wp-block-image size-full\"><img decoding=\"async\" width=\"800\" height=\"800\" src=\"https:\/\/www.xhplasticlife.com\/wp-content\/uploads\/2025\/12\/3-compartments-Bulk-Pink-Lunch-Boxes-for-Kids-5.webp\" alt=\"Fiambreras rosas a granel con 3 compartimentos para ni\u00f1os (5)\" class=\"wp-image-1896\" srcset=\"https:\/\/www.xhplasticlife.com\/wp-content\/uploads\/2025\/12\/3-compartments-Bulk-Pink-Lunch-Boxes-for-Kids-5.webp 800w, https:\/\/www.xhplasticlife.com\/wp-content\/uploads\/2025\/12\/3-compartments-Bulk-Pink-Lunch-Boxes-for-Kids-5-300x300.webp 300w, https:\/\/www.xhplasticlife.com\/wp-content\/uploads\/2025\/12\/3-compartments-Bulk-Pink-Lunch-Boxes-for-Kids-5-150x150.webp 150w, https:\/\/www.xhplasticlife.com\/wp-content\/uploads\/2025\/12\/3-compartments-Bulk-Pink-Lunch-Boxes-for-Kids-5-768x768.webp 768w, https:\/\/www.xhplasticlife.com\/wp-content\/uploads\/2025\/12\/3-compartments-Bulk-Pink-Lunch-Boxes-for-Kids-5-12x12.webp 12w, https:\/\/www.xhplasticlife.com\/wp-content\/uploads\/2025\/12\/3-compartments-Bulk-Pink-Lunch-Boxes-for-Kids-5-600x600.webp 600w, https:\/\/www.xhplasticlife.com\/wp-content\/uploads\/2025\/12\/3-compartments-Bulk-Pink-Lunch-Boxes-for-Kids-5-100x100.webp 100w\" sizes=\"(max-width: 800px) 100vw, 800px\" \/><\/figure>\n<\/div>\n<\/div>\n\n\n\n<div class=\"wp-block-columns is-layout-flex wp-container-core-columns-is-layout-9d6595d7 wp-block-columns-is-layout-flex\">\n<div class=\"wp-block-column is-layout-flow wp-block-column-is-layout-flow\">\n<figure class=\"wp-block-image size-full\"><img decoding=\"async\" width=\"800\" height=\"800\" src=\"https:\/\/www.xhplasticlife.com\/wp-content\/uploads\/2025\/12\/2-compartments-Bulk-Lunch-Boxes-for-Kids-6.webp\" alt=\"2 compartimentos - Fiambreras a granel para ni\u00f1os (6)\" class=\"wp-image-1893\" srcset=\"https:\/\/www.xhplasticlife.com\/wp-content\/uploads\/2025\/12\/2-compartments-Bulk-Lunch-Boxes-for-Kids-6.webp 800w, https:\/\/www.xhplasticlife.com\/wp-content\/uploads\/2025\/12\/2-compartments-Bulk-Lunch-Boxes-for-Kids-6-300x300.webp 300w, https:\/\/www.xhplasticlife.com\/wp-content\/uploads\/2025\/12\/2-compartments-Bulk-Lunch-Boxes-for-Kids-6-150x150.webp 150w, https:\/\/www.xhplasticlife.com\/wp-content\/uploads\/2025\/12\/2-compartments-Bulk-Lunch-Boxes-for-Kids-6-768x768.webp 768w, https:\/\/www.xhplasticlife.com\/wp-content\/uploads\/2025\/12\/2-compartments-Bulk-Lunch-Boxes-for-Kids-6-12x12.webp 12w, https:\/\/www.xhplasticlife.com\/wp-content\/uploads\/2025\/12\/2-compartments-Bulk-Lunch-Boxes-for-Kids-6-600x600.webp 600w, https:\/\/www.xhplasticlife.com\/wp-content\/uploads\/2025\/12\/2-compartments-Bulk-Lunch-Boxes-for-Kids-6-100x100.webp 100w\" sizes=\"(max-width: 800px) 100vw, 800px\" \/><\/figure>\n<\/div>\n\n\n\n<div class=\"wp-block-column is-layout-flow wp-block-column-is-layout-flow\">\n<figure class=\"wp-block-image size-full\"><img decoding=\"async\" width=\"800\" height=\"800\" src=\"https:\/\/www.xhplasticlife.com\/wp-content\/uploads\/2025\/12\/2-compartments-Bulk-Lunch-Boxes-for-Kids-7.webp\" alt=\"2 compartimentos - Fiambreras a granel para ni\u00f1os (7)\" class=\"wp-image-1894\" srcset=\"https:\/\/www.xhplasticlife.com\/wp-content\/uploads\/2025\/12\/2-compartments-Bulk-Lunch-Boxes-for-Kids-7.webp 800w, https:\/\/www.xhplasticlife.com\/wp-content\/uploads\/2025\/12\/2-compartments-Bulk-Lunch-Boxes-for-Kids-7-300x300.webp 300w, https:\/\/www.xhplasticlife.com\/wp-content\/uploads\/2025\/12\/2-compartments-Bulk-Lunch-Boxes-for-Kids-7-150x150.webp 150w, https:\/\/www.xhplasticlife.com\/wp-content\/uploads\/2025\/12\/2-compartments-Bulk-Lunch-Boxes-for-Kids-7-768x768.webp 768w, https:\/\/www.xhplasticlife.com\/wp-content\/uploads\/2025\/12\/2-compartments-Bulk-Lunch-Boxes-for-Kids-7-12x12.webp 12w, https:\/\/www.xhplasticlife.com\/wp-content\/uploads\/2025\/12\/2-compartments-Bulk-Lunch-Boxes-for-Kids-7-600x600.webp 600w, https:\/\/www.xhplasticlife.com\/wp-content\/uploads\/2025\/12\/2-compartments-Bulk-Lunch-Boxes-for-Kids-7-100x100.webp 100w\" sizes=\"(max-width: 800px) 100vw, 800px\" \/><\/figure>\n<\/div>\n\n\n\n<div class=\"wp-block-column is-layout-flow wp-block-column-is-layout-flow\">\n<figure class=\"wp-block-image size-full\"><img decoding=\"async\" width=\"800\" height=\"800\" src=\"https:\/\/www.xhplasticlife.com\/wp-content\/uploads\/2025\/12\/2-compartments-Bulk-Lunch-Boxes-for-Kids-8.webp\" alt=\"2 compartimentos - Fiambreras a granel para ni\u00f1os (8)\" class=\"wp-image-1895\" srcset=\"https:\/\/www.xhplasticlife.com\/wp-content\/uploads\/2025\/12\/2-compartments-Bulk-Lunch-Boxes-for-Kids-8.webp 800w, https:\/\/www.xhplasticlife.com\/wp-content\/uploads\/2025\/12\/2-compartments-Bulk-Lunch-Boxes-for-Kids-8-300x300.webp 300w, https:\/\/www.xhplasticlife.com\/wp-content\/uploads\/2025\/12\/2-compartments-Bulk-Lunch-Boxes-for-Kids-8-150x150.webp 150w, https:\/\/www.xhplasticlife.com\/wp-content\/uploads\/2025\/12\/2-compartments-Bulk-Lunch-Boxes-for-Kids-8-768x768.webp 768w, https:\/\/www.xhplasticlife.com\/wp-content\/uploads\/2025\/12\/2-compartments-Bulk-Lunch-Boxes-for-Kids-8-12x12.webp 12w, https:\/\/www.xhplasticlife.com\/wp-content\/uploads\/2025\/12\/2-compartments-Bulk-Lunch-Boxes-for-Kids-8-600x600.webp 600w, https:\/\/www.xhplasticlife.com\/wp-content\/uploads\/2025\/12\/2-compartments-Bulk-Lunch-Boxes-for-Kids-8-100x100.webp 100w\" sizes=\"(max-width: 800px) 100vw, 800px\" \/><\/figure>\n<\/div>\n<\/div>","protected":false},"excerpt":{"rendered":"<p data-start=\"444\" data-end=\"725\">Bienvenido a comprar fiambreras a granel para ni\u00f1os. Como f\u00e1brica profesional de fiambreras de acero inoxidable 304, suministramos fiambreras duraderas de calidad alimentaria dise\u00f1adas para ni\u00f1os. Los precios al por mayor directos de f\u00e1brica, el servicio OEM\/ODM y las muestras gratuitas ayudan a los compradores a abastecerse con confianza.<\/p>\n<h2>Fiambreras a granel para ni\u00f1os Par\u00e1metro:<\/h2>\n<ul>\n<li><strong>Modelo<\/strong>: 6533<\/li>\n<li><strong>Marca<\/strong>: Xinghui<\/li>\n<li><strong>Material<\/strong>: PP+silicona+acero inoxidable<\/li>\n<li><strong>Tama\u00f1o:<\/strong> 24*17*7,5 cm<\/li>\n<li><strong>Capacidad:<\/strong> 1100 ml<\/li>\n<li><strong>Color<\/strong>rosa, azul, verde<\/li>\n<li><strong>Peso bruto: <\/strong>13 kg<\/li>\n<li><strong>Tama\u00f1o de la caja:<\/strong> 50*36*47cm<\/li>\n<li><strong>Embalaje:<\/strong> 24 uds\/ctn<\/li>\n<li><strong>Paquetes<\/strong>: Bolsa OPP<\/li>\n<li><strong>OEM\/ODM<\/strong>: Disponible<\/li>\n<li><strong>MOQ: <\/strong>2000 Piezas<\/li>\n<li><strong>Opci\u00f3n personalizada<\/strong>: Color\/Tama\u00f1o\/Logotipo\/Embalaje<\/li>\n<\/ul>\n<h2>De Daily Plasticware Fabricante :<\/h2>\n<p>Fundada en 2000,\u00a0<a href=\"https:\/\/www.xhplasticlife.com\/es\/\"><strong>Xinghui<\/strong><\/a> se especializa en la producci\u00f3n y venta al por mayor de fiambreras, recipientes para almacenar alimentos, art\u00edculos para bebidas, recipientes para almacenamiento dom\u00e9stico y otros productos de pl\u00e1stico de uso diario. Ofrecemos servicios integrales de OEM, ODM y comercio electr\u00f3nico a nuestros clientes.<\/p>","protected":false},"featured_media":1899,"comment_status":"closed","ping_status":"closed","template":"","meta":{"_acf_changed":false},"product_brand":[],"product_cat":[17,35],"product_tag":[],"class_list":{"0":"post-1892","1":"product","2":"type-product","3":"status-publish","4":"has-post-thumbnail","6":"product_cat-wholesale-lunch-boxes","7":"product_cat-stainless-steel-lunch-box-manufacturer","9":"first","10":"instock","11":"shipping-taxable","12":"product-type-simple"},"acf":[],"_links":{"self":[{"href":"https:\/\/www.xhplasticlife.com\/es\/wp-json\/wp\/v2\/product\/1892","targetHints":{"allow":["GET"]}}],"collection":[{"href":"https:\/\/www.xhplasticlife.com\/es\/wp-json\/wp\/v2\/product"}],"about":[{"href":"https:\/\/www.xhplasticlife.com\/es\/wp-json\/wp\/v2\/types\/product"}],"replies":[{"embeddable":true,"href":"https:\/\/www.xhplasticlife.com\/es\/wp-json\/wp\/v2\/comments?post=1892"}],"wp:featuredmedia":[{"embeddable":true,"href":"https:\/\/www.xhplasticlife.com\/es\/wp-json\/wp\/v2\/media\/1899"}],"wp:attachment":[{"href":"https:\/\/www.xhplasticlife.com\/es\/wp-json\/wp\/v2\/media?parent=1892"}],"wp:term":[{"taxonomy":"product_brand","embeddable":true,"href":"https:\/\/www.xhplasticlife.com\/es\/wp-json\/wp\/v2\/product_brand?post=1892"},{"taxonomy":"product_cat","embeddable":true,"href":"https:\/\/www.xhplasticlife.com\/es\/wp-json\/wp\/v2\/product_cat?post=1892"},{"taxonomy":"product_tag","embeddable":true,"href":"https:\/\/www.xhplasticlife.com\/es\/wp-json\/wp\/v2\/product_tag?post=1892"}],"curies":[{"name":"wp","href":"https:\/\/api.w.org\/{rel}","templated":true}]}}