{"id":1885,"date":"2025-12-22T07:33:10","date_gmt":"2025-12-22T07:33:10","guid":{"rendered":"https:\/\/www.xhplasticlife.com\/?post_type=product&#038;p=1885"},"modified":"2026-04-02T10:03:43","modified_gmt":"2026-04-02T10:03:43","slug":"2-compartments-lunch-box-in-bulk","status":"publish","type":"product","link":"https:\/\/www.xhplasticlife.com\/es\/producto\/2-compartments-lunch-box-in-bulk\/","title":{"rendered":"Fiambrera de 2 compartimentos a granel, Fiambrera de acero inoxidable 304 Proveedor"},"content":{"rendered":"<div class=\"wp-block-columns is-layout-flex wp-container-core-columns-is-layout-9d6595d7 wp-block-columns-is-layout-flex\">\n<div class=\"wp-block-column is-layout-flow wp-block-column-is-layout-flow\">\n<h2 class=\"wp-block-heading\">Fiambrera de 2 compartimentos a granel Caracter\u00edsticas:<\/h2>\n\n\n\n<ul class=\"wp-block-list\">\n<li>Acero inoxidable 304 de calidad alimentaria, m\u00e1s seguro y fiable: Fabricado con materiales de grado alimentario de alto est\u00e1ndar, es resistente a la corrosi\u00f3n, libre de \u00f3xido e inodoro, adecuado para uso repetido a largo plazo, cumpliendo con los requisitos del mercado internacional para vajilla saludable. Como proveedor profesional de fiambreras de acero inoxidable 304, controlamos estrictamente las materias primas y los procesos.<\/li>\n\n\n\n<li><strong>Dise\u00f1o de doble compartimento, pr\u00e1ctico y eficaz<\/strong>: La estructura de dos compartimentos separa f\u00e1cilmente los platos principales y las guarniciones, adecuada para trabajadores de oficina, comidas de gimnasio y almuerzos escolares. El dise\u00f1o sencillo se ajusta a los h\u00e1bitos de uso de la mayor\u00eda de los consumidores.<\/li>\n\n\n\n<li><strong>Resistente y duradero, adecuado para ventas a granel a largo plazo: <\/strong>La estructura met\u00e1lica es resistente a las ca\u00eddas y al desgaste, no es propensa al envejecimiento y tiene una vida \u00fatil m\u00e1s larga que los productos de pl\u00e1stico, lo que ayuda a las marcas a reducir los costes posventa y de sustituci\u00f3n.<\/li>\n\n\n\n<li><strong>Apoyo a la personalizaci\u00f3n, que ayuda a las marcas a diferenciarse:<\/strong> Ofrecemos servicios de personalizaci\u00f3n del tama\u00f1o, el logotipo, el tratamiento de la superficie y el envasado, adecuados para que los propietarios de marcas, importadores y mayoristas lleven a cabo negocios a granel de fiambreras de dos compartimentos.<\/li>\n\n\n\n<li><strong>Suministro directo de f\u00e1brica, importante ventaja de precio al por mayor<\/strong>: Como proveedor maduro de fiambrera de acero inoxidable 304, tenemos una capacidad de producci\u00f3n estable y l\u00edneas de producci\u00f3n maduras, lo que nos permite ofrecer precios competitivos al por mayor de f\u00e1brica.<\/li>\n\n\n\n<li><strong>Las muestras gratuitas reducen los riesgos de adquisici\u00f3n:<\/strong> Se ofrecen pruebas gratuitas de muestras, lo que permite a los compradores confirmar la calidad y validar el mercado antes de hacer un pedido formal, mejorando as\u00ed la eficacia de las decisiones de compra.<\/li>\n<\/ul>\n<\/div>\n\n\n\n<div class=\"wp-block-column is-layout-flow wp-block-column-is-layout-flow\">\n<figure class=\"wp-block-image size-full\"><img decoding=\"async\" width=\"1042\" height=\"1042\" src=\"https:\/\/www.xhplasticlife.com\/wp-content\/uploads\/2025\/12\/2-Compartments-Lunch-Box-in-Bulk-xinghui-plastic-manufacturer-4.webp\" alt=\"2 Compartimentos Fiambrera a Granel -xinghui fabricante de pl\u00e1stico (4)\" class=\"wp-image-1889\" srcset=\"https:\/\/www.xhplasticlife.com\/wp-content\/uploads\/2025\/12\/2-Compartments-Lunch-Box-in-Bulk-xinghui-plastic-manufacturer-4.webp 1042w, https:\/\/www.xhplasticlife.com\/wp-content\/uploads\/2025\/12\/2-Compartments-Lunch-Box-in-Bulk-xinghui-plastic-manufacturer-4-300x300.webp 300w, https:\/\/www.xhplasticlife.com\/wp-content\/uploads\/2025\/12\/2-Compartments-Lunch-Box-in-Bulk-xinghui-plastic-manufacturer-4-150x150.webp 150w, https:\/\/www.xhplasticlife.com\/wp-content\/uploads\/2025\/12\/2-Compartments-Lunch-Box-in-Bulk-xinghui-plastic-manufacturer-4-768x768.webp 768w, https:\/\/www.xhplasticlife.com\/wp-content\/uploads\/2025\/12\/2-Compartments-Lunch-Box-in-Bulk-xinghui-plastic-manufacturer-4-12x12.webp 12w, https:\/\/www.xhplasticlife.com\/wp-content\/uploads\/2025\/12\/2-Compartments-Lunch-Box-in-Bulk-xinghui-plastic-manufacturer-4-600x600.webp 600w, https:\/\/www.xhplasticlife.com\/wp-content\/uploads\/2025\/12\/2-Compartments-Lunch-Box-in-Bulk-xinghui-plastic-manufacturer-4-100x100.webp 100w\" sizes=\"(max-width: 1042px) 100vw, 1042px\" \/><\/figure>\n<\/div>\n<\/div>\n\n\n\n<div class=\"wp-block-columns is-layout-flex wp-container-core-columns-is-layout-9d6595d7 wp-block-columns-is-layout-flex\">\n<div class=\"wp-block-column is-layout-flow wp-block-column-is-layout-flow\">\n<figure class=\"wp-block-image size-full\"><img decoding=\"async\" width=\"1902\" height=\"1080\" src=\"https:\/\/www.xhplasticlife.com\/wp-content\/uploads\/2025\/12\/Bulk-2-Compartments-Lunch-Box-xinghui-plastic-manufacturer.webp\" alt=\"Fiambrera 2 compartimentos a granel - xinghui plastic manufacturer\" class=\"wp-image-1891\" srcset=\"https:\/\/www.xhplasticlife.com\/wp-content\/uploads\/2025\/12\/Bulk-2-Compartments-Lunch-Box-xinghui-plastic-manufacturer.webp 1902w, https:\/\/www.xhplasticlife.com\/wp-content\/uploads\/2025\/12\/Bulk-2-Compartments-Lunch-Box-xinghui-plastic-manufacturer-300x170.webp 300w, https:\/\/www.xhplasticlife.com\/wp-content\/uploads\/2025\/12\/Bulk-2-Compartments-Lunch-Box-xinghui-plastic-manufacturer-768x436.webp 768w, https:\/\/www.xhplasticlife.com\/wp-content\/uploads\/2025\/12\/Bulk-2-Compartments-Lunch-Box-xinghui-plastic-manufacturer-18x10.webp 18w, https:\/\/www.xhplasticlife.com\/wp-content\/uploads\/2025\/12\/Bulk-2-Compartments-Lunch-Box-xinghui-plastic-manufacturer-1200x681.webp 1200w, https:\/\/www.xhplasticlife.com\/wp-content\/uploads\/2025\/12\/Bulk-2-Compartments-Lunch-Box-xinghui-plastic-manufacturer-600x341.webp 600w\" sizes=\"(max-width: 1902px) 100vw, 1902px\" \/><\/figure>\n<\/div>\n<\/div>\n\n\n\n<p><\/p>","protected":false},"excerpt":{"rendered":"<p>Bienvenido a comprar fiambreras de 2 compartimentos a granel. Como proveedor profesional de fiambreras de acero inoxidable 304, ofrecemos fiambreras de dos compartimentos seguras y duraderas para las comidas diarias. Los precios al por mayor directos de f\u00e1brica, el soporte OEM\/ODM y las muestras gratuitas ayudan a los compradores a abastecerse de forma eficiente.<\/p>\n<h2>Fiambrera a granel Par\u00e1metro:<\/h2>\n<ul>\n<li><strong>Modelo<\/strong>: 6527<\/li>\n<li><strong>Marca<\/strong>: Xinghui<\/li>\n<li><strong>Material<\/strong>: PP+silicona+acero inoxidable<\/li>\n<li><strong>Tama\u00f1o:<\/strong> 49*36*45cm<\/li>\n<li><strong>Capacidad:<\/strong> 1300 ml<\/li>\n<li><strong>Color<\/strong>rosa, azul, verde<\/li>\n<li><strong>Peso bruto: <\/strong>11 kg<\/li>\n<li><strong>Tama\u00f1o de la caja:<\/strong> 51*46*62cm<\/li>\n<li><strong>Embalaje:<\/strong> 24 uds\/ctn<\/li>\n<li><strong>Paquetes<\/strong>: Bolsa OPP<\/li>\n<li><strong>OEM\/ODM<\/strong>: Disponible<\/li>\n<li><strong>MOQ: <\/strong>2000 Piezas<\/li>\n<li><strong>Opci\u00f3n personalizada<\/strong>: Color\/Tama\u00f1o\/Logotipo\/Embalaje<\/li>\n<\/ul>\n<h2>De Daily Plasticware Fabricante :<\/h2>\n<p>Fundada en 2000,\u00a0<a href=\"https:\/\/www.xhplasticlife.com\/es\/\"><strong>Xinghui<\/strong><\/a> se especializa en la producci\u00f3n y venta al por mayor de fiambreras, recipientes para almacenar alimentos, art\u00edculos para bebidas, recipientes para almacenamiento dom\u00e9stico y otros productos de pl\u00e1stico de uso diario. Ofrecemos servicios integrales de OEM, ODM y comercio electr\u00f3nico a nuestros clientes.<\/p>","protected":false},"featured_media":1890,"comment_status":"closed","ping_status":"closed","template":"","meta":{"_acf_changed":false},"product_brand":[],"product_cat":[17,35],"product_tag":[],"class_list":{"0":"post-1885","1":"product","2":"type-product","3":"status-publish","4":"has-post-thumbnail","6":"product_cat-wholesale-lunch-boxes","7":"product_cat-stainless-steel-lunch-box-manufacturer","9":"first","10":"instock","11":"shipping-taxable","12":"product-type-simple"},"acf":[],"_links":{"self":[{"href":"https:\/\/www.xhplasticlife.com\/es\/wp-json\/wp\/v2\/product\/1885","targetHints":{"allow":["GET"]}}],"collection":[{"href":"https:\/\/www.xhplasticlife.com\/es\/wp-json\/wp\/v2\/product"}],"about":[{"href":"https:\/\/www.xhplasticlife.com\/es\/wp-json\/wp\/v2\/types\/product"}],"replies":[{"embeddable":true,"href":"https:\/\/www.xhplasticlife.com\/es\/wp-json\/wp\/v2\/comments?post=1885"}],"wp:featuredmedia":[{"embeddable":true,"href":"https:\/\/www.xhplasticlife.com\/es\/wp-json\/wp\/v2\/media\/1890"}],"wp:attachment":[{"href":"https:\/\/www.xhplasticlife.com\/es\/wp-json\/wp\/v2\/media?parent=1885"}],"wp:term":[{"taxonomy":"product_brand","embeddable":true,"href":"https:\/\/www.xhplasticlife.com\/es\/wp-json\/wp\/v2\/product_brand?post=1885"},{"taxonomy":"product_cat","embeddable":true,"href":"https:\/\/www.xhplasticlife.com\/es\/wp-json\/wp\/v2\/product_cat?post=1885"},{"taxonomy":"product_tag","embeddable":true,"href":"https:\/\/www.xhplasticlife.com\/es\/wp-json\/wp\/v2\/product_tag?post=1885"}],"curies":[{"name":"wp","href":"https:\/\/api.w.org\/{rel}","templated":true}]}}