{"id":1870,"date":"2025-12-22T06:48:38","date_gmt":"2025-12-22T06:48:38","guid":{"rendered":"https:\/\/www.xhplasticlife.com\/?post_type=product&#038;p=1870"},"modified":"2026-04-02T10:03:37","modified_gmt":"2026-04-02T10:03:37","slug":"custom-lunch-boxes-wholesale","status":"publish","type":"product","link":"https:\/\/www.xhplasticlife.com\/es\/producto\/custom-lunch-boxes-wholesale\/","title":{"rendered":"Cajas de almuerzo de encargo al por mayor, 304 contenedores de alimentos de acero inoxidable Fabricante"},"content":{"rendered":"<div class=\"wp-block-columns is-layout-flex wp-container-core-columns-is-layout-9d6595d7 wp-block-columns-is-layout-flex\">\n<div class=\"wp-block-column is-layout-flow wp-block-column-is-layout-flow\">\n<h2 class=\"wp-block-heading\">Fiambreras personalizadas Caracter\u00edsticas:<\/h2>\n\n\n\n<ul class=\"wp-block-list\">\n<li><strong>Acero inoxidable 304 de calidad alimentaria, m\u00e1s seguro y duradero:<\/strong> Fabricado con acero inoxidable 304 de alta calidad, es resistente a la corrosi\u00f3n, no se oxida y es inodoro, apto para el contacto prolongado con alimentos, cumpliendo los elevados requisitos de salud y seguridad del mercado internacional.<\/li>\n\n\n\n<li><strong>Dise\u00f1o de 2-5 compartimentos para satisfacer diversas necesidades diet\u00e9ticas:<\/strong> La estructura de varias capas permite almacenar por separado los platos principales, las guarniciones y las salsas, por lo que es adecuado para oficinistas, entusiastas del fitness y para el almuerzo familiar. Muy pr\u00e1ctico y ampliamente aceptado por los consumidores.<\/li>\n\n\n\n<li><strong>F\u00e1cil de limpiar y reutilizable, en l\u00ednea con las tendencias medioambientales:<\/strong> El material met\u00e1lico no retiene f\u00e1cilmente las manchas de aceite, lo que permite lavarlo a mano o en el lavavajillas, ayudando a las marcas a entrar en el mercado de las vajillas sostenibles y respetuosas con el medio ambiente.<\/li>\n\n\n\n<li><strong>Servicios de personalizaci\u00f3n OEM\/ODM disponibles:<\/strong> Como f\u00e1brica mayorista de fiambreras personalizadas, podemos ofrecer la personalizaci\u00f3n de tama\u00f1os, estructuras de compartimentos, logotipos, tratamientos superficiales y envases para satisfacer las necesidades diferenciadas de los propietarios de marcas y los clientes del canal.<\/li>\n\n\n\n<li><strong>Suministro directo de f\u00e1brica, capacidad de producci\u00f3n estable y ventaja de precio: <\/strong>Somos un fabricante experimentado de fiambreras de acero inoxidable 304 con una capacidad de producci\u00f3n estable y un estricto control de calidad, que ofrece precios competitivos al por mayor de f\u00e1brica.<\/li>\n\n\n\n<li><strong>Las muestras gratuitas reducen los riesgos de adquisici\u00f3n:<\/strong> El suministro de muestras gratuitas permite a los clientes realizar pruebas de calidad, validar el mercado y recoger las opiniones de los clientes antes de hacer un pedido formal, lo que acelera las decisiones de compra.<\/li>\n<\/ul>\n<\/div>\n\n\n\n<div class=\"wp-block-column is-layout-flow wp-block-column-is-layout-flow\">\n<figure class=\"wp-block-image size-full\"><img decoding=\"async\" width=\"750\" height=\"750\" src=\"https:\/\/www.xhplasticlife.com\/wp-content\/uploads\/2025\/12\/Custom-Lunch-Boxes-Wholesale-Manufacturer-xinghui-2.webp\" alt=\"Fabricante de fiambreras personalizadas al por mayor - xinghui (2)\" class=\"wp-image-1872\" srcset=\"https:\/\/www.xhplasticlife.com\/wp-content\/uploads\/2025\/12\/Custom-Lunch-Boxes-Wholesale-Manufacturer-xinghui-2.webp 750w, https:\/\/www.xhplasticlife.com\/wp-content\/uploads\/2025\/12\/Custom-Lunch-Boxes-Wholesale-Manufacturer-xinghui-2-300x300.webp 300w, https:\/\/www.xhplasticlife.com\/wp-content\/uploads\/2025\/12\/Custom-Lunch-Boxes-Wholesale-Manufacturer-xinghui-2-150x150.webp 150w, https:\/\/www.xhplasticlife.com\/wp-content\/uploads\/2025\/12\/Custom-Lunch-Boxes-Wholesale-Manufacturer-xinghui-2-12x12.webp 12w, https:\/\/www.xhplasticlife.com\/wp-content\/uploads\/2025\/12\/Custom-Lunch-Boxes-Wholesale-Manufacturer-xinghui-2-600x600.webp 600w, https:\/\/www.xhplasticlife.com\/wp-content\/uploads\/2025\/12\/Custom-Lunch-Boxes-Wholesale-Manufacturer-xinghui-2-100x100.webp 100w\" sizes=\"(max-width: 750px) 100vw, 750px\" \/><\/figure>\n<\/div>\n<\/div>\n\n\n\n<figure class=\"wp-block-table\"><table class=\"has-fixed-layout\"><tbody><tr><td>Modelo<\/td><td>Talla<\/td><td>Capacidad<\/td><td>Peso bruto<\/td><td>Tama\u00f1o de la caja<\/td><td>Embalaje<\/td><\/tr><tr><td>6521<\/td><td>29*22,5*6,5 cm<\/td><td>1400ML<\/td><td>15,2 kg<\/td><td>47*31*73 cm<\/td><td>18 uds\/ctn<\/td><\/tr><tr><td>6522<\/td><td>25,5*18*6,5 cm<\/td><td>1100ML<\/td><td>14,5 kg<\/td><td>54*32*60 cm<\/td><td>24 uds\/ctn<\/td><\/tr><tr><td>6523<\/td><td>22*15,5*6,5 cm<\/td><td>800ML<\/td><td>11,5 kg<\/td><td>54*32*50 cm<\/td><td>24 uds\/ctn<\/td><\/tr><\/tbody><\/table><\/figure>\n\n\n\n<div class=\"wp-block-columns is-layout-flex wp-container-core-columns-is-layout-9d6595d7 wp-block-columns-is-layout-flex\">\n<div class=\"wp-block-column is-layout-flow wp-block-column-is-layout-flow\">\n<figure class=\"wp-block-image size-full\"><img decoding=\"async\" width=\"750\" height=\"750\" src=\"https:\/\/www.xhplasticlife.com\/wp-content\/uploads\/2025\/12\/2-compartment-lunch-boxes-wholesale-xinghui-1.webp\" alt=\"fiambreras de 2 compartimentos al por mayor - xinghui (1)\" class=\"wp-image-1876\" srcset=\"https:\/\/www.xhplasticlife.com\/wp-content\/uploads\/2025\/12\/2-compartment-lunch-boxes-wholesale-xinghui-1.webp 750w, https:\/\/www.xhplasticlife.com\/wp-content\/uploads\/2025\/12\/2-compartment-lunch-boxes-wholesale-xinghui-1-300x300.webp 300w, https:\/\/www.xhplasticlife.com\/wp-content\/uploads\/2025\/12\/2-compartment-lunch-boxes-wholesale-xinghui-1-150x150.webp 150w, https:\/\/www.xhplasticlife.com\/wp-content\/uploads\/2025\/12\/2-compartment-lunch-boxes-wholesale-xinghui-1-12x12.webp 12w, https:\/\/www.xhplasticlife.com\/wp-content\/uploads\/2025\/12\/2-compartment-lunch-boxes-wholesale-xinghui-1-600x600.webp 600w, https:\/\/www.xhplasticlife.com\/wp-content\/uploads\/2025\/12\/2-compartment-lunch-boxes-wholesale-xinghui-1-100x100.webp 100w\" sizes=\"(max-width: 750px) 100vw, 750px\" \/><\/figure>\n<\/div>\n\n\n\n<div class=\"wp-block-column is-layout-flow wp-block-column-is-layout-flow\">\n<figure class=\"wp-block-image size-full\"><img decoding=\"async\" width=\"750\" height=\"750\" src=\"https:\/\/www.xhplasticlife.com\/wp-content\/uploads\/2025\/12\/2-compartment-lunch-boxes-wholesale-xinghui-2.webp\" alt=\"fiambreras de 2 compartimentos al por mayor - xinghui (2)\" class=\"wp-image-1877\" srcset=\"https:\/\/www.xhplasticlife.com\/wp-content\/uploads\/2025\/12\/2-compartment-lunch-boxes-wholesale-xinghui-2.webp 750w, https:\/\/www.xhplasticlife.com\/wp-content\/uploads\/2025\/12\/2-compartment-lunch-boxes-wholesale-xinghui-2-300x300.webp 300w, https:\/\/www.xhplasticlife.com\/wp-content\/uploads\/2025\/12\/2-compartment-lunch-boxes-wholesale-xinghui-2-150x150.webp 150w, https:\/\/www.xhplasticlife.com\/wp-content\/uploads\/2025\/12\/2-compartment-lunch-boxes-wholesale-xinghui-2-12x12.webp 12w, https:\/\/www.xhplasticlife.com\/wp-content\/uploads\/2025\/12\/2-compartment-lunch-boxes-wholesale-xinghui-2-600x600.webp 600w, https:\/\/www.xhplasticlife.com\/wp-content\/uploads\/2025\/12\/2-compartment-lunch-boxes-wholesale-xinghui-2-100x100.webp 100w\" sizes=\"(max-width: 750px) 100vw, 750px\" \/><\/figure>\n<\/div>\n\n\n\n<div class=\"wp-block-column is-layout-flow wp-block-column-is-layout-flow\">\n<figure class=\"wp-block-image size-full\"><img decoding=\"async\" width=\"750\" height=\"750\" src=\"https:\/\/www.xhplasticlife.com\/wp-content\/uploads\/2025\/12\/2-compartment-lunch-boxes-wholesale-xinghui-3.webp\" alt=\"fiambreras de 2 compartimentos al por mayor - xinghui (3)\" class=\"wp-image-1878\" srcset=\"https:\/\/www.xhplasticlife.com\/wp-content\/uploads\/2025\/12\/2-compartment-lunch-boxes-wholesale-xinghui-3.webp 750w, https:\/\/www.xhplasticlife.com\/wp-content\/uploads\/2025\/12\/2-compartment-lunch-boxes-wholesale-xinghui-3-300x300.webp 300w, https:\/\/www.xhplasticlife.com\/wp-content\/uploads\/2025\/12\/2-compartment-lunch-boxes-wholesale-xinghui-3-150x150.webp 150w, https:\/\/www.xhplasticlife.com\/wp-content\/uploads\/2025\/12\/2-compartment-lunch-boxes-wholesale-xinghui-3-12x12.webp 12w, https:\/\/www.xhplasticlife.com\/wp-content\/uploads\/2025\/12\/2-compartment-lunch-boxes-wholesale-xinghui-3-600x600.webp 600w, https:\/\/www.xhplasticlife.com\/wp-content\/uploads\/2025\/12\/2-compartment-lunch-boxes-wholesale-xinghui-3-100x100.webp 100w\" sizes=\"(max-width: 750px) 100vw, 750px\" \/><\/figure>\n<\/div>\n<\/div>\n\n\n\n<div class=\"wp-block-columns is-layout-flex wp-container-core-columns-is-layout-9d6595d7 wp-block-columns-is-layout-flex\">\n<div class=\"wp-block-column is-layout-flow wp-block-column-is-layout-flow\">\n<figure class=\"wp-block-image size-full\"><img decoding=\"async\" width=\"750\" height=\"750\" src=\"https:\/\/www.xhplasticlife.com\/wp-content\/uploads\/2025\/12\/4-compartment-lunch-boxes-custom-wholesale-1.webp\" alt=\"Fiambreras de 4 compartimentos personalizadas al por mayor (1)\" class=\"wp-image-1879\" srcset=\"https:\/\/www.xhplasticlife.com\/wp-content\/uploads\/2025\/12\/4-compartment-lunch-boxes-custom-wholesale-1.webp 750w, https:\/\/www.xhplasticlife.com\/wp-content\/uploads\/2025\/12\/4-compartment-lunch-boxes-custom-wholesale-1-300x300.webp 300w, https:\/\/www.xhplasticlife.com\/wp-content\/uploads\/2025\/12\/4-compartment-lunch-boxes-custom-wholesale-1-150x150.webp 150w, https:\/\/www.xhplasticlife.com\/wp-content\/uploads\/2025\/12\/4-compartment-lunch-boxes-custom-wholesale-1-12x12.webp 12w, https:\/\/www.xhplasticlife.com\/wp-content\/uploads\/2025\/12\/4-compartment-lunch-boxes-custom-wholesale-1-600x600.webp 600w, https:\/\/www.xhplasticlife.com\/wp-content\/uploads\/2025\/12\/4-compartment-lunch-boxes-custom-wholesale-1-100x100.webp 100w\" sizes=\"(max-width: 750px) 100vw, 750px\" \/><\/figure>\n<\/div>\n\n\n\n<div class=\"wp-block-column is-layout-flow wp-block-column-is-layout-flow\">\n<figure class=\"wp-block-image size-full\"><img decoding=\"async\" width=\"750\" height=\"750\" src=\"https:\/\/www.xhplasticlife.com\/wp-content\/uploads\/2025\/12\/4-compartment-lunch-boxes-custom-wholesale-2.webp\" alt=\"Fiambreras de 4 compartimentos personalizadas al por mayor (2)\" class=\"wp-image-1880\" srcset=\"https:\/\/www.xhplasticlife.com\/wp-content\/uploads\/2025\/12\/4-compartment-lunch-boxes-custom-wholesale-2.webp 750w, https:\/\/www.xhplasticlife.com\/wp-content\/uploads\/2025\/12\/4-compartment-lunch-boxes-custom-wholesale-2-300x300.webp 300w, https:\/\/www.xhplasticlife.com\/wp-content\/uploads\/2025\/12\/4-compartment-lunch-boxes-custom-wholesale-2-150x150.webp 150w, https:\/\/www.xhplasticlife.com\/wp-content\/uploads\/2025\/12\/4-compartment-lunch-boxes-custom-wholesale-2-12x12.webp 12w, https:\/\/www.xhplasticlife.com\/wp-content\/uploads\/2025\/12\/4-compartment-lunch-boxes-custom-wholesale-2-600x600.webp 600w, https:\/\/www.xhplasticlife.com\/wp-content\/uploads\/2025\/12\/4-compartment-lunch-boxes-custom-wholesale-2-100x100.webp 100w\" sizes=\"(max-width: 750px) 100vw, 750px\" \/><\/figure>\n<\/div>\n\n\n\n<div class=\"wp-block-column is-layout-flow wp-block-column-is-layout-flow\">\n<figure class=\"wp-block-image size-full\"><img decoding=\"async\" width=\"750\" height=\"750\" src=\"https:\/\/www.xhplasticlife.com\/wp-content\/uploads\/2025\/12\/custom-4-compartment-lunch-boxes-wholesale-3.webp\" alt=\"fiambreras personalizadas de 4 compartimentos al por mayor (3)\" class=\"wp-image-1883\" srcset=\"https:\/\/www.xhplasticlife.com\/wp-content\/uploads\/2025\/12\/custom-4-compartment-lunch-boxes-wholesale-3.webp 750w, https:\/\/www.xhplasticlife.com\/wp-content\/uploads\/2025\/12\/custom-4-compartment-lunch-boxes-wholesale-3-300x300.webp 300w, https:\/\/www.xhplasticlife.com\/wp-content\/uploads\/2025\/12\/custom-4-compartment-lunch-boxes-wholesale-3-150x150.webp 150w, https:\/\/www.xhplasticlife.com\/wp-content\/uploads\/2025\/12\/custom-4-compartment-lunch-boxes-wholesale-3-12x12.webp 12w, https:\/\/www.xhplasticlife.com\/wp-content\/uploads\/2025\/12\/custom-4-compartment-lunch-boxes-wholesale-3-600x600.webp 600w, https:\/\/www.xhplasticlife.com\/wp-content\/uploads\/2025\/12\/custom-4-compartment-lunch-boxes-wholesale-3-100x100.webp 100w\" sizes=\"(max-width: 750px) 100vw, 750px\" \/><\/figure>\n<\/div>\n<\/div>\n\n\n\n<div class=\"wp-block-columns is-layout-flex wp-container-core-columns-is-layout-9d6595d7 wp-block-columns-is-layout-flex\">\n<div class=\"wp-block-column is-layout-flow wp-block-column-is-layout-flow\">\n<figure class=\"wp-block-image size-full\"><img decoding=\"async\" width=\"750\" height=\"750\" src=\"https:\/\/www.xhplasticlife.com\/wp-content\/uploads\/2025\/12\/custom-5-compartment-lunch-boxes-wholesale-3.webp\" alt=\"fiambreras de 5 compartimentos al por mayor (3)\" class=\"wp-image-1884\" srcset=\"https:\/\/www.xhplasticlife.com\/wp-content\/uploads\/2025\/12\/custom-5-compartment-lunch-boxes-wholesale-3.webp 750w, https:\/\/www.xhplasticlife.com\/wp-content\/uploads\/2025\/12\/custom-5-compartment-lunch-boxes-wholesale-3-300x300.webp 300w, https:\/\/www.xhplasticlife.com\/wp-content\/uploads\/2025\/12\/custom-5-compartment-lunch-boxes-wholesale-3-150x150.webp 150w, https:\/\/www.xhplasticlife.com\/wp-content\/uploads\/2025\/12\/custom-5-compartment-lunch-boxes-wholesale-3-12x12.webp 12w, https:\/\/www.xhplasticlife.com\/wp-content\/uploads\/2025\/12\/custom-5-compartment-lunch-boxes-wholesale-3-600x600.webp 600w, https:\/\/www.xhplasticlife.com\/wp-content\/uploads\/2025\/12\/custom-5-compartment-lunch-boxes-wholesale-3-100x100.webp 100w\" sizes=\"(max-width: 750px) 100vw, 750px\" \/><\/figure>\n<\/div>\n\n\n\n<div class=\"wp-block-column is-layout-flow wp-block-column-is-layout-flow\">\n<figure class=\"wp-block-image size-full\"><img decoding=\"async\" width=\"750\" height=\"750\" src=\"https:\/\/www.xhplasticlife.com\/wp-content\/uploads\/2025\/12\/5-compartment-lunch-boxes-custom-wholesale-1.webp\" alt=\"Fiambreras de 5 compartimentos personalizadas al por mayor (1)\" class=\"wp-image-1881\" srcset=\"https:\/\/www.xhplasticlife.com\/wp-content\/uploads\/2025\/12\/5-compartment-lunch-boxes-custom-wholesale-1.webp 750w, https:\/\/www.xhplasticlife.com\/wp-content\/uploads\/2025\/12\/5-compartment-lunch-boxes-custom-wholesale-1-300x300.webp 300w, https:\/\/www.xhplasticlife.com\/wp-content\/uploads\/2025\/12\/5-compartment-lunch-boxes-custom-wholesale-1-150x150.webp 150w, https:\/\/www.xhplasticlife.com\/wp-content\/uploads\/2025\/12\/5-compartment-lunch-boxes-custom-wholesale-1-12x12.webp 12w, https:\/\/www.xhplasticlife.com\/wp-content\/uploads\/2025\/12\/5-compartment-lunch-boxes-custom-wholesale-1-600x600.webp 600w, https:\/\/www.xhplasticlife.com\/wp-content\/uploads\/2025\/12\/5-compartment-lunch-boxes-custom-wholesale-1-100x100.webp 100w\" sizes=\"(max-width: 750px) 100vw, 750px\" \/><\/figure>\n<\/div>\n\n\n\n<div class=\"wp-block-column is-layout-flow wp-block-column-is-layout-flow\">\n<figure class=\"wp-block-image size-full\"><img decoding=\"async\" width=\"750\" height=\"750\" src=\"https:\/\/www.xhplasticlife.com\/wp-content\/uploads\/2025\/12\/5-compartment-lunch-boxes-custom-wholesale-2.webp\" alt=\"Fiambreras de 5 compartimentos personalizadas al por mayor (2)\" class=\"wp-image-1882\" srcset=\"https:\/\/www.xhplasticlife.com\/wp-content\/uploads\/2025\/12\/5-compartment-lunch-boxes-custom-wholesale-2.webp 750w, https:\/\/www.xhplasticlife.com\/wp-content\/uploads\/2025\/12\/5-compartment-lunch-boxes-custom-wholesale-2-300x300.webp 300w, https:\/\/www.xhplasticlife.com\/wp-content\/uploads\/2025\/12\/5-compartment-lunch-boxes-custom-wholesale-2-150x150.webp 150w, https:\/\/www.xhplasticlife.com\/wp-content\/uploads\/2025\/12\/5-compartment-lunch-boxes-custom-wholesale-2-12x12.webp 12w, https:\/\/www.xhplasticlife.com\/wp-content\/uploads\/2025\/12\/5-compartment-lunch-boxes-custom-wholesale-2-600x600.webp 600w, https:\/\/www.xhplasticlife.com\/wp-content\/uploads\/2025\/12\/5-compartment-lunch-boxes-custom-wholesale-2-100x100.webp 100w\" sizes=\"(max-width: 750px) 100vw, 750px\" \/><\/figure>\n<\/div>\n<\/div>\n\n\n\n<p><\/p>","protected":false},"excerpt":{"rendered":"<p>Bienvenido a comprar fiambreras personalizadas al por mayor. Como fabricante profesional de fiambreras de acero inoxidable 304, suministramos recipientes duraderos de acero inoxidable de 2 a 5 compartimentos para adultos. Precios al por mayor directos de f\u00e1brica, soporte OEM\/ODM y muestras gratuitas para reducir el riesgo de abastecimiento.<\/p>\n<h2>Fiambreras personalizadas Par\u00e1metro:<\/h2>\n<ul>\n<li><strong>Marca<\/strong>: Xinghui<\/li>\n<li><strong>Material<\/strong>: PP+silicona+acero inoxidable 304<\/li>\n<li><strong>Color<\/strong>azul, rosa, verde<\/li>\n<li><strong>Embalaje<\/strong>: Bolsa OPP + Cart\u00f3n de color<\/li>\n<li><strong>OEM\/ODM<\/strong>: Disponible<\/li>\n<li><strong>MOQ: <\/strong>2000 Piezas<\/li>\n<li><strong>Opci\u00f3n personalizada<\/strong>: Color\/Tama\u00f1o\/Logotipo\/Embalaje<\/li>\n<\/ul>\n<h2>De Daily Plasticware Fabricante :<\/h2>\n<p>Fundada en 2000,\u00a0<a href=\"https:\/\/www.xhplasticlife.com\/es\/\"><strong>Xinghui<\/strong><\/a>\u00a0se especializa en la producci\u00f3n y venta al por mayor de fiambreras, recipientes para almacenar alimentos, art\u00edculos para bebidas, recipientes para almacenamiento dom\u00e9stico y otros productos de pl\u00e1stico de uso diario. Ofrecemos servicios integrales de OEM, ODM y comercio electr\u00f3nico a nuestros clientes.<\/p>","protected":false},"featured_media":1871,"comment_status":"closed","ping_status":"closed","template":"","meta":{"_acf_changed":false},"product_brand":[],"product_cat":[17,35],"product_tag":[],"class_list":{"0":"post-1870","1":"product","2":"type-product","3":"status-publish","4":"has-post-thumbnail","6":"product_cat-wholesale-lunch-boxes","7":"product_cat-stainless-steel-lunch-box-manufacturer","9":"first","10":"instock","11":"shipping-taxable","12":"product-type-simple"},"acf":[],"_links":{"self":[{"href":"https:\/\/www.xhplasticlife.com\/es\/wp-json\/wp\/v2\/product\/1870","targetHints":{"allow":["GET"]}}],"collection":[{"href":"https:\/\/www.xhplasticlife.com\/es\/wp-json\/wp\/v2\/product"}],"about":[{"href":"https:\/\/www.xhplasticlife.com\/es\/wp-json\/wp\/v2\/types\/product"}],"replies":[{"embeddable":true,"href":"https:\/\/www.xhplasticlife.com\/es\/wp-json\/wp\/v2\/comments?post=1870"}],"wp:featuredmedia":[{"embeddable":true,"href":"https:\/\/www.xhplasticlife.com\/es\/wp-json\/wp\/v2\/media\/1871"}],"wp:attachment":[{"href":"https:\/\/www.xhplasticlife.com\/es\/wp-json\/wp\/v2\/media?parent=1870"}],"wp:term":[{"taxonomy":"product_brand","embeddable":true,"href":"https:\/\/www.xhplasticlife.com\/es\/wp-json\/wp\/v2\/product_brand?post=1870"},{"taxonomy":"product_cat","embeddable":true,"href":"https:\/\/www.xhplasticlife.com\/es\/wp-json\/wp\/v2\/product_cat?post=1870"},{"taxonomy":"product_tag","embeddable":true,"href":"https:\/\/www.xhplasticlife.com\/es\/wp-json\/wp\/v2\/product_tag?post=1870"}],"curies":[{"name":"wp","href":"https:\/\/api.w.org\/{rel}","templated":true}]}}