{"id":1796,"date":"2025-11-19T08:15:59","date_gmt":"2025-11-19T08:15:59","guid":{"rendered":"https:\/\/www.xhplasticlife.com\/?post_type=product&#038;p=1796"},"modified":"2025-11-19T08:16:02","modified_gmt":"2025-11-19T08:16:02","slug":"desktop-storage-shelf-supplier","status":"publish","type":"product","link":"https:\/\/www.xhplasticlife.com\/es\/producto\/desktop-storage-shelf-supplier\/","title":{"rendered":"Proveedor de estantes de pl\u00e1stico para almacenamiento de sobremesa, Fabricante al por mayor de estantes organizadores de doble capa"},"content":{"rendered":"<div class=\"wp-block-columns is-layout-flex wp-container-core-columns-is-layout-9d6595d7 wp-block-columns-is-layout-flex\">\n<div class=\"wp-block-column is-layout-flow wp-block-column-is-layout-flow\">\n<h2 class=\"wp-block-heading\">Mayorista Estante de Pl\u00e1stico para Almacenamiento de Escritorio Caracter\u00edsticas:<\/h2>\n\n\n\n<ul class=\"wp-block-list\">\n<li><strong>Dise\u00f1o compacto de doble capa: <\/strong>El estante de almacenamiento de escritorio de doble capa garantiza un mejor uso del espacio, dise\u00f1ado para guardar art\u00edculos de papeler\u00eda, cosm\u00e9ticos, peque\u00f1os objetos de la casa, etc., manteniendo su escritorio ordenado y organizado.<\/li>\n\n\n\n<li><strong>Construcci\u00f3n de pl\u00e1stico duradera y ligera: <\/strong>Fabricada en pl\u00e1stico de alta calidad, esta estanter\u00eda es ligera y s\u00f3lida, duradera e impermeable para su uso prolongado en el escritorio de la oficina, la cocina o el cuarto de ba\u00f1o.<\/li>\n\n\n\n<li><strong>Opciones de estantes de almacenamiento personalizados:<\/strong> Como fabricante profesional de estanter\u00edas de pl\u00e1stico para escritorio, podemos ofrecer opciones de personalizaci\u00f3n en tama\u00f1o, color, logotipo y embalaje para las diferentes necesidades de nuestros compradores mayoristas.<\/li>\n\n\n\n<li><strong>F\u00e1cil de montar y mantener: <\/strong>Su sencillo dise\u00f1o facilita el montaje sin herramientas; la superficie lisa es f\u00e1cil de limpiar, reduce los problemas de higiene y, por tanto, es adecuada para un uso prolongado.<\/li>\n\n\n\n<li><strong>Base antideslizante resistente: <\/strong>La estanter\u00eda est\u00e1 equipada con una base antideslizante para garantizar la estabilidad y evitar que vuelque cuando se llena con varios objetos peque\u00f1os.<\/li>\n\n\n\n<li><strong>Aplicable a una amplia gama de entornos:<\/strong>  Desde oficinas y cocinas hasta ba\u00f1os y dormitorios, puede utilizarse para organizar multitud de peque\u00f1os objetos.<\/li>\n\n\n\n<li><strong>Suministro al por mayor directo de f\u00e1brica<\/strong>: Ofrecemos precios directos de f\u00e1brica para la venta al por mayor estantes de almacenamiento de escritorio de pl\u00e1stico, que atienden a las demandas de los compradores al por mayor en todo el mundo.<\/li>\n<\/ul>\n<\/div>\n\n\n\n<div class=\"wp-block-column is-layout-flow wp-block-column-is-layout-flow\">\n<figure class=\"wp-block-image size-full\"><img decoding=\"async\" width=\"800\" height=\"800\" src=\"https:\/\/www.xhplasticlife.com\/wp-content\/uploads\/2025\/11\/wholesale-plastic-desktop-storage-shelf-supplier-1.webp\" alt=\"mayorista de estanterias de plastico para escritorio (1)\" class=\"wp-image-1801\" srcset=\"https:\/\/www.xhplasticlife.com\/wp-content\/uploads\/2025\/11\/wholesale-plastic-desktop-storage-shelf-supplier-1.webp 800w, https:\/\/www.xhplasticlife.com\/wp-content\/uploads\/2025\/11\/wholesale-plastic-desktop-storage-shelf-supplier-1-300x300.webp 300w, https:\/\/www.xhplasticlife.com\/wp-content\/uploads\/2025\/11\/wholesale-plastic-desktop-storage-shelf-supplier-1-150x150.webp 150w, https:\/\/www.xhplasticlife.com\/wp-content\/uploads\/2025\/11\/wholesale-plastic-desktop-storage-shelf-supplier-1-768x768.webp 768w, https:\/\/www.xhplasticlife.com\/wp-content\/uploads\/2025\/11\/wholesale-plastic-desktop-storage-shelf-supplier-1-12x12.webp 12w, https:\/\/www.xhplasticlife.com\/wp-content\/uploads\/2025\/11\/wholesale-plastic-desktop-storage-shelf-supplier-1-600x600.webp 600w, https:\/\/www.xhplasticlife.com\/wp-content\/uploads\/2025\/11\/wholesale-plastic-desktop-storage-shelf-supplier-1-100x100.webp 100w\" sizes=\"(max-width: 800px) 100vw, 800px\" \/><\/figure>\n<\/div>\n<\/div>\n\n\n\n<figure class=\"wp-block-table is-style-stripes\"><table class=\"has-fixed-layout\"><tbody><tr><td>Modelo<\/td><td>Tama\u00f1o del producto<\/td><td>Peso bruto<\/td><\/tr><tr><td>SN2411<\/td><td>35x13x5cm<\/td><td>352g<\/td><\/tr><tr><td>SN2412<\/td><td>35\u00d724,5x5cm<\/td><td>575g<\/td><\/tr><\/tbody><\/table><\/figure>\n\n\n\n<div class=\"wp-block-columns is-layout-flex wp-container-core-columns-is-layout-9d6595d7 wp-block-columns-is-layout-flex\">\n<div class=\"wp-block-column is-layout-flow wp-block-column-is-layout-flow\"><div class=\"wp-block-image\">\n<figure class=\"aligncenter size-full\"><img decoding=\"async\" width=\"800\" height=\"800\" src=\"https:\/\/www.xhplasticlife.com\/wp-content\/uploads\/2025\/11\/plastic-desktop-storage-shelf-supplier-3.webp\" alt=\"proveedor de estanter\u00edas de pl\u00e1stico para escritorio (3)\" class=\"wp-image-1799\" srcset=\"https:\/\/www.xhplasticlife.com\/wp-content\/uploads\/2025\/11\/plastic-desktop-storage-shelf-supplier-3.webp 800w, https:\/\/www.xhplasticlife.com\/wp-content\/uploads\/2025\/11\/plastic-desktop-storage-shelf-supplier-3-300x300.webp 300w, https:\/\/www.xhplasticlife.com\/wp-content\/uploads\/2025\/11\/plastic-desktop-storage-shelf-supplier-3-150x150.webp 150w, https:\/\/www.xhplasticlife.com\/wp-content\/uploads\/2025\/11\/plastic-desktop-storage-shelf-supplier-3-768x768.webp 768w, https:\/\/www.xhplasticlife.com\/wp-content\/uploads\/2025\/11\/plastic-desktop-storage-shelf-supplier-3-12x12.webp 12w, https:\/\/www.xhplasticlife.com\/wp-content\/uploads\/2025\/11\/plastic-desktop-storage-shelf-supplier-3-600x600.webp 600w, https:\/\/www.xhplasticlife.com\/wp-content\/uploads\/2025\/11\/plastic-desktop-storage-shelf-supplier-3-100x100.webp 100w\" sizes=\"(max-width: 800px) 100vw, 800px\" \/><figcaption class=\"wp-element-caption\">SN2411<\/figcaption><\/figure>\n<\/div><\/div>\n\n\n\n<div class=\"wp-block-column is-layout-flow wp-block-column-is-layout-flow\"><div class=\"wp-block-image\">\n<figure class=\"aligncenter size-full\"><img decoding=\"async\" width=\"800\" height=\"800\" src=\"https:\/\/www.xhplasticlife.com\/wp-content\/uploads\/2025\/11\/plastic-desktop-storage-shelf-supplier-2.webp\" alt=\"proveedor de estanter\u00edas de pl\u00e1stico para escritorio (2)\" class=\"wp-image-1798\" srcset=\"https:\/\/www.xhplasticlife.com\/wp-content\/uploads\/2025\/11\/plastic-desktop-storage-shelf-supplier-2.webp 800w, https:\/\/www.xhplasticlife.com\/wp-content\/uploads\/2025\/11\/plastic-desktop-storage-shelf-supplier-2-300x300.webp 300w, https:\/\/www.xhplasticlife.com\/wp-content\/uploads\/2025\/11\/plastic-desktop-storage-shelf-supplier-2-150x150.webp 150w, https:\/\/www.xhplasticlife.com\/wp-content\/uploads\/2025\/11\/plastic-desktop-storage-shelf-supplier-2-768x768.webp 768w, https:\/\/www.xhplasticlife.com\/wp-content\/uploads\/2025\/11\/plastic-desktop-storage-shelf-supplier-2-12x12.webp 12w, https:\/\/www.xhplasticlife.com\/wp-content\/uploads\/2025\/11\/plastic-desktop-storage-shelf-supplier-2-600x600.webp 600w, https:\/\/www.xhplasticlife.com\/wp-content\/uploads\/2025\/11\/plastic-desktop-storage-shelf-supplier-2-100x100.webp 100w\" sizes=\"(max-width: 800px) 100vw, 800px\" \/><figcaption class=\"wp-element-caption\">SN2411<\/figcaption><\/figure>\n<\/div><\/div>\n\n\n\n<div class=\"wp-block-column is-layout-flow wp-block-column-is-layout-flow\"><div class=\"wp-block-image\">\n<figure class=\"aligncenter size-full\"><img decoding=\"async\" width=\"800\" height=\"800\" src=\"https:\/\/www.xhplasticlife.com\/wp-content\/uploads\/2025\/11\/plastic-desktop-storage-shelf-supplier-1.webp\" alt=\"proveedor de estanter\u00edas de pl\u00e1stico para escritorio (1)\" class=\"wp-image-1797\" srcset=\"https:\/\/www.xhplasticlife.com\/wp-content\/uploads\/2025\/11\/plastic-desktop-storage-shelf-supplier-1.webp 800w, https:\/\/www.xhplasticlife.com\/wp-content\/uploads\/2025\/11\/plastic-desktop-storage-shelf-supplier-1-300x300.webp 300w, https:\/\/www.xhplasticlife.com\/wp-content\/uploads\/2025\/11\/plastic-desktop-storage-shelf-supplier-1-150x150.webp 150w, https:\/\/www.xhplasticlife.com\/wp-content\/uploads\/2025\/11\/plastic-desktop-storage-shelf-supplier-1-768x768.webp 768w, https:\/\/www.xhplasticlife.com\/wp-content\/uploads\/2025\/11\/plastic-desktop-storage-shelf-supplier-1-12x12.webp 12w, https:\/\/www.xhplasticlife.com\/wp-content\/uploads\/2025\/11\/plastic-desktop-storage-shelf-supplier-1-600x600.webp 600w, https:\/\/www.xhplasticlife.com\/wp-content\/uploads\/2025\/11\/plastic-desktop-storage-shelf-supplier-1-100x100.webp 100w\" sizes=\"(max-width: 800px) 100vw, 800px\" \/><figcaption class=\"wp-element-caption\">SN2412<\/figcaption><\/figure>\n<\/div><\/div>\n\n\n\n<div class=\"wp-block-column is-layout-flow wp-block-column-is-layout-flow\"><div class=\"wp-block-image\">\n<figure class=\"aligncenter size-full\"><img decoding=\"async\" width=\"800\" height=\"800\" src=\"https:\/\/www.xhplasticlife.com\/wp-content\/uploads\/2025\/11\/plastic-desktop-storage-shelf-supplier-4.webp\" alt=\"proveedor de estanter\u00edas de pl\u00e1stico para escritorio (4)\" class=\"wp-image-1800\" srcset=\"https:\/\/www.xhplasticlife.com\/wp-content\/uploads\/2025\/11\/plastic-desktop-storage-shelf-supplier-4.webp 800w, https:\/\/www.xhplasticlife.com\/wp-content\/uploads\/2025\/11\/plastic-desktop-storage-shelf-supplier-4-300x300.webp 300w, https:\/\/www.xhplasticlife.com\/wp-content\/uploads\/2025\/11\/plastic-desktop-storage-shelf-supplier-4-150x150.webp 150w, https:\/\/www.xhplasticlife.com\/wp-content\/uploads\/2025\/11\/plastic-desktop-storage-shelf-supplier-4-768x768.webp 768w, https:\/\/www.xhplasticlife.com\/wp-content\/uploads\/2025\/11\/plastic-desktop-storage-shelf-supplier-4-12x12.webp 12w, https:\/\/www.xhplasticlife.com\/wp-content\/uploads\/2025\/11\/plastic-desktop-storage-shelf-supplier-4-600x600.webp 600w, https:\/\/www.xhplasticlife.com\/wp-content\/uploads\/2025\/11\/plastic-desktop-storage-shelf-supplier-4-100x100.webp 100w\" sizes=\"(max-width: 800px) 100vw, 800px\" \/><figcaption class=\"wp-element-caption\">SN2412<\/figcaption><\/figure>\n<\/div><\/div>\n<\/div>","protected":false},"excerpt":{"rendered":"<p>Bienvenido a comprar al por mayor nuestra estanter\u00eda de pl\u00e1stico para escritorio, dise\u00f1ada con una duradera estructura de doble capa para una organizaci\u00f3n eficaz. Como un proveedor de estante de almacenamiento de escritorio pl\u00e1stico profesional, ofrecemos precios de f\u00e1brica, personalizaci\u00f3n OEM\/ODM y suministro a granel estable para compradores globales.<\/p>\n<h2>Estante de almacenamiento de sobremesa de pl\u00e1stico Par\u00e1metro:<\/h2>\n<ul>\n<li><strong>Modelo<\/strong>: SN2415-SN2417<\/li>\n<li><strong>Marca<\/strong>: Xinghui<\/li>\n<li><strong>Material<\/strong>: ABS+Acero inoxidable<\/li>\n<li><strong>Color<\/strong>: Blanco, Crema<\/li>\n<li><strong>Embalaje<\/strong>: Cart\u00f3n<\/li>\n<li><strong>OEM\/ODM<\/strong>: Disponible<\/li>\n<li><strong>Opci\u00f3n personalizada<\/strong>: Color\/Tama\u00f1o\/Logotipo\/Embalaje<\/li>\n<\/ul>\n<h2>De Daily Plasticware Fabricante :<\/h2>\n<p>Fundada en 2000,\u00a0<a href=\"https:\/\/www.xhplasticlife.com\/es\/\"><strong>Xinghui<\/strong><\/a>\u00a0se especializa en la producci\u00f3n y venta al por mayor de fiambreras, recipientes para almacenar alimentos, art\u00edculos para bebidas, recipientes para almacenamiento dom\u00e9stico y otros productos de pl\u00e1stico de uso diario. Ofrecemos servicios integrales de OEM, ODM y comercio electr\u00f3nico a nuestros clientes.<\/p>","protected":false},"featured_media":1802,"comment_status":"closed","ping_status":"closed","template":"","meta":{"_acf_changed":false},"product_brand":[],"product_cat":[19],"product_tag":[],"class_list":{"0":"post-1796","1":"product","2":"type-product","3":"status-publish","4":"has-post-thumbnail","6":"product_cat-kitchen-storage-containers-wholesale","8":"first","9":"instock","10":"shipping-taxable","11":"product-type-simple"},"acf":[],"_links":{"self":[{"href":"https:\/\/www.xhplasticlife.com\/es\/wp-json\/wp\/v2\/product\/1796","targetHints":{"allow":["GET"]}}],"collection":[{"href":"https:\/\/www.xhplasticlife.com\/es\/wp-json\/wp\/v2\/product"}],"about":[{"href":"https:\/\/www.xhplasticlife.com\/es\/wp-json\/wp\/v2\/types\/product"}],"replies":[{"embeddable":true,"href":"https:\/\/www.xhplasticlife.com\/es\/wp-json\/wp\/v2\/comments?post=1796"}],"wp:featuredmedia":[{"embeddable":true,"href":"https:\/\/www.xhplasticlife.com\/es\/wp-json\/wp\/v2\/media\/1802"}],"wp:attachment":[{"href":"https:\/\/www.xhplasticlife.com\/es\/wp-json\/wp\/v2\/media?parent=1796"}],"wp:term":[{"taxonomy":"product_brand","embeddable":true,"href":"https:\/\/www.xhplasticlife.com\/es\/wp-json\/wp\/v2\/product_brand?post=1796"},{"taxonomy":"product_cat","embeddable":true,"href":"https:\/\/www.xhplasticlife.com\/es\/wp-json\/wp\/v2\/product_cat?post=1796"},{"taxonomy":"product_tag","embeddable":true,"href":"https:\/\/www.xhplasticlife.com\/es\/wp-json\/wp\/v2\/product_tag?post=1796"}],"curies":[{"name":"wp","href":"https:\/\/api.w.org\/{rel}","templated":true}]}}