{"id":1785,"date":"2025-11-19T07:40:17","date_gmt":"2025-11-19T07:40:17","guid":{"rendered":"https:\/\/www.xhplasticlife.com\/?post_type=product&#038;p=1785"},"modified":"2025-11-19T07:40:20","modified_gmt":"2025-11-19T07:40:20","slug":"double-layer-storage-shelf-wholesale","status":"publish","type":"product","link":"https:\/\/www.xhplasticlife.com\/es\/producto\/double-layer-storage-shelf-wholesale\/","title":{"rendered":"Estante de almacenamiento a granel de doble capa Fabricante | Organizador de escritorio de pl\u00e1stico personalizado para oficina y hogar"},"content":{"rendered":"<div class=\"wp-block-columns is-layout-flex wp-container-core-columns-is-layout-9d6595d7 wp-block-columns-is-layout-flex\">\n<div class=\"wp-block-column is-layout-flow wp-block-column-is-layout-flow\">\n<h2 class=\"wp-block-heading\">Estante de almacenamiento a granel de doble capa Caracter\u00edsticas:<\/h2>\n\n\n\n<ul class=\"wp-block-list\">\n<li><strong>Dise\u00f1o duradero de doble capa: <\/strong>peque\u00f1o arriba y grande abajo. Un dise\u00f1o de doble capa permite guardar art\u00edculos de papeler\u00eda, condimentos o art\u00edculos peque\u00f1os en la capa superior y libros m\u00e1s grandes, tarros o art\u00edculos de oficina\/cocina m\u00e1s grandes en la capa inferior. Esto satisface las diversas necesidades de almacenamiento de los compradores al por mayor de estanter\u00edas de almacenamiento de doble capa a granel.<\/li>\n\n\n\n<li><strong>Material pl\u00e1stico de primera calidad<\/strong>: Este estante de almacenamiento de doble capa al por mayor est\u00e1 hecho de pl\u00e1stico ecol\u00f3gico de alta calidad. Es ligero y duradero, a prueba de agua y humedad, adecuado para el uso a largo plazo para mantener el escritorio ordenado y limpio.<\/li>\n\n\n\n<li><strong>Organizador de escritorio personalizado<\/strong>: Podemos personalizar el tama\u00f1o, el color, el logotipo y el embalaje de los estantes organizadores de sobremesa de pl\u00e1stico. Se admite la producci\u00f3n en masa OEM\/ODM.<\/li>\n\n\n\n<li><strong>F\u00e1cil de montar y utilizar:<\/strong> esta lujosa estanter\u00eda de pl\u00e1stico no requiere ninguna herramienta para su montaje. Es muy f\u00e1cil de limpiar gracias a su superficie lisa; la higiene se mantiene durante mucho tiempo.<\/li>\n\n\n\n<li><strong>Aplicaci\u00f3n multiescena<\/strong>: Est\u00e1 dise\u00f1ado para oficinas, hogares, cocinas, estudios o tiendas, liberando espacio en el escritorio y embelleci\u00e9ndolo.<\/li>\n\n\n\n<li><strong>Base antideslizante:<\/strong> La parte inferior de esta estanter\u00eda de almacenamiento a granel de doble capa cuenta con un soporte antideslizante y estable para evitar que los art\u00edculos se vuelquen. Es segura y fiable incluso cuando se colocan varios productos sobre ella.<\/li>\n<\/ul>\n<\/div>\n\n\n\n<div class=\"wp-block-column is-layout-flow wp-block-column-is-layout-flow\">\n<figure class=\"wp-block-image size-full\"><img decoding=\"async\" width=\"416\" height=\"416\" src=\"https:\/\/www.xhplasticlife.com\/wp-content\/uploads\/2025\/11\/Bulk-Double-Layer-Storage-Shelf-Manufacturer-1.webp\" alt=\"Fabricante de estanter\u00edas de almacenamiento de doble capa a granel (1)\" class=\"wp-image-1786\" srcset=\"https:\/\/www.xhplasticlife.com\/wp-content\/uploads\/2025\/11\/Bulk-Double-Layer-Storage-Shelf-Manufacturer-1.webp 416w, https:\/\/www.xhplasticlife.com\/wp-content\/uploads\/2025\/11\/Bulk-Double-Layer-Storage-Shelf-Manufacturer-1-300x300.webp 300w, https:\/\/www.xhplasticlife.com\/wp-content\/uploads\/2025\/11\/Bulk-Double-Layer-Storage-Shelf-Manufacturer-1-150x150.webp 150w, https:\/\/www.xhplasticlife.com\/wp-content\/uploads\/2025\/11\/Bulk-Double-Layer-Storage-Shelf-Manufacturer-1-12x12.webp 12w, https:\/\/www.xhplasticlife.com\/wp-content\/uploads\/2025\/11\/Bulk-Double-Layer-Storage-Shelf-Manufacturer-1-100x100.webp 100w\" sizes=\"(max-width: 416px) 100vw, 416px\" \/><\/figure>\n<\/div>\n<\/div>\n\n\n\n<div class=\"wp-block-columns is-layout-flex wp-container-core-columns-is-layout-9d6595d7 wp-block-columns-is-layout-flex\">\n<div class=\"wp-block-column is-layout-flow wp-block-column-is-layout-flow\"><div class=\"wp-block-image\">\n<figure class=\"aligncenter size-full\"><img decoding=\"async\" width=\"800\" height=\"800\" src=\"https:\/\/www.xhplasticlife.com\/wp-content\/uploads\/2025\/11\/Bulk-Double-Layer-Storage-Shelf-Manufacturer-xinghui-1.webp\" alt=\"Fabricante de estanter\u00edas de almacenamiento de doble capa a granel - xinghui (1)\" class=\"wp-image-1792\" srcset=\"https:\/\/www.xhplasticlife.com\/wp-content\/uploads\/2025\/11\/Bulk-Double-Layer-Storage-Shelf-Manufacturer-xinghui-1.webp 800w, https:\/\/www.xhplasticlife.com\/wp-content\/uploads\/2025\/11\/Bulk-Double-Layer-Storage-Shelf-Manufacturer-xinghui-1-300x300.webp 300w, https:\/\/www.xhplasticlife.com\/wp-content\/uploads\/2025\/11\/Bulk-Double-Layer-Storage-Shelf-Manufacturer-xinghui-1-150x150.webp 150w, https:\/\/www.xhplasticlife.com\/wp-content\/uploads\/2025\/11\/Bulk-Double-Layer-Storage-Shelf-Manufacturer-xinghui-1-768x768.webp 768w, https:\/\/www.xhplasticlife.com\/wp-content\/uploads\/2025\/11\/Bulk-Double-Layer-Storage-Shelf-Manufacturer-xinghui-1-12x12.webp 12w, https:\/\/www.xhplasticlife.com\/wp-content\/uploads\/2025\/11\/Bulk-Double-Layer-Storage-Shelf-Manufacturer-xinghui-1-600x600.webp 600w, https:\/\/www.xhplasticlife.com\/wp-content\/uploads\/2025\/11\/Bulk-Double-Layer-Storage-Shelf-Manufacturer-xinghui-1-100x100.webp 100w\" sizes=\"(max-width: 800px) 100vw, 800px\" \/><figcaption class=\"wp-element-caption\">SN2415<\/figcaption><\/figure>\n<\/div><\/div>\n\n\n\n<div class=\"wp-block-column is-layout-flow wp-block-column-is-layout-flow\"><div class=\"wp-block-image\">\n<figure class=\"aligncenter size-full\"><img decoding=\"async\" width=\"800\" height=\"800\" src=\"https:\/\/www.xhplasticlife.com\/wp-content\/uploads\/2025\/11\/Bulk-Double-Layer-Storage-Shelf-Manufacturer-xinghui-4.webp\" alt=\"Fabricante de estanter\u00edas de almacenamiento de doble capa a granel - xinghui (4)\" class=\"wp-image-1795\" srcset=\"https:\/\/www.xhplasticlife.com\/wp-content\/uploads\/2025\/11\/Bulk-Double-Layer-Storage-Shelf-Manufacturer-xinghui-4.webp 800w, https:\/\/www.xhplasticlife.com\/wp-content\/uploads\/2025\/11\/Bulk-Double-Layer-Storage-Shelf-Manufacturer-xinghui-4-300x300.webp 300w, https:\/\/www.xhplasticlife.com\/wp-content\/uploads\/2025\/11\/Bulk-Double-Layer-Storage-Shelf-Manufacturer-xinghui-4-150x150.webp 150w, https:\/\/www.xhplasticlife.com\/wp-content\/uploads\/2025\/11\/Bulk-Double-Layer-Storage-Shelf-Manufacturer-xinghui-4-768x768.webp 768w, https:\/\/www.xhplasticlife.com\/wp-content\/uploads\/2025\/11\/Bulk-Double-Layer-Storage-Shelf-Manufacturer-xinghui-4-12x12.webp 12w, https:\/\/www.xhplasticlife.com\/wp-content\/uploads\/2025\/11\/Bulk-Double-Layer-Storage-Shelf-Manufacturer-xinghui-4-600x600.webp 600w, https:\/\/www.xhplasticlife.com\/wp-content\/uploads\/2025\/11\/Bulk-Double-Layer-Storage-Shelf-Manufacturer-xinghui-4-100x100.webp 100w\" sizes=\"(max-width: 800px) 100vw, 800px\" \/><figcaption class=\"wp-element-caption\">SN2415<\/figcaption><\/figure>\n<\/div><\/div>\n\n\n\n<div class=\"wp-block-column is-layout-flow wp-block-column-is-layout-flow\"><div class=\"wp-block-image\">\n<figure class=\"aligncenter size-full\"><img decoding=\"async\" width=\"800\" height=\"800\" src=\"https:\/\/www.xhplasticlife.com\/wp-content\/uploads\/2025\/11\/Bulk-Double-Layer-Storage-Shelf-Manufacturer-xinghui-3.webp\" alt=\"Fabricante de estanter\u00edas de almacenamiento de doble capa a granel - xinghui (3)\" class=\"wp-image-1794\" srcset=\"https:\/\/www.xhplasticlife.com\/wp-content\/uploads\/2025\/11\/Bulk-Double-Layer-Storage-Shelf-Manufacturer-xinghui-3.webp 800w, https:\/\/www.xhplasticlife.com\/wp-content\/uploads\/2025\/11\/Bulk-Double-Layer-Storage-Shelf-Manufacturer-xinghui-3-300x300.webp 300w, https:\/\/www.xhplasticlife.com\/wp-content\/uploads\/2025\/11\/Bulk-Double-Layer-Storage-Shelf-Manufacturer-xinghui-3-150x150.webp 150w, https:\/\/www.xhplasticlife.com\/wp-content\/uploads\/2025\/11\/Bulk-Double-Layer-Storage-Shelf-Manufacturer-xinghui-3-768x768.webp 768w, https:\/\/www.xhplasticlife.com\/wp-content\/uploads\/2025\/11\/Bulk-Double-Layer-Storage-Shelf-Manufacturer-xinghui-3-12x12.webp 12w, https:\/\/www.xhplasticlife.com\/wp-content\/uploads\/2025\/11\/Bulk-Double-Layer-Storage-Shelf-Manufacturer-xinghui-3-600x600.webp 600w, https:\/\/www.xhplasticlife.com\/wp-content\/uploads\/2025\/11\/Bulk-Double-Layer-Storage-Shelf-Manufacturer-xinghui-3-100x100.webp 100w\" sizes=\"(max-width: 800px) 100vw, 800px\" \/><figcaption class=\"wp-element-caption\">SN2416<\/figcaption><\/figure>\n<\/div><\/div>\n\n\n\n<div class=\"wp-block-column is-layout-flow wp-block-column-is-layout-flow\"><div class=\"wp-block-image\">\n<figure class=\"aligncenter size-full\"><img decoding=\"async\" width=\"800\" height=\"800\" src=\"https:\/\/www.xhplasticlife.com\/wp-content\/uploads\/2025\/11\/Bulk-Double-Layer-Storage-Shelf-Manufacturer-xinghui-2.webp\" alt=\"Fabricante de estanter\u00edas de almacenamiento de doble capa a granel - xinghui (2)\" class=\"wp-image-1793\" srcset=\"https:\/\/www.xhplasticlife.com\/wp-content\/uploads\/2025\/11\/Bulk-Double-Layer-Storage-Shelf-Manufacturer-xinghui-2.webp 800w, https:\/\/www.xhplasticlife.com\/wp-content\/uploads\/2025\/11\/Bulk-Double-Layer-Storage-Shelf-Manufacturer-xinghui-2-300x300.webp 300w, https:\/\/www.xhplasticlife.com\/wp-content\/uploads\/2025\/11\/Bulk-Double-Layer-Storage-Shelf-Manufacturer-xinghui-2-150x150.webp 150w, https:\/\/www.xhplasticlife.com\/wp-content\/uploads\/2025\/11\/Bulk-Double-Layer-Storage-Shelf-Manufacturer-xinghui-2-768x768.webp 768w, https:\/\/www.xhplasticlife.com\/wp-content\/uploads\/2025\/11\/Bulk-Double-Layer-Storage-Shelf-Manufacturer-xinghui-2-12x12.webp 12w, https:\/\/www.xhplasticlife.com\/wp-content\/uploads\/2025\/11\/Bulk-Double-Layer-Storage-Shelf-Manufacturer-xinghui-2-600x600.webp 600w, https:\/\/www.xhplasticlife.com\/wp-content\/uploads\/2025\/11\/Bulk-Double-Layer-Storage-Shelf-Manufacturer-xinghui-2-100x100.webp 100w\" sizes=\"(max-width: 800px) 100vw, 800px\" \/><figcaption class=\"wp-element-caption\">SN2416<\/figcaption><\/figure>\n<\/div><\/div>\n<\/div>\n\n\n\n<div class=\"wp-block-columns is-layout-flex wp-container-core-columns-is-layout-9d6595d7 wp-block-columns-is-layout-flex\">\n<div class=\"wp-block-column is-layout-flow wp-block-column-is-layout-flow\">\n<div class=\"wp-block-columns is-layout-flex wp-container-core-columns-is-layout-9d6595d7 wp-block-columns-is-layout-flex\">\n<div class=\"wp-block-column is-layout-flow wp-block-column-is-layout-flow\"><div class=\"wp-block-image\">\n<figure class=\"aligncenter size-full\"><img decoding=\"async\" width=\"800\" height=\"800\" src=\"https:\/\/www.xhplasticlife.com\/wp-content\/uploads\/2025\/11\/Bulk-Double-Layer-Storage-Shelf-Manufacturer-3.webp\" alt=\"Fabricante de estanter\u00edas de almacenamiento de doble capa a granel (3)\" class=\"wp-image-1789\" srcset=\"https:\/\/www.xhplasticlife.com\/wp-content\/uploads\/2025\/11\/Bulk-Double-Layer-Storage-Shelf-Manufacturer-3.webp 800w, https:\/\/www.xhplasticlife.com\/wp-content\/uploads\/2025\/11\/Bulk-Double-Layer-Storage-Shelf-Manufacturer-3-300x300.webp 300w, https:\/\/www.xhplasticlife.com\/wp-content\/uploads\/2025\/11\/Bulk-Double-Layer-Storage-Shelf-Manufacturer-3-150x150.webp 150w, https:\/\/www.xhplasticlife.com\/wp-content\/uploads\/2025\/11\/Bulk-Double-Layer-Storage-Shelf-Manufacturer-3-768x768.webp 768w, https:\/\/www.xhplasticlife.com\/wp-content\/uploads\/2025\/11\/Bulk-Double-Layer-Storage-Shelf-Manufacturer-3-12x12.webp 12w, https:\/\/www.xhplasticlife.com\/wp-content\/uploads\/2025\/11\/Bulk-Double-Layer-Storage-Shelf-Manufacturer-3-600x600.webp 600w, https:\/\/www.xhplasticlife.com\/wp-content\/uploads\/2025\/11\/Bulk-Double-Layer-Storage-Shelf-Manufacturer-3-100x100.webp 100w\" sizes=\"(max-width: 800px) 100vw, 800px\" \/><figcaption class=\"wp-element-caption\">SN2417<\/figcaption><\/figure>\n<\/div><\/div>\n\n\n\n<div class=\"wp-block-column is-layout-flow wp-block-column-is-layout-flow\"><div class=\"wp-block-image\">\n<figure class=\"aligncenter size-full\"><img decoding=\"async\" width=\"800\" height=\"800\" src=\"https:\/\/www.xhplasticlife.com\/wp-content\/uploads\/2025\/11\/Bulk-Double-Layer-Storage-Shelf-Manufacturer-2.webp\" alt=\"Fabricante de estanter\u00edas de almacenamiento de doble capa a granel (2)\" class=\"wp-image-1788\" srcset=\"https:\/\/www.xhplasticlife.com\/wp-content\/uploads\/2025\/11\/Bulk-Double-Layer-Storage-Shelf-Manufacturer-2.webp 800w, https:\/\/www.xhplasticlife.com\/wp-content\/uploads\/2025\/11\/Bulk-Double-Layer-Storage-Shelf-Manufacturer-2-300x300.webp 300w, https:\/\/www.xhplasticlife.com\/wp-content\/uploads\/2025\/11\/Bulk-Double-Layer-Storage-Shelf-Manufacturer-2-150x150.webp 150w, https:\/\/www.xhplasticlife.com\/wp-content\/uploads\/2025\/11\/Bulk-Double-Layer-Storage-Shelf-Manufacturer-2-768x768.webp 768w, https:\/\/www.xhplasticlife.com\/wp-content\/uploads\/2025\/11\/Bulk-Double-Layer-Storage-Shelf-Manufacturer-2-12x12.webp 12w, https:\/\/www.xhplasticlife.com\/wp-content\/uploads\/2025\/11\/Bulk-Double-Layer-Storage-Shelf-Manufacturer-2-600x600.webp 600w, https:\/\/www.xhplasticlife.com\/wp-content\/uploads\/2025\/11\/Bulk-Double-Layer-Storage-Shelf-Manufacturer-2-100x100.webp 100w\" sizes=\"(max-width: 800px) 100vw, 800px\" \/><figcaption class=\"wp-element-caption\">SN2417<\/figcaption><\/figure>\n<\/div><\/div>\n<\/div>\n<\/div>\n\n\n\n<div class=\"wp-block-column is-layout-flow wp-block-column-is-layout-flow\">\n<figure class=\"wp-block-table is-style-stripes\"><table class=\"has-fixed-layout\"><tbody><tr><td>Modelo<\/td><td>Tama\u00f1o del producto<\/td><td>Peso bruto<\/td><\/tr><tr><td>SN2415<\/td><td>35,5x14x11cm<\/td><td>713g<\/td><\/tr><tr><td>SN2416<\/td><td>35,5\u00d725,5x11cm<\/td><td>1218g<\/td><\/tr><tr><td>SN2417<\/td><td>35,5\u00d725,5x11cm<\/td><td>1038g<\/td><\/tr><\/tbody><\/table><\/figure>\n<\/div>\n<\/div>","protected":false},"excerpt":{"rendered":"<p>Bienvenido a comprar nuestro estante de almacenamiento de doble capa a granel, dise\u00f1ado con un peque\u00f1o nivel superior y un nivel inferior m\u00e1s grande para la organizaci\u00f3n \u00f3ptima del espacio. Ofrecemos soluciones de estante organizador de escritorio pl\u00e1stico personalizado con precios de f\u00e1brica por mayor, soporte OEM\/ODM y entrega r\u00e1pida para los compradores globales.<\/p>\n<h2>Estante de almacenamiento de doble capa Par\u00e1metro:<\/h2>\n<ul>\n<li><strong>Modelo<\/strong>: SN2415-SN2417<\/li>\n<li><strong>Marca<\/strong>: Xinghui<\/li>\n<li><strong>Material<\/strong>: ABS+Acero inoxidable<\/li>\n<li><strong>Color<\/strong>: Blanco, Crema<\/li>\n<li><strong>Embalaje<\/strong>: Cart\u00f3n<\/li>\n<li><strong>OEM\/ODM<\/strong>: Disponible<\/li>\n<li><strong>Opci\u00f3n personalizada<\/strong>: Color\/Tama\u00f1o\/Logotipo\/Embalaje<\/li>\n<\/ul>\n<h2>De Daily Plasticware Fabricante :<\/h2>\n<p>Fundada en 2000,\u00a0<a href=\"https:\/\/www.xhplasticlife.com\/es\/\"><strong>Xinghui<\/strong><\/a>\u00a0se especializa en la producci\u00f3n y venta al por mayor de fiambreras, recipientes para almacenar alimentos, art\u00edculos para bebidas, recipientes para almacenamiento dom\u00e9stico y otros productos de pl\u00e1stico de uso diario. Ofrecemos servicios integrales de OEM, ODM y comercio electr\u00f3nico a nuestros clientes.<\/p>","protected":false},"featured_media":1786,"comment_status":"closed","ping_status":"closed","template":"","meta":{"_acf_changed":false},"product_brand":[],"product_cat":[19],"product_tag":[],"class_list":{"0":"post-1785","1":"product","2":"type-product","3":"status-publish","4":"has-post-thumbnail","6":"product_cat-kitchen-storage-containers-wholesale","8":"first","9":"instock","10":"shipping-taxable","11":"product-type-simple"},"acf":[],"_links":{"self":[{"href":"https:\/\/www.xhplasticlife.com\/es\/wp-json\/wp\/v2\/product\/1785","targetHints":{"allow":["GET"]}}],"collection":[{"href":"https:\/\/www.xhplasticlife.com\/es\/wp-json\/wp\/v2\/product"}],"about":[{"href":"https:\/\/www.xhplasticlife.com\/es\/wp-json\/wp\/v2\/types\/product"}],"replies":[{"embeddable":true,"href":"https:\/\/www.xhplasticlife.com\/es\/wp-json\/wp\/v2\/comments?post=1785"}],"wp:featuredmedia":[{"embeddable":true,"href":"https:\/\/www.xhplasticlife.com\/es\/wp-json\/wp\/v2\/media\/1786"}],"wp:attachment":[{"href":"https:\/\/www.xhplasticlife.com\/es\/wp-json\/wp\/v2\/media?parent=1785"}],"wp:term":[{"taxonomy":"product_brand","embeddable":true,"href":"https:\/\/www.xhplasticlife.com\/es\/wp-json\/wp\/v2\/product_brand?post=1785"},{"taxonomy":"product_cat","embeddable":true,"href":"https:\/\/www.xhplasticlife.com\/es\/wp-json\/wp\/v2\/product_cat?post=1785"},{"taxonomy":"product_tag","embeddable":true,"href":"https:\/\/www.xhplasticlife.com\/es\/wp-json\/wp\/v2\/product_tag?post=1785"}],"curies":[{"name":"wp","href":"https:\/\/api.w.org\/{rel}","templated":true}]}}