{"id":1773,"date":"2025-11-17T18:22:43","date_gmt":"2025-11-17T18:22:43","guid":{"rendered":"https:\/\/www.xhplasticlife.com\/?post_type=product&#038;p=1773"},"modified":"2025-11-19T04:03:32","modified_gmt":"2025-11-19T04:03:32","slug":"double-layer-plastic-storage-racks","status":"publish","type":"product","link":"https:\/\/www.xhplasticlife.com\/es\/producto\/double-layer-plastic-storage-racks\/","title":{"rendered":"Estantes de Almacenamiento de Pl\u00e1stico de Doble Capa al por Mayor, Estante Organizador de Escritorio y Estante de Almacenamiento a Granel"},"content":{"rendered":"<div class=\"wp-block-columns is-layout-flex wp-container-core-columns-is-layout-9d6595d7 wp-block-columns-is-layout-flex\">\n<div class=\"wp-block-column is-layout-flow wp-block-column-is-layout-flow\">\n<h2 class=\"wp-block-heading\">Estantes de almacenamiento de pl\u00e1stico de doble capa al por mayor Caracter\u00edsticas:<\/h2>\n\n\n\n<ul class=\"wp-block-list\">\n<li><strong>Dise\u00f1o duradero de doble capa:<\/strong> Esta estructura de dos niveles proporciona capacidad adicional para organizar material de oficina, cosm\u00e9ticos, aperitivos o art\u00edculos de cocina. Es ideal para los compradores que buscan alternativas de bandejas de pl\u00e1stico para escurrir alimentos al por mayor con funciones de almacenamiento a\u00f1adidas.<\/li>\n\n\n\n<li><strong>Organizador de escritorio Save Space<\/strong>: Mantiene su escritorio ordenado debido a la disposici\u00f3n vertical compacta y maximiza el espacio limitado, por lo tanto es ideal en el mercado al por mayor de bandejas de pl\u00e1stico para escurrir alimentos, especialmente para uso minorista, de oficina y dom\u00e9stico.<\/li>\n\n\n\n<li><strong>Tablero de drenaje multifuncional a medida Opci\u00f3n<\/strong>: Disponemos de dise\u00f1os personalizados de tableros de drenaje multifuncionales, que incluyen, entre otros, orificios de drenaje adicionales, bandejas desmontables y marcos de soporte reforzados para satisfacer las diferentes necesidades de aplicaci\u00f3n.<\/li>\n\n\n\n<li><strong>Construcci\u00f3n de pl\u00e1stico de alta calidad<\/strong>: Hecho de material PP de primera calidad, el estante es duradero pero ligero y resistente a la humedad, que es adecuado para cocinas, ba\u00f1os y oficinas.<\/li>\n\n\n\n<li><strong>Desmontable y f\u00e1cil de limpiar<\/strong>: Cada capa puede desmontarse f\u00e1cilmente para una limpieza r\u00e1pida, garantizando higiene y comodidad a largo plazo.<\/li>\n\n\n\n<li><strong>Base antideslizante<\/strong>: El dise\u00f1o reforzado de la parte inferior proporciona estabilidad y evita que se tambalee, incluso cuando el aparato est\u00e1 completamente cargado.<\/li>\n<\/ul>\n<\/div>\n\n\n\n<div class=\"wp-block-column is-layout-flow wp-block-column-is-layout-flow\">\n<figure class=\"wp-block-image size-full\"><img decoding=\"async\" width=\"800\" height=\"800\" src=\"https:\/\/www.xhplasticlife.com\/wp-content\/uploads\/2025\/11\/Double-Layer-Plastic-Storage-Racks-Wholesale-Factory-5.webp\" alt=\"Estanter\u00edas de pl\u00e1stico de doble capa F\u00e1brica al por mayor (5)\" class=\"wp-image-1779\" srcset=\"https:\/\/www.xhplasticlife.com\/wp-content\/uploads\/2025\/11\/Double-Layer-Plastic-Storage-Racks-Wholesale-Factory-5.webp 800w, https:\/\/www.xhplasticlife.com\/wp-content\/uploads\/2025\/11\/Double-Layer-Plastic-Storage-Racks-Wholesale-Factory-5-300x300.webp 300w, https:\/\/www.xhplasticlife.com\/wp-content\/uploads\/2025\/11\/Double-Layer-Plastic-Storage-Racks-Wholesale-Factory-5-150x150.webp 150w, https:\/\/www.xhplasticlife.com\/wp-content\/uploads\/2025\/11\/Double-Layer-Plastic-Storage-Racks-Wholesale-Factory-5-768x768.webp 768w, https:\/\/www.xhplasticlife.com\/wp-content\/uploads\/2025\/11\/Double-Layer-Plastic-Storage-Racks-Wholesale-Factory-5-12x12.webp 12w, https:\/\/www.xhplasticlife.com\/wp-content\/uploads\/2025\/11\/Double-Layer-Plastic-Storage-Racks-Wholesale-Factory-5-600x600.webp 600w, https:\/\/www.xhplasticlife.com\/wp-content\/uploads\/2025\/11\/Double-Layer-Plastic-Storage-Racks-Wholesale-Factory-5-100x100.webp 100w\" sizes=\"(max-width: 800px) 100vw, 800px\" \/><\/figure>\n<\/div>\n<\/div>\n\n\n\n<div class=\"wp-block-columns is-layout-flex wp-container-core-columns-is-layout-9d6595d7 wp-block-columns-is-layout-flex\">\n<div class=\"wp-block-column is-layout-flow wp-block-column-is-layout-flow\">\n<figure class=\"wp-block-image size-full\"><img decoding=\"async\" width=\"800\" height=\"800\" src=\"https:\/\/www.xhplasticlife.com\/wp-content\/uploads\/2025\/11\/Double-Layer-Plastic-Storage-Racks-Wholesale-green.webp\" alt=\"Estanter\u00edas de pl\u00e1stico de doble capa al por mayor - verde\" class=\"wp-image-1777\" srcset=\"https:\/\/www.xhplasticlife.com\/wp-content\/uploads\/2025\/11\/Double-Layer-Plastic-Storage-Racks-Wholesale-green.webp 800w, https:\/\/www.xhplasticlife.com\/wp-content\/uploads\/2025\/11\/Double-Layer-Plastic-Storage-Racks-Wholesale-green-300x300.webp 300w, https:\/\/www.xhplasticlife.com\/wp-content\/uploads\/2025\/11\/Double-Layer-Plastic-Storage-Racks-Wholesale-green-150x150.webp 150w, https:\/\/www.xhplasticlife.com\/wp-content\/uploads\/2025\/11\/Double-Layer-Plastic-Storage-Racks-Wholesale-green-768x768.webp 768w, https:\/\/www.xhplasticlife.com\/wp-content\/uploads\/2025\/11\/Double-Layer-Plastic-Storage-Racks-Wholesale-green-12x12.webp 12w, https:\/\/www.xhplasticlife.com\/wp-content\/uploads\/2025\/11\/Double-Layer-Plastic-Storage-Racks-Wholesale-green-600x600.webp 600w, https:\/\/www.xhplasticlife.com\/wp-content\/uploads\/2025\/11\/Double-Layer-Plastic-Storage-Racks-Wholesale-green-100x100.webp 100w\" sizes=\"(max-width: 800px) 100vw, 800px\" \/><\/figure>\n<\/div>\n\n\n\n<div class=\"wp-block-column is-layout-flow wp-block-column-is-layout-flow\">\n<figure class=\"wp-block-image size-full\"><img decoding=\"async\" width=\"800\" height=\"800\" src=\"https:\/\/www.xhplasticlife.com\/wp-content\/uploads\/2025\/11\/Double-Layer-Plastic-Storage-Racks-Wholesale-red.webp\" alt=\"Estanterias de Plastico de Doble Capa al por mayor -rojo\" class=\"wp-image-1783\" srcset=\"https:\/\/www.xhplasticlife.com\/wp-content\/uploads\/2025\/11\/Double-Layer-Plastic-Storage-Racks-Wholesale-red.webp 800w, https:\/\/www.xhplasticlife.com\/wp-content\/uploads\/2025\/11\/Double-Layer-Plastic-Storage-Racks-Wholesale-red-300x300.webp 300w, https:\/\/www.xhplasticlife.com\/wp-content\/uploads\/2025\/11\/Double-Layer-Plastic-Storage-Racks-Wholesale-red-150x150.webp 150w, https:\/\/www.xhplasticlife.com\/wp-content\/uploads\/2025\/11\/Double-Layer-Plastic-Storage-Racks-Wholesale-red-768x768.webp 768w, https:\/\/www.xhplasticlife.com\/wp-content\/uploads\/2025\/11\/Double-Layer-Plastic-Storage-Racks-Wholesale-red-12x12.webp 12w, https:\/\/www.xhplasticlife.com\/wp-content\/uploads\/2025\/11\/Double-Layer-Plastic-Storage-Racks-Wholesale-red-600x600.webp 600w, https:\/\/www.xhplasticlife.com\/wp-content\/uploads\/2025\/11\/Double-Layer-Plastic-Storage-Racks-Wholesale-red-100x100.webp 100w\" sizes=\"(max-width: 800px) 100vw, 800px\" \/><\/figure>\n<\/div>\n\n\n\n<div class=\"wp-block-column is-layout-flow wp-block-column-is-layout-flow\">\n<figure class=\"wp-block-image size-full\"><img decoding=\"async\" width=\"800\" height=\"800\" src=\"https:\/\/www.xhplasticlife.com\/wp-content\/uploads\/2025\/11\/Double-Layer-Plastic-Storage-Racks-Wholesale-gray.webp\" alt=\"Estanterias de Plastico de Doble Capa al por mayor - gris\" class=\"wp-image-1776\" srcset=\"https:\/\/www.xhplasticlife.com\/wp-content\/uploads\/2025\/11\/Double-Layer-Plastic-Storage-Racks-Wholesale-gray.webp 800w, https:\/\/www.xhplasticlife.com\/wp-content\/uploads\/2025\/11\/Double-Layer-Plastic-Storage-Racks-Wholesale-gray-300x300.webp 300w, https:\/\/www.xhplasticlife.com\/wp-content\/uploads\/2025\/11\/Double-Layer-Plastic-Storage-Racks-Wholesale-gray-150x150.webp 150w, https:\/\/www.xhplasticlife.com\/wp-content\/uploads\/2025\/11\/Double-Layer-Plastic-Storage-Racks-Wholesale-gray-768x768.webp 768w, https:\/\/www.xhplasticlife.com\/wp-content\/uploads\/2025\/11\/Double-Layer-Plastic-Storage-Racks-Wholesale-gray-12x12.webp 12w, https:\/\/www.xhplasticlife.com\/wp-content\/uploads\/2025\/11\/Double-Layer-Plastic-Storage-Racks-Wholesale-gray-600x600.webp 600w, https:\/\/www.xhplasticlife.com\/wp-content\/uploads\/2025\/11\/Double-Layer-Plastic-Storage-Racks-Wholesale-gray-100x100.webp 100w\" sizes=\"(max-width: 800px) 100vw, 800px\" \/><\/figure>\n<\/div>\n<\/div>","protected":false},"excerpt":{"rendered":"<p>Bienvenido a comprar nuestros estantes de almacenamiento de pl\u00e1stico de doble capa al por mayor, dise\u00f1ados para la organizaci\u00f3n ordenada de escritorio. Ofrecemos precios al por mayor directo de f\u00e1brica, personalizaci\u00f3n OEM\/ODM y muestras gratuitas para apoyar sus necesidades de abastecimiento.<\/p>\n<h2>Estanter\u00edas de pl\u00e1stico de doble capa Par\u00e1metros:<\/h2>\n<ul>\n<li><strong>Modelo<\/strong>: SH3175<\/li>\n<li><strong>Marca<\/strong>: Xinghui<\/li>\n<li><strong>Material<\/strong>: PP+ABS<\/li>\n<li><strong>Color<\/strong>: blanco+verde, blanco+gris, blanco+rojo<\/li>\n<li><strong>Tama\u00f1o del producto:<\/strong> 33*26*25cm<\/li>\n<li><strong>Peso bruto:<\/strong> 17,5 kg<\/li>\n<li><strong>Tama\u00f1o de la caja:<\/strong> 53*43*71cm<\/li>\n<li><strong>N\u00famero de embalaje:<\/strong> 16 uds\/ctn<\/li>\n<li><strong>Embalaje<\/strong>: Embalaje OPP<\/li>\n<li><strong>OEM\/ODM<\/strong>: Disponible<\/li>\n<li><strong>Opci\u00f3n personalizada<\/strong>: Color\/Tama\u00f1o\/Logotipo\/Embalaje<\/li>\n<\/ul>\n<h2>De Daily Plasticware Fabricante :<\/h2>\n<p>Fundada en 2000,\u00a0<a href=\"https:\/\/www.xhplasticlife.com\/es\/\"><strong>Xinghui<\/strong><\/a>\u00a0se especializa en la producci\u00f3n y venta al por mayor de fiambreras, recipientes para almacenar alimentos, art\u00edculos para bebidas, recipientes para almacenamiento dom\u00e9stico y otros productos de pl\u00e1stico de uso diario. Ofrecemos servicios integrales de OEM, ODM y comercio electr\u00f3nico a nuestros clientes.<\/p>","protected":false},"featured_media":1780,"comment_status":"closed","ping_status":"closed","template":"","meta":{"_acf_changed":false},"product_brand":[],"product_cat":[19],"product_tag":[],"class_list":{"0":"post-1773","1":"product","2":"type-product","3":"status-publish","4":"has-post-thumbnail","6":"product_cat-kitchen-storage-containers-wholesale","8":"first","9":"instock","10":"shipping-taxable","11":"product-type-simple"},"acf":[],"_links":{"self":[{"href":"https:\/\/www.xhplasticlife.com\/es\/wp-json\/wp\/v2\/product\/1773","targetHints":{"allow":["GET"]}}],"collection":[{"href":"https:\/\/www.xhplasticlife.com\/es\/wp-json\/wp\/v2\/product"}],"about":[{"href":"https:\/\/www.xhplasticlife.com\/es\/wp-json\/wp\/v2\/types\/product"}],"replies":[{"embeddable":true,"href":"https:\/\/www.xhplasticlife.com\/es\/wp-json\/wp\/v2\/comments?post=1773"}],"wp:featuredmedia":[{"embeddable":true,"href":"https:\/\/www.xhplasticlife.com\/es\/wp-json\/wp\/v2\/media\/1780"}],"wp:attachment":[{"href":"https:\/\/www.xhplasticlife.com\/es\/wp-json\/wp\/v2\/media?parent=1773"}],"wp:term":[{"taxonomy":"product_brand","embeddable":true,"href":"https:\/\/www.xhplasticlife.com\/es\/wp-json\/wp\/v2\/product_brand?post=1773"},{"taxonomy":"product_cat","embeddable":true,"href":"https:\/\/www.xhplasticlife.com\/es\/wp-json\/wp\/v2\/product_cat?post=1773"},{"taxonomy":"product_tag","embeddable":true,"href":"https:\/\/www.xhplasticlife.com\/es\/wp-json\/wp\/v2\/product_tag?post=1773"}],"curies":[{"name":"wp","href":"https:\/\/api.w.org\/{rel}","templated":true}]}}