{"id":1765,"date":"2025-11-17T17:56:46","date_gmt":"2025-11-17T17:56:46","guid":{"rendered":"https:\/\/www.xhplasticlife.com\/?post_type=product&#038;p=1765"},"modified":"2025-11-17T18:14:50","modified_gmt":"2025-11-17T18:14:50","slug":"wholesale-cup-drying-rack-supplier","status":"publish","type":"product","link":"https:\/\/www.xhplasticlife.com\/es\/producto\/wholesale-cup-drying-rack-supplier\/","title":{"rendered":"Mayorista Taza Secado Rack Fabricante, A prueba de polvo taza desmontable y soporte escurridor de botellas"},"content":{"rendered":"<div class=\"wp-block-columns is-layout-flex wp-container-core-columns-is-layout-9d6595d7 wp-block-columns-is-layout-flex\">\n<div class=\"wp-block-column is-layout-flow wp-block-column-is-layout-flow\">\n<h2 class=\"wp-block-heading\">Mayorista Secador de Tazas Caracter\u00edsticas:<\/h2>\n\n\n\n<ul class=\"wp-block-list\">\n<li><strong>Dise\u00f1o eficiente del drenaje:<\/strong> Incorpora una estructura de escurrido r\u00e1pido que mantiene el vaso, la taza y la botella secos y limpios, lo que lo convierte en el tendedero para vasos al por mayor preferido entre los compradores profesionales.<\/li>\n\n\n\n<li><strong>Estructura desmontable para facilitar la limpieza<\/strong>: Todos los componentes son desmontables, y el dise\u00f1o de f\u00e1cil montaje y desmontaje simplifica el mantenimiento; es ideal para marcas y minoristas que tienen normas de higiene excepcionalmente estrictas. Tambi\u00e9n hay disponibles bandejas de secado de vasos personalizadas.<\/li>\n\n\n\n<li><strong>Protecci\u00f3n contra el polvo mejorada<\/strong>: Est\u00e1 equipado con una cubierta antipolvo transparente que bloquea eficazmente el polvo y las salpicaduras de la cocina, mejorando as\u00ed el entorno de almacenamiento de las tazas y satisfaciendo los pedidos al por mayor de marcas de tendederos de tazas como Horeca y art\u00edculos para el hogar.<\/li>\n\n\n\n<li><strong>Materiales duraderos y resistentes<\/strong>: Fabricado con el material duradero PP\/ABS, proporciona una capacidad de carga estable y es adecuado para el uso a largo plazo, por lo que es una excelente opci\u00f3n de suministro para proyectos OEM\/ODM.<\/li>\n\n\n\n<li><strong>Compatibilidad multiescenario: <\/strong>adecuadas para cocinas dom\u00e9sticas, cafeter\u00edas, restaurantes, despensas de oficina y otros escenarios. Las bandejas de secado de tazas pueden personalizarse en cuanto a tama\u00f1o, color y embalaje.<\/li>\n<\/ul>\n<\/div>\n\n\n\n<div class=\"wp-block-column is-layout-flow wp-block-column-is-layout-flow\">\n<figure class=\"wp-block-image size-full\"><img decoding=\"async\" width=\"790\" height=\"1134\" src=\"https:\/\/www.xhplasticlife.com\/wp-content\/uploads\/2025\/11\/Wholesale-Cup-Drying-Rack-Manufacturer-5.webp\" alt=\"Mayorista Bastidor para secar tazas Fabricante (5)\" class=\"wp-image-1769\" srcset=\"https:\/\/www.xhplasticlife.com\/wp-content\/uploads\/2025\/11\/Wholesale-Cup-Drying-Rack-Manufacturer-5.webp 790w, https:\/\/www.xhplasticlife.com\/wp-content\/uploads\/2025\/11\/Wholesale-Cup-Drying-Rack-Manufacturer-5-209x300.webp 209w, https:\/\/www.xhplasticlife.com\/wp-content\/uploads\/2025\/11\/Wholesale-Cup-Drying-Rack-Manufacturer-5-768x1102.webp 768w, https:\/\/www.xhplasticlife.com\/wp-content\/uploads\/2025\/11\/Wholesale-Cup-Drying-Rack-Manufacturer-5-8x12.webp 8w, https:\/\/www.xhplasticlife.com\/wp-content\/uploads\/2025\/11\/Wholesale-Cup-Drying-Rack-Manufacturer-5-600x861.webp 600w\" sizes=\"(max-width: 790px) 100vw, 790px\" \/><\/figure>\n<\/div>\n<\/div>\n\n\n\n<figure class=\"wp-block-table is-style-stripes\"><table class=\"has-fixed-layout\"><tbody><tr><td>Modelo<\/td><td>Producto<\/td><td>Tama\u00f1o del producto<\/td><td>Peso bruto<\/td><td>Tama\u00f1o de la caja<\/td><td>Peso base<\/td><td>Embalaje<\/td><\/tr><tr><td>SH3155<\/td><td>Bandejas de secado para vasos de pl\u00e1stico de 31 cm<\/td><td>29*19,7*2cm<\/td><td>17 kg<\/td><td>54*32*59cm<\/td><td>315g<\/td><td>48 uds\/ctn<\/td><\/tr><tr><td>SH3156<\/td><td>Bandejas de pl\u00e1stico para secar vasos de 39 cm<\/td><td>41*27,5*2cm<\/td><td>15,2 kg<\/td><td>46*40*44,5cm<\/td><td>412g<\/td><td>30 unidades\/ctn<\/td><\/tr><\/tbody><\/table><\/figure>","protected":false},"excerpt":{"rendered":"<p>Le damos la bienvenida a la compra al por mayor de nuestra rejilla para secar tazas. Esta rejilla para tazas, a prueba de polvo y desmontable, cuenta con una eficiente estructura de drenaje y materiales resistentes, haci\u00e9ndola adecuada para hogares, cafeter\u00edas y establecimientos de catering. Ofrecemos OEM\/ODM y personalizaci\u00f3n de la bandeja para secado de tazas para satisfacer las necesidades de compra al por mayor.<\/p>\n<h2>Mayorista Secador de Tazas Par\u00e1metros:<\/h2>\n<ul>\n<li><strong>Modelo<\/strong>: SH3155-SH3156<\/li>\n<li><strong>Marca<\/strong>: Xinghui<\/li>\n<li><strong>Material<\/strong>Pl\u00e1stico (PP)<\/li>\n<li><strong>Color<\/strong>: blanco, rosa, verde<\/li>\n<li><strong>Embalaje<\/strong>: Embalaje OPP<\/li>\n<li><strong>OEM\/ODM<\/strong>: Disponible<\/li>\n<li><strong>Opci\u00f3n personalizada<\/strong>: Color\/Tama\u00f1o\/Logotipo\/Embalaje<\/li>\n<\/ul>\n<h2>De Daily Plasticware Fabricante :<\/h2>\n<p>Fundada en 2000,\u00a0<a href=\"https:\/\/www.xhplasticlife.com\/es\/\"><strong>Xinghui<\/strong><\/a>\u00a0se especializa en la producci\u00f3n y venta al por mayor de fiambreras, recipientes para almacenar alimentos, art\u00edculos para bebidas, recipientes para almacenamiento dom\u00e9stico y otros productos de pl\u00e1stico de uso diario. Ofrecemos servicios integrales de OEM, ODM y comercio electr\u00f3nico a nuestros clientes.<\/p>","protected":false},"featured_media":1768,"comment_status":"closed","ping_status":"closed","template":"","meta":{"_acf_changed":false},"product_brand":[],"product_cat":[19],"product_tag":[],"class_list":{"0":"post-1765","1":"product","2":"type-product","3":"status-publish","4":"has-post-thumbnail","6":"product_cat-kitchen-storage-containers-wholesale","8":"first","9":"instock","10":"shipping-taxable","11":"product-type-simple"},"acf":[],"_links":{"self":[{"href":"https:\/\/www.xhplasticlife.com\/es\/wp-json\/wp\/v2\/product\/1765","targetHints":{"allow":["GET"]}}],"collection":[{"href":"https:\/\/www.xhplasticlife.com\/es\/wp-json\/wp\/v2\/product"}],"about":[{"href":"https:\/\/www.xhplasticlife.com\/es\/wp-json\/wp\/v2\/types\/product"}],"replies":[{"embeddable":true,"href":"https:\/\/www.xhplasticlife.com\/es\/wp-json\/wp\/v2\/comments?post=1765"}],"wp:featuredmedia":[{"embeddable":true,"href":"https:\/\/www.xhplasticlife.com\/es\/wp-json\/wp\/v2\/media\/1768"}],"wp:attachment":[{"href":"https:\/\/www.xhplasticlife.com\/es\/wp-json\/wp\/v2\/media?parent=1765"}],"wp:term":[{"taxonomy":"product_brand","embeddable":true,"href":"https:\/\/www.xhplasticlife.com\/es\/wp-json\/wp\/v2\/product_brand?post=1765"},{"taxonomy":"product_cat","embeddable":true,"href":"https:\/\/www.xhplasticlife.com\/es\/wp-json\/wp\/v2\/product_cat?post=1765"},{"taxonomy":"product_tag","embeddable":true,"href":"https:\/\/www.xhplasticlife.com\/es\/wp-json\/wp\/v2\/product_tag?post=1765"}],"curies":[{"name":"wp","href":"https:\/\/api.w.org\/{rel}","templated":true}]}}