{"id":1759,"date":"2025-11-17T09:42:15","date_gmt":"2025-11-17T09:42:15","guid":{"rendered":"https:\/\/www.xhplasticlife.com\/?post_type=product&#038;p=1759"},"modified":"2025-11-17T10:19:38","modified_gmt":"2025-11-17T10:19:38","slug":"plastic-food-drain-trays-wholesale","status":"publish","type":"product","link":"https:\/\/www.xhplasticlife.com\/es\/producto\/plastic-food-drain-trays-wholesale\/","title":{"rendered":"Bandejas de pl\u00e1stico para escurrir alimentos al por mayor OEM\/ODM Tablero multifuncional para escurrir Fabricantes"},"content":{"rendered":"<div class=\"wp-block-columns is-layout-flex wp-container-core-columns-is-layout-9d6595d7 wp-block-columns-is-layout-flex\">\n<div class=\"wp-block-column is-layout-flow wp-block-column-is-layout-flow\">\n<h2 class=\"wp-block-heading\">Bandejas de pl\u00e1stico para escurrir alimentos al por mayor Caracter\u00edsticas:<\/h2>\n\n\n\n<ul class=\"wp-block-list\">\n<li><strong>Pl\u00e1stico resistente de calidad alimentaria:<\/strong> Fabricados con materiales de alta calidad aptos para uso alimentario, seguros, inodoros, duraderos y resistentes a altas presiones, aptos para m\u00faltiples usos en cocinas, fregaderos, encimeras, etc.<\/li>\n\n\n\n<li><strong>Dise\u00f1o del drenaje del agua: <\/strong>Los orificios de drenaje equidistantes garantizan la rapidez en la evacuaci\u00f3n del agua, mientras los alimentos permanecen secos e higi\u00e9nicos. Esto hace que el producto sea ideal para usos diarios: lavar frutas y verduras, escurrir fideos, guardar vajilla, etc.<\/li>\n\n\n\n<li><strong>Construcci\u00f3n antideslizante y estable:<\/strong> La parte inferior est\u00e1 provista de un sistema antideslizante para evitar cualquier tipo de vuelco y aumentar as\u00ed la seguridad.<\/li>\n\n\n\n<li><strong>F\u00e1cil de limpiar y de secado r\u00e1pido:<\/strong> Su superficie lisa resiste todo tipo de manchas; basta un simple aclarado para limpiarlo. Se seca con bastante rapidez, lo que reduce la proliferaci\u00f3n de bacterias.<\/li>\n\n\n\n<li><strong>Ligero pero resistente:<\/strong> M\u00e1s ligeros para facilitar su movilidad, pero robustos y resistentes a las ca\u00eddas para un largo rendimiento en cocinas dom\u00e9sticas, restaurantes y cocinas de supermercados, entre otros.<\/li>\n\n\n\n<li><strong>Apilable y ahorra espacio<\/strong>: El dise\u00f1o apilable ayuda a ahorrar inventario y espacio de almacenamiento; ideal para grandes compras y distribuidores mayoristas de bandejas de pl\u00e1stico para escurrir alimentos.<\/li>\n\n\n\n<li><strong>Opciones de escurridor multifuncional a medida:<\/strong> Podemos ofrecer opciones de personalizaci\u00f3n OEM\/ODM para colores, tama\u00f1os, logotipos y embalaje de los productos, lo que nos convierte en la opci\u00f3n ideal para encontrar proveedores de escurridores multifunci\u00f3n personalizados.<\/li>\n\n\n\n<li><strong>Suministro directo de f\u00e1brica<\/strong>: Especializada en bandejas de drenaje de alimentos de pl\u00e1stico al por mayor, la personalizaci\u00f3n a granel apoyado y suministrado de forma estable, adecuado para los compradores al por mayor globales.<\/li>\n<\/ul>\n<\/div>\n\n\n\n<div class=\"wp-block-column is-layout-flow wp-block-column-is-layout-flow\">\n<figure class=\"wp-block-image size-full\"><img decoding=\"async\" width=\"800\" height=\"800\" src=\"https:\/\/www.xhplasticlife.com\/wp-content\/uploads\/2025\/11\/Plastic-Food-Drain-Trays-Wholesale-Manufacturer-3.webp\" alt=\"Bandejas de pl\u00e1stico para escurrir alimentos Fabricante al por mayor (3)\" class=\"wp-image-1762\" srcset=\"https:\/\/www.xhplasticlife.com\/wp-content\/uploads\/2025\/11\/Plastic-Food-Drain-Trays-Wholesale-Manufacturer-3.webp 800w, https:\/\/www.xhplasticlife.com\/wp-content\/uploads\/2025\/11\/Plastic-Food-Drain-Trays-Wholesale-Manufacturer-3-300x300.webp 300w, https:\/\/www.xhplasticlife.com\/wp-content\/uploads\/2025\/11\/Plastic-Food-Drain-Trays-Wholesale-Manufacturer-3-150x150.webp 150w, https:\/\/www.xhplasticlife.com\/wp-content\/uploads\/2025\/11\/Plastic-Food-Drain-Trays-Wholesale-Manufacturer-3-768x768.webp 768w, https:\/\/www.xhplasticlife.com\/wp-content\/uploads\/2025\/11\/Plastic-Food-Drain-Trays-Wholesale-Manufacturer-3-12x12.webp 12w, https:\/\/www.xhplasticlife.com\/wp-content\/uploads\/2025\/11\/Plastic-Food-Drain-Trays-Wholesale-Manufacturer-3-600x600.webp 600w, https:\/\/www.xhplasticlife.com\/wp-content\/uploads\/2025\/11\/Plastic-Food-Drain-Trays-Wholesale-Manufacturer-3-100x100.webp 100w\" sizes=\"(max-width: 800px) 100vw, 800px\" \/><\/figure>\n<\/div>\n<\/div>\n\n\n\n<figure class=\"wp-block-table is-style-stripes\"><table class=\"has-fixed-layout\"><tbody><tr><td>Modelo<\/td><td>Producto<\/td><td>Tama\u00f1o del producto<\/td><td>Peso bruto<\/td><td>Tama\u00f1o de la caja<\/td><td>Peso base<\/td><td>Embalaje<\/td><\/tr><tr><td>SH3148<\/td><td>Bandeja de pl\u00e1stico para alimentos de 29 cm con desag\u00fce<\/td><td>29*19,7*2cm<\/td><td>15,4 kg<\/td><td>60.5*29*45.5cm<\/td><td>157g<\/td><td>90 unidades\/ctn<\/td><\/tr><tr><td>SH3149<\/td><td>Bandeja de pl\u00e1stico para alimentos de 41 cm con desag\u00fce<\/td><td>41*27,5*2cm<\/td><td>14,8 kg<\/td><td>56.5*41.5*35cm<\/td><td>340g<\/td><td>40 unidades\/ctn<\/td><\/tr><tr><td>SH3151<\/td><td>Bandeja de pl\u00e1stico multifuncional para alimentos de 29 cm<\/td><td>29*19,7*2cm<\/td><td>14,8 kg<\/td><td>60.5*29*45.5cm<\/td><td>95g<\/td><td>150 uds\/ctn<\/td><\/tr><tr><td>SH3152<\/td><td>Bandeja de pl\u00e1stico multifuncional para alimentos de 41 cm<\/td><td>41*27,5*2cm<\/td><td>17,2 kg<\/td><td>56.5*41.5*35cm<\/td><td>207g<\/td><td>80 unidades\/ctn<\/td><\/tr><\/tbody><\/table><\/figure>","protected":false},"excerpt":{"rendered":"<p>Bienvenido a comprar nuestro duradero escurridor de alimentos dise\u00f1ado para la filtraci\u00f3n r\u00e1pida de agua y el uso diario en la cocina. Como un fabricante confiable que ofrece bandejas de drenaje de alimentos de pl\u00e1stico servicio al por mayor, apoyamos opciones de tablero de drenaje multifuncional personalizado, OEM \/ ODM y precios directos de f\u00e1brica para los compradores globales.<\/p>\n<h2>Bandejas de pl\u00e1stico para escurrir alimentos Par\u00e1metros al por mayor:<\/h2>\n<ul>\n<li><strong>Modelo<\/strong>: SH3148-SH3152<\/li>\n<li><strong>Marca<\/strong>: Xinghui<\/li>\n<li><strong>Material<\/strong>Pl\u00e1stico (PP)<\/li>\n<li><strong>Color<\/strong>: blanco, rosa, verde<\/li>\n<li><strong>Embalaje<\/strong>: Embalaje OPP<\/li>\n<li><strong>OEM\/ODM<\/strong>: Disponible<\/li>\n<li><strong>Opci\u00f3n personalizada<\/strong>: Color\/Tama\u00f1o\/Logotipo\/Embalaje<\/li>\n<\/ul>\n<h2>De Daily Plasticware Fabricante :<\/h2>\n<p>Fundada en 2000,\u00a0<a href=\"https:\/\/www.xhplasticlife.com\/es\/\"><strong>Xinghui<\/strong><\/a>\u00a0se especializa en la producci\u00f3n y venta al por mayor de fiambreras, recipientes para almacenar alimentos, art\u00edculos para bebidas, recipientes para almacenamiento dom\u00e9stico y otros productos de pl\u00e1stico de uso diario. Ofrecemos servicios integrales de OEM, ODM y comercio electr\u00f3nico a nuestros clientes.<\/p>","protected":false},"featured_media":1761,"comment_status":"closed","ping_status":"closed","template":"","meta":{"_acf_changed":false},"product_brand":[],"product_cat":[19],"product_tag":[],"class_list":{"0":"post-1759","1":"product","2":"type-product","3":"status-publish","4":"has-post-thumbnail","6":"product_cat-kitchen-storage-containers-wholesale","8":"first","9":"instock","10":"shipping-taxable","11":"product-type-simple"},"acf":[],"_links":{"self":[{"href":"https:\/\/www.xhplasticlife.com\/es\/wp-json\/wp\/v2\/product\/1759","targetHints":{"allow":["GET"]}}],"collection":[{"href":"https:\/\/www.xhplasticlife.com\/es\/wp-json\/wp\/v2\/product"}],"about":[{"href":"https:\/\/www.xhplasticlife.com\/es\/wp-json\/wp\/v2\/types\/product"}],"replies":[{"embeddable":true,"href":"https:\/\/www.xhplasticlife.com\/es\/wp-json\/wp\/v2\/comments?post=1759"}],"wp:featuredmedia":[{"embeddable":true,"href":"https:\/\/www.xhplasticlife.com\/es\/wp-json\/wp\/v2\/media\/1761"}],"wp:attachment":[{"href":"https:\/\/www.xhplasticlife.com\/es\/wp-json\/wp\/v2\/media?parent=1759"}],"wp:term":[{"taxonomy":"product_brand","embeddable":true,"href":"https:\/\/www.xhplasticlife.com\/es\/wp-json\/wp\/v2\/product_brand?post=1759"},{"taxonomy":"product_cat","embeddable":true,"href":"https:\/\/www.xhplasticlife.com\/es\/wp-json\/wp\/v2\/product_cat?post=1759"},{"taxonomy":"product_tag","embeddable":true,"href":"https:\/\/www.xhplasticlife.com\/es\/wp-json\/wp\/v2\/product_tag?post=1759"}],"curies":[{"name":"wp","href":"https:\/\/api.w.org\/{rel}","templated":true}]}}