{"id":1733,"date":"2025-11-17T08:23:28","date_gmt":"2025-11-17T07:23:43","guid":{"rendered":"https:\/\/www.xhplasticlife.com\/?post_type=product&#038;p=1733"},"modified":"2025-11-17T08:23:56","modified_gmt":"2025-11-17T08:23:56","slug":"bulk-ice-cube-tray-with-lid-and-bin","status":"publish","type":"product","link":"https:\/\/www.xhplasticlife.com\/es\/producto\/bulk-ice-cube-tray-with-lid-and-bin\/","title":{"rendered":"Cubitera a granel con tapa y cubo, 12\/24 rejillas Proveedor de moldes de hielo a medida"},"content":{"rendered":"<div class=\"wp-block-columns is-layout-flex wp-container-core-columns-is-layout-9d6595d7 wp-block-columns-is-layout-flex\">\n<div class=\"wp-block-column is-layout-flow wp-block-column-is-layout-flow\">\n<h2 class=\"wp-block-heading\">Cubitera con tapa y cubo Caracter\u00edsticas:<\/h2>\n\n\n\n<ul class=\"wp-block-list\">\n<li><strong>Estructura de silicona de doble capa<\/strong>: La estructura de silicona blanda de doble capa permite moldear cubitos de hielo r\u00e1pidamente y desmoldarlos con facilidad, lo que resulta ideal para la producci\u00f3n de hielo en verano a gran escala.<\/li>\n\n\n\n<li><strong>Opciones de capacidad de la red 12\/24<\/strong>: Disponible en tama\u00f1os de 12 rejillas y 24 rejillas para satisfacer las necesidades del hogar, cafeter\u00edas, bares y tiendas de postres.<\/li>\n\n\n\n<li><strong>Las cubiteras a granel vienen con tapa y dise\u00f1o de cubo:<\/strong> Equipado con una tapa de sellado y una caja de almacenamiento de hielo para detener la mezcla de olores, mantener limpios los cubitos de hielo y almacenar grandes cantidades de una sola vez.<\/li>\n\n\n\n<li><strong>Material ecol\u00f3gico apto para uso alimentario: <\/strong>La silicona reutilizable de calidad alimentaria, respetuosa con el medio ambiente, y el pl\u00e1stico resistente presentan un uso estable y a largo plazo sin BPA.<\/li>\n\n\n\n<li><strong>F\u00e1cil liberaci\u00f3n y limpieza: <\/strong>La suave silicona permite desmoldarla f\u00e1cilmente, mientras que la superficie lisa es f\u00e1cil de limpiar; se puede lavar a mano o en el lavavajillas.<\/li>\n\n\n\n<li><strong>Ideal para chocolateros y bricolaje: <\/strong>Adecuado para chocolate casero, cubitos de hielo de zumo de gelatina y comida para beb\u00e9s, entre otros, es la herramienta multifuncional definitiva para cocinas y pasteler\u00edas.<\/li>\n\n\n\n<li><strong>Apilable y ahorra espacio:<\/strong> El dise\u00f1o con tapa permite un apilamiento ordenado, ahorrando espacio en el frigor\u00edfico y mejorando la eficiencia del almacenamiento.<\/li>\n\n\n\n<li><strong>Cubitera con tapa y cubo a granel<\/strong>: Acepta pedidos al por mayor y permite personalizar el color, el embalaje y el tama\u00f1o seg\u00fan los requisitos OEM\/ODM de los grandes compradores.<\/li>\n<\/ul>\n<\/div>\n\n\n\n<div class=\"wp-block-column is-layout-flow wp-block-column-is-layout-flow\">\n<figure class=\"wp-block-image size-full\"><img decoding=\"async\" width=\"800\" height=\"800\" src=\"https:\/\/www.xhplasticlife.com\/wp-content\/uploads\/2025\/11\/Bulk-Ice-Cube-Tray-with-Lid-and-Bin-5.webp\" alt=\"Cubitera a granel con tapa y cubo (5)\" class=\"wp-image-1738\" srcset=\"https:\/\/www.xhplasticlife.com\/wp-content\/uploads\/2025\/11\/Bulk-Ice-Cube-Tray-with-Lid-and-Bin-5.webp 800w, https:\/\/www.xhplasticlife.com\/wp-content\/uploads\/2025\/11\/Bulk-Ice-Cube-Tray-with-Lid-and-Bin-5-300x300.webp 300w, https:\/\/www.xhplasticlife.com\/wp-content\/uploads\/2025\/11\/Bulk-Ice-Cube-Tray-with-Lid-and-Bin-5-150x150.webp 150w, https:\/\/www.xhplasticlife.com\/wp-content\/uploads\/2025\/11\/Bulk-Ice-Cube-Tray-with-Lid-and-Bin-5-768x768.webp 768w, https:\/\/www.xhplasticlife.com\/wp-content\/uploads\/2025\/11\/Bulk-Ice-Cube-Tray-with-Lid-and-Bin-5-12x12.webp 12w, https:\/\/www.xhplasticlife.com\/wp-content\/uploads\/2025\/11\/Bulk-Ice-Cube-Tray-with-Lid-and-Bin-5-600x600.webp 600w, https:\/\/www.xhplasticlife.com\/wp-content\/uploads\/2025\/11\/Bulk-Ice-Cube-Tray-with-Lid-and-Bin-5-100x100.webp 100w\" sizes=\"(max-width: 800px) 100vw, 800px\" \/><\/figure>\n<\/div>\n<\/div>\n\n\n\n<figure class=\"wp-block-table is-style-stripes\"><table class=\"has-fixed-layout\"><tbody><tr><td>Modelo<\/td><td>Producto<\/td><td>Tama\u00f1o del producto<\/td><td>Peso bruto<\/td><td>Tama\u00f1o de la caja<\/td><td>Peso base<\/td><td>Embalaje<\/td><\/tr><tr><td>BX1061<\/td><td>Cubitera de 12 rejillas<\/td><td>12*11*3cm<\/td><td>16,3 kg<\/td><td>45*38*36,5cm<\/td><td>106g<\/td><td>144 unidades\/ctn<\/td><\/tr><tr><td>BX1062<\/td><td>Cubitera de 12 rejillas + Hielera de 600 ml<\/td><td>12*11*8,5cm<\/td><td>16 kg<\/td><td>45*38*65,5 cm<\/td><td>156g<\/td><td>96 uds\/ctn<\/td><\/tr><tr><td>BX1063<\/td><td>Cubitera de 12 rejillas + Caja para 1060 ml de hielo<\/td><td>12*11*14,5 cm<\/td><td>10,3 kg<\/td><td>45*38*58,5cm<\/td><td>194g<\/td><td>48 uds\/ctn<\/td><\/tr><tr><td>BX1064<\/td><td>Cubitera de 24 rejillas<\/td><td>17.5*12*3cm<\/td><td>17,3 kg<\/td><td>551*37*23cm<\/td><td>165g<\/td><td>96 uds\/ctn<\/td><\/tr><tr><td>BX1065<\/td><td>Cubitera de 24 rejillas + Hielera de 1050 ml<\/td><td>17.5*12*8.5cm<\/td><td>15,8 kg<\/td><td>51*37*42cm<\/td><td>246g<\/td><td>60 unidades\/ctn<\/td><\/tr><tr><td>BX1066<\/td><td>Cubitera de 24 rejillas + Hielera de 2050 ml<\/td><td>17*12*14,5cm<\/td><td>11,8 kg<\/td><td>51*37*44cm<\/td><td>302g<\/td><td>36 uds\/ctn<\/td><\/tr><\/tbody><\/table><\/figure>\n\n\n\n<div class=\"wp-block-columns is-layout-flex wp-container-core-columns-is-layout-9d6595d7 wp-block-columns-is-layout-flex\">\n<div class=\"wp-block-column is-layout-flow wp-block-column-is-layout-flow\">\n<figure class=\"wp-block-image size-full\"><img decoding=\"async\" width=\"790\" height=\"458\" src=\"https:\/\/www.xhplasticlife.com\/wp-content\/uploads\/2025\/11\/Custom-Ice-Cube-Tray-with-Lid-and-Bin-2.webp\" alt=\"Cubitera personalizada con tapa y cubo (2)\" class=\"wp-image-1741\" srcset=\"https:\/\/www.xhplasticlife.com\/wp-content\/uploads\/2025\/11\/Custom-Ice-Cube-Tray-with-Lid-and-Bin-2.webp 790w, https:\/\/www.xhplasticlife.com\/wp-content\/uploads\/2025\/11\/Custom-Ice-Cube-Tray-with-Lid-and-Bin-2-300x174.webp 300w, https:\/\/www.xhplasticlife.com\/wp-content\/uploads\/2025\/11\/Custom-Ice-Cube-Tray-with-Lid-and-Bin-2-768x445.webp 768w, https:\/\/www.xhplasticlife.com\/wp-content\/uploads\/2025\/11\/Custom-Ice-Cube-Tray-with-Lid-and-Bin-2-18x10.webp 18w, https:\/\/www.xhplasticlife.com\/wp-content\/uploads\/2025\/11\/Custom-Ice-Cube-Tray-with-Lid-and-Bin-2-600x348.webp 600w\" sizes=\"(max-width: 790px) 100vw, 790px\" \/><\/figure>\n<\/div>\n\n\n\n<div class=\"wp-block-column is-layout-flow wp-block-column-is-layout-flow\">\n<figure class=\"wp-block-image size-full\"><img decoding=\"async\" width=\"790\" height=\"484\" src=\"https:\/\/www.xhplasticlife.com\/wp-content\/uploads\/2025\/11\/Custom-Ice-Cube-Tray-with-Lid-and-Bin-3.webp\" alt=\"Cubitera personalizada con tapa y cubo (3)\" class=\"wp-image-1742\" srcset=\"https:\/\/www.xhplasticlife.com\/wp-content\/uploads\/2025\/11\/Custom-Ice-Cube-Tray-with-Lid-and-Bin-3.webp 790w, https:\/\/www.xhplasticlife.com\/wp-content\/uploads\/2025\/11\/Custom-Ice-Cube-Tray-with-Lid-and-Bin-3-300x184.webp 300w, https:\/\/www.xhplasticlife.com\/wp-content\/uploads\/2025\/11\/Custom-Ice-Cube-Tray-with-Lid-and-Bin-3-768x471.webp 768w, https:\/\/www.xhplasticlife.com\/wp-content\/uploads\/2025\/11\/Custom-Ice-Cube-Tray-with-Lid-and-Bin-3-18x12.webp 18w, https:\/\/www.xhplasticlife.com\/wp-content\/uploads\/2025\/11\/Custom-Ice-Cube-Tray-with-Lid-and-Bin-3-600x368.webp 600w\" sizes=\"(max-width: 790px) 100vw, 790px\" \/><\/figure>\n<\/div>\n<\/div>\n\n\n<div class=\"wp-block-image\">\n<figure class=\"aligncenter size-full\"><img decoding=\"async\" width=\"790\" height=\"306\" src=\"https:\/\/www.xhplasticlife.com\/wp-content\/uploads\/2025\/11\/Custom-Ice-Cube-Tray-with-Lid-and-Bin-1.webp\" alt=\"Cubitera personalizada con tapa y cubo (1)\" class=\"wp-image-1740\" srcset=\"https:\/\/www.xhplasticlife.com\/wp-content\/uploads\/2025\/11\/Custom-Ice-Cube-Tray-with-Lid-and-Bin-1.webp 790w, https:\/\/www.xhplasticlife.com\/wp-content\/uploads\/2025\/11\/Custom-Ice-Cube-Tray-with-Lid-and-Bin-1-300x116.webp 300w, https:\/\/www.xhplasticlife.com\/wp-content\/uploads\/2025\/11\/Custom-Ice-Cube-Tray-with-Lid-and-Bin-1-768x297.webp 768w, https:\/\/www.xhplasticlife.com\/wp-content\/uploads\/2025\/11\/Custom-Ice-Cube-Tray-with-Lid-and-Bin-1-18x7.webp 18w, https:\/\/www.xhplasticlife.com\/wp-content\/uploads\/2025\/11\/Custom-Ice-Cube-Tray-with-Lid-and-Bin-1-600x232.webp 600w\" sizes=\"(max-width: 790px) 100vw, 790px\" \/><\/figure>\n<\/div>\n\n\n<p><\/p>","protected":false},"excerpt":{"rendered":"<p>Bienvenido a comprar nuestra bandeja de cubitos de hielo a granel con tapa y cubo, dise\u00f1ada con silicona de doble capa, opciones de rejilla 12\/24 y un gran cubo de almacenamiento. Esta bandeja ecol\u00f3gica ofrece una f\u00e1cil liberaci\u00f3n, almacenamiento apilable, y es perfecto para los fabricantes de chocolate, los usuarios de bricolaje, y los compradores al por mayor.<\/p>\n<h2>Cubitera con tapa y par\u00e1metro Bin<\/h2>\n<ul>\n<li><strong>Modelo<\/strong>: BH4439B<\/li>\n<li><strong>Marca<\/strong>: Xinghui<\/li>\n<li><strong data-start=\"86\" data-end=\"99\">Material: <\/strong> PP+silicona<\/li>\n<li><strong>Color<\/strong>rosa, verde, amarillo<\/li>\n<li><strong>Embalaje<\/strong>: Embalaje OPP<\/li>\n<li><strong>OEM\/ODM<\/strong>: Disponible<\/li>\n<li><strong>Opci\u00f3n personalizada<\/strong>: Color\/Tama\u00f1o\/Logotipo\/Embalaje<\/li>\n<\/ul>\n<h2>De Daily Plasticware Fabricante :<\/h2>\n<p>Fundada en 2000,\u00a0<a href=\"https:\/\/www.xhplasticlife.com\/es\/\"><strong>Xinghui<\/strong><\/a>\u00a0se especializa en la producci\u00f3n y venta al por mayor de fiambreras, recipientes para almacenar alimentos, art\u00edculos para bebidas, recipientes para almacenamiento dom\u00e9stico y otros productos de pl\u00e1stico de uso diario. Ofrecemos servicios integrales de OEM, ODM y comercio electr\u00f3nico a nuestros clientes.<\/p>","protected":false},"featured_media":1734,"comment_status":"closed","ping_status":"closed","template":"","meta":{"_acf_changed":false},"product_brand":[],"product_cat":[19],"product_tag":[],"class_list":{"0":"post-1733","1":"product","2":"type-product","3":"status-publish","4":"has-post-thumbnail","6":"product_cat-kitchen-storage-containers-wholesale","8":"first","9":"instock","10":"shipping-taxable","11":"product-type-simple"},"acf":[],"_links":{"self":[{"href":"https:\/\/www.xhplasticlife.com\/es\/wp-json\/wp\/v2\/product\/1733","targetHints":{"allow":["GET"]}}],"collection":[{"href":"https:\/\/www.xhplasticlife.com\/es\/wp-json\/wp\/v2\/product"}],"about":[{"href":"https:\/\/www.xhplasticlife.com\/es\/wp-json\/wp\/v2\/types\/product"}],"replies":[{"embeddable":true,"href":"https:\/\/www.xhplasticlife.com\/es\/wp-json\/wp\/v2\/comments?post=1733"}],"wp:featuredmedia":[{"embeddable":true,"href":"https:\/\/www.xhplasticlife.com\/es\/wp-json\/wp\/v2\/media\/1734"}],"wp:attachment":[{"href":"https:\/\/www.xhplasticlife.com\/es\/wp-json\/wp\/v2\/media?parent=1733"}],"wp:term":[{"taxonomy":"product_brand","embeddable":true,"href":"https:\/\/www.xhplasticlife.com\/es\/wp-json\/wp\/v2\/product_brand?post=1733"},{"taxonomy":"product_cat","embeddable":true,"href":"https:\/\/www.xhplasticlife.com\/es\/wp-json\/wp\/v2\/product_cat?post=1733"},{"taxonomy":"product_tag","embeddable":true,"href":"https:\/\/www.xhplasticlife.com\/es\/wp-json\/wp\/v2\/product_tag?post=1733"}],"curies":[{"name":"wp","href":"https:\/\/api.w.org\/{rel}","templated":true}]}}