{"id":1710,"date":"2025-11-17T02:18:24","date_gmt":"2025-11-17T02:18:24","guid":{"rendered":"https:\/\/www.xhplasticlife.com\/?post_type=product&#038;p=1710"},"modified":"2025-11-17T06:10:44","modified_gmt":"2025-11-17T06:10:44","slug":"custom-ice-cube-trays-wholesale","status":"publish","type":"product","link":"https:\/\/www.xhplasticlife.com\/es\/producto\/custom-ice-cube-trays-wholesale\/","title":{"rendered":"Cubiteras Personalizadas al por mayor, Mini moldes de silicona para hielo de 6 rejillas Fabricante"},"content":{"rendered":"<div class=\"wp-block-columns is-layout-flex wp-container-core-columns-is-layout-9d6595d7 wp-block-columns-is-layout-flex\">\n<div class=\"wp-block-column is-layout-flow wp-block-column-is-layout-flow\">\n<h2 class=\"wp-block-heading\">Cubiteras personalizadas Caracter\u00edsticas:<\/h2>\n\n\n\n<ul class=\"wp-block-list\">\n<li><strong>F\u00e1cil liberaci\u00f3n con una sola pulsaci\u00f3n: <\/strong>Presione la tapa de pl\u00e1stico y liberar\u00e1 f\u00e1cilmente los cubitos para formar hielo en cuesti\u00f3n de segundos. Es la mejor para hacer hielo de forma eficiente en casa, bares y restaurantes.<\/li>\n\n\n\n<li><strong>Mini estructura de 6 rejillas: <\/strong>El dise\u00f1o ecol\u00f3gico de 6 compartimentos garantiza que la formaci\u00f3n del cubito sea m\u00e1s r\u00e1pida, lo que la hace especialmente adecuada para c\u00f3cteles, zumos, whisky y otras bebidas mezcladas.<\/li>\n\n\n\n<li><strong>Silicona alimentaria Material: <\/strong>Las cubiteras personalizadas est\u00e1n fabricadas con silicona alimentaria de alta calidad, de gran flexibilidad y durabilidad y sin olor, para garantizar un contacto seguro y directo con los alimentos.<\/li>\n\n\n\n<li><strong>Producci\u00f3n profesional de moldes de silicona para hielo: <\/strong>Este producto es producido por un fabricante profesional de moldes de silicona para hielo, por lo que la calidad es constante y adecuada para la compra al por mayor y el suministro a largo plazo.<\/li>\n\n\n\n<li><strong>Tapa de pl\u00e1stico apilable: <\/strong>A prueba de polvo y olores, permite apilarlos ordenadamente para aprovechar al m\u00e1ximo el espacio del frigor\u00edfico.<\/li>\n\n\n\n<li><strong>Superficie lisa, f\u00e1cil de limpiar: <\/strong>Fabricado con tapa de PP, compartimento central de PP + TPE y fondo estable de PS. La superficie lisa es antiadherente, por lo que es f\u00e1cil de limpiar con las manos o en el lavavajillas.<\/li>\n\n\n\n<li><strong>Disponible en 4 colores de verano:<\/strong> Cuatro colores veraniegos de edici\u00f3n limitada, rosa, azul, blanco y verde, a\u00f1aden inter\u00e9s visual a su cocina y bar.<\/li>\n\n\n\n<li><strong>Opciones de cubiteras personalizadas<\/strong>: Admite la personalizaci\u00f3n de logotipos, colores y envases, entre otros, y es ideal para clientes mayoristas que buscan proveedores de cubiteras personalizadas.<\/li>\n<\/ul>\n<\/div>\n\n\n\n<div class=\"wp-block-column is-layout-flow wp-block-column-is-layout-flow\">\n<figure class=\"wp-block-image size-full\"><img decoding=\"async\" width=\"800\" height=\"800\" src=\"https:\/\/www.xhplasticlife.com\/wp-content\/uploads\/2025\/11\/Custom-Ice-Cube-Trays-Wholesale-Manufacturer-4.webp\" alt=\"Fabricante al por mayor de cubiteras personalizadas (4)\" class=\"wp-image-1715\" srcset=\"https:\/\/www.xhplasticlife.com\/wp-content\/uploads\/2025\/11\/Custom-Ice-Cube-Trays-Wholesale-Manufacturer-4.webp 800w, https:\/\/www.xhplasticlife.com\/wp-content\/uploads\/2025\/11\/Custom-Ice-Cube-Trays-Wholesale-Manufacturer-4-300x300.webp 300w, https:\/\/www.xhplasticlife.com\/wp-content\/uploads\/2025\/11\/Custom-Ice-Cube-Trays-Wholesale-Manufacturer-4-150x150.webp 150w, https:\/\/www.xhplasticlife.com\/wp-content\/uploads\/2025\/11\/Custom-Ice-Cube-Trays-Wholesale-Manufacturer-4-768x768.webp 768w, https:\/\/www.xhplasticlife.com\/wp-content\/uploads\/2025\/11\/Custom-Ice-Cube-Trays-Wholesale-Manufacturer-4-12x12.webp 12w, https:\/\/www.xhplasticlife.com\/wp-content\/uploads\/2025\/11\/Custom-Ice-Cube-Trays-Wholesale-Manufacturer-4-600x600.webp 600w, https:\/\/www.xhplasticlife.com\/wp-content\/uploads\/2025\/11\/Custom-Ice-Cube-Trays-Wholesale-Manufacturer-4-100x100.webp 100w\" sizes=\"(max-width: 800px) 100vw, 800px\" \/><\/figure>\n<\/div>\n<\/div>\n\n\n\n<div class=\"wp-block-columns is-layout-flex wp-container-core-columns-is-layout-9d6595d7 wp-block-columns-is-layout-flex\">\n<div class=\"wp-block-column is-layout-flow wp-block-column-is-layout-flow\">\n<figure class=\"wp-block-image size-full\"><img decoding=\"async\" width=\"650\" height=\"650\" src=\"https:\/\/www.xhplasticlife.com\/wp-content\/uploads\/2025\/11\/White-Mini-6-Grid-Silicone-Ice-Cube-Trays-Manufacturer-2.webp\" alt=\"Blanco - Mini 6-Grid Silicona Cubiteras Fabricante (2)\" class=\"wp-image-1722\" srcset=\"https:\/\/www.xhplasticlife.com\/wp-content\/uploads\/2025\/11\/White-Mini-6-Grid-Silicone-Ice-Cube-Trays-Manufacturer-2.webp 650w, https:\/\/www.xhplasticlife.com\/wp-content\/uploads\/2025\/11\/White-Mini-6-Grid-Silicone-Ice-Cube-Trays-Manufacturer-2-300x300.webp 300w, https:\/\/www.xhplasticlife.com\/wp-content\/uploads\/2025\/11\/White-Mini-6-Grid-Silicone-Ice-Cube-Trays-Manufacturer-2-150x150.webp 150w, https:\/\/www.xhplasticlife.com\/wp-content\/uploads\/2025\/11\/White-Mini-6-Grid-Silicone-Ice-Cube-Trays-Manufacturer-2-12x12.webp 12w, https:\/\/www.xhplasticlife.com\/wp-content\/uploads\/2025\/11\/White-Mini-6-Grid-Silicone-Ice-Cube-Trays-Manufacturer-2-600x600.webp 600w, https:\/\/www.xhplasticlife.com\/wp-content\/uploads\/2025\/11\/White-Mini-6-Grid-Silicone-Ice-Cube-Trays-Manufacturer-2-100x100.webp 100w\" sizes=\"(max-width: 650px) 100vw, 650px\" \/><\/figure>\n<\/div>\n\n\n\n<div class=\"wp-block-column is-layout-flow wp-block-column-is-layout-flow\">\n<figure class=\"wp-block-image size-full\"><img decoding=\"async\" width=\"650\" height=\"650\" src=\"https:\/\/www.xhplasticlife.com\/wp-content\/uploads\/2025\/11\/Pink-Mini-6-Grid-Silicone-Ice-Cube-Trays-Manufacturer-3.webp\" alt=\"Rosa - Mini 6-Grid Silicona Cubiteras Fabricante (3)\" class=\"wp-image-1721\" srcset=\"https:\/\/www.xhplasticlife.com\/wp-content\/uploads\/2025\/11\/Pink-Mini-6-Grid-Silicone-Ice-Cube-Trays-Manufacturer-3.webp 650w, https:\/\/www.xhplasticlife.com\/wp-content\/uploads\/2025\/11\/Pink-Mini-6-Grid-Silicone-Ice-Cube-Trays-Manufacturer-3-300x300.webp 300w, https:\/\/www.xhplasticlife.com\/wp-content\/uploads\/2025\/11\/Pink-Mini-6-Grid-Silicone-Ice-Cube-Trays-Manufacturer-3-150x150.webp 150w, https:\/\/www.xhplasticlife.com\/wp-content\/uploads\/2025\/11\/Pink-Mini-6-Grid-Silicone-Ice-Cube-Trays-Manufacturer-3-12x12.webp 12w, https:\/\/www.xhplasticlife.com\/wp-content\/uploads\/2025\/11\/Pink-Mini-6-Grid-Silicone-Ice-Cube-Trays-Manufacturer-3-600x600.webp 600w, https:\/\/www.xhplasticlife.com\/wp-content\/uploads\/2025\/11\/Pink-Mini-6-Grid-Silicone-Ice-Cube-Trays-Manufacturer-3-100x100.webp 100w\" sizes=\"(max-width: 650px) 100vw, 650px\" \/><\/figure>\n<\/div>\n\n\n\n<div class=\"wp-block-column is-layout-flow wp-block-column-is-layout-flow\">\n<figure class=\"wp-block-image size-full\"><img decoding=\"async\" width=\"650\" height=\"650\" src=\"https:\/\/www.xhplasticlife.com\/wp-content\/uploads\/2025\/11\/Green-Mini-6-Grid-Silicone-Ice-Cube-Trays-Manufacturer-1.webp\" alt=\"Verde - Mini 6-Grid Silicona Cubiteras Fabricante (1)\" class=\"wp-image-1717\" srcset=\"https:\/\/www.xhplasticlife.com\/wp-content\/uploads\/2025\/11\/Green-Mini-6-Grid-Silicone-Ice-Cube-Trays-Manufacturer-1.webp 650w, https:\/\/www.xhplasticlife.com\/wp-content\/uploads\/2025\/11\/Green-Mini-6-Grid-Silicone-Ice-Cube-Trays-Manufacturer-1-300x300.webp 300w, https:\/\/www.xhplasticlife.com\/wp-content\/uploads\/2025\/11\/Green-Mini-6-Grid-Silicone-Ice-Cube-Trays-Manufacturer-1-150x150.webp 150w, https:\/\/www.xhplasticlife.com\/wp-content\/uploads\/2025\/11\/Green-Mini-6-Grid-Silicone-Ice-Cube-Trays-Manufacturer-1-12x12.webp 12w, https:\/\/www.xhplasticlife.com\/wp-content\/uploads\/2025\/11\/Green-Mini-6-Grid-Silicone-Ice-Cube-Trays-Manufacturer-1-600x600.webp 600w, https:\/\/www.xhplasticlife.com\/wp-content\/uploads\/2025\/11\/Green-Mini-6-Grid-Silicone-Ice-Cube-Trays-Manufacturer-1-100x100.webp 100w\" sizes=\"(max-width: 650px) 100vw, 650px\" \/><\/figure>\n<\/div>\n\n\n\n<div class=\"wp-block-column is-layout-flow wp-block-column-is-layout-flow\">\n<figure class=\"wp-block-image size-full\"><img decoding=\"async\" width=\"650\" height=\"650\" src=\"https:\/\/www.xhplasticlife.com\/wp-content\/uploads\/2025\/11\/Bule-Mini-6-Grid-Silicone-Ice-Cube-Trays-Manufacturer-4.webp\" alt=\"Bule - Mini 6-Grid Silicona Cubiteras Fabricante (4)\" class=\"wp-image-1711\" srcset=\"https:\/\/www.xhplasticlife.com\/wp-content\/uploads\/2025\/11\/Bule-Mini-6-Grid-Silicone-Ice-Cube-Trays-Manufacturer-4.webp 650w, https:\/\/www.xhplasticlife.com\/wp-content\/uploads\/2025\/11\/Bule-Mini-6-Grid-Silicone-Ice-Cube-Trays-Manufacturer-4-300x300.webp 300w, https:\/\/www.xhplasticlife.com\/wp-content\/uploads\/2025\/11\/Bule-Mini-6-Grid-Silicone-Ice-Cube-Trays-Manufacturer-4-150x150.webp 150w, https:\/\/www.xhplasticlife.com\/wp-content\/uploads\/2025\/11\/Bule-Mini-6-Grid-Silicone-Ice-Cube-Trays-Manufacturer-4-12x12.webp 12w, https:\/\/www.xhplasticlife.com\/wp-content\/uploads\/2025\/11\/Bule-Mini-6-Grid-Silicone-Ice-Cube-Trays-Manufacturer-4-600x600.webp 600w, https:\/\/www.xhplasticlife.com\/wp-content\/uploads\/2025\/11\/Bule-Mini-6-Grid-Silicone-Ice-Cube-Trays-Manufacturer-4-100x100.webp 100w\" sizes=\"(max-width: 650px) 100vw, 650px\" \/><\/figure>\n<\/div>\n<\/div>\n\n\n\n<figure class=\"wp-block-image size-full\"><img decoding=\"async\" width=\"790\" height=\"659\" src=\"https:\/\/www.xhplasticlife.com\/wp-content\/uploads\/2025\/11\/Mini-Silicone-Ice-Cube-Trays-Molds-Usage-Instructions.webp\" alt=\"Mini Cubiteras de Silicona Instrucciones de uso\" class=\"wp-image-1720\" srcset=\"https:\/\/www.xhplasticlife.com\/wp-content\/uploads\/2025\/11\/Mini-Silicone-Ice-Cube-Trays-Molds-Usage-Instructions.webp 790w, https:\/\/www.xhplasticlife.com\/wp-content\/uploads\/2025\/11\/Mini-Silicone-Ice-Cube-Trays-Molds-Usage-Instructions-300x250.webp 300w, https:\/\/www.xhplasticlife.com\/wp-content\/uploads\/2025\/11\/Mini-Silicone-Ice-Cube-Trays-Molds-Usage-Instructions-768x641.webp 768w, https:\/\/www.xhplasticlife.com\/wp-content\/uploads\/2025\/11\/Mini-Silicone-Ice-Cube-Trays-Molds-Usage-Instructions-14x12.webp 14w, https:\/\/www.xhplasticlife.com\/wp-content\/uploads\/2025\/11\/Mini-Silicone-Ice-Cube-Trays-Molds-Usage-Instructions-600x501.webp 600w\" sizes=\"(max-width: 790px) 100vw, 790px\" \/><\/figure>","protected":false},"excerpt":{"rendered":"<p>Bienvenido a comprar nuestras bandejas de cubitos de hielo personalizadas, dise\u00f1adas con caracter\u00edsticas de liberaci\u00f3n r\u00e1pida, f\u00e1cil limpieza y almacenamiento apilable. Hecho por un fabricante de moldes de hielo de silicona de confianza, es compatible con OEM \/ ODM y personalizaci\u00f3n al por mayor para los compradores globales.<\/p>\n<h2>Par\u00e1metros de cubiteras personalizadas<\/h2>\n<ul>\n<li><strong>Modelo<\/strong>: BH4439B<\/li>\n<li><strong>Marca<\/strong>: Xinghui<\/li>\n<li><strong data-start=\"86\" data-end=\"99\">Material:<\/strong> Tapa de PP + rejilla interior de PP y TPE + fondo de PS<\/li>\n<li><strong>Color<\/strong>azul, rosa, verde, blanco<\/li>\n<li><strong>Tama\u00f1o del producto:<\/strong>10*6,8*3,5 cm<\/li>\n<li><strong>Peso bruto:\u00a0<\/strong>13.2KG<\/li>\n<li><strong>Tama\u00f1o de la caja<\/strong>: 52*28*33cm<\/li>\n<li><strong>Embalaje<\/strong>: Embalaje OPP<\/li>\n<li><strong>N\u00famero de embalaje: <\/strong>180 unidades\/ctn<\/li>\n<li><strong>OEM\/ODM<\/strong>: Disponible<\/li>\n<li><strong>Opci\u00f3n personalizada<\/strong>: Color\/Tama\u00f1o\/Logotipo\/Embalaje<\/li>\n<\/ul>\n<h2>De Daily Plasticware Fabricante :<\/h2>\n<p>Fundada en 2000,\u00a0<a href=\"https:\/\/www.xhplasticlife.com\/es\/\"><strong>Xinghui<\/strong><\/a>\u00a0se especializa en la producci\u00f3n y venta al por mayor de fiambreras, recipientes para almacenar alimentos, art\u00edculos para bebidas, recipientes para almacenamiento dom\u00e9stico y otros productos de pl\u00e1stico de uso diario. Ofrecemos servicios integrales de OEM, ODM y comercio electr\u00f3nico a nuestros clientes.<\/p>","protected":false},"featured_media":1714,"comment_status":"closed","ping_status":"closed","template":"","meta":{"_acf_changed":false},"product_brand":[],"product_cat":[19],"product_tag":[],"class_list":{"0":"post-1710","1":"product","2":"type-product","3":"status-publish","4":"has-post-thumbnail","6":"product_cat-kitchen-storage-containers-wholesale","8":"first","9":"instock","10":"shipping-taxable","11":"product-type-simple"},"acf":[],"_links":{"self":[{"href":"https:\/\/www.xhplasticlife.com\/es\/wp-json\/wp\/v2\/product\/1710","targetHints":{"allow":["GET"]}}],"collection":[{"href":"https:\/\/www.xhplasticlife.com\/es\/wp-json\/wp\/v2\/product"}],"about":[{"href":"https:\/\/www.xhplasticlife.com\/es\/wp-json\/wp\/v2\/types\/product"}],"replies":[{"embeddable":true,"href":"https:\/\/www.xhplasticlife.com\/es\/wp-json\/wp\/v2\/comments?post=1710"}],"wp:featuredmedia":[{"embeddable":true,"href":"https:\/\/www.xhplasticlife.com\/es\/wp-json\/wp\/v2\/media\/1714"}],"wp:attachment":[{"href":"https:\/\/www.xhplasticlife.com\/es\/wp-json\/wp\/v2\/media?parent=1710"}],"wp:term":[{"taxonomy":"product_brand","embeddable":true,"href":"https:\/\/www.xhplasticlife.com\/es\/wp-json\/wp\/v2\/product_brand?post=1710"},{"taxonomy":"product_cat","embeddable":true,"href":"https:\/\/www.xhplasticlife.com\/es\/wp-json\/wp\/v2\/product_cat?post=1710"},{"taxonomy":"product_tag","embeddable":true,"href":"https:\/\/www.xhplasticlife.com\/es\/wp-json\/wp\/v2\/product_tag?post=1710"}],"curies":[{"name":"wp","href":"https:\/\/api.w.org\/{rel}","templated":true}]}}