{"id":1693,"date":"2025-11-13T02:23:41","date_gmt":"2025-11-13T02:23:41","guid":{"rendered":"https:\/\/www.xhplasticlife.com\/?post_type=product&#038;p=1693"},"modified":"2025-11-13T04:01:23","modified_gmt":"2025-11-13T04:01:23","slug":"double-layer-soap-holder-wholesale","status":"publish","type":"product","link":"https:\/\/www.xhplasticlife.com\/es\/producto\/double-layer-soap-holder-wholesale\/","title":{"rendered":"Jabonera de Doble Capa al por Mayor, Jabonera de Plastico Personalizada para Ba\u00f1o"},"content":{"rendered":"<div class=\"wp-block-columns is-layout-flex wp-container-core-columns-is-layout-9d6595d7 wp-block-columns-is-layout-flex\">\n<div class=\"wp-block-column is-layout-flow wp-block-column-is-layout-flow\">\n<h2 class=\"wp-block-heading\">Jabonera de doble capa al por mayor Caracter\u00edsticas:<\/h2>\n\n\n\n<ul class=\"wp-block-list\">\n<li><strong>Dise\u00f1o montado en la pared: <\/strong>Un proveedor profesional al por mayor de jaboneras de doble capa permite instalarlas f\u00e1cilmente en la pared con adhesivos sin rastro; no es necesario taladrar.<\/li>\n\n\n\n<li><strong>Almacenamiento de doble capa:<\/strong> El dise\u00f1o de dos niveles ahorra espacio y permite guardar c\u00f3modamente jab\u00f3n, esponjas u objetos peque\u00f1os.<\/li>\n\n\n\n<li><strong>Instalaci\u00f3n flexible:<\/strong> Puede instalarse horizontal o verticalmente para adaptarse a distintas distribuciones de cuartos de ba\u00f1o.<\/li>\n\n\n\n<li><strong>Drenaje r\u00e1pido:<\/strong> Estructura de bandeja hueca para un drenaje r\u00e1pido que mantiene secos el jab\u00f3n y su soporte.<\/li>\n\n\n\n<li><strong>Gran capacidad de carga: <\/strong>El material duradero soporta hasta 5 kg para una larga vida \u00fatil.<\/li>\n\n\n\n<li><strong>Soluciones a medida<\/strong>: Proporcionamos jabonera de pl\u00e1stico a granel personalizado para pedidos de ba\u00f1o con servicio OEM \/ ODM y precios directos de f\u00e1brica.<\/li>\n\n\n\n<li><strong>Material ecol\u00f3gico:<\/strong> Fabricado en pl\u00e1stico PP de alta calidad sin BPA, seguro y f\u00e1cil de limpiar.<\/li>\n<\/ul>\n<\/div>\n\n\n\n<div class=\"wp-block-column is-layout-flow wp-block-column-is-layout-flow\">\n<figure class=\"wp-block-image size-full\"><img decoding=\"async\" width=\"800\" height=\"800\" src=\"https:\/\/www.xhplasticlife.com\/wp-content\/uploads\/2025\/11\/Double-layer-Soap-Holder-Wholesale-Supplier-4.webp\" alt=\"Jabonera de doble capa Proveedor al por mayor (4)\" class=\"wp-image-1699\" srcset=\"https:\/\/www.xhplasticlife.com\/wp-content\/uploads\/2025\/11\/Double-layer-Soap-Holder-Wholesale-Supplier-4.webp 800w, https:\/\/www.xhplasticlife.com\/wp-content\/uploads\/2025\/11\/Double-layer-Soap-Holder-Wholesale-Supplier-4-300x300.webp 300w, https:\/\/www.xhplasticlife.com\/wp-content\/uploads\/2025\/11\/Double-layer-Soap-Holder-Wholesale-Supplier-4-150x150.webp 150w, https:\/\/www.xhplasticlife.com\/wp-content\/uploads\/2025\/11\/Double-layer-Soap-Holder-Wholesale-Supplier-4-768x768.webp 768w, https:\/\/www.xhplasticlife.com\/wp-content\/uploads\/2025\/11\/Double-layer-Soap-Holder-Wholesale-Supplier-4-12x12.webp 12w, https:\/\/www.xhplasticlife.com\/wp-content\/uploads\/2025\/11\/Double-layer-Soap-Holder-Wholesale-Supplier-4-600x600.webp 600w, https:\/\/www.xhplasticlife.com\/wp-content\/uploads\/2025\/11\/Double-layer-Soap-Holder-Wholesale-Supplier-4-100x100.webp 100w\" sizes=\"(max-width: 800px) 100vw, 800px\" \/><\/figure>\n<\/div>\n<\/div>\n\n\n\n<div class=\"wp-block-columns is-layout-flex wp-container-core-columns-is-layout-9d6595d7 wp-block-columns-is-layout-flex\">\n<div class=\"wp-block-column is-layout-flow wp-block-column-is-layout-flow\">\n<figure class=\"wp-block-image size-full\"><img decoding=\"async\" width=\"750\" height=\"938\" src=\"https:\/\/www.xhplasticlife.com\/wp-content\/uploads\/2025\/11\/Custom-Plastic-Soap-Dish-for-Bathroom_1.webp\" alt=\"Jabonera de pl\u00e1stico personalizada para ba\u00f1o_1\" class=\"wp-image-1696\" srcset=\"https:\/\/www.xhplasticlife.com\/wp-content\/uploads\/2025\/11\/Custom-Plastic-Soap-Dish-for-Bathroom_1.webp 750w, https:\/\/www.xhplasticlife.com\/wp-content\/uploads\/2025\/11\/Custom-Plastic-Soap-Dish-for-Bathroom_1-240x300.webp 240w, https:\/\/www.xhplasticlife.com\/wp-content\/uploads\/2025\/11\/Custom-Plastic-Soap-Dish-for-Bathroom_1-10x12.webp 10w, https:\/\/www.xhplasticlife.com\/wp-content\/uploads\/2025\/11\/Custom-Plastic-Soap-Dish-for-Bathroom_1-600x750.webp 600w\" sizes=\"(max-width: 750px) 100vw, 750px\" \/><\/figure>\n<\/div>\n\n\n\n<div class=\"wp-block-column is-layout-flow wp-block-column-is-layout-flow\">\n<figure class=\"wp-block-image size-full\"><img decoding=\"async\" width=\"750\" height=\"943\" src=\"https:\/\/www.xhplasticlife.com\/wp-content\/uploads\/2025\/11\/Custom-Plastic-Soap-Dish-for-Bathroom.webp\" alt=\"Jabonera de pl\u00e1stico personalizada para ba\u00f1o\" class=\"wp-image-1695\" srcset=\"https:\/\/www.xhplasticlife.com\/wp-content\/uploads\/2025\/11\/Custom-Plastic-Soap-Dish-for-Bathroom.webp 750w, https:\/\/www.xhplasticlife.com\/wp-content\/uploads\/2025\/11\/Custom-Plastic-Soap-Dish-for-Bathroom-239x300.webp 239w, https:\/\/www.xhplasticlife.com\/wp-content\/uploads\/2025\/11\/Custom-Plastic-Soap-Dish-for-Bathroom-10x12.webp 10w, https:\/\/www.xhplasticlife.com\/wp-content\/uploads\/2025\/11\/Custom-Plastic-Soap-Dish-for-Bathroom-600x754.webp 600w\" sizes=\"(max-width: 750px) 100vw, 750px\" \/><\/figure>\n<\/div>\n<\/div>\n\n\n<div class=\"wp-block-image\">\n<figure class=\"aligncenter size-full is-resized\"><img decoding=\"async\" width=\"750\" height=\"462\" src=\"https:\/\/www.xhplasticlife.com\/wp-content\/uploads\/2025\/11\/Custom-Plastic-Soap-Dish-for-Bathroom-sizes.webp\" alt=\"Jabonera de pl\u00e1stico personalizada para ba\u00f1o - tallas\" class=\"wp-image-1694\" style=\"width:750px;height:auto\" srcset=\"https:\/\/www.xhplasticlife.com\/wp-content\/uploads\/2025\/11\/Custom-Plastic-Soap-Dish-for-Bathroom-sizes.webp 750w, https:\/\/www.xhplasticlife.com\/wp-content\/uploads\/2025\/11\/Custom-Plastic-Soap-Dish-for-Bathroom-sizes-300x185.webp 300w, https:\/\/www.xhplasticlife.com\/wp-content\/uploads\/2025\/11\/Custom-Plastic-Soap-Dish-for-Bathroom-sizes-18x12.webp 18w, https:\/\/www.xhplasticlife.com\/wp-content\/uploads\/2025\/11\/Custom-Plastic-Soap-Dish-for-Bathroom-sizes-600x370.webp 600w\" sizes=\"(max-width: 750px) 100vw, 750px\" \/><\/figure>\n<\/div>\n\n\n<div class=\"wp-block-columns is-layout-flex wp-container-core-columns-is-layout-9d6595d7 wp-block-columns-is-layout-flex\">\n<div class=\"wp-block-column is-layout-flow wp-block-column-is-layout-flow\"><div class=\"wp-block-image\">\n<figure class=\"aligncenter size-full\"><img decoding=\"async\" width=\"800\" height=\"800\" src=\"https:\/\/www.xhplasticlife.com\/wp-content\/uploads\/2025\/11\/white-Double-layer-Soap-Holder-Wholesale.webp\" alt=\"blanco - Jabonera doble capa Wholesale\" class=\"wp-image-1705\" srcset=\"https:\/\/www.xhplasticlife.com\/wp-content\/uploads\/2025\/11\/white-Double-layer-Soap-Holder-Wholesale.webp 800w, https:\/\/www.xhplasticlife.com\/wp-content\/uploads\/2025\/11\/white-Double-layer-Soap-Holder-Wholesale-300x300.webp 300w, https:\/\/www.xhplasticlife.com\/wp-content\/uploads\/2025\/11\/white-Double-layer-Soap-Holder-Wholesale-150x150.webp 150w, https:\/\/www.xhplasticlife.com\/wp-content\/uploads\/2025\/11\/white-Double-layer-Soap-Holder-Wholesale-768x768.webp 768w, https:\/\/www.xhplasticlife.com\/wp-content\/uploads\/2025\/11\/white-Double-layer-Soap-Holder-Wholesale-12x12.webp 12w, https:\/\/www.xhplasticlife.com\/wp-content\/uploads\/2025\/11\/white-Double-layer-Soap-Holder-Wholesale-600x600.webp 600w, https:\/\/www.xhplasticlife.com\/wp-content\/uploads\/2025\/11\/white-Double-layer-Soap-Holder-Wholesale-100x100.webp 100w\" sizes=\"(max-width: 800px) 100vw, 800px\" \/><figcaption class=\"wp-element-caption\">Jabonera Doble Capa Blanca<\/figcaption><\/figure>\n<\/div><\/div>\n\n\n\n<div class=\"wp-block-column is-layout-flow wp-block-column-is-layout-flow\"><div class=\"wp-block-image\">\n<figure class=\"aligncenter size-full\"><img decoding=\"async\" width=\"800\" height=\"800\" src=\"https:\/\/www.xhplasticlife.com\/wp-content\/uploads\/2025\/11\/khaki-Double-layer-Soap-Holder-Wholesale.webp\" alt=\"caqui - Jabonera doble capa Wholesale\" class=\"wp-image-1704\" srcset=\"https:\/\/www.xhplasticlife.com\/wp-content\/uploads\/2025\/11\/khaki-Double-layer-Soap-Holder-Wholesale.webp 800w, https:\/\/www.xhplasticlife.com\/wp-content\/uploads\/2025\/11\/khaki-Double-layer-Soap-Holder-Wholesale-300x300.webp 300w, https:\/\/www.xhplasticlife.com\/wp-content\/uploads\/2025\/11\/khaki-Double-layer-Soap-Holder-Wholesale-150x150.webp 150w, https:\/\/www.xhplasticlife.com\/wp-content\/uploads\/2025\/11\/khaki-Double-layer-Soap-Holder-Wholesale-768x768.webp 768w, https:\/\/www.xhplasticlife.com\/wp-content\/uploads\/2025\/11\/khaki-Double-layer-Soap-Holder-Wholesale-12x12.webp 12w, https:\/\/www.xhplasticlife.com\/wp-content\/uploads\/2025\/11\/khaki-Double-layer-Soap-Holder-Wholesale-600x600.webp 600w, https:\/\/www.xhplasticlife.com\/wp-content\/uploads\/2025\/11\/khaki-Double-layer-Soap-Holder-Wholesale-100x100.webp 100w\" sizes=\"(max-width: 800px) 100vw, 800px\" \/><figcaption class=\"wp-element-caption\">Jabonera Doble Capa Caqui<\/figcaption><\/figure>\n<\/div><\/div>\n\n\n\n<div class=\"wp-block-column is-layout-flow wp-block-column-is-layout-flow\"><div class=\"wp-block-image\">\n<figure class=\"aligncenter size-full\"><img decoding=\"async\" width=\"800\" height=\"800\" src=\"https:\/\/www.xhplasticlife.com\/wp-content\/uploads\/2025\/11\/gray-Double-layer-Soap-Holder-Wholesale.webp\" alt=\"gris - Jabonera doble capa Wholesale\" class=\"wp-image-1703\" srcset=\"https:\/\/www.xhplasticlife.com\/wp-content\/uploads\/2025\/11\/gray-Double-layer-Soap-Holder-Wholesale.webp 800w, https:\/\/www.xhplasticlife.com\/wp-content\/uploads\/2025\/11\/gray-Double-layer-Soap-Holder-Wholesale-300x300.webp 300w, https:\/\/www.xhplasticlife.com\/wp-content\/uploads\/2025\/11\/gray-Double-layer-Soap-Holder-Wholesale-150x150.webp 150w, https:\/\/www.xhplasticlife.com\/wp-content\/uploads\/2025\/11\/gray-Double-layer-Soap-Holder-Wholesale-768x768.webp 768w, https:\/\/www.xhplasticlife.com\/wp-content\/uploads\/2025\/11\/gray-Double-layer-Soap-Holder-Wholesale-12x12.webp 12w, https:\/\/www.xhplasticlife.com\/wp-content\/uploads\/2025\/11\/gray-Double-layer-Soap-Holder-Wholesale-600x600.webp 600w, https:\/\/www.xhplasticlife.com\/wp-content\/uploads\/2025\/11\/gray-Double-layer-Soap-Holder-Wholesale-100x100.webp 100w\" sizes=\"(max-width: 800px) 100vw, 800px\" \/><figcaption class=\"wp-element-caption\">Jabonera Doble Capa Gris<\/figcaption><\/figure>\n<\/div><\/div>\n<\/div>","protected":false},"excerpt":{"rendered":"<div class=\"flex max-w-full flex-col grow\">\n<div class=\"min-h-8 text-message relative flex w-full flex-col items-end gap-2 text-start break-words whitespace-normal [.text-message+&amp;]:mt-1\" dir=\"auto\" data-message-author-role=\"assistant\" data-message-id=\"ff9c6eb7-3d1c-49f0-9b3c-ba6532e7f15a\" data-message-model-slug=\"gpt-5\">\n<div class=\"flex w-full flex-col gap-1 empty:hidden first:pt-[1px]\">\n<div class=\"markdown prose dark:prose-invert w-full break-words light markdown-new-styling\">\n<p data-start=\"1153\" data-end=\"1423\" data-is-last-node=\"\" data-is-only-node=\"\">Bienvenido a comprar nuestro jabonera de doble capa al por mayor, con un montaje en la pared sin punz\u00f3n, dise\u00f1o de doble capa, y la capacidad de carga fuerte. Esta jabonera de pl\u00e1stico personalizada a granel para ba\u00f1o mantiene el jab\u00f3n seco, ahorra espacio y ofrece comodidad duradera y moderna a precios de f\u00e1brica.<\/p>\n<\/div>\n<\/div>\n<\/div>\n<\/div>\n<h2>Jabonera de doble capa Par\u00e1metro:<\/h2>\n<ul>\n<li><strong>Marca<\/strong>: <a href=\"https:\/\/www.xhplasticlife.com\/es\/\"><strong>Xinghui<\/strong><\/a><\/li>\n<li><strong>Modelo<\/strong>: 8843<\/li>\n<li><strong>Material<\/strong>: HIPS<\/li>\n<li><strong>Color<\/strong>: blanco, gris, caqui<\/li>\n<li><strong>Peso:<\/strong> 216.5G<\/li>\n<li><strong>Peso bruto:\u00a0<\/strong>18,8 kg<\/li>\n<li><strong>Tama\u00f1o de la caja<\/strong>: 71x38x49cm<\/li>\n<li><strong>N\u00famero de embalaje:<\/strong>80 unidades\/ctn<\/li>\n<li><strong>OEM\/ODM<\/strong>: Disponible<\/li>\n<li><strong>Opci\u00f3n personalizada<\/strong>: Color\/Tama\u00f1o\/Logotipo\/Embalaje<\/li>\n<\/ul>\n<h2>En <a href=\"https:\/\/www.xhplasticlife.com\/es\/categoria-producto\/home-storage-containers-wholesaler\/\">Contenedores de almacenamiento dom\u00e9stico Fabricantes<\/a> :<\/h2>\n<p>Fundada en 2000,\u00a0<a href=\"https:\/\/www.xhplasticlife.com\/es\/\"><strong>Xinghui<\/strong><\/a>\u00a0se especializa en la producci\u00f3n y venta al por mayor de fiambreras, recipientes para almacenar alimentos, bebidas, recipientes de almacenamiento dom\u00e9stico y otros productos de pl\u00e1stico de uso diario. Proporcionamos <strong><em><a href=\"https:\/\/www.xhplasticlife.com\/es\/custom-food-storage-containers\/\">OEM Y ODM<\/a><\/em><\/strong> y <strong><em><a href=\"https:\/\/www.xhplasticlife.com\/es\/e-commerce-service\/\">servicios de adquisici\u00f3n de comercio electr\u00f3nico<\/a><\/em><\/strong> para los clientes.<\/p>","protected":false},"featured_media":1697,"comment_status":"closed","ping_status":"closed","template":"","meta":{"_acf_changed":false},"product_brand":[],"product_cat":[21],"product_tag":[],"class_list":{"0":"post-1693","1":"product","2":"type-product","3":"status-publish","4":"has-post-thumbnail","6":"product_cat-home-storage-containers-wholesaler","8":"first","9":"instock","10":"shipping-taxable","11":"product-type-simple"},"acf":[],"_links":{"self":[{"href":"https:\/\/www.xhplasticlife.com\/es\/wp-json\/wp\/v2\/product\/1693","targetHints":{"allow":["GET"]}}],"collection":[{"href":"https:\/\/www.xhplasticlife.com\/es\/wp-json\/wp\/v2\/product"}],"about":[{"href":"https:\/\/www.xhplasticlife.com\/es\/wp-json\/wp\/v2\/types\/product"}],"replies":[{"embeddable":true,"href":"https:\/\/www.xhplasticlife.com\/es\/wp-json\/wp\/v2\/comments?post=1693"}],"wp:featuredmedia":[{"embeddable":true,"href":"https:\/\/www.xhplasticlife.com\/es\/wp-json\/wp\/v2\/media\/1697"}],"wp:attachment":[{"href":"https:\/\/www.xhplasticlife.com\/es\/wp-json\/wp\/v2\/media?parent=1693"}],"wp:term":[{"taxonomy":"product_brand","embeddable":true,"href":"https:\/\/www.xhplasticlife.com\/es\/wp-json\/wp\/v2\/product_brand?post=1693"},{"taxonomy":"product_cat","embeddable":true,"href":"https:\/\/www.xhplasticlife.com\/es\/wp-json\/wp\/v2\/product_cat?post=1693"},{"taxonomy":"product_tag","embeddable":true,"href":"https:\/\/www.xhplasticlife.com\/es\/wp-json\/wp\/v2\/product_tag?post=1693"}],"curies":[{"name":"wp","href":"https:\/\/api.w.org\/{rel}","templated":true}]}}