{"id":1683,"date":"2025-11-13T00:54:21","date_gmt":"2025-11-13T00:54:21","guid":{"rendered":"https:\/\/www.xhplasticlife.com\/?post_type=product&#038;p=1683"},"modified":"2025-11-13T02:15:03","modified_gmt":"2025-11-13T02:15:03","slug":"punch-free-soap-dish-manufacturer","status":"publish","type":"product","link":"https:\/\/www.xhplasticlife.com\/es\/producto\/punch-free-soap-dish-manufacturer\/","title":{"rendered":"Fabricante de jaboneras sin punz\u00f3n, jaboneras de pl\u00e1stico a granel con desag\u00fce"},"content":{"rendered":"<div class=\"wp-block-columns is-layout-flex wp-container-core-columns-is-layout-9d6595d7 wp-block-columns-is-layout-flex\">\n<div class=\"wp-block-column is-layout-flow wp-block-column-is-layout-flow\">\n<h2 class=\"wp-block-heading\">Mayorista Jabonera Sin Punz\u00f3n Caracter\u00edsticas:<\/h2>\n\n\n\n<ul class=\"wp-block-list\">\n<li><strong>F\u00e1cil instalaci\u00f3n<\/strong> - Como fabricante profesional de jaboneras sin punz\u00f3n, ofrecemos jaboneras de pared que se instalan f\u00e1cilmente con adhesivo sin rastro, sin necesidad de taladrar.<\/li>\n\n\n\n<li><strong>Dise\u00f1o de drenaje r\u00e1pido<\/strong> - La bandeja hueca garantiza un drenaje r\u00e1pido, manteniendo el jab\u00f3n seco y prolongando su vida \u00fatil.<\/li>\n\n\n\n<li><strong>Bandeja de agua tipo caj\u00f3n<\/strong> - La bandeja de agua deslizante desmontable evita la acumulaci\u00f3n, manteniendo limpias las encimeras.<\/li>\n\n\n\n<li><strong>Gran capacidad de carga<\/strong> - El dise\u00f1o duradero puede soportar hasta 5 kg, adecuado para diferentes tama\u00f1os de jab\u00f3n.<\/li>\n\n\n\n<li><strong>Material de primera calidad<\/strong> - Fabricado en pl\u00e1stico PP de alta calidad, seguro, resistente y f\u00e1cil de limpiar.<\/li>\n\n\n\n<li><strong>Suministro a granel<\/strong> - Ofrecemos <strong>jabonera de pl\u00e1stico a granel con desag\u00fce<\/strong> a precios de f\u00e1brica, con servicios de personalizaci\u00f3n y OEM\/ODM.<\/li>\n<\/ul>\n<\/div>\n\n\n\n<div class=\"wp-block-column is-layout-flow wp-block-column-is-layout-flow\">\n<figure class=\"wp-block-image size-full\"><img decoding=\"async\" width=\"750\" height=\"750\" src=\"https:\/\/www.xhplasticlife.com\/wp-content\/uploads\/2025\/11\/Bulk-Plastic-Soap-Holder-with-Drain-2.webp\" alt=\"Jabonera de pl\u00e1stico a granel con desag\u00fce (2)\" class=\"wp-image-1685\" srcset=\"https:\/\/www.xhplasticlife.com\/wp-content\/uploads\/2025\/11\/Bulk-Plastic-Soap-Holder-with-Drain-2.webp 750w, https:\/\/www.xhplasticlife.com\/wp-content\/uploads\/2025\/11\/Bulk-Plastic-Soap-Holder-with-Drain-2-300x300.webp 300w, https:\/\/www.xhplasticlife.com\/wp-content\/uploads\/2025\/11\/Bulk-Plastic-Soap-Holder-with-Drain-2-150x150.webp 150w, https:\/\/www.xhplasticlife.com\/wp-content\/uploads\/2025\/11\/Bulk-Plastic-Soap-Holder-with-Drain-2-12x12.webp 12w, https:\/\/www.xhplasticlife.com\/wp-content\/uploads\/2025\/11\/Bulk-Plastic-Soap-Holder-with-Drain-2-600x600.webp 600w, https:\/\/www.xhplasticlife.com\/wp-content\/uploads\/2025\/11\/Bulk-Plastic-Soap-Holder-with-Drain-2-100x100.webp 100w\" sizes=\"(max-width: 750px) 100vw, 750px\" \/><\/figure>\n<\/div>\n<\/div>\n\n\n<div class=\"wp-block-image\">\n<figure class=\"aligncenter size-full\"><img decoding=\"async\" width=\"750\" height=\"298\" src=\"https:\/\/www.xhplasticlife.com\/wp-content\/uploads\/2025\/11\/Punch-Free-Soap-Dish-Manufacturer-Sizes.webp\" alt=\"Fabricante de jaboneras sin punz\u00f3n - Tama\u00f1os\" class=\"wp-image-1687\" srcset=\"https:\/\/www.xhplasticlife.com\/wp-content\/uploads\/2025\/11\/Punch-Free-Soap-Dish-Manufacturer-Sizes.webp 750w, https:\/\/www.xhplasticlife.com\/wp-content\/uploads\/2025\/11\/Punch-Free-Soap-Dish-Manufacturer-Sizes-300x119.webp 300w, https:\/\/www.xhplasticlife.com\/wp-content\/uploads\/2025\/11\/Punch-Free-Soap-Dish-Manufacturer-Sizes-18x7.webp 18w, https:\/\/www.xhplasticlife.com\/wp-content\/uploads\/2025\/11\/Punch-Free-Soap-Dish-Manufacturer-Sizes-600x238.webp 600w\" sizes=\"(max-width: 750px) 100vw, 750px\" \/><\/figure>\n<\/div>","protected":false},"excerpt":{"rendered":"<div class=\"flex max-w-full flex-col grow\">\n<div class=\"min-h-8 text-message relative flex w-full flex-col items-end gap-2 text-start break-words whitespace-normal [.text-message+&amp;]:mt-1\" dir=\"auto\" data-message-author-role=\"assistant\" data-message-id=\"ff9c6eb7-3d1c-49f0-9b3c-ba6532e7f15a\" data-message-model-slug=\"gpt-5\">\n<div class=\"flex w-full flex-col gap-1 empty:hidden first:pt-[1px]\">\n<div class=\"markdown prose dark:prose-invert w-full break-words light markdown-new-styling\">\n<p data-start=\"1153\" data-end=\"1423\" data-is-last-node=\"\" data-is-only-node=\"\">Bienvenido a comprar nuestros productos del fabricante de jaboneras sin perforaci\u00f3n, que cuentan con una bandeja de desag\u00fce hueca, un fuerte soporte de pared adhesivo y un dise\u00f1o tipo caj\u00f3n. Este soporte de jab\u00f3n de pl\u00e1stico a granel con un desag\u00fce mantiene el jab\u00f3n seco, duradero y f\u00e1cil de instalar-perfecto para ba\u00f1os modernos.<\/p>\n<\/div>\n<\/div>\n<\/div>\n<\/div>\n<h2>Par\u00e1metro de jabonera sin punz\u00f3n:<\/h2>\n<ul>\n<li><strong>Marca<\/strong>: <a href=\"https:\/\/www.xhplasticlife.com\/es\/\"><strong>Xinghui<\/strong><\/a><\/li>\n<li><strong>Modelo<\/strong>: 8842<\/li>\n<li><strong>Material<\/strong>: HIPS<\/li>\n<li><strong>Color<\/strong>: blanco, gris, caqui<\/li>\n<li><strong>Peso:<\/strong> 93.5G<\/li>\n<li><strong>Peso bruto:\u00a0<\/strong>16,5 kg<\/li>\n<li><strong>Tama\u00f1o de la caja<\/strong>: 70x33x44cm<\/li>\n<li><strong>N\u00famero de embalaje:<\/strong>160 uds\/ctn<\/li>\n<li><strong>OEM\/ODM<\/strong>: Disponible<\/li>\n<li><strong>Opci\u00f3n personalizada<\/strong>: Color\/Tama\u00f1o\/Logotipo\/Embalaje<\/li>\n<\/ul>\n<h2>De Jabonera<a href=\"https:\/\/www.xhplasticlife.com\/es\/\">\u00a0Fabricante<\/a> :<\/h2>\n<p>Fundada en 2000,\u00a0<a href=\"https:\/\/www.xhplasticlife.com\/es\/\"><strong>Xinghui<\/strong><\/a>\u00a0se especializa en la producci\u00f3n y venta al por mayor de fiambreras, recipientes para almacenar alimentos, bebidas, recipientes de almacenamiento dom\u00e9stico y otros productos de pl\u00e1stico de uso diario. Proporcionamos <strong><em><a href=\"https:\/\/www.xhplasticlife.com\/es\/custom-food-storage-containers\/\">OEM Y ODM<\/a><\/em><\/strong> y <strong><em><a href=\"https:\/\/www.xhplasticlife.com\/es\/e-commerce-service\/\">servicios de adquisici\u00f3n de comercio electr\u00f3nico<\/a><\/em><\/strong> para los clientes.<\/p>","protected":false},"featured_media":1690,"comment_status":"closed","ping_status":"closed","template":"","meta":{"_acf_changed":false},"product_brand":[],"product_cat":[21],"product_tag":[],"class_list":{"0":"post-1683","1":"product","2":"type-product","3":"status-publish","4":"has-post-thumbnail","6":"product_cat-home-storage-containers-wholesaler","8":"first","9":"instock","10":"shipping-taxable","11":"product-type-simple"},"acf":[],"_links":{"self":[{"href":"https:\/\/www.xhplasticlife.com\/es\/wp-json\/wp\/v2\/product\/1683","targetHints":{"allow":["GET"]}}],"collection":[{"href":"https:\/\/www.xhplasticlife.com\/es\/wp-json\/wp\/v2\/product"}],"about":[{"href":"https:\/\/www.xhplasticlife.com\/es\/wp-json\/wp\/v2\/types\/product"}],"replies":[{"embeddable":true,"href":"https:\/\/www.xhplasticlife.com\/es\/wp-json\/wp\/v2\/comments?post=1683"}],"wp:featuredmedia":[{"embeddable":true,"href":"https:\/\/www.xhplasticlife.com\/es\/wp-json\/wp\/v2\/media\/1690"}],"wp:attachment":[{"href":"https:\/\/www.xhplasticlife.com\/es\/wp-json\/wp\/v2\/media?parent=1683"}],"wp:term":[{"taxonomy":"product_brand","embeddable":true,"href":"https:\/\/www.xhplasticlife.com\/es\/wp-json\/wp\/v2\/product_brand?post=1683"},{"taxonomy":"product_cat","embeddable":true,"href":"https:\/\/www.xhplasticlife.com\/es\/wp-json\/wp\/v2\/product_cat?post=1683"},{"taxonomy":"product_tag","embeddable":true,"href":"https:\/\/www.xhplasticlife.com\/es\/wp-json\/wp\/v2\/product_tag?post=1683"}],"curies":[{"name":"wp","href":"https:\/\/api.w.org\/{rel}","templated":true}]}}