{"id":1672,"date":"2025-11-12T10:11:10","date_gmt":"2025-11-12T10:11:10","guid":{"rendered":"https:\/\/www.xhplasticlife.com\/?post_type=product&#038;p=1672"},"modified":"2025-11-12T18:04:22","modified_gmt":"2025-11-12T18:04:22","slug":"newest-design-soap-dish-wholesale","status":"publish","type":"product","link":"https:\/\/www.xhplasticlife.com\/es\/producto\/newest-design-soap-dish-wholesale\/","title":{"rendered":"Jabonera de dise\u00f1o al por mayor, caja de jab\u00f3n de pl\u00e1stico a granel para ba\u00f1o de hotel"},"content":{"rendered":"<div class=\"wp-block-columns is-layout-flex wp-container-core-columns-is-layout-9d6595d7 wp-block-columns-is-layout-flex\">\n<div class=\"wp-block-column is-layout-flow wp-block-column-is-layout-flow\">\n<h2 class=\"wp-block-heading\">Jabonera de pl\u00e1stico al por mayor Caracter\u00edsticas:<\/h2>\n\n\n\n<ul class=\"wp-block-list\">\n<li><strong>Dise\u00f1o moderno y pr\u00e1ctico:<\/strong> El nuevo dise\u00f1o de jabonera al por mayor, que combina elegancia y funcionalidad, es perfecto para el cuarto de ba\u00f1o de un hotel o para uso dom\u00e9stico.<\/li>\n\n\n\n<li><strong>Material duradero y respetuoso con el medio ambiente:<\/strong> El pl\u00e1stico PP de alta calidad sin BPA utilizado en el producto garantiza su uso y seguridad a largo plazo.<\/li>\n\n\n\n<li><strong>Bandeja de drenaje de doble capa:<\/strong> La capa superior drena r\u00e1pidamente el agua, la bandeja inferior la recoge y mantiene las encimeras secas y limpias.<\/li>\n\n\n\n<li><strong>Dise\u00f1o de tapa segura: <\/strong>Viene con una tapa a juego que mantiene el jab\u00f3n protegido del polvo y la humedad.<\/li>\n\n\n\n<li><strong>Suave y port\u00e1til: <\/strong>Nuestra jabonera minimalista de pl\u00e1stico al por mayor es ligera y f\u00e1cil de transportar, adecuada para viajes o como amenities de hotel.<\/li>\n\n\n\n<li><strong>Opciones personalizadas y a granel:<\/strong> Ofrecemos OEM \/ ODM a granel caja de jab\u00f3n de pl\u00e1stico de almacenamiento a precio de f\u00e1brica con muestras gratis a los socios comerciales.<\/li>\n<\/ul>\n<\/div>\n\n\n\n<div class=\"wp-block-column is-layout-flow wp-block-column-is-layout-flow\">\n<figure class=\"wp-block-image size-full\"><img decoding=\"async\" width=\"750\" height=\"750\" src=\"https:\/\/www.xhplasticlife.com\/wp-content\/uploads\/2025\/11\/Custom-Wholesale-Plastic-Soap-Dish-.webp\" alt=\"Jabonera de pl\u00e1stico al por mayor personalizada\" class=\"wp-image-1678\" srcset=\"https:\/\/www.xhplasticlife.com\/wp-content\/uploads\/2025\/11\/Custom-Wholesale-Plastic-Soap-Dish-.webp 750w, https:\/\/www.xhplasticlife.com\/wp-content\/uploads\/2025\/11\/Custom-Wholesale-Plastic-Soap-Dish--300x300.webp 300w, https:\/\/www.xhplasticlife.com\/wp-content\/uploads\/2025\/11\/Custom-Wholesale-Plastic-Soap-Dish--150x150.webp 150w, https:\/\/www.xhplasticlife.com\/wp-content\/uploads\/2025\/11\/Custom-Wholesale-Plastic-Soap-Dish--12x12.webp 12w, https:\/\/www.xhplasticlife.com\/wp-content\/uploads\/2025\/11\/Custom-Wholesale-Plastic-Soap-Dish--600x600.webp 600w, https:\/\/www.xhplasticlife.com\/wp-content\/uploads\/2025\/11\/Custom-Wholesale-Plastic-Soap-Dish--100x100.webp 100w\" sizes=\"(max-width: 750px) 100vw, 750px\" \/><\/figure>\n<\/div>\n<\/div>\n\n\n\n<div class=\"wp-block-columns is-layout-flex wp-container-core-columns-is-layout-9d6595d7 wp-block-columns-is-layout-flex\">\n<div class=\"wp-block-column is-layout-flow wp-block-column-is-layout-flow\" style=\"flex-basis:60%\">\n<figure class=\"wp-block-image size-full\"><img decoding=\"async\" width=\"750\" height=\"538\" src=\"https:\/\/www.xhplasticlife.com\/wp-content\/uploads\/2025\/11\/Plastic-Soap-Dish-Wholesale-Color.webp\" alt=\"Jabonera de Pl\u00e1stico al por mayor - Color\" class=\"wp-image-1680\" srcset=\"https:\/\/www.xhplasticlife.com\/wp-content\/uploads\/2025\/11\/Plastic-Soap-Dish-Wholesale-Color.webp 750w, https:\/\/www.xhplasticlife.com\/wp-content\/uploads\/2025\/11\/Plastic-Soap-Dish-Wholesale-Color-300x215.webp 300w, https:\/\/www.xhplasticlife.com\/wp-content\/uploads\/2025\/11\/Plastic-Soap-Dish-Wholesale-Color-18x12.webp 18w, https:\/\/www.xhplasticlife.com\/wp-content\/uploads\/2025\/11\/Plastic-Soap-Dish-Wholesale-Color-600x430.webp 600w\" sizes=\"(max-width: 750px) 100vw, 750px\" \/><\/figure>\n<\/div>\n\n\n\n<div class=\"wp-block-column is-layout-flow wp-block-column-is-layout-flow\">\n<figure class=\"wp-block-image size-full\"><img decoding=\"async\" width=\"750\" height=\"750\" src=\"https:\/\/www.xhplasticlife.com\/wp-content\/uploads\/2025\/11\/Plastic-Soap-Dish-Wholesale-Sizes.webp\" alt=\"Jaboneras de Pl\u00e1stico al por mayor - Tama\u00f1os\" class=\"wp-image-1681\" srcset=\"https:\/\/www.xhplasticlife.com\/wp-content\/uploads\/2025\/11\/Plastic-Soap-Dish-Wholesale-Sizes.webp 750w, https:\/\/www.xhplasticlife.com\/wp-content\/uploads\/2025\/11\/Plastic-Soap-Dish-Wholesale-Sizes-300x300.webp 300w, https:\/\/www.xhplasticlife.com\/wp-content\/uploads\/2025\/11\/Plastic-Soap-Dish-Wholesale-Sizes-150x150.webp 150w, https:\/\/www.xhplasticlife.com\/wp-content\/uploads\/2025\/11\/Plastic-Soap-Dish-Wholesale-Sizes-12x12.webp 12w, https:\/\/www.xhplasticlife.com\/wp-content\/uploads\/2025\/11\/Plastic-Soap-Dish-Wholesale-Sizes-600x600.webp 600w, https:\/\/www.xhplasticlife.com\/wp-content\/uploads\/2025\/11\/Plastic-Soap-Dish-Wholesale-Sizes-100x100.webp 100w\" sizes=\"(max-width: 750px) 100vw, 750px\" \/><\/figure>\n<\/div>\n<\/div>\n\n\n\n<p><\/p>","protected":false},"excerpt":{"rendered":"<p>Bienvenido a comprar nuestra jabonera de dise\u00f1o m\u00e1s reciente al por mayor, hecha de material PP ecol\u00f3gico con una bandeja de drenaje y tapa segura. Este almacenamiento de caja de jab\u00f3n de pl\u00e1stico a granel mantiene jab\u00f3n seco, limpio y elegante, ideal para hoteles, ba\u00f1os y uso de viaje a precios directos de f\u00e1brica.<\/p>\n<h2>Mayorista Jabonera de Pl\u00e1stico Par\u00e1metros:<\/h2>\n<ul>\n<li><strong>Marca<\/strong>: <a href=\"https:\/\/www.xhplasticlife.com\/es\/\"><strong>Xinghui<\/strong><\/a><\/li>\n<li><strong>Modelo<\/strong>: XS3625<\/li>\n<li><strong>Material<\/strong>: PP<\/li>\n<li><strong>Color<\/strong>: azul oscuro, verde oscuro, gris, naranja<\/li>\n<li><strong>Peso:<\/strong> 62G<\/li>\n<li><strong>Peso bruto:\u00a0<\/strong>18,3 kg<\/li>\n<li><strong>Tama\u00f1o de la caja<\/strong>: 57\u00d745,5x46cm<\/li>\n<li><strong>N\u00famero de embalaje: <\/strong>240 unidades\/ctn<\/li>\n<li><strong>OEM\/ODM<\/strong>: Disponible<\/li>\n<li><strong>Opci\u00f3n personalizada<\/strong>: Color\/Tama\u00f1o\/Logotipo\/Embalaje<\/li>\n<\/ul>\n<h2>En <a href=\"https:\/\/www.xhplasticlife.com\/es\/\">Daily Plasticware Fabricante<\/a> :<\/h2>\n<p>Fundada en 2000,\u00a0<a href=\"https:\/\/www.xhplasticlife.com\/es\/\"><strong>Xinghui<\/strong><\/a>\u00a0se especializa en la producci\u00f3n y venta al por mayor de fiambreras, recipientes para almacenar alimentos, bebidas, recipientes de almacenamiento dom\u00e9stico y otros productos de pl\u00e1stico de uso diario. Proporcionamos <strong><em><a href=\"https:\/\/www.xhplasticlife.com\/es\/custom-food-storage-containers\/\">OEM Y ODM<\/a><\/em><\/strong> y <strong><em><a href=\"https:\/\/www.xhplasticlife.com\/es\/e-commerce-service\/\">servicios de adquisici\u00f3n de comercio electr\u00f3nico<\/a><\/em><\/strong> para los clientes.<\/p>","protected":false},"featured_media":1675,"comment_status":"closed","ping_status":"closed","template":"","meta":{"_acf_changed":false},"product_brand":[],"product_cat":[21],"product_tag":[],"class_list":{"0":"post-1672","1":"product","2":"type-product","3":"status-publish","4":"has-post-thumbnail","6":"product_cat-home-storage-containers-wholesaler","8":"first","9":"instock","10":"shipping-taxable","11":"product-type-simple"},"acf":[],"_links":{"self":[{"href":"https:\/\/www.xhplasticlife.com\/es\/wp-json\/wp\/v2\/product\/1672","targetHints":{"allow":["GET"]}}],"collection":[{"href":"https:\/\/www.xhplasticlife.com\/es\/wp-json\/wp\/v2\/product"}],"about":[{"href":"https:\/\/www.xhplasticlife.com\/es\/wp-json\/wp\/v2\/types\/product"}],"replies":[{"embeddable":true,"href":"https:\/\/www.xhplasticlife.com\/es\/wp-json\/wp\/v2\/comments?post=1672"}],"wp:featuredmedia":[{"embeddable":true,"href":"https:\/\/www.xhplasticlife.com\/es\/wp-json\/wp\/v2\/media\/1675"}],"wp:attachment":[{"href":"https:\/\/www.xhplasticlife.com\/es\/wp-json\/wp\/v2\/media?parent=1672"}],"wp:term":[{"taxonomy":"product_brand","embeddable":true,"href":"https:\/\/www.xhplasticlife.com\/es\/wp-json\/wp\/v2\/product_brand?post=1672"},{"taxonomy":"product_cat","embeddable":true,"href":"https:\/\/www.xhplasticlife.com\/es\/wp-json\/wp\/v2\/product_cat?post=1672"},{"taxonomy":"product_tag","embeddable":true,"href":"https:\/\/www.xhplasticlife.com\/es\/wp-json\/wp\/v2\/product_tag?post=1672"}],"curies":[{"name":"wp","href":"https:\/\/api.w.org\/{rel}","templated":true}]}}