{"id":1635,"date":"2025-11-10T01:18:20","date_gmt":"2025-11-10T01:18:20","guid":{"rendered":"https:\/\/www.xhplasticlife.com\/?post_type=product&#038;p=1635"},"modified":"2025-11-10T02:08:10","modified_gmt":"2025-11-10T02:08:10","slug":"custom-plastic-water-pitcher-factory","status":"publish","type":"product","link":"https:\/\/www.xhplasticlife.com\/es\/producto\/custom-plastic-water-pitcher-factory\/","title":{"rendered":"Jarra de Agua de Pl\u00e1stico Personalizada, BPA Free Gran Capacidad Jarra de Agua Fr\u00eda Set Mayorista"},"content":{"rendered":"<div class=\"wp-block-columns is-layout-flex wp-container-core-columns-is-layout-9d6595d7 wp-block-columns-is-layout-flex\">\n<div class=\"wp-block-column is-layout-flow wp-block-column-is-layout-flow\">\n<h2 class=\"wp-block-heading\">Jarra de agua de pl\u00e1stico personalizada Caracter\u00edsticas:<\/h2>\n\n\n\n<ul class=\"wp-block-list\">\n<li><strong>Mango curvado para mayor ergonom\u00eda:<\/strong> Este hervidor de pl\u00e1stico personalizado est\u00e1 fabricado con material PP de alta calidad y tiene un mango curvado que proporciona un agarre suave y c\u00f3modo y un excelente manejo.<\/li>\n\n\n\n<li><strong>Tapa del filtro:<\/strong> Una tapa avanzada que filtra autom\u00e1ticamente las hojas de t\u00e9 o la pulpa de fruta para una experiencia de consumo m\u00e1s limpia y agradable.<\/li>\n\n\n\n<li><strong>Dise\u00f1o de ca\u00f1o en V:<\/strong> Garantiza un vertido suave a trav\u00e9s del pitorro en forma de V con un m\u00ednimo de derrames.<\/li>\n\n\n\n<li><strong>Gran capacidad y sin BPA:<\/strong> Este set de hervidor de agua de 2,6 litros est\u00e1 fabricado en pl\u00e1stico PP seguro y sin BPA, adecuado para servir t\u00e9 helado, zumo o bebidas fr\u00edas.<\/li>\n\n\n\n<li><strong>Juego de cinco piezas:<\/strong> Esta jarra de agua de pl\u00e1stico al por mayor viene con una jarra y cuatro tazas a juego, ideal para el hogar, la oficina o el exterior.<\/li>\n\n\n\n<li><strong>Dise\u00f1o personalizable: <\/strong>Se ofrecen servicios OEM\/ODM en funci\u00f3n de las necesidades de los clientes para personalizar el color, la impresi\u00f3n o el logotipo de las jarras de pl\u00e1stico.<\/li>\n<\/ul>\n<\/div>\n\n\n\n<div class=\"wp-block-column is-layout-flow wp-block-column-is-layout-flow\">\n<figure class=\"wp-block-image size-full\"><img decoding=\"async\" width=\"800\" height=\"800\" src=\"https:\/\/www.xhplasticlife.com\/wp-content\/uploads\/2025\/11\/Wholesale-Cold-Water-Jug-Set-1.webp\" alt=\"Mayorista Juego de jarras de agua fr\u00eda (1)\" class=\"wp-image-1645\" srcset=\"https:\/\/www.xhplasticlife.com\/wp-content\/uploads\/2025\/11\/Wholesale-Cold-Water-Jug-Set-1.webp 800w, https:\/\/www.xhplasticlife.com\/wp-content\/uploads\/2025\/11\/Wholesale-Cold-Water-Jug-Set-1-300x300.webp 300w, https:\/\/www.xhplasticlife.com\/wp-content\/uploads\/2025\/11\/Wholesale-Cold-Water-Jug-Set-1-150x150.webp 150w, https:\/\/www.xhplasticlife.com\/wp-content\/uploads\/2025\/11\/Wholesale-Cold-Water-Jug-Set-1-768x768.webp 768w, https:\/\/www.xhplasticlife.com\/wp-content\/uploads\/2025\/11\/Wholesale-Cold-Water-Jug-Set-1-12x12.webp 12w, https:\/\/www.xhplasticlife.com\/wp-content\/uploads\/2025\/11\/Wholesale-Cold-Water-Jug-Set-1-600x600.webp 600w, https:\/\/www.xhplasticlife.com\/wp-content\/uploads\/2025\/11\/Wholesale-Cold-Water-Jug-Set-1-100x100.webp 100w\" sizes=\"(max-width: 800px) 100vw, 800px\" \/><\/figure>\n<\/div>\n<\/div>\n\n\n\n<h2 class=\"wp-block-heading\">Mayorista Jarra de Pl\u00e1stico Tama\u00f1o:<\/h2>\n\n\n\n<figure class=\"wp-block-table is-style-stripes\"><table class=\"has-fixed-layout\"><tbody><tr><td>Modelo<\/td><td>Capacidad<\/td><td>Tama\u00f1o de la caja<\/td><td>Peso bruto<\/td><td>Peso base<\/td><\/tr><tr><td>SH3139<\/td><td>2200ML<\/td><td>67X40X74cm<\/td><td>12,4 kg<\/td><td>240G<\/td><\/tr><tr><td>SH3141<\/td><td>2600ML<\/td><td>67X40X74cm<\/td><td>16,3 kg<\/td><td>344G<\/td><\/tr><\/tbody><\/table><\/figure>\n\n\n\n<div class=\"wp-block-columns is-layout-flex wp-container-core-columns-is-layout-9d6595d7 wp-block-columns-is-layout-flex\">\n<div class=\"wp-block-column is-layout-flow wp-block-column-is-layout-flow\">\n<figure class=\"wp-block-image size-full\"><img decoding=\"async\" width=\"800\" height=\"800\" src=\"https:\/\/www.xhplasticlife.com\/wp-content\/uploads\/2025\/11\/Wholesale-Cold-Water-Jug-Plastic-Pitcher-3.webp\" alt=\"Mayorista Jarra de Agua Fr\u00eda Jarra de Pl\u00e1stico (3)\" class=\"wp-image-1644\" srcset=\"https:\/\/www.xhplasticlife.com\/wp-content\/uploads\/2025\/11\/Wholesale-Cold-Water-Jug-Plastic-Pitcher-3.webp 800w, https:\/\/www.xhplasticlife.com\/wp-content\/uploads\/2025\/11\/Wholesale-Cold-Water-Jug-Plastic-Pitcher-3-300x300.webp 300w, https:\/\/www.xhplasticlife.com\/wp-content\/uploads\/2025\/11\/Wholesale-Cold-Water-Jug-Plastic-Pitcher-3-150x150.webp 150w, https:\/\/www.xhplasticlife.com\/wp-content\/uploads\/2025\/11\/Wholesale-Cold-Water-Jug-Plastic-Pitcher-3-768x768.webp 768w, https:\/\/www.xhplasticlife.com\/wp-content\/uploads\/2025\/11\/Wholesale-Cold-Water-Jug-Plastic-Pitcher-3-12x12.webp 12w, https:\/\/www.xhplasticlife.com\/wp-content\/uploads\/2025\/11\/Wholesale-Cold-Water-Jug-Plastic-Pitcher-3-600x600.webp 600w, https:\/\/www.xhplasticlife.com\/wp-content\/uploads\/2025\/11\/Wholesale-Cold-Water-Jug-Plastic-Pitcher-3-100x100.webp 100w\" sizes=\"(max-width: 800px) 100vw, 800px\" \/><\/figure>\n<\/div>\n\n\n\n<div class=\"wp-block-column is-layout-flow wp-block-column-is-layout-flow\">\n<figure class=\"wp-block-image size-full\"><img decoding=\"async\" width=\"800\" height=\"800\" src=\"https:\/\/www.xhplasticlife.com\/wp-content\/uploads\/2025\/11\/Wholesale-Cold-Water-Jug-Plastic-Pitcher-2.webp\" alt=\"Mayorista Jarra de Agua Fr\u00eda Jarra de Pl\u00e1stico (2)\" class=\"wp-image-1643\" srcset=\"https:\/\/www.xhplasticlife.com\/wp-content\/uploads\/2025\/11\/Wholesale-Cold-Water-Jug-Plastic-Pitcher-2.webp 800w, https:\/\/www.xhplasticlife.com\/wp-content\/uploads\/2025\/11\/Wholesale-Cold-Water-Jug-Plastic-Pitcher-2-300x300.webp 300w, https:\/\/www.xhplasticlife.com\/wp-content\/uploads\/2025\/11\/Wholesale-Cold-Water-Jug-Plastic-Pitcher-2-150x150.webp 150w, https:\/\/www.xhplasticlife.com\/wp-content\/uploads\/2025\/11\/Wholesale-Cold-Water-Jug-Plastic-Pitcher-2-768x768.webp 768w, https:\/\/www.xhplasticlife.com\/wp-content\/uploads\/2025\/11\/Wholesale-Cold-Water-Jug-Plastic-Pitcher-2-12x12.webp 12w, https:\/\/www.xhplasticlife.com\/wp-content\/uploads\/2025\/11\/Wholesale-Cold-Water-Jug-Plastic-Pitcher-2-600x600.webp 600w, https:\/\/www.xhplasticlife.com\/wp-content\/uploads\/2025\/11\/Wholesale-Cold-Water-Jug-Plastic-Pitcher-2-100x100.webp 100w\" sizes=\"(max-width: 800px) 100vw, 800px\" \/><\/figure>\n<\/div>\n\n\n\n<div class=\"wp-block-column is-layout-flow wp-block-column-is-layout-flow\">\n<figure class=\"wp-block-image size-full\"><img decoding=\"async\" width=\"800\" height=\"800\" src=\"https:\/\/www.xhplasticlife.com\/wp-content\/uploads\/2025\/11\/Wholesale-Cold-Water-Jug-Set-4.webp\" alt=\"Mayorista Juego de jarras de agua fr\u00eda (4)\" class=\"wp-image-1646\" srcset=\"https:\/\/www.xhplasticlife.com\/wp-content\/uploads\/2025\/11\/Wholesale-Cold-Water-Jug-Set-4.webp 800w, https:\/\/www.xhplasticlife.com\/wp-content\/uploads\/2025\/11\/Wholesale-Cold-Water-Jug-Set-4-300x300.webp 300w, https:\/\/www.xhplasticlife.com\/wp-content\/uploads\/2025\/11\/Wholesale-Cold-Water-Jug-Set-4-150x150.webp 150w, https:\/\/www.xhplasticlife.com\/wp-content\/uploads\/2025\/11\/Wholesale-Cold-Water-Jug-Set-4-768x768.webp 768w, https:\/\/www.xhplasticlife.com\/wp-content\/uploads\/2025\/11\/Wholesale-Cold-Water-Jug-Set-4-12x12.webp 12w, https:\/\/www.xhplasticlife.com\/wp-content\/uploads\/2025\/11\/Wholesale-Cold-Water-Jug-Set-4-600x600.webp 600w, https:\/\/www.xhplasticlife.com\/wp-content\/uploads\/2025\/11\/Wholesale-Cold-Water-Jug-Set-4-100x100.webp 100w\" sizes=\"(max-width: 800px) 100vw, 800px\" \/><\/figure>\n<\/div>\n<\/div>\n\n\n<div class=\"wp-block-image\">\n<figure class=\"aligncenter size-full\"><img decoding=\"async\" width=\"750\" height=\"449\" src=\"https:\/\/www.xhplasticlife.com\/wp-content\/uploads\/2025\/11\/Custom-Plastic-Water-Pitcher.webp\" alt=\"Jarra de agua de pl\u00e1stico personalizada\" class=\"wp-image-1642\" srcset=\"https:\/\/www.xhplasticlife.com\/wp-content\/uploads\/2025\/11\/Custom-Plastic-Water-Pitcher.webp 750w, https:\/\/www.xhplasticlife.com\/wp-content\/uploads\/2025\/11\/Custom-Plastic-Water-Pitcher-300x180.webp 300w, https:\/\/www.xhplasticlife.com\/wp-content\/uploads\/2025\/11\/Custom-Plastic-Water-Pitcher-18x12.webp 18w, https:\/\/www.xhplasticlife.com\/wp-content\/uploads\/2025\/11\/Custom-Plastic-Water-Pitcher-600x359.webp 600w\" sizes=\"(max-width: 750px) 100vw, 750px\" \/><\/figure>\n<\/div>","protected":false},"excerpt":{"rendered":"<p>Bienvenido a comprar al por mayor nuestra jarra de pl\u00e1stico con tapa, fabricada en resistente material PP engrosado, pico en forma de V para un vertido suave y tapa con orificios para filtro. Incluye un infusor extra\u00edble para infusiones de frutas o hierbas. F\u00e1cil de limpiar con boca de jarra grande, dise\u00f1o apto para frigor\u00edfico. Precio al por mayor de f\u00e1brica, muestras gratuitas disponibles, admite OEM\/ODM. P\u00f3ngase en contacto con nosotros para conseguir la suya hoy mismo.<\/p>\n<h2>Jarra de agua de pl\u00e1stico personalizada Par\u00e1metros:<\/h2>\n<p><strong>Modelo<\/strong>: <strong><span data-spm-anchor-id=\"a2700.details-description.0.i4.67b0zO51zO51nR\">SH3139, SH3141<\/span><\/strong><br \/><strong>Marca<\/strong>: Xinghui<br \/><strong>Material<\/strong>: PP\u00a0<br \/><strong>Color<\/strong>: rosa\/verde\/azul<br \/><strong>Embalaje: <\/strong>Bolsa OPP<br \/><strong>OEM\/ODM<\/strong>: Disponible<br \/><strong>Muestra: <\/strong>Muestras gratuitas<br \/><strong>Opci\u00f3n personalizada<\/strong>: Color\/Tama\u00f1o\/Logotipo\/Embalaje<\/p>\n<h2>En <a href=\"https:\/\/www.xhplasticlife.com\/es\/categoria-producto\/custom-drinkware-wholesaler\/\">Vajilla de pl\u00e1stico<\/a> Fabricante :<\/h2>\n<p>Fundada en 2000,<a href=\"https:\/\/www.xhplasticlife.com\/es\/\">\u00a0<strong>Xinghui<\/strong><\/a>\u00a0se especializa en la producci\u00f3n y venta al por mayor de fiambreras, recipientes para almacenar alimentos, art\u00edculos para bebidas, recipientes para almacenamiento dom\u00e9stico y otros productos de pl\u00e1stico de uso diario. Ofrecemos servicios integrales de OEM, ODM y comercio electr\u00f3nico a nuestros clientes.<\/p>","protected":false},"featured_media":1640,"comment_status":"closed","ping_status":"closed","template":"","meta":{"_acf_changed":false},"product_brand":[],"product_cat":[20],"product_tag":[],"class_list":{"0":"post-1635","1":"product","2":"type-product","3":"status-publish","4":"has-post-thumbnail","6":"product_cat-custom-drinkware-wholesaler","8":"first","9":"instock","10":"shipping-taxable","11":"product-type-simple"},"acf":[],"_links":{"self":[{"href":"https:\/\/www.xhplasticlife.com\/es\/wp-json\/wp\/v2\/product\/1635","targetHints":{"allow":["GET"]}}],"collection":[{"href":"https:\/\/www.xhplasticlife.com\/es\/wp-json\/wp\/v2\/product"}],"about":[{"href":"https:\/\/www.xhplasticlife.com\/es\/wp-json\/wp\/v2\/types\/product"}],"replies":[{"embeddable":true,"href":"https:\/\/www.xhplasticlife.com\/es\/wp-json\/wp\/v2\/comments?post=1635"}],"wp:featuredmedia":[{"embeddable":true,"href":"https:\/\/www.xhplasticlife.com\/es\/wp-json\/wp\/v2\/media\/1640"}],"wp:attachment":[{"href":"https:\/\/www.xhplasticlife.com\/es\/wp-json\/wp\/v2\/media?parent=1635"}],"wp:term":[{"taxonomy":"product_brand","embeddable":true,"href":"https:\/\/www.xhplasticlife.com\/es\/wp-json\/wp\/v2\/product_brand?post=1635"},{"taxonomy":"product_cat","embeddable":true,"href":"https:\/\/www.xhplasticlife.com\/es\/wp-json\/wp\/v2\/product_cat?post=1635"},{"taxonomy":"product_tag","embeddable":true,"href":"https:\/\/www.xhplasticlife.com\/es\/wp-json\/wp\/v2\/product_tag?post=1635"}],"curies":[{"name":"wp","href":"https:\/\/api.w.org\/{rel}","templated":true}]}}