{"id":1625,"date":"2025-11-09T20:01:32","date_gmt":"2025-11-09T20:01:32","guid":{"rendered":"https:\/\/www.xhplasticlife.com\/?post_type=product&#038;p=1625"},"modified":"2025-11-10T01:15:17","modified_gmt":"2025-11-10T01:15:17","slug":"wholesale-plastic-pitcher-with-lid","status":"publish","type":"product","link":"https:\/\/www.xhplasticlife.com\/es\/producto\/wholesale-plastic-pitcher-with-lid\/","title":{"rendered":"Mayorista Jarra de Pl\u00e1stico con Tapa, OEM Fabricante de Jarra de Agua Fr\u00eda"},"content":{"rendered":"<div class=\"wp-block-columns is-layout-flex wp-container-core-columns-is-layout-9d6595d7 wp-block-columns-is-layout-flex\">\n<div class=\"wp-block-column is-layout-flow wp-block-column-is-layout-flow\">\n<h2 class=\"wp-block-heading\">Mayorista Jarra de Pl\u00e1stico con Tapa Caracter\u00edsticas:<\/h2>\n\n\n\n<ul class=\"wp-block-list\">\n<li><strong>Material PP duradero<\/strong> - Fabricada en polipropileno espesado de alta calidad, esta jarra de pl\u00e1stico al por mayor con tapa resiste temperaturas de -20\u00b0C a 120\u00b0C.<\/li>\n\n\n\n<li><strong>Dise\u00f1o apto para frigor\u00edficos<\/strong> - La compacta anchura inferior de 10 cm cabe f\u00e1cilmente dentro de las puertas del frigor\u00edfico, ahorrando espacio.<\/li>\n\n\n\n<li><strong>Vertido suave<\/strong> - El ca\u00f1o en forma de V garantiza que el agua se vierta sin derramarse.<\/li>\n\n\n\n<li><strong>Tapa con filtro para t\u00e9 y fruta<\/strong> - La tapa tiene finos orificios de filtro para colar las hojas de t\u00e9 o los restos de fruta.<\/li>\n\n\n\n<li><strong>Infusor incluido<\/strong> - Perfecto para preparar t\u00e9 de frutas o infusiones de hierbas directamente en la jarra.<\/li>\n\n\n\n<li><strong>F\u00e1cil de limpiar<\/strong> - La boca ancha de la jarra permite limpiarla y llenarla sin esfuerzo.<\/li>\n\n\n\n<li><strong>Juego completo<\/strong> - Incluye tazas y bandeja para servir c\u00f3modamente.<\/li>\n<\/ul>\n<\/div>\n\n\n\n<div class=\"wp-block-column is-layout-flow wp-block-column-is-layout-flow\">\n<figure class=\"wp-block-image size-full\"><img decoding=\"async\" width=\"800\" height=\"800\" src=\"https:\/\/www.xhplasticlife.com\/wp-content\/uploads\/2025\/11\/Wholesale-Plastic-Pitcher-with-Lid-Manufacturer-4.webp\" alt=\"Mayorista Jarra de Pl\u00e1stico con Tapa Fabricante (4)\" class=\"wp-image-1629\" srcset=\"https:\/\/www.xhplasticlife.com\/wp-content\/uploads\/2025\/11\/Wholesale-Plastic-Pitcher-with-Lid-Manufacturer-4.webp 800w, https:\/\/www.xhplasticlife.com\/wp-content\/uploads\/2025\/11\/Wholesale-Plastic-Pitcher-with-Lid-Manufacturer-4-300x300.webp 300w, https:\/\/www.xhplasticlife.com\/wp-content\/uploads\/2025\/11\/Wholesale-Plastic-Pitcher-with-Lid-Manufacturer-4-150x150.webp 150w, https:\/\/www.xhplasticlife.com\/wp-content\/uploads\/2025\/11\/Wholesale-Plastic-Pitcher-with-Lid-Manufacturer-4-768x768.webp 768w, https:\/\/www.xhplasticlife.com\/wp-content\/uploads\/2025\/11\/Wholesale-Plastic-Pitcher-with-Lid-Manufacturer-4-12x12.webp 12w, https:\/\/www.xhplasticlife.com\/wp-content\/uploads\/2025\/11\/Wholesale-Plastic-Pitcher-with-Lid-Manufacturer-4-600x600.webp 600w, https:\/\/www.xhplasticlife.com\/wp-content\/uploads\/2025\/11\/Wholesale-Plastic-Pitcher-with-Lid-Manufacturer-4-100x100.webp 100w\" sizes=\"(max-width: 800px) 100vw, 800px\" \/><\/figure>\n<\/div>\n<\/div>\n\n\n\n<h2 class=\"wp-block-heading\">Mayorista Jarra de Pl\u00e1stico Tama\u00f1o:<\/h2>\n\n\n\n<figure class=\"wp-block-table is-style-stripes\"><table class=\"has-fixed-layout\"><tbody><tr><td>Modelo<\/td><td>Capacidad<\/td><td>Tama\u00f1o de la caja<\/td><td>Peso bruto<\/td><td>Peso base<\/td><\/tr><tr><td>SH3162<\/td><td>1550ML<\/td><td>63x49x61cm<\/td><td>15.2KG<\/td><td>180G<\/td><\/tr><tr><td>SH3163<\/td><td>2200ML<\/td><td>70,5x50x64,5cm<\/td><td>15.8KG<\/td><td>235G<\/td><\/tr><\/tbody><\/table><\/figure>\n\n\n\n<div class=\"wp-block-columns is-layout-flex wp-container-core-columns-is-layout-9d6595d7 wp-block-columns-is-layout-flex\">\n<div class=\"wp-block-column is-layout-flow wp-block-column-is-layout-flow\">\n<figure class=\"wp-block-image size-full\"><img decoding=\"async\" width=\"800\" height=\"800\" src=\"https:\/\/www.xhplasticlife.com\/wp-content\/uploads\/2025\/11\/Wholesale-Plastic-Pitcher-with-Lid-Manufacturer-1.webp\" alt=\"Mayorista Jarra de Pl\u00e1stico con Tapa Fabricante (1)\" class=\"wp-image-1626\" srcset=\"https:\/\/www.xhplasticlife.com\/wp-content\/uploads\/2025\/11\/Wholesale-Plastic-Pitcher-with-Lid-Manufacturer-1.webp 800w, https:\/\/www.xhplasticlife.com\/wp-content\/uploads\/2025\/11\/Wholesale-Plastic-Pitcher-with-Lid-Manufacturer-1-300x300.webp 300w, https:\/\/www.xhplasticlife.com\/wp-content\/uploads\/2025\/11\/Wholesale-Plastic-Pitcher-with-Lid-Manufacturer-1-150x150.webp 150w, https:\/\/www.xhplasticlife.com\/wp-content\/uploads\/2025\/11\/Wholesale-Plastic-Pitcher-with-Lid-Manufacturer-1-768x768.webp 768w, https:\/\/www.xhplasticlife.com\/wp-content\/uploads\/2025\/11\/Wholesale-Plastic-Pitcher-with-Lid-Manufacturer-1-12x12.webp 12w, https:\/\/www.xhplasticlife.com\/wp-content\/uploads\/2025\/11\/Wholesale-Plastic-Pitcher-with-Lid-Manufacturer-1-600x600.webp 600w, https:\/\/www.xhplasticlife.com\/wp-content\/uploads\/2025\/11\/Wholesale-Plastic-Pitcher-with-Lid-Manufacturer-1-100x100.webp 100w\" sizes=\"(max-width: 800px) 100vw, 800px\" \/><\/figure>\n<\/div>\n\n\n\n<div class=\"wp-block-column is-layout-flow wp-block-column-is-layout-flow\">\n<figure class=\"wp-block-image size-full\"><img decoding=\"async\" width=\"750\" height=\"858\" src=\"https:\/\/www.xhplasticlife.com\/wp-content\/uploads\/2025\/11\/OEM-Cold-Water-Jug-Manufacturer-xinghui.webp\" alt=\"OEM jarra de agua fr\u00eda Fabricante- xinghui\" class=\"wp-image-1631\" srcset=\"https:\/\/www.xhplasticlife.com\/wp-content\/uploads\/2025\/11\/OEM-Cold-Water-Jug-Manufacturer-xinghui.webp 750w, https:\/\/www.xhplasticlife.com\/wp-content\/uploads\/2025\/11\/OEM-Cold-Water-Jug-Manufacturer-xinghui-262x300.webp 262w, https:\/\/www.xhplasticlife.com\/wp-content\/uploads\/2025\/11\/OEM-Cold-Water-Jug-Manufacturer-xinghui-10x12.webp 10w, https:\/\/www.xhplasticlife.com\/wp-content\/uploads\/2025\/11\/OEM-Cold-Water-Jug-Manufacturer-xinghui-600x686.webp 600w\" sizes=\"(max-width: 750px) 100vw, 750px\" \/><\/figure>\n<\/div>\n<\/div>\n\n\n<div class=\"wp-block-image\">\n<figure class=\"aligncenter size-full\"><img decoding=\"async\" width=\"750\" height=\"377\" src=\"https:\/\/www.xhplasticlife.com\/wp-content\/uploads\/2025\/11\/OEM-Cold-Water-Jug-Manufacturer.webp\" alt=\"OEM Fabricante de jarras de agua fr\u00eda\" class=\"wp-image-1632\" srcset=\"https:\/\/www.xhplasticlife.com\/wp-content\/uploads\/2025\/11\/OEM-Cold-Water-Jug-Manufacturer.webp 750w, https:\/\/www.xhplasticlife.com\/wp-content\/uploads\/2025\/11\/OEM-Cold-Water-Jug-Manufacturer-300x151.webp 300w, https:\/\/www.xhplasticlife.com\/wp-content\/uploads\/2025\/11\/OEM-Cold-Water-Jug-Manufacturer-18x9.webp 18w, https:\/\/www.xhplasticlife.com\/wp-content\/uploads\/2025\/11\/OEM-Cold-Water-Jug-Manufacturer-600x302.webp 600w\" sizes=\"(max-width: 750px) 100vw, 750px\" \/><\/figure>\n<\/div>","protected":false},"excerpt":{"rendered":"<p>Bienvenido a comprar al por mayor nuestra jarra de pl\u00e1stico con tapa, fabricada en resistente material PP engrosado, pico en forma de V para un vertido suave y tapa con orificios para filtro. Incluye un infusor extra\u00edble para infusiones de frutas o hierbas. F\u00e1cil de limpiar con boca de jarra grande, dise\u00f1o apto para frigor\u00edfico. Precio al por mayor de f\u00e1brica, muestras gratuitas disponibles, admite OEM\/ODM. P\u00f3ngase en contacto con nosotros para conseguir la suya hoy mismo.<\/p>\n<h2>Jarra de pl\u00e1stico al por mayor Par\u00e1metros:<\/h2>\n<p><strong>Modelo<\/strong>: <strong><span data-spm-anchor-id=\"a2700.details-description.0.i4.67b0zO51zO51nR\">SH3162 - SH3163<\/span><\/strong><br \/><strong>Marca<\/strong>: Xinghui<br \/><strong>Material<\/strong>: PP\u00a0<br \/><strong>Color<\/strong>: blanco\/verde\/naranja\/amarillo<br \/><strong>Embalaje: <\/strong>Bolsa OPP<br \/><strong>OEM\/ODM<\/strong>: Disponible<br \/><strong>Muestra: <\/strong>Muestras gratuitas<br \/><strong>Opci\u00f3n personalizada<\/strong>: Color\/Tama\u00f1o\/Logotipo\/Embalaje<\/p>\n<h2>De pl\u00e1stico Drinkware Fabricante :<\/h2>\n<p>Fundada en 2000,<a href=\"https:\/\/www.xhplasticlife.com\/es\/\">\u00a0<strong>Xinghui<\/strong><\/a>\u00a0se especializa en la producci\u00f3n y venta al por mayor de fiambreras, recipientes para almacenar alimentos, art\u00edculos para bebidas, recipientes para almacenamiento dom\u00e9stico y otros productos de pl\u00e1stico de uso diario. Ofrecemos servicios integrales de OEM, ODM y comercio electr\u00f3nico a nuestros clientes.<\/p>","protected":false},"featured_media":1630,"comment_status":"closed","ping_status":"closed","template":"","meta":{"_acf_changed":false},"product_brand":[],"product_cat":[20],"product_tag":[],"class_list":{"0":"post-1625","1":"product","2":"type-product","3":"status-publish","4":"has-post-thumbnail","6":"product_cat-custom-drinkware-wholesaler","8":"first","9":"instock","10":"shipping-taxable","11":"product-type-simple"},"acf":[],"_links":{"self":[{"href":"https:\/\/www.xhplasticlife.com\/es\/wp-json\/wp\/v2\/product\/1625","targetHints":{"allow":["GET"]}}],"collection":[{"href":"https:\/\/www.xhplasticlife.com\/es\/wp-json\/wp\/v2\/product"}],"about":[{"href":"https:\/\/www.xhplasticlife.com\/es\/wp-json\/wp\/v2\/types\/product"}],"replies":[{"embeddable":true,"href":"https:\/\/www.xhplasticlife.com\/es\/wp-json\/wp\/v2\/comments?post=1625"}],"wp:featuredmedia":[{"embeddable":true,"href":"https:\/\/www.xhplasticlife.com\/es\/wp-json\/wp\/v2\/media\/1630"}],"wp:attachment":[{"href":"https:\/\/www.xhplasticlife.com\/es\/wp-json\/wp\/v2\/media?parent=1625"}],"wp:term":[{"taxonomy":"product_brand","embeddable":true,"href":"https:\/\/www.xhplasticlife.com\/es\/wp-json\/wp\/v2\/product_brand?post=1625"},{"taxonomy":"product_cat","embeddable":true,"href":"https:\/\/www.xhplasticlife.com\/es\/wp-json\/wp\/v2\/product_cat?post=1625"},{"taxonomy":"product_tag","embeddable":true,"href":"https:\/\/www.xhplasticlife.com\/es\/wp-json\/wp\/v2\/product_tag?post=1625"}],"curies":[{"name":"wp","href":"https:\/\/api.w.org\/{rel}","templated":true}]}}