{"id":1518,"date":"2025-10-11T09:58:28","date_gmt":"2025-10-11T09:12:17","guid":{"rendered":"https:\/\/www.xhplasticlife.com\/?post_type=product&#038;p=1518"},"modified":"2025-10-11T09:58:55","modified_gmt":"2025-10-11T09:58:55","slug":"infant-formula-dispenser-wholesale","status":"publish","type":"product","link":"https:\/\/www.xhplasticlife.com\/es\/producto\/infant-formula-dispenser-wholesale\/","title":{"rendered":"Dispensador de formula infantil al por mayor, BPA-Free Portable Milk Powder Box for Baby"},"content":{"rendered":"<div class=\"wp-block-columns is-layout-flex wp-container-core-columns-is-layout-9d6595d7 wp-block-columns-is-layout-flex\">\n<div class=\"wp-block-column is-layout-flow wp-block-column-is-layout-flow\">\n<h2 class=\"wp-block-heading\">Dispensador de F\u00f3rmula Infantil al por mayor Caracter\u00edsticas:<\/h2>\n\n\n\n<ul class=\"wp-block-list\">\n<li><strong>Material seguro y duradero<\/strong> - Este dispensador de preparados para lactantes al por mayor est\u00e1 fabricado en PP de calidad alimentaria, sin BPA, inodoro y apto para lavavajillas, lo que garantiza un almacenamiento seguro de los preparados para lactantes.<\/li>\n\n\n\n<li><strong>Dise\u00f1o pr\u00e1ctico y a prueba de fugas<\/strong> - Como <strong>Proveedor de cajas de leche en polvo port\u00e1tiles sin BPA<\/strong>, cuenta con un cierre herm\u00e9tico a prueba de fugas con una gran abertura para el llenado y una peque\u00f1a abertura para verter f\u00e1cilmente la f\u00f3rmula.<\/li>\n\n\n\n<li><strong>Transparente y apilable<\/strong> - El dise\u00f1o transparente permite ver f\u00e1cilmente la f\u00f3rmula restante. Apilable con botones a presi\u00f3n, perfecto para viajes o uso dom\u00e9stico.<\/li>\n\n\n\n<li><strong>Compacto y port\u00e1til<\/strong> - Ligero y f\u00e1cil de transportar, este dispensador de preparados para lactantes al por mayor es ideal para padres ocupados y profesionales de la puericultura.<\/li>\n\n\n\n<li><strong>Precio de f\u00e1brica y muestras gratuitas<\/strong> - Disponible para pedidos al por mayor. En <strong>Proveedor de cajas de leche en polvo port\u00e1tiles sin BPA<\/strong> apoya la marca OEM\/ODM, ofreciendo precio de f\u00e1brica y muestras gratuitas para dar la bienvenida a las consultas.<\/li>\n<\/ul>\n\n\n\n<figure class=\"wp-block-table\"><table class=\"has-fixed-layout\"><tbody><tr><td>Modelo<\/td><td>Tama\u00f1o del producto<\/td><td>Tama\u00f1o de la caja<\/td><td>Peso bruto<\/td><td>Peso base<\/td><td>Embalaje<\/td><\/tr><tr><td>SN1127<\/td><td>5.5*5.5*7.2cm<\/td><td>62*36*31cm<\/td><td>7,9 kg<\/td><td>26g<\/td><td>250 uds\/ctn<\/td><\/tr><tr><td>SN1128<\/td><td>5,5*5,5*6cm<\/td><td>62*31*31cm<\/td><td>7 kg<\/td><td>22g<\/td><td>250 uds\/ctn<\/td><\/tr><\/tbody><\/table><\/figure>\n<\/div>\n\n\n\n<div class=\"wp-block-column is-layout-flow wp-block-column-is-layout-flow\">\n<figure class=\"wp-block-image size-full\"><img decoding=\"async\" width=\"800\" height=\"800\" src=\"https:\/\/www.xhplasticlife.com\/wp-content\/uploads\/2025\/10\/Wholesale-Infant-Formula-Dispenser.webp\" alt=\"Mayorista Dispensador de preparados para lactantes\" class=\"wp-image-1526\" srcset=\"https:\/\/www.xhplasticlife.com\/wp-content\/uploads\/2025\/10\/Wholesale-Infant-Formula-Dispenser.webp 800w, https:\/\/www.xhplasticlife.com\/wp-content\/uploads\/2025\/10\/Wholesale-Infant-Formula-Dispenser-300x300.webp 300w, https:\/\/www.xhplasticlife.com\/wp-content\/uploads\/2025\/10\/Wholesale-Infant-Formula-Dispenser-150x150.webp 150w, https:\/\/www.xhplasticlife.com\/wp-content\/uploads\/2025\/10\/Wholesale-Infant-Formula-Dispenser-768x768.webp 768w, https:\/\/www.xhplasticlife.com\/wp-content\/uploads\/2025\/10\/Wholesale-Infant-Formula-Dispenser-12x12.webp 12w, https:\/\/www.xhplasticlife.com\/wp-content\/uploads\/2025\/10\/Wholesale-Infant-Formula-Dispenser-600x600.webp 600w, https:\/\/www.xhplasticlife.com\/wp-content\/uploads\/2025\/10\/Wholesale-Infant-Formula-Dispenser-100x100.webp 100w\" sizes=\"(max-width: 800px) 100vw, 800px\" \/><\/figure>\n<\/div>\n<\/div>\n\n\n\n<div class=\"wp-block-columns is-layout-flex wp-container-core-columns-is-layout-9d6595d7 wp-block-columns-is-layout-flex\">\n<div class=\"wp-block-column is-layout-flow wp-block-column-is-layout-flow\">\n<figure class=\"wp-block-image size-full\"><img decoding=\"async\" width=\"721\" height=\"962\" src=\"https:\/\/www.xhplasticlife.com\/wp-content\/uploads\/2025\/10\/Plastic-Portable-Milk-Powder-Box-in-Bulk.webp\" alt=\"Caja port\u00e1til de pl\u00e1stico para leche en polvo a granel\" class=\"wp-image-1529\" srcset=\"https:\/\/www.xhplasticlife.com\/wp-content\/uploads\/2025\/10\/Plastic-Portable-Milk-Powder-Box-in-Bulk.webp 721w, https:\/\/www.xhplasticlife.com\/wp-content\/uploads\/2025\/10\/Plastic-Portable-Milk-Powder-Box-in-Bulk-225x300.webp 225w, https:\/\/www.xhplasticlife.com\/wp-content\/uploads\/2025\/10\/Plastic-Portable-Milk-Powder-Box-in-Bulk-9x12.webp 9w, https:\/\/www.xhplasticlife.com\/wp-content\/uploads\/2025\/10\/Plastic-Portable-Milk-Powder-Box-in-Bulk-600x801.webp 600w\" sizes=\"(max-width: 721px) 100vw, 721px\" \/><\/figure>\n<\/div>\n\n\n\n<div class=\"wp-block-column is-layout-flow wp-block-column-is-layout-flow\">\n<figure class=\"wp-block-image size-full\"><img decoding=\"async\" width=\"800\" height=\"1067\" src=\"https:\/\/www.xhplasticlife.com\/wp-content\/uploads\/2025\/10\/Wholesale-Infant-Formula-Dispenser-Sizes.webp\" alt=\"Mayorista Dispensador de Preparados para Lactantes - Tama\u00f1os\" class=\"wp-image-1530\" srcset=\"https:\/\/www.xhplasticlife.com\/wp-content\/uploads\/2025\/10\/Wholesale-Infant-Formula-Dispenser-Sizes.webp 800w, https:\/\/www.xhplasticlife.com\/wp-content\/uploads\/2025\/10\/Wholesale-Infant-Formula-Dispenser-Sizes-225x300.webp 225w, https:\/\/www.xhplasticlife.com\/wp-content\/uploads\/2025\/10\/Wholesale-Infant-Formula-Dispenser-Sizes-768x1024.webp 768w, https:\/\/www.xhplasticlife.com\/wp-content\/uploads\/2025\/10\/Wholesale-Infant-Formula-Dispenser-Sizes-9x12.webp 9w, https:\/\/www.xhplasticlife.com\/wp-content\/uploads\/2025\/10\/Wholesale-Infant-Formula-Dispenser-Sizes-600x800.webp 600w\" sizes=\"(max-width: 800px) 100vw, 800px\" \/><\/figure>\n<\/div>\n<\/div>\n\n\n\n<div class=\"wp-block-columns is-layout-flex wp-container-core-columns-is-layout-9d6595d7 wp-block-columns-is-layout-flex\">\n<div class=\"wp-block-column is-layout-flow wp-block-column-is-layout-flow\">\n<figure class=\"wp-block-image size-full\"><img decoding=\"async\" width=\"716\" height=\"954\" src=\"https:\/\/www.xhplasticlife.com\/wp-content\/uploads\/2025\/10\/Bulk-Infant-Formula-Dispenser-for-Baby.webp\" alt=\"Dispensador de leche maternizada a granel para beb\u00e9s\" class=\"wp-image-1528\" srcset=\"https:\/\/www.xhplasticlife.com\/wp-content\/uploads\/2025\/10\/Bulk-Infant-Formula-Dispenser-for-Baby.webp 716w, https:\/\/www.xhplasticlife.com\/wp-content\/uploads\/2025\/10\/Bulk-Infant-Formula-Dispenser-for-Baby-225x300.webp 225w, https:\/\/www.xhplasticlife.com\/wp-content\/uploads\/2025\/10\/Bulk-Infant-Formula-Dispenser-for-Baby-9x12.webp 9w, https:\/\/www.xhplasticlife.com\/wp-content\/uploads\/2025\/10\/Bulk-Infant-Formula-Dispenser-for-Baby-600x799.webp 600w\" sizes=\"(max-width: 716px) 100vw, 716px\" \/><\/figure>\n<\/div>\n\n\n\n<div class=\"wp-block-column is-layout-flow wp-block-column-is-layout-flow\">\n<figure class=\"wp-block-image size-full\"><img decoding=\"async\" width=\"800\" height=\"1117\" src=\"https:\/\/www.xhplasticlife.com\/wp-content\/uploads\/2025\/10\/BPA-Free-Portable-Milk-Powder-Box-for-Baby.webp\" alt=\"Caja port\u00e1til de leche en polvo para beb\u00e9s sin BPA\" class=\"wp-image-1527\" srcset=\"https:\/\/www.xhplasticlife.com\/wp-content\/uploads\/2025\/10\/BPA-Free-Portable-Milk-Powder-Box-for-Baby.webp 800w, https:\/\/www.xhplasticlife.com\/wp-content\/uploads\/2025\/10\/BPA-Free-Portable-Milk-Powder-Box-for-Baby-215x300.webp 215w, https:\/\/www.xhplasticlife.com\/wp-content\/uploads\/2025\/10\/BPA-Free-Portable-Milk-Powder-Box-for-Baby-768x1072.webp 768w, https:\/\/www.xhplasticlife.com\/wp-content\/uploads\/2025\/10\/BPA-Free-Portable-Milk-Powder-Box-for-Baby-9x12.webp 9w, https:\/\/www.xhplasticlife.com\/wp-content\/uploads\/2025\/10\/BPA-Free-Portable-Milk-Powder-Box-for-Baby-600x838.webp 600w\" sizes=\"(max-width: 800px) 100vw, 800px\" \/><\/figure>\n<\/div>\n<\/div>\n\n\n\n<div class=\"wp-block-columns is-layout-flex wp-container-core-columns-is-layout-9d6595d7 wp-block-columns-is-layout-flex\">\n<div class=\"wp-block-column is-layout-flow wp-block-column-is-layout-flow\"><div class=\"wp-block-image\">\n<figure class=\"aligncenter size-full\"><img decoding=\"async\" width=\"800\" height=\"800\" src=\"https:\/\/www.xhplasticlife.com\/wp-content\/uploads\/2025\/10\/Infant-Formula-Storage-Dispenser-Wholesale-4.webp\" alt=\"Dispensador de leche de f\u00f3rmula infantil al por mayor (4)\" class=\"wp-image-1525\" srcset=\"https:\/\/www.xhplasticlife.com\/wp-content\/uploads\/2025\/10\/Infant-Formula-Storage-Dispenser-Wholesale-4.webp 800w, https:\/\/www.xhplasticlife.com\/wp-content\/uploads\/2025\/10\/Infant-Formula-Storage-Dispenser-Wholesale-4-300x300.webp 300w, https:\/\/www.xhplasticlife.com\/wp-content\/uploads\/2025\/10\/Infant-Formula-Storage-Dispenser-Wholesale-4-150x150.webp 150w, https:\/\/www.xhplasticlife.com\/wp-content\/uploads\/2025\/10\/Infant-Formula-Storage-Dispenser-Wholesale-4-768x768.webp 768w, https:\/\/www.xhplasticlife.com\/wp-content\/uploads\/2025\/10\/Infant-Formula-Storage-Dispenser-Wholesale-4-12x12.webp 12w, https:\/\/www.xhplasticlife.com\/wp-content\/uploads\/2025\/10\/Infant-Formula-Storage-Dispenser-Wholesale-4-600x600.webp 600w, https:\/\/www.xhplasticlife.com\/wp-content\/uploads\/2025\/10\/Infant-Formula-Storage-Dispenser-Wholesale-4-100x100.webp 100w\" sizes=\"(max-width: 800px) 100vw, 800px\" \/><figcaption class=\"wp-element-caption\">Evite el dispensador de preparados para lactantes<\/figcaption><\/figure>\n<\/div><\/div>\n\n\n\n<div class=\"wp-block-column is-layout-flow wp-block-column-is-layout-flow\"><div class=\"wp-block-image\">\n<figure class=\"aligncenter size-full\"><img decoding=\"async\" width=\"800\" height=\"800\" src=\"https:\/\/www.xhplasticlife.com\/wp-content\/uploads\/2025\/10\/Infant-Formula-Storage-Dispenser-Wholesale-3.webp\" alt=\"Dispensador de leche de f\u00f3rmula infantil al por mayor (3)\" class=\"wp-image-1524\" srcset=\"https:\/\/www.xhplasticlife.com\/wp-content\/uploads\/2025\/10\/Infant-Formula-Storage-Dispenser-Wholesale-3.webp 800w, https:\/\/www.xhplasticlife.com\/wp-content\/uploads\/2025\/10\/Infant-Formula-Storage-Dispenser-Wholesale-3-300x300.webp 300w, https:\/\/www.xhplasticlife.com\/wp-content\/uploads\/2025\/10\/Infant-Formula-Storage-Dispenser-Wholesale-3-150x150.webp 150w, https:\/\/www.xhplasticlife.com\/wp-content\/uploads\/2025\/10\/Infant-Formula-Storage-Dispenser-Wholesale-3-768x768.webp 768w, https:\/\/www.xhplasticlife.com\/wp-content\/uploads\/2025\/10\/Infant-Formula-Storage-Dispenser-Wholesale-3-12x12.webp 12w, https:\/\/www.xhplasticlife.com\/wp-content\/uploads\/2025\/10\/Infant-Formula-Storage-Dispenser-Wholesale-3-600x600.webp 600w, https:\/\/www.xhplasticlife.com\/wp-content\/uploads\/2025\/10\/Infant-Formula-Storage-Dispenser-Wholesale-3-100x100.webp 100w\" sizes=\"(max-width: 800px) 100vw, 800px\" \/><figcaption class=\"wp-element-caption\">Dispensador transparente de leche maternizada<\/figcaption><\/figure>\n<\/div><\/div>\n<\/div>","protected":false},"excerpt":{"rendered":"<p>\u00a1Bienvenido a ordenar de nuestro dispensador de f\u00f3rmula infantil al por mayor! Este proveedor de caja de leche en polvo port\u00e1til libre de BPA es a prueba de fugas, apilable, port\u00e1til, con precio de f\u00e1brica y muestras gratis disponibles.<\/p>\n<h2>Par\u00e1metro del dispensador de preparados para lactantes:<\/h2>\n<ul>\n<li><strong>Modelo<\/strong>: SN1127-SN1128<\/li>\n<li><strong>Marca<\/strong>: Xinghui<\/li>\n<li><strong>Material<\/strong>: Pl\u00e1stico(PP)<\/li>\n<li><strong>Color<\/strong>: Transparente<\/li>\n<li><strong>Embalaje<\/strong>: Embalaje OPP<\/li>\n<li><strong>OEM\/ODM<\/strong>: Disponible<\/li>\n<li><strong>MOQ:\u00a0<\/strong>2000 Piezas<\/li>\n<li><strong>Opci\u00f3n personalizada<\/strong>: Color\/Tama\u00f1o\/Logotipo\/Embalaje<\/li>\n<\/ul>\n<h2>De Daily Plasticware Fabricante :<\/h2>\n<p>Fundada en 2000,\u00a0<a href=\"https:\/\/www.xhplasticlife.com\/es\/\"><strong>Xinghui<\/strong><\/a>\u00a0se especializa en la producci\u00f3n y venta al por mayor de fiambreras, recipientes para almacenar alimentos, bebidas, recipientes de almacenamiento dom\u00e9stico y otros productos de pl\u00e1stico de uso diario. Proporcionamos <a href=\"https:\/\/www.xhplasticlife.com\/es\/custom-food-storage-containers\/\">OEM Y ODM<\/a> y e<a href=\"https:\/\/www.xhplasticlife.com\/es\/e-commerce-service\/\"><strong>-servicios de adquisici\u00f3n de comercio<\/strong><\/a> para los clientes.<\/p>","protected":false},"featured_media":1521,"comment_status":"closed","ping_status":"closed","template":"","meta":{"_acf_changed":false},"product_brand":[],"product_cat":[22],"product_tag":[],"class_list":{"0":"post-1518","1":"product","2":"type-product","3":"status-publish","4":"has-post-thumbnail","6":"product_cat-portable-organizers-wholesale","8":"first","9":"instock","10":"shipping-taxable","11":"product-type-simple"},"acf":[],"_links":{"self":[{"href":"https:\/\/www.xhplasticlife.com\/es\/wp-json\/wp\/v2\/product\/1518","targetHints":{"allow":["GET"]}}],"collection":[{"href":"https:\/\/www.xhplasticlife.com\/es\/wp-json\/wp\/v2\/product"}],"about":[{"href":"https:\/\/www.xhplasticlife.com\/es\/wp-json\/wp\/v2\/types\/product"}],"replies":[{"embeddable":true,"href":"https:\/\/www.xhplasticlife.com\/es\/wp-json\/wp\/v2\/comments?post=1518"}],"wp:featuredmedia":[{"embeddable":true,"href":"https:\/\/www.xhplasticlife.com\/es\/wp-json\/wp\/v2\/media\/1521"}],"wp:attachment":[{"href":"https:\/\/www.xhplasticlife.com\/es\/wp-json\/wp\/v2\/media?parent=1518"}],"wp:term":[{"taxonomy":"product_brand","embeddable":true,"href":"https:\/\/www.xhplasticlife.com\/es\/wp-json\/wp\/v2\/product_brand?post=1518"},{"taxonomy":"product_cat","embeddable":true,"href":"https:\/\/www.xhplasticlife.com\/es\/wp-json\/wp\/v2\/product_cat?post=1518"},{"taxonomy":"product_tag","embeddable":true,"href":"https:\/\/www.xhplasticlife.com\/es\/wp-json\/wp\/v2\/product_tag?post=1518"}],"curies":[{"name":"wp","href":"https:\/\/api.w.org\/{rel}","templated":true}]}}