{"id":1502,"date":"2025-10-11T08:51:58","date_gmt":"2025-10-11T08:14:43","guid":{"rendered":"https:\/\/www.xhplasticlife.com\/?post_type=product&#038;p=1502"},"modified":"2025-10-11T10:02:44","modified_gmt":"2025-10-11T10:02:44","slug":"7-day-bulk-pill-boxes-supplier","status":"publish","type":"product","link":"https:\/\/www.xhplasticlife.com\/es\/producto\/7-day-bulk-pill-boxes-supplier\/","title":{"rendered":"7 Day Bulk Pill Boxes Proveedor, Botiqu\u00edn de pl\u00e1stico port\u00e1til para farmacia"},"content":{"rendered":"<div class=\"wp-block-columns is-layout-flex wp-container-core-columns-is-layout-9d6595d7 wp-block-columns-is-layout-flex\">\n<div class=\"wp-block-column is-layout-flow wp-block-column-is-layout-flow\">\n<h2 class=\"wp-block-heading\">Pastilleros a granel 7 d\u00edas Caracter\u00edsticas:<\/h2>\n\n\n\n<ul class=\"wp-block-list\">\n<li><strong>Dise\u00f1o duradero y port\u00e1til<\/strong>: El producto de este proveedor de pastilleros a granel est\u00e1 hecho de pl\u00e1stico de alta calidad con triple sellado, lo que garantiza la resistencia al polvo y la humedad para un almacenamiento seguro.<\/li>\n\n\n\n<li><strong>7 compartimentos para organizaci\u00f3n<\/strong>: Como malet\u00edn de farmacia port\u00e1til al por mayor, cuenta con 7 compartimentos separados para diferentes medicamentos, lo que evita confusiones y facilita el seguimiento de la dosis.<\/li>\n\n\n\n<li><strong>Registro de tiempo y tapa visible<\/strong>: La tapa interior transparente y el registro de tiempo deslizante ayudan a los usuarios a realizar un seguimiento de las dosis, lo que facilita recordar los horarios diarios de medicaci\u00f3n.<\/li>\n\n\n\n<li><strong>Gran capacidad y f\u00e1cil de transportar<\/strong>: Compacto y port\u00e1til, este proveedor de pastilleros a granel cabe en bolsas o maletas, disponible en 2 tama\u00f1os y 3 colores (rosa, morado, blanco).<\/li>\n\n\n\n<li><strong>Precio de f\u00e1brica y opciones personalizadas<\/strong>: Admite la marca OEM\/ODM; el <strong>farmacia port\u00e1til al por mayor estuche para medicamentos<\/strong> es perfecto para farmacias, proveedores sanitarios o pedidos al por mayor.<\/li>\n<\/ul>\n<\/div>\n\n\n\n<div class=\"wp-block-column is-layout-flow wp-block-column-is-layout-flow\">\n<figure class=\"wp-block-image size-full\"><img decoding=\"async\" width=\"712\" height=\"712\" src=\"https:\/\/www.xhplasticlife.com\/wp-content\/uploads\/2025\/10\/Portable-Pharmacy-Pill-Boxes-Supplier.webp\" alt=\"Proveedor de pastilleros de farmacia port\u00e1tiles\" class=\"wp-image-1513\" srcset=\"https:\/\/www.xhplasticlife.com\/wp-content\/uploads\/2025\/10\/Portable-Pharmacy-Pill-Boxes-Supplier.webp 712w, https:\/\/www.xhplasticlife.com\/wp-content\/uploads\/2025\/10\/Portable-Pharmacy-Pill-Boxes-Supplier-300x300.webp 300w, https:\/\/www.xhplasticlife.com\/wp-content\/uploads\/2025\/10\/Portable-Pharmacy-Pill-Boxes-Supplier-150x150.webp 150w, https:\/\/www.xhplasticlife.com\/wp-content\/uploads\/2025\/10\/Portable-Pharmacy-Pill-Boxes-Supplier-12x12.webp 12w, https:\/\/www.xhplasticlife.com\/wp-content\/uploads\/2025\/10\/Portable-Pharmacy-Pill-Boxes-Supplier-600x600.webp 600w, https:\/\/www.xhplasticlife.com\/wp-content\/uploads\/2025\/10\/Portable-Pharmacy-Pill-Boxes-Supplier-100x100.webp 100w\" sizes=\"(max-width: 712px) 100vw, 712px\" \/><\/figure>\n<\/div>\n<\/div>\n\n\n\n<figure class=\"wp-block-table is-style-stripes\"><table class=\"has-fixed-layout\"><tbody><tr><td>Modelo<\/td><td>Tama\u00f1o del producto<\/td><td>Tama\u00f1o de la caja<\/td><td>Peso bruto<\/td><td>Peso base<\/td><td>Embalaje<\/td><\/tr><tr><td>BX398<\/td><td>7,8*7,2*3,5 cm<\/td><td>26*32*56cm<\/td><td>9 kg<\/td><td>50g<\/td><td>168 unidades\/ctn<\/td><\/tr><tr><td>BX399<\/td><td>11*7,2*3,5cm<\/td><td>35*33*45cm<\/td><td>10 kg<\/td><td>67g<\/td><td>144 unidades\/ctn<\/td><\/tr><\/tbody><\/table><\/figure>\n\n\n\n<div class=\"wp-block-columns is-layout-flex wp-container-core-columns-is-layout-9d6595d7 wp-block-columns-is-layout-flex\">\n<div class=\"wp-block-column is-layout-flow wp-block-column-is-layout-flow\"><div class=\"wp-block-image\">\n<figure class=\"aligncenter size-full\"><img decoding=\"async\" width=\"800\" height=\"800\" src=\"https:\/\/www.xhplasticlife.com\/wp-content\/uploads\/2025\/10\/Large-white-Pill-Boxes-Supplier.webp\" alt=\"Blanco grande - Pill Boxes Supplier\" class=\"wp-image-1510\" srcset=\"https:\/\/www.xhplasticlife.com\/wp-content\/uploads\/2025\/10\/Large-white-Pill-Boxes-Supplier.webp 800w, https:\/\/www.xhplasticlife.com\/wp-content\/uploads\/2025\/10\/Large-white-Pill-Boxes-Supplier-300x300.webp 300w, https:\/\/www.xhplasticlife.com\/wp-content\/uploads\/2025\/10\/Large-white-Pill-Boxes-Supplier-150x150.webp 150w, https:\/\/www.xhplasticlife.com\/wp-content\/uploads\/2025\/10\/Large-white-Pill-Boxes-Supplier-768x768.webp 768w, https:\/\/www.xhplasticlife.com\/wp-content\/uploads\/2025\/10\/Large-white-Pill-Boxes-Supplier-12x12.webp 12w, https:\/\/www.xhplasticlife.com\/wp-content\/uploads\/2025\/10\/Large-white-Pill-Boxes-Supplier-600x600.webp 600w, https:\/\/www.xhplasticlife.com\/wp-content\/uploads\/2025\/10\/Large-white-Pill-Boxes-Supplier-100x100.webp 100w\" sizes=\"(max-width: 800px) 100vw, 800px\" \/><figcaption class=\"wp-element-caption\">Pastillero blanco grande<\/figcaption><\/figure>\n<\/div><\/div>\n\n\n\n<div class=\"wp-block-column is-layout-flow wp-block-column-is-layout-flow\"><div class=\"wp-block-image\">\n<figure class=\"aligncenter size-full\"><img decoding=\"async\" width=\"800\" height=\"800\" src=\"https:\/\/www.xhplasticlife.com\/wp-content\/uploads\/2025\/10\/Large-purple-Pill-Boxes-Supplier.webp\" alt=\"Large purple - Pill Boxes Proveedor\" class=\"wp-image-1509\" srcset=\"https:\/\/www.xhplasticlife.com\/wp-content\/uploads\/2025\/10\/Large-purple-Pill-Boxes-Supplier.webp 800w, https:\/\/www.xhplasticlife.com\/wp-content\/uploads\/2025\/10\/Large-purple-Pill-Boxes-Supplier-300x300.webp 300w, https:\/\/www.xhplasticlife.com\/wp-content\/uploads\/2025\/10\/Large-purple-Pill-Boxes-Supplier-150x150.webp 150w, https:\/\/www.xhplasticlife.com\/wp-content\/uploads\/2025\/10\/Large-purple-Pill-Boxes-Supplier-768x768.webp 768w, https:\/\/www.xhplasticlife.com\/wp-content\/uploads\/2025\/10\/Large-purple-Pill-Boxes-Supplier-12x12.webp 12w, https:\/\/www.xhplasticlife.com\/wp-content\/uploads\/2025\/10\/Large-purple-Pill-Boxes-Supplier-600x600.webp 600w, https:\/\/www.xhplasticlife.com\/wp-content\/uploads\/2025\/10\/Large-purple-Pill-Boxes-Supplier-100x100.webp 100w\" sizes=\"(max-width: 800px) 100vw, 800px\" \/><figcaption class=\"wp-element-caption\">Pastillero morado grande<\/figcaption><\/figure>\n<\/div><\/div>\n\n\n\n<div class=\"wp-block-column is-layout-flow wp-block-column-is-layout-flow\"><div class=\"wp-block-image\">\n<figure class=\"aligncenter size-full\"><img decoding=\"async\" width=\"800\" height=\"800\" src=\"https:\/\/www.xhplasticlife.com\/wp-content\/uploads\/2025\/10\/Large-pink-Pill-Boxes-Supplier.webp\" alt=\"Large pink - Pill Boxes Proveedor\" class=\"wp-image-1508\" srcset=\"https:\/\/www.xhplasticlife.com\/wp-content\/uploads\/2025\/10\/Large-pink-Pill-Boxes-Supplier.webp 800w, https:\/\/www.xhplasticlife.com\/wp-content\/uploads\/2025\/10\/Large-pink-Pill-Boxes-Supplier-300x300.webp 300w, https:\/\/www.xhplasticlife.com\/wp-content\/uploads\/2025\/10\/Large-pink-Pill-Boxes-Supplier-150x150.webp 150w, https:\/\/www.xhplasticlife.com\/wp-content\/uploads\/2025\/10\/Large-pink-Pill-Boxes-Supplier-768x768.webp 768w, https:\/\/www.xhplasticlife.com\/wp-content\/uploads\/2025\/10\/Large-pink-Pill-Boxes-Supplier-12x12.webp 12w, https:\/\/www.xhplasticlife.com\/wp-content\/uploads\/2025\/10\/Large-pink-Pill-Boxes-Supplier-600x600.webp 600w, https:\/\/www.xhplasticlife.com\/wp-content\/uploads\/2025\/10\/Large-pink-Pill-Boxes-Supplier-100x100.webp 100w\" sizes=\"(max-width: 800px) 100vw, 800px\" \/><figcaption class=\"wp-element-caption\">Pastillero rosa grande<\/figcaption><\/figure>\n<\/div><\/div>\n<\/div>\n\n\n\n<div class=\"wp-block-columns is-layout-flex wp-container-core-columns-is-layout-9d6595d7 wp-block-columns-is-layout-flex\">\n<div class=\"wp-block-column is-layout-flow wp-block-column-is-layout-flow\"><div class=\"wp-block-image\">\n<figure class=\"aligncenter size-full\"><img decoding=\"async\" width=\"800\" height=\"800\" src=\"https:\/\/www.xhplasticlife.com\/wp-content\/uploads\/2025\/10\/Small-white-Pill-Boxes-Manufacturer.webp\" alt=\"Blanco peque\u00f1o - Pastilleros Fabricantes\" class=\"wp-image-1516\" srcset=\"https:\/\/www.xhplasticlife.com\/wp-content\/uploads\/2025\/10\/Small-white-Pill-Boxes-Manufacturer.webp 800w, https:\/\/www.xhplasticlife.com\/wp-content\/uploads\/2025\/10\/Small-white-Pill-Boxes-Manufacturer-300x300.webp 300w, https:\/\/www.xhplasticlife.com\/wp-content\/uploads\/2025\/10\/Small-white-Pill-Boxes-Manufacturer-150x150.webp 150w, https:\/\/www.xhplasticlife.com\/wp-content\/uploads\/2025\/10\/Small-white-Pill-Boxes-Manufacturer-768x768.webp 768w, https:\/\/www.xhplasticlife.com\/wp-content\/uploads\/2025\/10\/Small-white-Pill-Boxes-Manufacturer-12x12.webp 12w, https:\/\/www.xhplasticlife.com\/wp-content\/uploads\/2025\/10\/Small-white-Pill-Boxes-Manufacturer-600x600.webp 600w, https:\/\/www.xhplasticlife.com\/wp-content\/uploads\/2025\/10\/Small-white-Pill-Boxes-Manufacturer-100x100.webp 100w\" sizes=\"(max-width: 800px) 100vw, 800px\" \/><figcaption class=\"wp-element-caption\">Pastillero blanco peque\u00f1o<\/figcaption><\/figure>\n<\/div><\/div>\n\n\n\n<div class=\"wp-block-column is-layout-flow wp-block-column-is-layout-flow\"><div class=\"wp-block-image\">\n<figure class=\"aligncenter size-full\"><img decoding=\"async\" width=\"800\" height=\"800\" src=\"https:\/\/www.xhplasticlife.com\/wp-content\/uploads\/2025\/10\/Small-purple-Pill-Boxes-Manufacturer.webp\" alt=\"Peque\u00f1a p\u00farpura - Fabricante de pastilleros\" class=\"wp-image-1515\" srcset=\"https:\/\/www.xhplasticlife.com\/wp-content\/uploads\/2025\/10\/Small-purple-Pill-Boxes-Manufacturer.webp 800w, https:\/\/www.xhplasticlife.com\/wp-content\/uploads\/2025\/10\/Small-purple-Pill-Boxes-Manufacturer-300x300.webp 300w, https:\/\/www.xhplasticlife.com\/wp-content\/uploads\/2025\/10\/Small-purple-Pill-Boxes-Manufacturer-150x150.webp 150w, https:\/\/www.xhplasticlife.com\/wp-content\/uploads\/2025\/10\/Small-purple-Pill-Boxes-Manufacturer-768x768.webp 768w, https:\/\/www.xhplasticlife.com\/wp-content\/uploads\/2025\/10\/Small-purple-Pill-Boxes-Manufacturer-12x12.webp 12w, https:\/\/www.xhplasticlife.com\/wp-content\/uploads\/2025\/10\/Small-purple-Pill-Boxes-Manufacturer-600x600.webp 600w, https:\/\/www.xhplasticlife.com\/wp-content\/uploads\/2025\/10\/Small-purple-Pill-Boxes-Manufacturer-100x100.webp 100w\" sizes=\"(max-width: 800px) 100vw, 800px\" \/><figcaption class=\"wp-element-caption\">Pastillero morado peque\u00f1o<\/figcaption><\/figure>\n<\/div><\/div>\n\n\n\n<div class=\"wp-block-column is-layout-flow wp-block-column-is-layout-flow\"><div class=\"wp-block-image\">\n<figure class=\"aligncenter size-full\"><img decoding=\"async\" width=\"800\" height=\"800\" src=\"https:\/\/www.xhplasticlife.com\/wp-content\/uploads\/2025\/10\/Small-pink-Pill-Boxes-Manufacturer.webp\" alt=\"Rosa peque\u00f1a - Pastilleros Fabricantes\" class=\"wp-image-1514\" srcset=\"https:\/\/www.xhplasticlife.com\/wp-content\/uploads\/2025\/10\/Small-pink-Pill-Boxes-Manufacturer.webp 800w, https:\/\/www.xhplasticlife.com\/wp-content\/uploads\/2025\/10\/Small-pink-Pill-Boxes-Manufacturer-300x300.webp 300w, https:\/\/www.xhplasticlife.com\/wp-content\/uploads\/2025\/10\/Small-pink-Pill-Boxes-Manufacturer-150x150.webp 150w, https:\/\/www.xhplasticlife.com\/wp-content\/uploads\/2025\/10\/Small-pink-Pill-Boxes-Manufacturer-768x768.webp 768w, https:\/\/www.xhplasticlife.com\/wp-content\/uploads\/2025\/10\/Small-pink-Pill-Boxes-Manufacturer-12x12.webp 12w, https:\/\/www.xhplasticlife.com\/wp-content\/uploads\/2025\/10\/Small-pink-Pill-Boxes-Manufacturer-600x600.webp 600w, https:\/\/www.xhplasticlife.com\/wp-content\/uploads\/2025\/10\/Small-pink-Pill-Boxes-Manufacturer-100x100.webp 100w\" sizes=\"(max-width: 800px) 100vw, 800px\" \/><figcaption class=\"wp-element-caption\">Pastillero rosa peque\u00f1o<\/figcaption><\/figure>\n<\/div><\/div>\n<\/div>","protected":false},"excerpt":{"rendered":"<p>\u00a1Bienvenido al pedido de nuestro proveedor de pastilleros al por mayor! Este caso de medicina de farmacia port\u00e1til por mayor es triple sellado, port\u00e1til y personalizable, con un precio de f\u00e1brica y muestras gratis disponibles.<\/p>\n<h2>Pastilleros a granel 7 d\u00edas Par\u00e1metro:<\/h2>\n<ul>\n<li><strong>Modelo<\/strong>: BX398-BX399<\/li>\n<li><strong>Marca<\/strong>: Xinghui<\/li>\n<li><strong>Material<\/strong>: PP+silicona<\/li>\n<li><strong>Color<\/strong>: blanco, morado, rosa<\/li>\n<li><strong>Embalaje<\/strong>: Cart\u00f3n de color<\/li>\n<li><strong>OEM\/ODM<\/strong>: Disponible<\/li>\n<li><strong>MOQ:\u00a0<\/strong>2000 Piezas<\/li>\n<li><strong>Opci\u00f3n personalizada<\/strong>: Color\/Tama\u00f1o\/Logotipo\/Embalaje<\/li>\n<\/ul>\n<h2>De Daily Plasticware Fabricante :<\/h2>\n<p>Fundada en 2000,\u00a0<a href=\"https:\/\/www.xhplasticlife.com\/es\/\"><strong>Xinghui<\/strong><\/a>\u00a0se especializa en la producci\u00f3n y venta al por mayor de fiambreras, recipientes para almacenar alimentos, bebidas, recipientes de almacenamiento dom\u00e9stico y otros productos de pl\u00e1stico de uso diario. Proporcionamos <a href=\"https:\/\/www.xhplasticlife.com\/es\/custom-food-storage-containers\/\">OEM Y ODM<\/a> y e<a href=\"https:\/\/www.xhplasticlife.com\/es\/e-commerce-service\/\"><strong>-servicios de adquisici\u00f3n de comercio<\/strong><\/a> para los clientes.<\/p>","protected":false},"featured_media":1507,"comment_status":"closed","ping_status":"closed","template":"","meta":{"_acf_changed":false},"product_brand":[],"product_cat":[22],"product_tag":[],"class_list":{"0":"post-1502","1":"product","2":"type-product","3":"status-publish","4":"has-post-thumbnail","6":"product_cat-portable-organizers-wholesale","8":"first","9":"instock","10":"shipping-taxable","11":"product-type-simple"},"acf":[],"_links":{"self":[{"href":"https:\/\/www.xhplasticlife.com\/es\/wp-json\/wp\/v2\/product\/1502","targetHints":{"allow":["GET"]}}],"collection":[{"href":"https:\/\/www.xhplasticlife.com\/es\/wp-json\/wp\/v2\/product"}],"about":[{"href":"https:\/\/www.xhplasticlife.com\/es\/wp-json\/wp\/v2\/types\/product"}],"replies":[{"embeddable":true,"href":"https:\/\/www.xhplasticlife.com\/es\/wp-json\/wp\/v2\/comments?post=1502"}],"wp:featuredmedia":[{"embeddable":true,"href":"https:\/\/www.xhplasticlife.com\/es\/wp-json\/wp\/v2\/media\/1507"}],"wp:attachment":[{"href":"https:\/\/www.xhplasticlife.com\/es\/wp-json\/wp\/v2\/media?parent=1502"}],"wp:term":[{"taxonomy":"product_brand","embeddable":true,"href":"https:\/\/www.xhplasticlife.com\/es\/wp-json\/wp\/v2\/product_brand?post=1502"},{"taxonomy":"product_cat","embeddable":true,"href":"https:\/\/www.xhplasticlife.com\/es\/wp-json\/wp\/v2\/product_cat?post=1502"},{"taxonomy":"product_tag","embeddable":true,"href":"https:\/\/www.xhplasticlife.com\/es\/wp-json\/wp\/v2\/product_tag?post=1502"}],"curies":[{"name":"wp","href":"https:\/\/api.w.org\/{rel}","templated":true}]}}