{"id":1492,"date":"2025-10-11T08:02:33","date_gmt":"2025-10-11T08:02:33","guid":{"rendered":"https:\/\/www.xhplasticlife.com\/?post_type=product&#038;p=1492"},"modified":"2025-10-11T08:04:06","modified_gmt":"2025-10-11T08:04:06","slug":"custom-pill-box-wholesaler","status":"publish","type":"product","link":"https:\/\/www.xhplasticlife.com\/es\/producto\/custom-pill-box-wholesaler\/","title":{"rendered":"Custom Pill Box Venta al por mayor de pl\u00e1stico 7 d\u00edas Medicina Caso F\u00e1brica"},"content":{"rendered":"<div class=\"wp-block-columns is-layout-flex wp-container-core-columns-is-layout-9d6595d7 wp-block-columns-is-layout-flex\">\n<div class=\"wp-block-column is-layout-flow wp-block-column-is-layout-flow\">\n<h2 class=\"wp-block-heading\">Pastillero personalizado Caracter\u00edsticas:<\/h2>\n\n\n\n<ul class=\"wp-block-list\">\n<li><strong>Material y dise\u00f1o de primera calidad:<\/strong> Este estuche para medicinas de 7 d\u00edas est\u00e1 fabricado en pl\u00e1stico PP de primera calidad sin BPA para mayor seguridad, durabilidad y cierre herm\u00e9tico para el uso diario.<\/li>\n\n\n\n<li><strong>Dise\u00f1o de 7 d\u00edas y dividido:<\/strong> Como estuche de pl\u00e1stico al por mayor para medicamentos de 7 d\u00edas, est\u00e1 preequipado con siete compartimentos claramente etiquetados para clasificar los distintos medicamentos d\u00eda a d\u00eda o dosis.<\/li>\n\n\n\n<li><strong>Interior transl\u00facido: <\/strong>El dise\u00f1o transparente de la parte superior permite ver las pastillas sin esfuerzo para poder confirmar las dosis restantes sin tener que abrir la caja.<\/li>\n\n\n\n<li><strong>Doble sellado y a prueba de humedad: <\/strong>Este producto ofrece un doble sellado de protecci\u00f3n que impide la entrada de humedad y polvo, manteniendo as\u00ed las pastillas secas y frescas.<\/li>\n\n\n\n<li><strong>Port\u00e1til y personalizable<\/strong>: Port\u00e1til, impermeable y ligero, el pastillero personalizado se puede personalizar OEM\/ODM con su logotipo para la promoci\u00f3n de la marca.<\/li>\n\n\n\n<li><strong>F\u00e1cil de limpiar y reutilizable<\/strong>: Apto para lavavajillas y respetuoso con el medio ambiente, este botiqu\u00edn de pl\u00e1stico a granel para 7 d\u00edas es adecuado para su uso durante el viaje, en casa o en la asistencia sanitaria.<\/li>\n<\/ul>\n<\/div>\n\n\n\n<div class=\"wp-block-column is-layout-flow wp-block-column-is-layout-flow\">\n<figure class=\"wp-block-image size-full\"><img decoding=\"async\" width=\"800\" height=\"800\" src=\"https:\/\/www.xhplasticlife.com\/wp-content\/uploads\/2025\/10\/Custom-Pill-Box-Wholesale-Plastic-7-Days-Medicine-Case-2.webp\" alt=\"Pastillero al por mayor de plastico 7 dias (2)\" class=\"wp-image-1494\" srcset=\"https:\/\/www.xhplasticlife.com\/wp-content\/uploads\/2025\/10\/Custom-Pill-Box-Wholesale-Plastic-7-Days-Medicine-Case-2.webp 800w, https:\/\/www.xhplasticlife.com\/wp-content\/uploads\/2025\/10\/Custom-Pill-Box-Wholesale-Plastic-7-Days-Medicine-Case-2-300x300.webp 300w, https:\/\/www.xhplasticlife.com\/wp-content\/uploads\/2025\/10\/Custom-Pill-Box-Wholesale-Plastic-7-Days-Medicine-Case-2-150x150.webp 150w, https:\/\/www.xhplasticlife.com\/wp-content\/uploads\/2025\/10\/Custom-Pill-Box-Wholesale-Plastic-7-Days-Medicine-Case-2-768x768.webp 768w, https:\/\/www.xhplasticlife.com\/wp-content\/uploads\/2025\/10\/Custom-Pill-Box-Wholesale-Plastic-7-Days-Medicine-Case-2-12x12.webp 12w, https:\/\/www.xhplasticlife.com\/wp-content\/uploads\/2025\/10\/Custom-Pill-Box-Wholesale-Plastic-7-Days-Medicine-Case-2-600x600.webp 600w, https:\/\/www.xhplasticlife.com\/wp-content\/uploads\/2025\/10\/Custom-Pill-Box-Wholesale-Plastic-7-Days-Medicine-Case-2-100x100.webp 100w\" sizes=\"(max-width: 800px) 100vw, 800px\" \/><\/figure>\n<\/div>\n<\/div>\n\n\n\n<div class=\"wp-block-columns is-layout-flex wp-container-core-columns-is-layout-9d6595d7 wp-block-columns-is-layout-flex\">\n<div class=\"wp-block-column is-layout-flow wp-block-column-is-layout-flow\"><div class=\"wp-block-image\">\n<figure class=\"aligncenter size-full\"><img decoding=\"async\" width=\"800\" height=\"800\" src=\"https:\/\/www.xhplasticlife.com\/wp-content\/uploads\/2025\/10\/Pink-Plastic-7-Days-Medicine-Case-Factory.webp\" alt=\"Rosa - Botiqu\u00edn de pl\u00e1stico 7 d\u00edas Factory\" class=\"wp-image-1500\" srcset=\"https:\/\/www.xhplasticlife.com\/wp-content\/uploads\/2025\/10\/Pink-Plastic-7-Days-Medicine-Case-Factory.webp 800w, https:\/\/www.xhplasticlife.com\/wp-content\/uploads\/2025\/10\/Pink-Plastic-7-Days-Medicine-Case-Factory-300x300.webp 300w, https:\/\/www.xhplasticlife.com\/wp-content\/uploads\/2025\/10\/Pink-Plastic-7-Days-Medicine-Case-Factory-150x150.webp 150w, https:\/\/www.xhplasticlife.com\/wp-content\/uploads\/2025\/10\/Pink-Plastic-7-Days-Medicine-Case-Factory-768x768.webp 768w, https:\/\/www.xhplasticlife.com\/wp-content\/uploads\/2025\/10\/Pink-Plastic-7-Days-Medicine-Case-Factory-12x12.webp 12w, https:\/\/www.xhplasticlife.com\/wp-content\/uploads\/2025\/10\/Pink-Plastic-7-Days-Medicine-Case-Factory-600x600.webp 600w, https:\/\/www.xhplasticlife.com\/wp-content\/uploads\/2025\/10\/Pink-Plastic-7-Days-Medicine-Case-Factory-100x100.webp 100w\" sizes=\"(max-width: 800px) 100vw, 800px\" \/><figcaption class=\"wp-element-caption\">Rosa<\/figcaption><\/figure>\n<\/div><\/div>\n\n\n\n<div class=\"wp-block-column is-layout-flow wp-block-column-is-layout-flow\"><div class=\"wp-block-image\">\n<figure class=\"aligncenter size-full\"><img decoding=\"async\" width=\"800\" height=\"800\" src=\"https:\/\/www.xhplasticlife.com\/wp-content\/uploads\/2025\/10\/Green-Plastic-7-Days-Pill-Box-Wholesaler.webp\" alt=\"Verde - Mayorista de pastilleros de pl\u00e1stico 7 d\u00edas\" class=\"wp-image-1499\" srcset=\"https:\/\/www.xhplasticlife.com\/wp-content\/uploads\/2025\/10\/Green-Plastic-7-Days-Pill-Box-Wholesaler.webp 800w, https:\/\/www.xhplasticlife.com\/wp-content\/uploads\/2025\/10\/Green-Plastic-7-Days-Pill-Box-Wholesaler-300x300.webp 300w, https:\/\/www.xhplasticlife.com\/wp-content\/uploads\/2025\/10\/Green-Plastic-7-Days-Pill-Box-Wholesaler-150x150.webp 150w, https:\/\/www.xhplasticlife.com\/wp-content\/uploads\/2025\/10\/Green-Plastic-7-Days-Pill-Box-Wholesaler-768x768.webp 768w, https:\/\/www.xhplasticlife.com\/wp-content\/uploads\/2025\/10\/Green-Plastic-7-Days-Pill-Box-Wholesaler-12x12.webp 12w, https:\/\/www.xhplasticlife.com\/wp-content\/uploads\/2025\/10\/Green-Plastic-7-Days-Pill-Box-Wholesaler-600x600.webp 600w, https:\/\/www.xhplasticlife.com\/wp-content\/uploads\/2025\/10\/Green-Plastic-7-Days-Pill-Box-Wholesaler-100x100.webp 100w\" sizes=\"(max-width: 800px) 100vw, 800px\" \/><figcaption class=\"wp-element-caption\">Verde<\/figcaption><\/figure>\n<\/div><\/div>\n\n\n\n<div class=\"wp-block-column is-layout-flow wp-block-column-is-layout-flow\"><div class=\"wp-block-image\">\n<figure class=\"aligncenter size-full\"><img decoding=\"async\" width=\"800\" height=\"800\" src=\"https:\/\/www.xhplasticlife.com\/wp-content\/uploads\/2025\/10\/Bule-Plastic-7-Days-Pill-Box-Wholesaler.webp\" alt=\"Bule - Mayorista de pastilleros de pl\u00e1stico 7 d\u00edas\" class=\"wp-image-1493\" srcset=\"https:\/\/www.xhplasticlife.com\/wp-content\/uploads\/2025\/10\/Bule-Plastic-7-Days-Pill-Box-Wholesaler.webp 800w, https:\/\/www.xhplasticlife.com\/wp-content\/uploads\/2025\/10\/Bule-Plastic-7-Days-Pill-Box-Wholesaler-300x300.webp 300w, https:\/\/www.xhplasticlife.com\/wp-content\/uploads\/2025\/10\/Bule-Plastic-7-Days-Pill-Box-Wholesaler-150x150.webp 150w, https:\/\/www.xhplasticlife.com\/wp-content\/uploads\/2025\/10\/Bule-Plastic-7-Days-Pill-Box-Wholesaler-768x768.webp 768w, https:\/\/www.xhplasticlife.com\/wp-content\/uploads\/2025\/10\/Bule-Plastic-7-Days-Pill-Box-Wholesaler-12x12.webp 12w, https:\/\/www.xhplasticlife.com\/wp-content\/uploads\/2025\/10\/Bule-Plastic-7-Days-Pill-Box-Wholesaler-600x600.webp 600w, https:\/\/www.xhplasticlife.com\/wp-content\/uploads\/2025\/10\/Bule-Plastic-7-Days-Pill-Box-Wholesaler-100x100.webp 100w\" sizes=\"(max-width: 800px) 100vw, 800px\" \/><figcaption class=\"wp-element-caption\">Azul<\/figcaption><\/figure>\n<\/div><\/div>\n\n\n\n<div class=\"wp-block-column is-layout-flow wp-block-column-is-layout-flow\"><div class=\"wp-block-image\">\n<figure class=\"aligncenter size-full\"><img decoding=\"async\" width=\"800\" height=\"800\" src=\"https:\/\/www.xhplasticlife.com\/wp-content\/uploads\/2025\/10\/Purple-Bule-Plastic-7-Days-Pill-Box-Factory.webp\" alt=\"P\u00farpura - Bule - Pastillero de pl\u00e1stico 7 d\u00edas Factory\" class=\"wp-image-1501\" srcset=\"https:\/\/www.xhplasticlife.com\/wp-content\/uploads\/2025\/10\/Purple-Bule-Plastic-7-Days-Pill-Box-Factory.webp 800w, https:\/\/www.xhplasticlife.com\/wp-content\/uploads\/2025\/10\/Purple-Bule-Plastic-7-Days-Pill-Box-Factory-300x300.webp 300w, https:\/\/www.xhplasticlife.com\/wp-content\/uploads\/2025\/10\/Purple-Bule-Plastic-7-Days-Pill-Box-Factory-150x150.webp 150w, https:\/\/www.xhplasticlife.com\/wp-content\/uploads\/2025\/10\/Purple-Bule-Plastic-7-Days-Pill-Box-Factory-768x768.webp 768w, https:\/\/www.xhplasticlife.com\/wp-content\/uploads\/2025\/10\/Purple-Bule-Plastic-7-Days-Pill-Box-Factory-12x12.webp 12w, https:\/\/www.xhplasticlife.com\/wp-content\/uploads\/2025\/10\/Purple-Bule-Plastic-7-Days-Pill-Box-Factory-600x600.webp 600w, https:\/\/www.xhplasticlife.com\/wp-content\/uploads\/2025\/10\/Purple-Bule-Plastic-7-Days-Pill-Box-Factory-100x100.webp 100w\" sizes=\"(max-width: 800px) 100vw, 800px\" \/><figcaption class=\"wp-element-caption\">Morado<\/figcaption><\/figure>\n<\/div><\/div>\n<\/div>\n\n\n\n<p><\/p>","protected":false},"excerpt":{"rendered":"<p>Bienvenido a explorar nuestro pastillero personalizado, un estuche de pl\u00e1stico al por mayor para medicinas de 7 d\u00edas, duradero y a prueba de fugas, con compartimentos divididos, tapa transparente y doble cierre, \u00a1perfecto para pedidos al por mayor!<\/p>\n<h2>Pastillero de pl\u00e1stico 7 d\u00edas Par\u00e1metro:<\/h2>\n<ul>\n<li><strong>Modelo<\/strong>: BH339<\/li>\n<li><strong>Marca<\/strong>: Xinghui<\/li>\n<li><strong>Material<\/strong>: PP+silicona<\/li>\n<li><strong>Tama\u00f1o del producto: <\/strong>8.5*8*3.45cm<\/li>\n<li><strong>Peso del producto:<\/strong>54.9g<\/li>\n<li><strong>Color<\/strong>verde, azul, morado, rosa<\/li>\n<li><strong>Embalaje<\/strong>: Cart\u00f3n de color<\/li>\n<li><strong>Cantidad de embalaje: <\/strong>168 unidades\/ctn<\/li>\n<li><strong>Tama\u00f1o de la caja<\/strong>: 53*36*29cm<\/li>\n<li><strong>Peso bruto:<\/strong>11,9 kg<\/li>\n<li><strong>OEM\/ODM<\/strong>: Disponible<\/li>\n<li><strong>MOQ:\u00a0<\/strong>2000 Piezas<\/li>\n<li><strong>Opci\u00f3n personalizada<\/strong>: Color\/Tama\u00f1o\/Logotipo\/Embalaje<\/li>\n<\/ul>\n<h2>De Daily Plasticware Fabricante :<\/h2>\n<p>Fundada en 2000,\u00a0<a href=\"https:\/\/www.xhplasticlife.com\/es\/\"><strong>Xinghui<\/strong><\/a>\u00a0se especializa en la producci\u00f3n y venta al por mayor de fiambreras, recipientes para almacenar alimentos, art\u00edculos para bebidas, recipientes para almacenamiento dom\u00e9stico y otros productos de pl\u00e1stico de uso diario. Ofrecemos servicios integrales de OEM, ODM y comercio electr\u00f3nico a nuestros clientes.<\/p>","protected":false},"featured_media":1496,"comment_status":"closed","ping_status":"closed","template":"","meta":{"_acf_changed":false},"product_brand":[],"product_cat":[22],"product_tag":[],"class_list":{"0":"post-1492","1":"product","2":"type-product","3":"status-publish","4":"has-post-thumbnail","6":"product_cat-portable-organizers-wholesale","8":"first","9":"instock","10":"shipping-taxable","11":"product-type-simple"},"acf":[],"_links":{"self":[{"href":"https:\/\/www.xhplasticlife.com\/es\/wp-json\/wp\/v2\/product\/1492","targetHints":{"allow":["GET"]}}],"collection":[{"href":"https:\/\/www.xhplasticlife.com\/es\/wp-json\/wp\/v2\/product"}],"about":[{"href":"https:\/\/www.xhplasticlife.com\/es\/wp-json\/wp\/v2\/types\/product"}],"replies":[{"embeddable":true,"href":"https:\/\/www.xhplasticlife.com\/es\/wp-json\/wp\/v2\/comments?post=1492"}],"wp:featuredmedia":[{"embeddable":true,"href":"https:\/\/www.xhplasticlife.com\/es\/wp-json\/wp\/v2\/media\/1496"}],"wp:attachment":[{"href":"https:\/\/www.xhplasticlife.com\/es\/wp-json\/wp\/v2\/media?parent=1492"}],"wp:term":[{"taxonomy":"product_brand","embeddable":true,"href":"https:\/\/www.xhplasticlife.com\/es\/wp-json\/wp\/v2\/product_brand?post=1492"},{"taxonomy":"product_cat","embeddable":true,"href":"https:\/\/www.xhplasticlife.com\/es\/wp-json\/wp\/v2\/product_cat?post=1492"},{"taxonomy":"product_tag","embeddable":true,"href":"https:\/\/www.xhplasticlife.com\/es\/wp-json\/wp\/v2\/product_tag?post=1492"}],"curies":[{"name":"wp","href":"https:\/\/api.w.org\/{rel}","templated":true}]}}