{"id":1444,"date":"2025-09-23T02:43:19","date_gmt":"2025-09-23T02:43:19","guid":{"rendered":"https:\/\/www.xhplasticlife.com\/?post_type=product&#038;p=1444"},"modified":"2025-09-29T03:58:14","modified_gmt":"2025-09-29T03:58:14","slug":"tissue-paper-box-wholesale","status":"publish","type":"product","link":"https:\/\/www.xhplasticlife.com\/es\/producto\/tissue-paper-box-wholesale\/","title":{"rendered":"Suministro de la f\u00e1brica de pa\u00f1uelos de papel al por mayor caja, grano de madera de pl\u00e1stico caja de pa\u00f1uelos faciales"},"content":{"rendered":"<div class=\"wp-block-columns is-layout-flex wp-container-core-columns-is-layout-9d6595d7 wp-block-columns-is-layout-flex\">\n<div class=\"wp-block-column is-layout-flow wp-block-column-is-layout-flow\">\n<h2 class=\"wp-block-heading\">Caja de papel de seda al por mayor Caracter\u00edsticas:<\/h2>\n\n\n\n<ul class=\"wp-block-list\">\n<li><strong>Caja de papel tis\u00fa profesional al por mayor: <\/strong>Como proveedor de confianza, ofrecemos soluciones de cajas de papel tis\u00fa al por mayor con precio de f\u00e1brica, soporte OEM\/ODM, MOQ bajo y muestras gratuitas para satisfacer las necesidades de pedidos a granel.<\/li>\n\n\n\n<li><strong>Grano de madera Dise\u00f1o pl\u00e1stico:<\/strong> Caja de pa\u00f1uelos de pared con un elegante acabado de madera veteada que aporta elegancia a ba\u00f1os, cocinas, oficinas u hoteles.<\/li>\n\n\n\n<li><strong>Material PP de primera calidad:<\/strong> Fabricado en PP engrosado con bordes redondeados suaves, sin rebabas, seguro al tacto, duradero y resistente a ca\u00eddas para un uso prolongado.<\/li>\n\n\n\n<li><strong>F\u00e1cil instalaci\u00f3n en la pared:<\/strong> Sin necesidad de taladrar ni clavar: instalaci\u00f3n sencilla y f\u00e1cil para el inquilino que no da\u00f1a las paredes y garantiza una sujeci\u00f3n segura.<\/li>\n\n\n\n<li><strong>Soporte de muelle incorporado:<\/strong> El dise\u00f1o de subida y bajada autom\u00e1tica mantiene los pa\u00f1uelos accesibles incluso cuando la caja est\u00e1 casi vac\u00eda.<\/li>\n\n\n\n<li><strong>Impermeable y a prueba de humedad:<\/strong> Perfecto para entornos h\u00famedos como ba\u00f1os o cocinas, no se cae f\u00e1cilmente, lo que garantiza un uso diario fiable.<\/li>\n\n\n\n<li><strong>Almacenamiento multifuncional:<\/strong> Su dise\u00f1o m\u00e1s profundo permite utilizar tanto rollos de papel como pa\u00f1uelos de papel, mientras que la parte superior puede alojar objetos peque\u00f1os, como tel\u00e9fonos o art\u00edculos de aseo, cuando se monta en la pared.<\/li>\n\n\n\n<li><strong>Dispensaci\u00f3n suave:<\/strong> Su amplia abertura garantiza una extracci\u00f3n suave y sedosa de los pa\u00f1uelos, sin desgarros ni atascos, lo que aumenta la comodidad del usuario.<\/li>\n\n\n\n<li><strong>Rentable para pedidos al por mayor:<\/strong> Nuestras opciones de cajas de papel tis\u00fa al por mayor ofrecen valor a los distribuidores y minoristas que buscan calidad, estilo y durabilidad a precio de f\u00e1brica.<\/li>\n<\/ul>\n<\/div>\n\n\n\n<div class=\"wp-block-column is-layout-flow wp-block-column-is-layout-flow\">\n<figure class=\"wp-block-image size-full\"><img decoding=\"async\" width=\"790\" height=\"790\" src=\"https:\/\/www.xhplasticlife.com\/wp-content\/uploads\/2025\/09\/Factory-Supply-Tissue-Paper-Box-Wholesale-2.webp\" alt=\"Cajas de papel tis\u00fa al por mayor (2)\" class=\"wp-image-1449\" srcset=\"https:\/\/www.xhplasticlife.com\/wp-content\/uploads\/2025\/09\/Factory-Supply-Tissue-Paper-Box-Wholesale-2.webp 790w, https:\/\/www.xhplasticlife.com\/wp-content\/uploads\/2025\/09\/Factory-Supply-Tissue-Paper-Box-Wholesale-2-300x300.webp 300w, https:\/\/www.xhplasticlife.com\/wp-content\/uploads\/2025\/09\/Factory-Supply-Tissue-Paper-Box-Wholesale-2-150x150.webp 150w, https:\/\/www.xhplasticlife.com\/wp-content\/uploads\/2025\/09\/Factory-Supply-Tissue-Paper-Box-Wholesale-2-768x768.webp 768w, https:\/\/www.xhplasticlife.com\/wp-content\/uploads\/2025\/09\/Factory-Supply-Tissue-Paper-Box-Wholesale-2-12x12.webp 12w, https:\/\/www.xhplasticlife.com\/wp-content\/uploads\/2025\/09\/Factory-Supply-Tissue-Paper-Box-Wholesale-2-600x600.webp 600w, https:\/\/www.xhplasticlife.com\/wp-content\/uploads\/2025\/09\/Factory-Supply-Tissue-Paper-Box-Wholesale-2-100x100.webp 100w\" sizes=\"(max-width: 790px) 100vw, 790px\" \/><\/figure>\n<\/div>\n<\/div>\n\n\n\n<figure class=\"wp-block-table\"><table class=\"has-fixed-layout\"><tbody><tr><td>Modelo<\/td><td>Producto<\/td><td>Capacidad<\/td><td>Peso bruto<\/td><td>Tama\u00f1o de la caja<\/td><td>Embalaje<\/td><\/tr><tr><td>SH3121<\/td><td>Caja de pa\u00f1uelos rectangular de madera en grano<\/td><td>177G<\/td><td>12,2 kg<\/td><td>52,5X35X70,5cm<\/td><td>60 unidades\/ctn<\/td><\/tr><tr><td>SH3122<\/td><td>Caja de pa\u00f1uelos redonda de madera en grano<\/td><td>175G<\/td><td>12,4 kg<\/td><td>68X41X54cm<\/td><td>60 unidades\/ctn<\/td><\/tr><\/tbody><\/table><\/figure>\n\n\n\n<div class=\"wp-block-columns is-layout-flex wp-container-core-columns-is-layout-9d6595d7 wp-block-columns-is-layout-flex\">\n<div class=\"wp-block-column is-layout-flow wp-block-column-is-layout-flow\">\n<figure class=\"wp-block-image size-full\"><img decoding=\"async\" width=\"800\" height=\"800\" src=\"https:\/\/www.xhplasticlife.com\/wp-content\/uploads\/2025\/09\/Black-Walnut-wood-grain-Tissue-Paper-Box-size.webp\" alt=\"Papel de seda de grano de madera de nogal negro Tama\u00f1o de la caja\" class=\"wp-image-1446\" srcset=\"https:\/\/www.xhplasticlife.com\/wp-content\/uploads\/2025\/09\/Black-Walnut-wood-grain-Tissue-Paper-Box-size.webp 800w, https:\/\/www.xhplasticlife.com\/wp-content\/uploads\/2025\/09\/Black-Walnut-wood-grain-Tissue-Paper-Box-size-300x300.webp 300w, https:\/\/www.xhplasticlife.com\/wp-content\/uploads\/2025\/09\/Black-Walnut-wood-grain-Tissue-Paper-Box-size-150x150.webp 150w, https:\/\/www.xhplasticlife.com\/wp-content\/uploads\/2025\/09\/Black-Walnut-wood-grain-Tissue-Paper-Box-size-768x768.webp 768w, https:\/\/www.xhplasticlife.com\/wp-content\/uploads\/2025\/09\/Black-Walnut-wood-grain-Tissue-Paper-Box-size-12x12.webp 12w, https:\/\/www.xhplasticlife.com\/wp-content\/uploads\/2025\/09\/Black-Walnut-wood-grain-Tissue-Paper-Box-size-600x600.webp 600w, https:\/\/www.xhplasticlife.com\/wp-content\/uploads\/2025\/09\/Black-Walnut-wood-grain-Tissue-Paper-Box-size-100x100.webp 100w\" sizes=\"(max-width: 800px) 100vw, 800px\" \/><\/figure>\n<\/div>\n\n\n\n<div class=\"wp-block-column is-layout-flow wp-block-column-is-layout-flow\">\n<figure class=\"wp-block-image size-full\"><img decoding=\"async\" width=\"800\" height=\"800\" src=\"https:\/\/www.xhplasticlife.com\/wp-content\/uploads\/2025\/09\/Black-walnut-wood-grain-Tissue-Paper-Box-2.webp\" alt=\"Caja de papel tis\u00fa de grano de madera de nogal negro (2)\" class=\"wp-image-1445\" srcset=\"https:\/\/www.xhplasticlife.com\/wp-content\/uploads\/2025\/09\/Black-walnut-wood-grain-Tissue-Paper-Box-2.webp 800w, https:\/\/www.xhplasticlife.com\/wp-content\/uploads\/2025\/09\/Black-walnut-wood-grain-Tissue-Paper-Box-2-300x300.webp 300w, https:\/\/www.xhplasticlife.com\/wp-content\/uploads\/2025\/09\/Black-walnut-wood-grain-Tissue-Paper-Box-2-150x150.webp 150w, https:\/\/www.xhplasticlife.com\/wp-content\/uploads\/2025\/09\/Black-walnut-wood-grain-Tissue-Paper-Box-2-768x768.webp 768w, https:\/\/www.xhplasticlife.com\/wp-content\/uploads\/2025\/09\/Black-walnut-wood-grain-Tissue-Paper-Box-2-12x12.webp 12w, https:\/\/www.xhplasticlife.com\/wp-content\/uploads\/2025\/09\/Black-walnut-wood-grain-Tissue-Paper-Box-2-600x600.webp 600w, https:\/\/www.xhplasticlife.com\/wp-content\/uploads\/2025\/09\/Black-walnut-wood-grain-Tissue-Paper-Box-2-100x100.webp 100w\" sizes=\"(max-width: 800px) 100vw, 800px\" \/><\/figure>\n<\/div>\n\n\n\n<div class=\"wp-block-column is-layout-flow wp-block-column-is-layout-flow\">\n<figure class=\"wp-block-image size-full\"><img decoding=\"async\" width=\"800\" height=\"800\" src=\"https:\/\/www.xhplasticlife.com\/wp-content\/uploads\/2025\/09\/Cherry-wood-grain-Tissue-Paper-Box-size.webp\" alt=\"Cerezo grano de madera Papel de seda Tama\u00f1o de la caja\" class=\"wp-image-1448\" srcset=\"https:\/\/www.xhplasticlife.com\/wp-content\/uploads\/2025\/09\/Cherry-wood-grain-Tissue-Paper-Box-size.webp 800w, https:\/\/www.xhplasticlife.com\/wp-content\/uploads\/2025\/09\/Cherry-wood-grain-Tissue-Paper-Box-size-300x300.webp 300w, https:\/\/www.xhplasticlife.com\/wp-content\/uploads\/2025\/09\/Cherry-wood-grain-Tissue-Paper-Box-size-150x150.webp 150w, https:\/\/www.xhplasticlife.com\/wp-content\/uploads\/2025\/09\/Cherry-wood-grain-Tissue-Paper-Box-size-768x768.webp 768w, https:\/\/www.xhplasticlife.com\/wp-content\/uploads\/2025\/09\/Cherry-wood-grain-Tissue-Paper-Box-size-12x12.webp 12w, https:\/\/www.xhplasticlife.com\/wp-content\/uploads\/2025\/09\/Cherry-wood-grain-Tissue-Paper-Box-size-600x600.webp 600w, https:\/\/www.xhplasticlife.com\/wp-content\/uploads\/2025\/09\/Cherry-wood-grain-Tissue-Paper-Box-size-100x100.webp 100w\" sizes=\"(max-width: 800px) 100vw, 800px\" \/><\/figure>\n<\/div>\n\n\n\n<div class=\"wp-block-column is-layout-flow wp-block-column-is-layout-flow\">\n<figure class=\"wp-block-image size-full\"><img decoding=\"async\" width=\"800\" height=\"800\" src=\"https:\/\/www.xhplasticlife.com\/wp-content\/uploads\/2025\/09\/Cherry-wood-grain-Tissue-Paper-Box-2.webp\" alt=\"Caja de papel tis\u00fa de cerezo veteado (2)\" class=\"wp-image-1447\" srcset=\"https:\/\/www.xhplasticlife.com\/wp-content\/uploads\/2025\/09\/Cherry-wood-grain-Tissue-Paper-Box-2.webp 800w, https:\/\/www.xhplasticlife.com\/wp-content\/uploads\/2025\/09\/Cherry-wood-grain-Tissue-Paper-Box-2-300x300.webp 300w, https:\/\/www.xhplasticlife.com\/wp-content\/uploads\/2025\/09\/Cherry-wood-grain-Tissue-Paper-Box-2-150x150.webp 150w, https:\/\/www.xhplasticlife.com\/wp-content\/uploads\/2025\/09\/Cherry-wood-grain-Tissue-Paper-Box-2-768x768.webp 768w, https:\/\/www.xhplasticlife.com\/wp-content\/uploads\/2025\/09\/Cherry-wood-grain-Tissue-Paper-Box-2-12x12.webp 12w, https:\/\/www.xhplasticlife.com\/wp-content\/uploads\/2025\/09\/Cherry-wood-grain-Tissue-Paper-Box-2-600x600.webp 600w, https:\/\/www.xhplasticlife.com\/wp-content\/uploads\/2025\/09\/Cherry-wood-grain-Tissue-Paper-Box-2-100x100.webp 100w\" sizes=\"(max-width: 800px) 100vw, 800px\" \/><\/figure>\n<\/div>\n<\/div>\n\n\n\n<div class=\"wp-block-columns is-layout-flex wp-container-core-columns-is-layout-9d6595d7 wp-block-columns-is-layout-flex\">\n<div class=\"wp-block-column is-layout-flow wp-block-column-is-layout-flow\">\n<figure class=\"wp-block-image size-full\"><img decoding=\"async\" width=\"800\" height=\"800\" src=\"https:\/\/www.xhplasticlife.com\/wp-content\/uploads\/2025\/09\/Plastic-Facial-Tissue-Box-Wholesaler-1.webp\" alt=\"Mayorista de cajas de pa\u00f1uelos de pl\u00e1stico (1)\" class=\"wp-image-1451\" srcset=\"https:\/\/www.xhplasticlife.com\/wp-content\/uploads\/2025\/09\/Plastic-Facial-Tissue-Box-Wholesaler-1.webp 800w, https:\/\/www.xhplasticlife.com\/wp-content\/uploads\/2025\/09\/Plastic-Facial-Tissue-Box-Wholesaler-1-300x300.webp 300w, https:\/\/www.xhplasticlife.com\/wp-content\/uploads\/2025\/09\/Plastic-Facial-Tissue-Box-Wholesaler-1-150x150.webp 150w, https:\/\/www.xhplasticlife.com\/wp-content\/uploads\/2025\/09\/Plastic-Facial-Tissue-Box-Wholesaler-1-768x768.webp 768w, https:\/\/www.xhplasticlife.com\/wp-content\/uploads\/2025\/09\/Plastic-Facial-Tissue-Box-Wholesaler-1-12x12.webp 12w, https:\/\/www.xhplasticlife.com\/wp-content\/uploads\/2025\/09\/Plastic-Facial-Tissue-Box-Wholesaler-1-600x600.webp 600w, https:\/\/www.xhplasticlife.com\/wp-content\/uploads\/2025\/09\/Plastic-Facial-Tissue-Box-Wholesaler-1-100x100.webp 100w\" sizes=\"(max-width: 800px) 100vw, 800px\" \/><\/figure>\n<\/div>\n\n\n\n<div class=\"wp-block-column is-layout-flow wp-block-column-is-layout-flow\">\n<figure class=\"wp-block-image size-full\"><img decoding=\"async\" width=\"790\" height=\"790\" src=\"https:\/\/www.xhplasticlife.com\/wp-content\/uploads\/2025\/09\/Plastic-Facial-Tissue-Box-Wholesaler-2.webp\" alt=\"Mayorista de cajas de pa\u00f1uelos faciales de pl\u00e1stico (2)\" class=\"wp-image-1453\" srcset=\"https:\/\/www.xhplasticlife.com\/wp-content\/uploads\/2025\/09\/Plastic-Facial-Tissue-Box-Wholesaler-2.webp 790w, https:\/\/www.xhplasticlife.com\/wp-content\/uploads\/2025\/09\/Plastic-Facial-Tissue-Box-Wholesaler-2-300x300.webp 300w, https:\/\/www.xhplasticlife.com\/wp-content\/uploads\/2025\/09\/Plastic-Facial-Tissue-Box-Wholesaler-2-150x150.webp 150w, https:\/\/www.xhplasticlife.com\/wp-content\/uploads\/2025\/09\/Plastic-Facial-Tissue-Box-Wholesaler-2-768x768.webp 768w, https:\/\/www.xhplasticlife.com\/wp-content\/uploads\/2025\/09\/Plastic-Facial-Tissue-Box-Wholesaler-2-12x12.webp 12w, https:\/\/www.xhplasticlife.com\/wp-content\/uploads\/2025\/09\/Plastic-Facial-Tissue-Box-Wholesaler-2-600x600.webp 600w, https:\/\/www.xhplasticlife.com\/wp-content\/uploads\/2025\/09\/Plastic-Facial-Tissue-Box-Wholesaler-2-100x100.webp 100w\" sizes=\"(max-width: 790px) 100vw, 790px\" \/><\/figure>\n<\/div>\n\n\n\n<div class=\"wp-block-column is-layout-flow wp-block-column-is-layout-flow\">\n<figure class=\"wp-block-image size-full\"><img decoding=\"async\" width=\"790\" height=\"790\" src=\"https:\/\/www.xhplasticlife.com\/wp-content\/uploads\/2025\/09\/Plastic-Facial-Tissue-Box-Wholesaler-1_1.webp\" alt=\"Mayorista de cajas de pa\u00f1uelos faciales de pl\u00e1stico (1)_1\" class=\"wp-image-1452\" srcset=\"https:\/\/www.xhplasticlife.com\/wp-content\/uploads\/2025\/09\/Plastic-Facial-Tissue-Box-Wholesaler-1_1.webp 790w, https:\/\/www.xhplasticlife.com\/wp-content\/uploads\/2025\/09\/Plastic-Facial-Tissue-Box-Wholesaler-1_1-300x300.webp 300w, https:\/\/www.xhplasticlife.com\/wp-content\/uploads\/2025\/09\/Plastic-Facial-Tissue-Box-Wholesaler-1_1-150x150.webp 150w, https:\/\/www.xhplasticlife.com\/wp-content\/uploads\/2025\/09\/Plastic-Facial-Tissue-Box-Wholesaler-1_1-768x768.webp 768w, https:\/\/www.xhplasticlife.com\/wp-content\/uploads\/2025\/09\/Plastic-Facial-Tissue-Box-Wholesaler-1_1-12x12.webp 12w, https:\/\/www.xhplasticlife.com\/wp-content\/uploads\/2025\/09\/Plastic-Facial-Tissue-Box-Wholesaler-1_1-600x600.webp 600w, https:\/\/www.xhplasticlife.com\/wp-content\/uploads\/2025\/09\/Plastic-Facial-Tissue-Box-Wholesaler-1_1-100x100.webp 100w\" sizes=\"(max-width: 790px) 100vw, 790px\" \/><\/figure>\n<\/div>\n<\/div>","protected":false},"excerpt":{"rendered":"<p>Como proveedor profesional de cajas de papel tis\u00fa al por mayor, ofrecemos servicio OEM\/ODM a precio de f\u00e1brica con MOQ bajo y muestras gratuitas. Hecho de PP engrosada en el dise\u00f1o de grano de madera, con bordes lisos, instalaci\u00f3n de montaje en pared resistente al agua, y el resorte incorporado para facilitar la extracci\u00f3n de tejido.<\/p>\n<h2>Caja de papel de seda Par\u00e1metros:<\/h2>\n<ul>\n<li><strong>Marca<\/strong>: Xinghui<\/li>\n<li><strong>Material<\/strong>pl\u00e1stico(PP)+PS<\/li>\n<li><strong>Color<\/strong>: nogal negro veteado, cerezo veteado\u00a0<\/li>\n<li><strong>OEM\/ODM<\/strong>: Disponible<\/li>\n<li><strong>Opci\u00f3n personalizada<\/strong>: Color\/Tama\u00f1o\/Logotipo\/Embalaje<\/li>\n<\/ul>\n<h2>De Daily Plasticware Fabricante :<\/h2>\n<p>Fundada en 2000,\u00a0<a href=\"https:\/\/www.xhplasticlife.com\/es\/\"><strong>Xinghui<\/strong><\/a>\u00a0se especializa en la producci\u00f3n y venta al por mayor de fiambreras, recipientes para almacenar alimentos, bebidas, recipientes de almacenamiento dom\u00e9stico y otros productos de pl\u00e1stico de uso diario. Proporcionamos <em><a href=\"https:\/\/www.xhplasticlife.com\/es\/custom-food-storage-containers\/\">OEM Y ODM<\/a><\/em> y <em><a href=\"https:\/\/www.xhplasticlife.com\/es\/e-commerce-service\/\">servicios de adquisici\u00f3n de comercio electr\u00f3nico<\/a><\/em> para los clientes.<\/p>","protected":false},"featured_media":1454,"comment_status":"closed","ping_status":"closed","template":"","meta":{"_acf_changed":false},"product_brand":[],"product_cat":[21],"product_tag":[],"class_list":{"0":"post-1444","1":"product","2":"type-product","3":"status-publish","4":"has-post-thumbnail","6":"product_cat-home-storage-containers-wholesaler","8":"first","9":"instock","10":"shipping-taxable","11":"product-type-simple"},"acf":[],"_links":{"self":[{"href":"https:\/\/www.xhplasticlife.com\/es\/wp-json\/wp\/v2\/product\/1444","targetHints":{"allow":["GET"]}}],"collection":[{"href":"https:\/\/www.xhplasticlife.com\/es\/wp-json\/wp\/v2\/product"}],"about":[{"href":"https:\/\/www.xhplasticlife.com\/es\/wp-json\/wp\/v2\/types\/product"}],"replies":[{"embeddable":true,"href":"https:\/\/www.xhplasticlife.com\/es\/wp-json\/wp\/v2\/comments?post=1444"}],"wp:featuredmedia":[{"embeddable":true,"href":"https:\/\/www.xhplasticlife.com\/es\/wp-json\/wp\/v2\/media\/1454"}],"wp:attachment":[{"href":"https:\/\/www.xhplasticlife.com\/es\/wp-json\/wp\/v2\/media?parent=1444"}],"wp:term":[{"taxonomy":"product_brand","embeddable":true,"href":"https:\/\/www.xhplasticlife.com\/es\/wp-json\/wp\/v2\/product_brand?post=1444"},{"taxonomy":"product_cat","embeddable":true,"href":"https:\/\/www.xhplasticlife.com\/es\/wp-json\/wp\/v2\/product_cat?post=1444"},{"taxonomy":"product_tag","embeddable":true,"href":"https:\/\/www.xhplasticlife.com\/es\/wp-json\/wp\/v2\/product_tag?post=1444"}],"curies":[{"name":"wp","href":"https:\/\/api.w.org\/{rel}","templated":true}]}}