{"id":1432,"date":"2025-09-29T01:07:01","date_gmt":"2025-09-29T01:07:01","guid":{"rendered":"https:\/\/www.xhplasticlife.com\/?post_type=product&#038;p=1432"},"modified":"2025-09-29T01:47:15","modified_gmt":"2025-09-29T01:47:15","slug":"wholesale-round-tissue-box","status":"publish","type":"product","link":"https:\/\/www.xhplasticlife.com\/es\/producto\/wholesale-round-tissue-box\/","title":{"rendered":"Mayorista Caja de pa\u00f1uelos redonda de f\u00e1brica, OEM Portarrollos de pl\u00e1stico para papel higi\u00e9nico"},"content":{"rendered":"<div class=\"wp-block-columns is-layout-flex wp-container-core-columns-is-layout-9d6595d7 wp-block-columns-is-layout-flex\">\n<div class=\"wp-block-column is-layout-flow wp-block-column-is-layout-flow\">\n<h2 class=\"wp-block-heading\">Caja de pa\u00f1uelos redonda al por mayor Caracter\u00edsticas:<\/h2>\n\n\n\n<ul class=\"wp-block-list\">\n<li><strong>F\u00e1brica fiable de cajas de pa\u00f1uelos redondas<\/strong>: Como f\u00e1brica profesional de cajas de pa\u00f1uelos redondos, ofrecemos servicio OEM\/ODM a precio de f\u00e1brica con MOQ bajo y muestras gratuitas para pedidos a granel.<\/li>\n\n\n\n<li><strong>Caja de pa\u00f1uelos de pl\u00e1stico en rollo Premium<\/strong>: Fabricada en pl\u00e1stico resistente, esta caja para rollos de pa\u00f1uelos es fuerte, impermeable y adecuada para un uso prolongado en ba\u00f1os, cocinas u oficinas.<\/li>\n\n\n\n<li><strong>Parte superior desmontable para facilitar la sustituci\u00f3n<\/strong>: La cubierta superior puede retirarse f\u00e1cilmente, por lo que la sustituci\u00f3n de los pa\u00f1uelos es r\u00e1pida y sencilla, ideal para entornos comerciales o de mucho tr\u00e1fico.<\/li>\n\n\n\n<li><strong>Dispensaci\u00f3n de pa\u00f1uelos lisos<\/strong>: Dise\u00f1ado para una tracci\u00f3n suave como la seda, sin desgarros ni atascos, garantizando la comodidad en el uso diario.<\/li>\n\n\n\n<li><strong>Elegante y vers\u00e1til:<\/strong> La caja de pa\u00f1uelos redonda al por mayor presenta un dise\u00f1o moderno que complementa cualquier decoraci\u00f3n, perfecto tanto para uso dom\u00e9stico como hotelero.<\/li>\n\n\n\n<li><strong>Soluci\u00f3n mayorista rentable<\/strong>: Ya sea para proyectos al por menor o a gran escala, nuestra opci\u00f3n de caja de pa\u00f1uelos redonda al por mayor ofrece un valor excelente con precios directos de f\u00e1brica.<\/li>\n<\/ul>\n<\/div>\n\n\n\n<div class=\"wp-block-column is-layout-flow wp-block-column-is-layout-flow\">\n<figure class=\"wp-block-image size-full\"><img decoding=\"async\" width=\"800\" height=\"800\" src=\"https:\/\/www.xhplasticlife.com\/wp-content\/uploads\/2025\/09\/Wholesale-Round-Tissue-Box-Factory-3.webp\" alt=\"F\u00e1brica de cajas de pa\u00f1uelos redondas al por mayor (3)\" class=\"wp-image-1439\" srcset=\"https:\/\/www.xhplasticlife.com\/wp-content\/uploads\/2025\/09\/Wholesale-Round-Tissue-Box-Factory-3.webp 800w, https:\/\/www.xhplasticlife.com\/wp-content\/uploads\/2025\/09\/Wholesale-Round-Tissue-Box-Factory-3-300x300.webp 300w, https:\/\/www.xhplasticlife.com\/wp-content\/uploads\/2025\/09\/Wholesale-Round-Tissue-Box-Factory-3-150x150.webp 150w, https:\/\/www.xhplasticlife.com\/wp-content\/uploads\/2025\/09\/Wholesale-Round-Tissue-Box-Factory-3-768x768.webp 768w, https:\/\/www.xhplasticlife.com\/wp-content\/uploads\/2025\/09\/Wholesale-Round-Tissue-Box-Factory-3-12x12.webp 12w, https:\/\/www.xhplasticlife.com\/wp-content\/uploads\/2025\/09\/Wholesale-Round-Tissue-Box-Factory-3-600x600.webp 600w, https:\/\/www.xhplasticlife.com\/wp-content\/uploads\/2025\/09\/Wholesale-Round-Tissue-Box-Factory-3-100x100.webp 100w\" sizes=\"(max-width: 800px) 100vw, 800px\" \/><\/figure>\n<\/div>\n<\/div>\n\n\n\n<div class=\"wp-block-columns is-layout-flex wp-container-core-columns-is-layout-9d6595d7 wp-block-columns-is-layout-flex\">\n<div class=\"wp-block-column is-layout-flow wp-block-column-is-layout-flow\">\n<figure class=\"wp-block-image size-full\"><img decoding=\"async\" width=\"800\" height=\"800\" src=\"https:\/\/www.xhplasticlife.com\/wp-content\/uploads\/2025\/09\/Red-Round-Tissue-Box-Factory-3.webp\" alt=\"Caja de pa\u00f1uelos redonda roja Factory (3)\" class=\"wp-image-1436\" srcset=\"https:\/\/www.xhplasticlife.com\/wp-content\/uploads\/2025\/09\/Red-Round-Tissue-Box-Factory-3.webp 800w, https:\/\/www.xhplasticlife.com\/wp-content\/uploads\/2025\/09\/Red-Round-Tissue-Box-Factory-3-300x300.webp 300w, https:\/\/www.xhplasticlife.com\/wp-content\/uploads\/2025\/09\/Red-Round-Tissue-Box-Factory-3-150x150.webp 150w, https:\/\/www.xhplasticlife.com\/wp-content\/uploads\/2025\/09\/Red-Round-Tissue-Box-Factory-3-768x768.webp 768w, https:\/\/www.xhplasticlife.com\/wp-content\/uploads\/2025\/09\/Red-Round-Tissue-Box-Factory-3-12x12.webp 12w, https:\/\/www.xhplasticlife.com\/wp-content\/uploads\/2025\/09\/Red-Round-Tissue-Box-Factory-3-600x600.webp 600w, https:\/\/www.xhplasticlife.com\/wp-content\/uploads\/2025\/09\/Red-Round-Tissue-Box-Factory-3-100x100.webp 100w\" sizes=\"(max-width: 800px) 100vw, 800px\" \/><\/figure>\n<\/div>\n\n\n\n<div class=\"wp-block-column is-layout-flow wp-block-column-is-layout-flow\">\n<figure class=\"wp-block-image size-full\"><img decoding=\"async\" width=\"800\" height=\"800\" src=\"https:\/\/www.xhplasticlife.com\/wp-content\/uploads\/2025\/09\/Orange-Round-Tissue-Box-Factory-4.webp\" alt=\"Caja de pa\u00f1uelos redonda naranja Factory (4)\" class=\"wp-image-1435\" srcset=\"https:\/\/www.xhplasticlife.com\/wp-content\/uploads\/2025\/09\/Orange-Round-Tissue-Box-Factory-4.webp 800w, https:\/\/www.xhplasticlife.com\/wp-content\/uploads\/2025\/09\/Orange-Round-Tissue-Box-Factory-4-300x300.webp 300w, https:\/\/www.xhplasticlife.com\/wp-content\/uploads\/2025\/09\/Orange-Round-Tissue-Box-Factory-4-150x150.webp 150w, https:\/\/www.xhplasticlife.com\/wp-content\/uploads\/2025\/09\/Orange-Round-Tissue-Box-Factory-4-768x768.webp 768w, https:\/\/www.xhplasticlife.com\/wp-content\/uploads\/2025\/09\/Orange-Round-Tissue-Box-Factory-4-12x12.webp 12w, https:\/\/www.xhplasticlife.com\/wp-content\/uploads\/2025\/09\/Orange-Round-Tissue-Box-Factory-4-600x600.webp 600w, https:\/\/www.xhplasticlife.com\/wp-content\/uploads\/2025\/09\/Orange-Round-Tissue-Box-Factory-4-100x100.webp 100w\" sizes=\"(max-width: 800px) 100vw, 800px\" \/><\/figure>\n<\/div>\n\n\n\n<div class=\"wp-block-column is-layout-flow wp-block-column-is-layout-flow\">\n<figure class=\"wp-block-image size-full\"><img decoding=\"async\" width=\"800\" height=\"800\" src=\"https:\/\/www.xhplasticlife.com\/wp-content\/uploads\/2025\/09\/Green-Round-Tissue-Box-Factory-1.webp\" alt=\"F\u00e1brica de cajas de pa\u00f1uelos redondas verdes (1)\" class=\"wp-image-1434\" srcset=\"https:\/\/www.xhplasticlife.com\/wp-content\/uploads\/2025\/09\/Green-Round-Tissue-Box-Factory-1.webp 800w, https:\/\/www.xhplasticlife.com\/wp-content\/uploads\/2025\/09\/Green-Round-Tissue-Box-Factory-1-300x300.webp 300w, https:\/\/www.xhplasticlife.com\/wp-content\/uploads\/2025\/09\/Green-Round-Tissue-Box-Factory-1-150x150.webp 150w, https:\/\/www.xhplasticlife.com\/wp-content\/uploads\/2025\/09\/Green-Round-Tissue-Box-Factory-1-768x768.webp 768w, https:\/\/www.xhplasticlife.com\/wp-content\/uploads\/2025\/09\/Green-Round-Tissue-Box-Factory-1-12x12.webp 12w, https:\/\/www.xhplasticlife.com\/wp-content\/uploads\/2025\/09\/Green-Round-Tissue-Box-Factory-1-600x600.webp 600w, https:\/\/www.xhplasticlife.com\/wp-content\/uploads\/2025\/09\/Green-Round-Tissue-Box-Factory-1-100x100.webp 100w\" sizes=\"(max-width: 800px) 100vw, 800px\" \/><\/figure>\n<\/div>\n\n\n\n<div class=\"wp-block-column is-layout-flow wp-block-column-is-layout-flow\">\n<figure class=\"wp-block-image size-full\"><img decoding=\"async\" width=\"800\" height=\"800\" src=\"https:\/\/www.xhplasticlife.com\/wp-content\/uploads\/2025\/09\/Black-Round-Tissue-Box-Factory-2.webp\" alt=\"Caja de pa\u00f1uelos redonda negra Factory (2)\" class=\"wp-image-1433\" srcset=\"https:\/\/www.xhplasticlife.com\/wp-content\/uploads\/2025\/09\/Black-Round-Tissue-Box-Factory-2.webp 800w, https:\/\/www.xhplasticlife.com\/wp-content\/uploads\/2025\/09\/Black-Round-Tissue-Box-Factory-2-300x300.webp 300w, https:\/\/www.xhplasticlife.com\/wp-content\/uploads\/2025\/09\/Black-Round-Tissue-Box-Factory-2-150x150.webp 150w, https:\/\/www.xhplasticlife.com\/wp-content\/uploads\/2025\/09\/Black-Round-Tissue-Box-Factory-2-768x768.webp 768w, https:\/\/www.xhplasticlife.com\/wp-content\/uploads\/2025\/09\/Black-Round-Tissue-Box-Factory-2-12x12.webp 12w, https:\/\/www.xhplasticlife.com\/wp-content\/uploads\/2025\/09\/Black-Round-Tissue-Box-Factory-2-600x600.webp 600w, https:\/\/www.xhplasticlife.com\/wp-content\/uploads\/2025\/09\/Black-Round-Tissue-Box-Factory-2-100x100.webp 100w\" sizes=\"(max-width: 800px) 100vw, 800px\" \/><\/figure>\n<\/div>\n<\/div>\n\n\n\n<p><\/p>","protected":false},"excerpt":{"rendered":"<p>Como f\u00e1brica de cajas de pa\u00f1uelos redondas al por mayor de confianza, ofrecemos servicio OEM\/ODM con precio de f\u00e1brica, MOQ bajo y muestras gratuitas. Con un dise\u00f1o de rollo de pl\u00e1stico duradero, parte superior desmontable para un f\u00e1cil reemplazo y dispensaci\u00f3n suave, ideal para uso dom\u00e9stico, hotelero y de oficina.<\/p>\n<h2>Caja de pa\u00f1uelos redonda Par\u00e1metro:<\/h2>\n<ul>\n<li><strong>Marca<\/strong>: Xinghui<\/li>\n<li><strong>Modelo<\/strong>: SH3182<\/li>\n<li><strong>Material<\/strong>: PP+PS<\/li>\n<li><strong>Color<\/strong>: negro, naranja, rojo y verde<\/li>\n<li><strong>Peso:<\/strong> 175G<\/li>\n<li><strong>Peso bruto:\u00a0<\/strong>12,4 kg<\/li>\n<li><strong>Tama\u00f1o de la caja<\/strong>: 67.5\u00d740.5\u00d755.5cm<\/li>\n<li><strong>OEM\/ODM<\/strong>: Disponible<\/li>\n<li><strong>Opci\u00f3n personalizada<\/strong>: Color\/Tama\u00f1o\/Logotipo\/Embalaje<\/li>\n<\/ul>\n<h2>De Daily Plasticware Fabricante :<\/h2>\n<p>Fundada en 2000,\u00a0<a href=\"https:\/\/www.xhplasticlife.com\/es\/\"><strong>Xinghui<\/strong><\/a>\u00a0se especializa en la producci\u00f3n y venta al por mayor de fiambreras, recipientes para almacenar alimentos, bebidas, recipientes de almacenamiento dom\u00e9stico y otros productos de pl\u00e1stico de uso diario. Proporcionamos <em><a href=\"https:\/\/www.xhplasticlife.com\/es\/custom-food-storage-containers\/\">OEM Y ODM<\/a><\/em> y <em><a href=\"https:\/\/www.xhplasticlife.com\/es\/e-commerce-service\/\">servicios de adquisici\u00f3n de comercio electr\u00f3nico<\/a><\/em> para los clientes.<\/p>","protected":false},"featured_media":1440,"comment_status":"closed","ping_status":"closed","template":"","meta":{"_acf_changed":false},"product_brand":[],"product_cat":[21],"product_tag":[],"class_list":{"0":"post-1432","1":"product","2":"type-product","3":"status-publish","4":"has-post-thumbnail","6":"product_cat-home-storage-containers-wholesaler","8":"first","9":"instock","10":"shipping-taxable","11":"product-type-simple"},"acf":[],"_links":{"self":[{"href":"https:\/\/www.xhplasticlife.com\/es\/wp-json\/wp\/v2\/product\/1432","targetHints":{"allow":["GET"]}}],"collection":[{"href":"https:\/\/www.xhplasticlife.com\/es\/wp-json\/wp\/v2\/product"}],"about":[{"href":"https:\/\/www.xhplasticlife.com\/es\/wp-json\/wp\/v2\/types\/product"}],"replies":[{"embeddable":true,"href":"https:\/\/www.xhplasticlife.com\/es\/wp-json\/wp\/v2\/comments?post=1432"}],"wp:featuredmedia":[{"embeddable":true,"href":"https:\/\/www.xhplasticlife.com\/es\/wp-json\/wp\/v2\/media\/1440"}],"wp:attachment":[{"href":"https:\/\/www.xhplasticlife.com\/es\/wp-json\/wp\/v2\/media?parent=1432"}],"wp:term":[{"taxonomy":"product_brand","embeddable":true,"href":"https:\/\/www.xhplasticlife.com\/es\/wp-json\/wp\/v2\/product_brand?post=1432"},{"taxonomy":"product_cat","embeddable":true,"href":"https:\/\/www.xhplasticlife.com\/es\/wp-json\/wp\/v2\/product_cat?post=1432"},{"taxonomy":"product_tag","embeddable":true,"href":"https:\/\/www.xhplasticlife.com\/es\/wp-json\/wp\/v2\/product_tag?post=1432"}],"curies":[{"name":"wp","href":"https:\/\/api.w.org\/{rel}","templated":true}]}}