{"id":1422,"date":"2025-09-28T14:54:51","date_gmt":"2025-09-28T14:54:51","guid":{"rendered":"https:\/\/www.xhplasticlife.com\/?post_type=product&#038;p=1422"},"modified":"2025-09-28T15:25:46","modified_gmt":"2025-09-28T15:25:46","slug":"rectangular-tissue-box-supplier","status":"publish","type":"product","link":"https:\/\/www.xhplasticlife.com\/es\/producto\/rectangular-tissue-box-supplier\/","title":{"rendered":"Proveedor de cajas de pa\u00f1uelos rectangulares, OEM Soporte de papel transparente montado en la pared"},"content":{"rendered":"<div class=\"wp-block-columns is-layout-flex wp-container-core-columns-is-layout-9d6595d7 wp-block-columns-is-layout-flex\">\n<div class=\"wp-block-column is-layout-flow wp-block-column-is-layout-flow\">\n<h2 class=\"wp-block-heading\">Caja de pa\u00f1uelos rectangular Caracter\u00edsticas:<\/h2>\n\n\n\n<ul class=\"wp-block-list\">\n<li><strong>Proveedor de cajas de pa\u00f1uelos rectangulares de confianza<\/strong>: Como profesional rectangular caja de pa\u00f1uelos proveedor, ofrecemos OEM \/ ODM servicio con precio de f\u00e1brica, calidad duradera, y dise\u00f1os modernos con estilo.<\/li>\n\n\n\n<li><strong>Caja de pa\u00f1uelos multifuncional<\/strong>: Dise\u00f1ado no s\u00f3lo para guardar pa\u00f1uelos, sino tambi\u00e9n como una pr\u00e1ctica soluci\u00f3n de almacenamiento de sobremesa o de pared, que a\u00f1ade funcionalidad a cualquier espacio.<\/li>\n\n\n\n<li><strong>Experiencia de tracci\u00f3n suave:<\/strong> Dise\u00f1ada para una extracci\u00f3n suave y sedosa del tejido sin atascos, lo que garantiza una experiencia de uso c\u00f3moda y pr\u00e1ctica en todo momento.<\/li>\n\n\n\n<li><strong>Instalaci\u00f3n sin perforaciones ni clavos:<\/strong> F\u00e1cil de instalar sin taladrar ni utilizar clavos. El dise\u00f1o de montaje en pared ahorra tiempo y evita da\u00f1os en la pared, por lo que es f\u00e1cil de alquilar.<\/li>\n\n\n\n<li><strong>Opciones de color duraderas y elegantes:<\/strong> Fabricado con material de alta calidad, disponible en cuatro llamativos colores: negro, naranja, rojo y verde, para combinar con diferentes decoraciones del hogar o la oficina.<\/li>\n\n\n\n<li><strong>Aplicaciones vers\u00e1tiles:<\/strong> Ideal para ba\u00f1os, cocinas, oficinas, hoteles o salones, tanto para uso personal como para proyectos de compra al por mayor.<\/li>\n<\/ul>\n<\/div>\n\n\n\n<div class=\"wp-block-column is-layout-flow wp-block-column-is-layout-flow\">\n<figure class=\"wp-block-image size-full\"><img decoding=\"async\" width=\"800\" height=\"800\" src=\"https:\/\/www.xhplasticlife.com\/wp-content\/uploads\/2025\/09\/Rectangular-Tissue-Box-Supplier-1.webp\" alt=\"Proveedor de cajas de pa\u00f1uelos rectangulares (1)\" class=\"wp-image-1426\" srcset=\"https:\/\/www.xhplasticlife.com\/wp-content\/uploads\/2025\/09\/Rectangular-Tissue-Box-Supplier-1.webp 800w, https:\/\/www.xhplasticlife.com\/wp-content\/uploads\/2025\/09\/Rectangular-Tissue-Box-Supplier-1-300x300.webp 300w, https:\/\/www.xhplasticlife.com\/wp-content\/uploads\/2025\/09\/Rectangular-Tissue-Box-Supplier-1-150x150.webp 150w, https:\/\/www.xhplasticlife.com\/wp-content\/uploads\/2025\/09\/Rectangular-Tissue-Box-Supplier-1-768x768.webp 768w, https:\/\/www.xhplasticlife.com\/wp-content\/uploads\/2025\/09\/Rectangular-Tissue-Box-Supplier-1-12x12.webp 12w, https:\/\/www.xhplasticlife.com\/wp-content\/uploads\/2025\/09\/Rectangular-Tissue-Box-Supplier-1-600x600.webp 600w, https:\/\/www.xhplasticlife.com\/wp-content\/uploads\/2025\/09\/Rectangular-Tissue-Box-Supplier-1-100x100.webp 100w\" sizes=\"(max-width: 800px) 100vw, 800px\" \/><\/figure>\n<\/div>\n<\/div>\n\n\n\n<div class=\"wp-block-columns is-layout-flex wp-container-core-columns-is-layout-9d6595d7 wp-block-columns-is-layout-flex\">\n<div class=\"wp-block-column is-layout-flow wp-block-column-is-layout-flow\">\n<figure class=\"wp-block-image size-full\"><img decoding=\"async\" width=\"800\" height=\"800\" src=\"https:\/\/www.xhplasticlife.com\/wp-content\/uploads\/2025\/09\/Red-Rectangular-Tissue-Box-Supplier-4.webp\" alt=\"Proveedor de cajas de pa\u00f1uelos rectangulares rojas (4)\" class=\"wp-image-1429\" srcset=\"https:\/\/www.xhplasticlife.com\/wp-content\/uploads\/2025\/09\/Red-Rectangular-Tissue-Box-Supplier-4.webp 800w, https:\/\/www.xhplasticlife.com\/wp-content\/uploads\/2025\/09\/Red-Rectangular-Tissue-Box-Supplier-4-300x300.webp 300w, https:\/\/www.xhplasticlife.com\/wp-content\/uploads\/2025\/09\/Red-Rectangular-Tissue-Box-Supplier-4-150x150.webp 150w, https:\/\/www.xhplasticlife.com\/wp-content\/uploads\/2025\/09\/Red-Rectangular-Tissue-Box-Supplier-4-768x768.webp 768w, https:\/\/www.xhplasticlife.com\/wp-content\/uploads\/2025\/09\/Red-Rectangular-Tissue-Box-Supplier-4-12x12.webp 12w, https:\/\/www.xhplasticlife.com\/wp-content\/uploads\/2025\/09\/Red-Rectangular-Tissue-Box-Supplier-4-600x600.webp 600w, https:\/\/www.xhplasticlife.com\/wp-content\/uploads\/2025\/09\/Red-Rectangular-Tissue-Box-Supplier-4-100x100.webp 100w\" sizes=\"(max-width: 800px) 100vw, 800px\" \/><\/figure>\n<\/div>\n\n\n\n<div class=\"wp-block-column is-layout-flow wp-block-column-is-layout-flow\">\n<figure class=\"wp-block-image size-full\"><img decoding=\"async\" width=\"800\" height=\"800\" src=\"https:\/\/www.xhplasticlife.com\/wp-content\/uploads\/2025\/09\/Orange-Rectangular-Tissue-Box-Supplier-1.webp\" alt=\"Proveedor de cajas de pa\u00f1uelos rectangulares naranja (1)\" class=\"wp-image-1425\" srcset=\"https:\/\/www.xhplasticlife.com\/wp-content\/uploads\/2025\/09\/Orange-Rectangular-Tissue-Box-Supplier-1.webp 800w, https:\/\/www.xhplasticlife.com\/wp-content\/uploads\/2025\/09\/Orange-Rectangular-Tissue-Box-Supplier-1-300x300.webp 300w, https:\/\/www.xhplasticlife.com\/wp-content\/uploads\/2025\/09\/Orange-Rectangular-Tissue-Box-Supplier-1-150x150.webp 150w, https:\/\/www.xhplasticlife.com\/wp-content\/uploads\/2025\/09\/Orange-Rectangular-Tissue-Box-Supplier-1-768x768.webp 768w, https:\/\/www.xhplasticlife.com\/wp-content\/uploads\/2025\/09\/Orange-Rectangular-Tissue-Box-Supplier-1-12x12.webp 12w, https:\/\/www.xhplasticlife.com\/wp-content\/uploads\/2025\/09\/Orange-Rectangular-Tissue-Box-Supplier-1-600x600.webp 600w, https:\/\/www.xhplasticlife.com\/wp-content\/uploads\/2025\/09\/Orange-Rectangular-Tissue-Box-Supplier-1-100x100.webp 100w\" sizes=\"(max-width: 800px) 100vw, 800px\" \/><\/figure>\n<\/div>\n\n\n\n<div class=\"wp-block-column is-layout-flow wp-block-column-is-layout-flow\">\n<figure class=\"wp-block-image size-full\"><img decoding=\"async\" width=\"800\" height=\"800\" src=\"https:\/\/www.xhplasticlife.com\/wp-content\/uploads\/2025\/09\/Green-Rectangular-Tissue-Box-Supplier-2.webp\" alt=\"Proveedor de cajas de pa\u00f1uelos rectangulares verdes (2)\" class=\"wp-image-1424\" srcset=\"https:\/\/www.xhplasticlife.com\/wp-content\/uploads\/2025\/09\/Green-Rectangular-Tissue-Box-Supplier-2.webp 800w, https:\/\/www.xhplasticlife.com\/wp-content\/uploads\/2025\/09\/Green-Rectangular-Tissue-Box-Supplier-2-300x300.webp 300w, https:\/\/www.xhplasticlife.com\/wp-content\/uploads\/2025\/09\/Green-Rectangular-Tissue-Box-Supplier-2-150x150.webp 150w, https:\/\/www.xhplasticlife.com\/wp-content\/uploads\/2025\/09\/Green-Rectangular-Tissue-Box-Supplier-2-768x768.webp 768w, https:\/\/www.xhplasticlife.com\/wp-content\/uploads\/2025\/09\/Green-Rectangular-Tissue-Box-Supplier-2-12x12.webp 12w, https:\/\/www.xhplasticlife.com\/wp-content\/uploads\/2025\/09\/Green-Rectangular-Tissue-Box-Supplier-2-600x600.webp 600w, https:\/\/www.xhplasticlife.com\/wp-content\/uploads\/2025\/09\/Green-Rectangular-Tissue-Box-Supplier-2-100x100.webp 100w\" sizes=\"(max-width: 800px) 100vw, 800px\" \/><\/figure>\n<\/div>\n\n\n\n<div class=\"wp-block-column is-layout-flow wp-block-column-is-layout-flow\">\n<figure class=\"wp-block-image size-full\"><img decoding=\"async\" width=\"800\" height=\"800\" src=\"https:\/\/www.xhplasticlife.com\/wp-content\/uploads\/2025\/09\/Black-Rectangular-Tissue-Box-Supplier-3.webp\" alt=\"Proveedor de cajas de pa\u00f1uelos rectangulares negras (3)\" class=\"wp-image-1423\" srcset=\"https:\/\/www.xhplasticlife.com\/wp-content\/uploads\/2025\/09\/Black-Rectangular-Tissue-Box-Supplier-3.webp 800w, https:\/\/www.xhplasticlife.com\/wp-content\/uploads\/2025\/09\/Black-Rectangular-Tissue-Box-Supplier-3-300x300.webp 300w, https:\/\/www.xhplasticlife.com\/wp-content\/uploads\/2025\/09\/Black-Rectangular-Tissue-Box-Supplier-3-150x150.webp 150w, https:\/\/www.xhplasticlife.com\/wp-content\/uploads\/2025\/09\/Black-Rectangular-Tissue-Box-Supplier-3-768x768.webp 768w, https:\/\/www.xhplasticlife.com\/wp-content\/uploads\/2025\/09\/Black-Rectangular-Tissue-Box-Supplier-3-12x12.webp 12w, https:\/\/www.xhplasticlife.com\/wp-content\/uploads\/2025\/09\/Black-Rectangular-Tissue-Box-Supplier-3-600x600.webp 600w, https:\/\/www.xhplasticlife.com\/wp-content\/uploads\/2025\/09\/Black-Rectangular-Tissue-Box-Supplier-3-100x100.webp 100w\" sizes=\"(max-width: 800px) 100vw, 800px\" \/><\/figure>\n<\/div>\n<\/div>\n\n\n\n<p><\/p>","protected":false},"excerpt":{"rendered":"<p>Como proveedor fiable de cajas de pa\u00f1uelos rectangulares, ofrecemos servicio OEM\/ODM con precio de f\u00e1brica, muestras gratuitas y MOQ bajo. Nuestro dise\u00f1o montado en la pared cuenta con un suave tir\u00f3n, instalaci\u00f3n sin clavos, y viene en negro, naranja, rojo y verde, ideal para pedidos a granel.<\/p>\n<h2>Caja de pa\u00f1uelos rectangular Par\u00e1metro:<\/h2>\n<ul>\n<li><strong>Marca<\/strong>: Xinghui<\/li>\n<li><strong>Modelo<\/strong>: SH3181<\/li>\n<li><strong>Material<\/strong>: PP+PS<\/li>\n<li><strong>Color<\/strong>: negro, naranja, rojo y verde<\/li>\n<li><strong>Peso bruto:\u00a0<\/strong>12,2 kg<\/li>\n<li><strong>Tama\u00f1o de la caja<\/strong>: 51,5x34x70,5cm<\/li>\n<li><strong>OEM\/ODM<\/strong>: Disponible<\/li>\n<li><strong>Opci\u00f3n personalizada<\/strong>: Color\/Tama\u00f1o\/Logotipo\/Embalaje<\/li>\n<\/ul>\n<h2>De Daily Plasticware Fabricante :<\/h2>\n<p>Fundada en 2000,\u00a0<a href=\"https:\/\/www.xhplasticlife.com\/es\/\"><strong>Xinghui<\/strong><\/a>\u00a0se especializa en la producci\u00f3n y venta al por mayor de fiambreras, recipientes para almacenar alimentos, bebidas, recipientes de almacenamiento dom\u00e9stico y otros productos de pl\u00e1stico de uso diario. Proporcionamos <em><a href=\"https:\/\/www.xhplasticlife.com\/es\/custom-food-storage-containers\/\">OEM Y ODM<\/a><\/em> y <em><a href=\"https:\/\/www.xhplasticlife.com\/es\/e-commerce-service\/\">servicios de adquisici\u00f3n de comercio electr\u00f3nico<\/a><\/em> para los clientes.<\/p>","protected":false},"featured_media":1427,"comment_status":"closed","ping_status":"closed","template":"","meta":{"_acf_changed":false},"product_brand":[],"product_cat":[21],"product_tag":[],"class_list":{"0":"post-1422","1":"product","2":"type-product","3":"status-publish","4":"has-post-thumbnail","6":"product_cat-home-storage-containers-wholesaler","8":"first","9":"instock","10":"shipping-taxable","11":"product-type-simple"},"acf":[],"_links":{"self":[{"href":"https:\/\/www.xhplasticlife.com\/es\/wp-json\/wp\/v2\/product\/1422","targetHints":{"allow":["GET"]}}],"collection":[{"href":"https:\/\/www.xhplasticlife.com\/es\/wp-json\/wp\/v2\/product"}],"about":[{"href":"https:\/\/www.xhplasticlife.com\/es\/wp-json\/wp\/v2\/types\/product"}],"replies":[{"embeddable":true,"href":"https:\/\/www.xhplasticlife.com\/es\/wp-json\/wp\/v2\/comments?post=1422"}],"wp:featuredmedia":[{"embeddable":true,"href":"https:\/\/www.xhplasticlife.com\/es\/wp-json\/wp\/v2\/media\/1427"}],"wp:attachment":[{"href":"https:\/\/www.xhplasticlife.com\/es\/wp-json\/wp\/v2\/media?parent=1422"}],"wp:term":[{"taxonomy":"product_brand","embeddable":true,"href":"https:\/\/www.xhplasticlife.com\/es\/wp-json\/wp\/v2\/product_brand?post=1422"},{"taxonomy":"product_cat","embeddable":true,"href":"https:\/\/www.xhplasticlife.com\/es\/wp-json\/wp\/v2\/product_cat?post=1422"},{"taxonomy":"product_tag","embeddable":true,"href":"https:\/\/www.xhplasticlife.com\/es\/wp-json\/wp\/v2\/product_tag?post=1422"}],"curies":[{"name":"wp","href":"https:\/\/api.w.org\/{rel}","templated":true}]}}